{"id":11559,"date":"2018-06-03T17:16:49","date_gmt":"2018-06-03T14:17:07","guid":{"rendered":"https:\/\/www.camlock.org\/?post_type=product&#038;p=11559"},"modified":"2025-05-16T13:24:29","modified_gmt":"2025-05-16T10:24:29","slug":"c-tipo-ner-dijan-iojo-plieno-316-camlock-jungtis-moteri-ka-jungtis-arnos-kotas","status":"publish","type":"product","link":"https:\/\/www.camlock.org\/lt\/produktas\/c-tipo-ner-dijan-iojo-plieno-316-camlock-jungtis-moteri-ka-jungtis-arnos-kotas\/","title":{"rendered":"C tipo ner\u016bdijan\u010diojo plieno 316 Camlock jungtis &#8211; moteri\u0161ka jungtis \u00d7 \u017earnos kotas"},"content":{"rendered":"<p>C tipo ner\u016bdijan\u010diojo plieno Camlock jungtis &#8211; moteri\u0161ka jungtis su \u017earnos uodega &#8211; &#8222;C&#8221; tipo plienin\u0117s Camlock jungtys turi moteri\u0161k\u0105 Camlock jungt\u012f viename gale ir vyri\u0161k\u0105 \u017earnos uodeg\u0105 kitame. Moteri\u0161kasis camlock galas tinka bet kokiam vyri\u0161kajam camlock adapteriui, o \u017earnos uodeg\u0117l\u0117 \u012fstatoma \u012f bet kokio dyd\u017eio \u017earn\u0105 ir pritvirtinama tvirta ner\u016bdijan\u010dio plieno var\u017etine s\u0105var\u017ea. <\/p>\n","protected":false},"excerpt":{"rendered":"<p>C tipas paprastai naudojamas su A, E, F ir DP tipo adapteriais.<\/p>\n","protected":false},"featured_media":13708,"template":"","meta":[],"product_brand":[],"product_cat":[496],"product_tag":[497,249],"class_list":{"0":"post-11559","1":"product","2":"type-product","3":"status-publish","4":"has-post-thumbnail","6":"product_cat-ner-dijan-io-plieno-camlock-jungiamosios-detal-s","7":"product_tag-ner-dijantis-plienas","8":"product_tag-type--lt","10":"first","11":"instock","12":"taxable","13":"shipping-taxable","14":"purchasable","15":"product-type-variable"},"yoast_head":"<!-- This site is optimized with the Yoast SEO plugin v27.3 - https:\/\/yoast.com\/product\/yoast-seo-wordpress\/ -->\n<title>C tipo ner\u016bdijan\u010diojo plieno 316 Camlock jungtis<\/title>\n<meta name=\"description\" content=\"C tipo ner\u016bdijan\u010diojo plieno Camlock jungtis - moteri\u0161ka jungtis su \u017earnos uodega - &quot;C&quot; tipo plienin\u0117s Camlock jungtys turi moteri\u0161k\u0105 Camlock jungt\u012f viename gale ir vyri\u0161k\u0105 \u017earnos uodeg\u0105 kitame.\" \/>\n<meta name=\"robots\" content=\"index, follow, max-snippet:-1, max-image-preview:large, max-video-preview:-1\" \/>\n<link rel=\"canonical\" href=\"https:\/\/www.camlock.org\/lt\/produktas\/c-tipo-ner-dijan-iojo-plieno-316-camlock-jungtis-moteri-ka-jungtis-arnos-kotas\/\" \/>\n<meta property=\"og:locale\" content=\"lt_LT\" \/>\n<meta property=\"og:type\" content=\"article\" \/>\n<meta property=\"og:title\" content=\"C tipo ner\u016bdijan\u010diojo plieno 316 Camlock jungtis\" \/>\n<meta property=\"og:description\" content=\"C tipo ner\u016bdijan\u010diojo plieno Camlock jungtis - moteri\u0161ka jungtis su \u017earnos uodega - &quot;C&quot; tipo plienin\u0117s Camlock jungtys turi moteri\u0161k\u0105 Camlock jungt\u012f viename gale ir vyri\u0161k\u0105 \u017earnos uodeg\u0105 kitame.\" \/>\n<meta property=\"og:url\" content=\"https:\/\/www.camlock.org\/lt\/produktas\/c-tipo-ner-dijan-iojo-plieno-316-camlock-jungtis-moteri-ka-jungtis-arnos-kotas\/\" \/>\n<meta property=\"og:site_name\" content=\"\u041f\u0440\u043e\u0434\u0430\u0436\u0430 \u043a\u0430\u043c\u043b\u043e\u043a (Camlock) \u0441\u043e\u0435\u0434\u0438\u043d\u0435\u043d\u0438\u0439\" \/>\n<meta property=\"article:modified_time\" content=\"2025-05-16T10:24:29+00:00\" \/>\n<meta property=\"og:image\" content=\"https:\/\/www.camlock.org\/wp-content\/uploads\/2018\/06\/Camlock_SS316_type_C_50mm_D200SS-1.jpg\" \/>\n\t<meta property=\"og:image:width\" content=\"1000\" \/>\n\t<meta property=\"og:image:height\" content=\"1000\" \/>\n\t<meta property=\"og:image:type\" content=\"image\/jpeg\" \/>\n<meta name=\"twitter:card\" content=\"summary_large_image\" \/>\n<meta name=\"twitter:label1\" content=\"Est. reading time\" \/>\n\t<meta name=\"twitter:data1\" content=\"1 minut\u0117\" \/>\n<script type=\"application\/ld+json\" class=\"yoast-schema-graph\">{\"@context\":\"https:\\\/\\\/schema.org\",\"@graph\":[{\"@type\":\"WebPage\",\"@id\":\"https:\\\/\\\/www.camlock.org\\\/lt\\\/produktas\\\/c-tipo-ner-dijan-iojo-plieno-316-camlock-jungtis-moteri-ka-jungtis-arnos-kotas\\\/\",\"url\":\"https:\\\/\\\/www.camlock.org\\\/lt\\\/produktas\\\/c-tipo-ner-dijan-iojo-plieno-316-camlock-jungtis-moteri-ka-jungtis-arnos-kotas\\\/\",\"name\":\"C tipo ner\u016bdijan\u010diojo plieno 316 Camlock jungtis\",\"isPartOf\":{\"@id\":\"https:\\\/\\\/www.camlock.org\\\/lt\\\/?lang=et\\\/#website\"},\"primaryImageOfPage\":{\"@id\":\"https:\\\/\\\/www.camlock.org\\\/lt\\\/produktas\\\/c-tipo-ner-dijan-iojo-plieno-316-camlock-jungtis-moteri-ka-jungtis-arnos-kotas\\\/#primaryimage\"},\"image\":{\"@id\":\"https:\\\/\\\/www.camlock.org\\\/lt\\\/produktas\\\/c-tipo-ner-dijan-iojo-plieno-316-camlock-jungtis-moteri-ka-jungtis-arnos-kotas\\\/#primaryimage\"},\"thumbnailUrl\":\"https:\\\/\\\/www.camlock.org\\\/wp-content\\\/uploads\\\/2018\\\/06\\\/Camlock_SS316_type_C_50mm_D200SS-1.jpg\",\"datePublished\":\"2018-06-03T14:17:07+00:00\",\"dateModified\":\"2025-05-16T10:24:29+00:00\",\"description\":\"C tipo ner\u016bdijan\u010diojo plieno Camlock jungtis - moteri\u0161ka jungtis su \u017earnos uodega - \\\"C\\\" tipo plienin\u0117s Camlock jungtys turi moteri\u0161k\u0105 Camlock jungt\u012f viename gale ir vyri\u0161k\u0105 \u017earnos uodeg\u0105 kitame.\",\"breadcrumb\":{\"@id\":\"https:\\\/\\\/www.camlock.org\\\/lt\\\/produktas\\\/c-tipo-ner-dijan-iojo-plieno-316-camlock-jungtis-moteri-ka-jungtis-arnos-kotas\\\/#breadcrumb\"},\"inLanguage\":\"lt-LT\",\"potentialAction\":[{\"@type\":\"ReadAction\",\"target\":[\"https:\\\/\\\/www.camlock.org\\\/lt\\\/produktas\\\/c-tipo-ner-dijan-iojo-plieno-316-camlock-jungtis-moteri-ka-jungtis-arnos-kotas\\\/\"]}]},{\"@type\":\"ImageObject\",\"inLanguage\":\"lt-LT\",\"@id\":\"https:\\\/\\\/www.camlock.org\\\/lt\\\/produktas\\\/c-tipo-ner-dijan-iojo-plieno-316-camlock-jungtis-moteri-ka-jungtis-arnos-kotas\\\/#primaryimage\",\"url\":\"https:\\\/\\\/www.camlock.org\\\/wp-content\\\/uploads\\\/2018\\\/06\\\/Camlock_SS316_type_C_50mm_D200SS-1.jpg\",\"contentUrl\":\"https:\\\/\\\/www.camlock.org\\\/wp-content\\\/uploads\\\/2018\\\/06\\\/Camlock_SS316_type_C_50mm_D200SS-1.jpg\",\"width\":1000,\"height\":1000},{\"@type\":\"BreadcrumbList\",\"@id\":\"https:\\\/\\\/www.camlock.org\\\/lt\\\/produktas\\\/c-tipo-ner-dijan-iojo-plieno-316-camlock-jungtis-moteri-ka-jungtis-arnos-kotas\\\/#breadcrumb\",\"itemListElement\":[{\"@type\":\"ListItem\",\"position\":1,\"name\":\"Home\",\"item\":\"https:\\\/\\\/www.camlock.org\\\/lt\\\/prad-ia\\\/\"},{\"@type\":\"ListItem\",\"position\":2,\"name\":\"Parduotuv\u0117\",\"item\":\"https:\\\/\\\/www.camlock.org\\\/lt\\\/d0-bc-d0-b0-d0-b3-d0-b0-d0-b7-d0-b8-d0-bd\\\/\"},{\"@type\":\"ListItem\",\"position\":3,\"name\":\"C tipo ner\u016bdijan\u010diojo plieno 316 Camlock jungtis &#8211; moteri\u0161ka jungtis \u00d7 \u017earnos kotas\"}]},{\"@type\":\"WebSite\",\"@id\":\"https:\\\/\\\/www.camlock.org\\\/lt\\\/?lang=et\\\/#website\",\"url\":\"https:\\\/\\\/www.camlock.org\\\/lt\\\/?lang=et\\\/\",\"name\":\"\u041f\u0440\u043e\u0434\u0430\u0436\u0430 \u043a\u0430\u043c\u043b\u043e\u043a (Camlock) \u0441\u043e\u0435\u0434\u0438\u043d\u0435\u043d\u0438\u0439\",\"description\":\"\u041f\u0440\u043e\u0434\u0430\u0436\u0430 \u043a\u0430\u043c\u043b\u043e\u043a (Camlock) \u0441\u043e\u0435\u0434\u0438\u043d\u0435\u043d\u0438\u0439\",\"potentialAction\":[{\"@type\":\"SearchAction\",\"target\":{\"@type\":\"EntryPoint\",\"urlTemplate\":\"https:\\\/\\\/www.camlock.org\\\/lt\\\/?lang=et\\\/?s={search_term_string}\"},\"query-input\":{\"@type\":\"PropertyValueSpecification\",\"valueRequired\":true,\"valueName\":\"search_term_string\"}}],\"inLanguage\":\"lt-LT\"}]}<\/script>\n<!-- \/ Yoast SEO plugin. -->","yoast_head_json":{"title":"C tipo ner\u016bdijan\u010diojo plieno 316 Camlock jungtis","description":"C tipo ner\u016bdijan\u010diojo plieno Camlock jungtis - moteri\u0161ka jungtis su \u017earnos uodega - \"C\" tipo plienin\u0117s Camlock jungtys turi moteri\u0161k\u0105 Camlock jungt\u012f viename gale ir vyri\u0161k\u0105 \u017earnos uodeg\u0105 kitame.","robots":{"index":"index","follow":"follow","max-snippet":"max-snippet:-1","max-image-preview":"max-image-preview:large","max-video-preview":"max-video-preview:-1"},"canonical":"https:\/\/www.camlock.org\/lt\/produktas\/c-tipo-ner-dijan-iojo-plieno-316-camlock-jungtis-moteri-ka-jungtis-arnos-kotas\/","og_locale":"lt_LT","og_type":"article","og_title":"C tipo ner\u016bdijan\u010diojo plieno 316 Camlock jungtis","og_description":"C tipo ner\u016bdijan\u010diojo plieno Camlock jungtis - moteri\u0161ka jungtis su \u017earnos uodega - \"C\" tipo plienin\u0117s Camlock jungtys turi moteri\u0161k\u0105 Camlock jungt\u012f viename gale ir vyri\u0161k\u0105 \u017earnos uodeg\u0105 kitame.","og_url":"https:\/\/www.camlock.org\/lt\/produktas\/c-tipo-ner-dijan-iojo-plieno-316-camlock-jungtis-moteri-ka-jungtis-arnos-kotas\/","og_site_name":"\u041f\u0440\u043e\u0434\u0430\u0436\u0430 \u043a\u0430\u043c\u043b\u043e\u043a (Camlock) \u0441\u043e\u0435\u0434\u0438\u043d\u0435\u043d\u0438\u0439","article_modified_time":"2025-05-16T10:24:29+00:00","og_image":[{"width":1000,"height":1000,"url":"https:\/\/www.camlock.org\/wp-content\/uploads\/2018\/06\/Camlock_SS316_type_C_50mm_D200SS-1.jpg","type":"image\/jpeg"}],"twitter_card":"summary_large_image","twitter_misc":{"Est. reading time":"1 minut\u0117"},"schema":{"@context":"https:\/\/schema.org","@graph":[{"@type":"WebPage","@id":"https:\/\/www.camlock.org\/lt\/produktas\/c-tipo-ner-dijan-iojo-plieno-316-camlock-jungtis-moteri-ka-jungtis-arnos-kotas\/","url":"https:\/\/www.camlock.org\/lt\/produktas\/c-tipo-ner-dijan-iojo-plieno-316-camlock-jungtis-moteri-ka-jungtis-arnos-kotas\/","name":"C tipo ner\u016bdijan\u010diojo plieno 316 Camlock jungtis","isPartOf":{"@id":"https:\/\/www.camlock.org\/lt\/?lang=et\/#website"},"primaryImageOfPage":{"@id":"https:\/\/www.camlock.org\/lt\/produktas\/c-tipo-ner-dijan-iojo-plieno-316-camlock-jungtis-moteri-ka-jungtis-arnos-kotas\/#primaryimage"},"image":{"@id":"https:\/\/www.camlock.org\/lt\/produktas\/c-tipo-ner-dijan-iojo-plieno-316-camlock-jungtis-moteri-ka-jungtis-arnos-kotas\/#primaryimage"},"thumbnailUrl":"https:\/\/www.camlock.org\/wp-content\/uploads\/2018\/06\/Camlock_SS316_type_C_50mm_D200SS-1.jpg","datePublished":"2018-06-03T14:17:07+00:00","dateModified":"2025-05-16T10:24:29+00:00","description":"C tipo ner\u016bdijan\u010diojo plieno Camlock jungtis - moteri\u0161ka jungtis su \u017earnos uodega - \"C\" tipo plienin\u0117s Camlock jungtys turi moteri\u0161k\u0105 Camlock jungt\u012f viename gale ir vyri\u0161k\u0105 \u017earnos uodeg\u0105 kitame.","breadcrumb":{"@id":"https:\/\/www.camlock.org\/lt\/produktas\/c-tipo-ner-dijan-iojo-plieno-316-camlock-jungtis-moteri-ka-jungtis-arnos-kotas\/#breadcrumb"},"inLanguage":"lt-LT","potentialAction":[{"@type":"ReadAction","target":["https:\/\/www.camlock.org\/lt\/produktas\/c-tipo-ner-dijan-iojo-plieno-316-camlock-jungtis-moteri-ka-jungtis-arnos-kotas\/"]}]},{"@type":"ImageObject","inLanguage":"lt-LT","@id":"https:\/\/www.camlock.org\/lt\/produktas\/c-tipo-ner-dijan-iojo-plieno-316-camlock-jungtis-moteri-ka-jungtis-arnos-kotas\/#primaryimage","url":"https:\/\/www.camlock.org\/wp-content\/uploads\/2018\/06\/Camlock_SS316_type_C_50mm_D200SS-1.jpg","contentUrl":"https:\/\/www.camlock.org\/wp-content\/uploads\/2018\/06\/Camlock_SS316_type_C_50mm_D200SS-1.jpg","width":1000,"height":1000},{"@type":"BreadcrumbList","@id":"https:\/\/www.camlock.org\/lt\/produktas\/c-tipo-ner-dijan-iojo-plieno-316-camlock-jungtis-moteri-ka-jungtis-arnos-kotas\/#breadcrumb","itemListElement":[{"@type":"ListItem","position":1,"name":"Home","item":"https:\/\/www.camlock.org\/lt\/prad-ia\/"},{"@type":"ListItem","position":2,"name":"Parduotuv\u0117","item":"https:\/\/www.camlock.org\/lt\/d0-bc-d0-b0-d0-b3-d0-b0-d0-b7-d0-b8-d0-bd\/"},{"@type":"ListItem","position":3,"name":"C tipo ner\u016bdijan\u010diojo plieno 316 Camlock jungtis &#8211; moteri\u0161ka jungtis \u00d7 \u017earnos kotas"}]},{"@type":"WebSite","@id":"https:\/\/www.camlock.org\/lt\/?lang=et\/#website","url":"https:\/\/www.camlock.org\/lt\/?lang=et\/","name":"\u041f\u0440\u043e\u0434\u0430\u0436\u0430 \u043a\u0430\u043c\u043b\u043e\u043a (Camlock) \u0441\u043e\u0435\u0434\u0438\u043d\u0435\u043d\u0438\u0439","description":"\u041f\u0440\u043e\u0434\u0430\u0436\u0430 \u043a\u0430\u043c\u043b\u043e\u043a (Camlock) \u0441\u043e\u0435\u0434\u0438\u043d\u0435\u043d\u0438\u0439","potentialAction":[{"@type":"SearchAction","target":{"@type":"EntryPoint","urlTemplate":"https:\/\/www.camlock.org\/lt\/?lang=et\/?s={search_term_string}"},"query-input":{"@type":"PropertyValueSpecification","valueRequired":true,"valueName":"search_term_string"}}],"inLanguage":"lt-LT"}]}},"_links":{"self":[{"href":"https:\/\/www.camlock.org\/lt\/wp-json\/wp\/v2\/product\/11559","targetHints":{"allow":["GET"]}}],"collection":[{"href":"https:\/\/www.camlock.org\/lt\/wp-json\/wp\/v2\/product"}],"about":[{"href":"https:\/\/www.camlock.org\/lt\/wp-json\/wp\/v2\/types\/product"}],"wp:featuredmedia":[{"embeddable":true,"href":"https:\/\/www.camlock.org\/lt\/wp-json\/wp\/v2\/media\/13708"}],"wp:attachment":[{"href":"https:\/\/www.camlock.org\/lt\/wp-json\/wp\/v2\/media?parent=11559"}],"wp:term":[{"taxonomy":"product_brand","embeddable":true,"href":"https:\/\/www.camlock.org\/lt\/wp-json\/wp\/v2\/product_brand?post=11559"},{"taxonomy":"product_cat","embeddable":true,"href":"https:\/\/www.camlock.org\/lt\/wp-json\/wp\/v2\/product_cat?post=11559"},{"taxonomy":"product_tag","embeddable":true,"href":"https:\/\/www.camlock.org\/lt\/wp-json\/wp\/v2\/product_tag?post=11559"}],"curies":[{"name":"wp","href":"https:\/\/api.w.org\/{rel}","templated":true}]}}