{"id":11883,"date":"2018-06-03T18:09:03","date_gmt":"2018-06-03T15:09:15","guid":{"rendered":"https:\/\/www.camlock.org\/?post_type=product&#038;p=11883"},"modified":"2025-05-16T13:12:51","modified_gmt":"2025-05-16T10:12:51","slug":"a-tipo-ner-dijan-iojo-plieno-316-camlock-jungtis","status":"publish","type":"product","link":"https:\/\/www.camlock.org\/lt\/produktas\/a-tipo-ner-dijan-iojo-plieno-316-camlock-jungtis\/","title":{"rendered":"A tipo ner\u016bdijan\u010diojo plieno 316 Camlock jungtis"},"content":{"rendered":"<p>Juodas A tipo Camlock adapteris &#8211; vyri\u0161kas adapteris \u00d7 moteri\u0161kas BSP (taip pat gali b\u016bti NPT), da\u017enai naudojamas kartu su D, B, C ir DC tipo jungtimis, kad b\u016bt\u0173 galima saugiai greitai sujungti \u017earnas. Ner\u016bdijan\u010diojo plieno kum\u0161telin\u0117 ir griovelio jungtis padidina darbo efektyvum\u0105 ir pa\u0161alina sud\u0117ting\u0105 sriegi\u0173 ir flan\u0161\u0173 veikim\u0105.  Vyri\u0161kasis griovelio galas tinka prie bet kurios tokio pat dyd\u017eio moteri\u0161kosios camlock jungties. Vidinis S60x6 plienas, jungiantis 1000 litr\u0173 IBC talpyklos vo\u017etuv\u0105. Galima prijungti \u017earn\u0105 prie bako ir vanden\u012f tiesiogiai i\u0161 bako. \u0160i\u0105 jungt\u012f taip pat galite u\u017esisakyti i\u0161 m\u016bs\u0173 Europos internetin\u0117s parduotuv\u0117s.   <\/p>\n","protected":false},"excerpt":{"rendered":"<p>Prie bako galima prijungti \u017earn\u0105 ir tiekti vanden\u012f tiesiai i\u0161 bako. \u0160i\u0105 \u012frang\u0105 taip pat galite u\u017esisakyti i\u0161 m\u016bs\u0173 Europos internetin\u0117s parduotuv\u0117s. <\/p>\n","protected":false},"featured_media":12812,"template":"","meta":[],"product_brand":[],"product_cat":[496],"product_tag":[497,193],"class_list":{"0":"post-11883","1":"product","2":"type-product","3":"status-publish","4":"has-post-thumbnail","6":"product_cat-ner-dijan-io-plieno-camlock-jungiamosios-detal-s","7":"product_tag-ner-dijantis-plienas","8":"product_tag-type-a-lt","10":"first","11":"onbackorder","12":"taxable","13":"shipping-taxable","14":"purchasable","15":"product-type-variable"},"yoast_head":"<!-- This site is optimized with the Yoast SEO plugin v27.5 - https:\/\/yoast.com\/product\/yoast-seo-wordpress\/ -->\n<title>A tipo ner\u016bdijan\u010diojo plieno 316 Camlock jungtis<\/title>\n<meta name=\"description\" content=\"A tipo ner\u016bdijan\u010diojo plieno 316 Camlock - vyri\u0161kas adapteris \u00d7 moteri\u0161kas BSP (taip pat galima NPT), da\u017enai kartu su D, B, C ir DC tipo jungtimis, kad b\u016bt\u0173 u\u017ebaigtas saugus greitas \u017earn\u0173 sujungimas.\" \/>\n<meta name=\"robots\" content=\"index, follow, max-snippet:-1, max-image-preview:large, max-video-preview:-1\" \/>\n<link rel=\"canonical\" href=\"https:\/\/www.camlock.org\/lt\/produktas\/a-tipo-ner-dijan-iojo-plieno-316-camlock-jungtis\/\" \/>\n<meta property=\"og:locale\" content=\"lt_LT\" \/>\n<meta property=\"og:type\" content=\"article\" \/>\n<meta property=\"og:title\" content=\"A tipo ner\u016bdijan\u010diojo plieno 316 Camlock jungtis\" \/>\n<meta property=\"og:description\" content=\"A tipo ner\u016bdijan\u010diojo plieno 316 Camlock - vyri\u0161kas adapteris \u00d7 moteri\u0161kas BSP (taip pat galima NPT), da\u017enai kartu su D, B, C ir DC tipo jungtimis, kad b\u016bt\u0173 u\u017ebaigtas saugus greitas \u017earn\u0173 sujungimas.\" \/>\n<meta property=\"og:url\" content=\"https:\/\/www.camlock.org\/lt\/produktas\/a-tipo-ner-dijan-iojo-plieno-316-camlock-jungtis\/\" \/>\n<meta property=\"og:site_name\" content=\"\u041f\u0440\u043e\u0434\u0430\u0436\u0430 \u043a\u0430\u043c\u043b\u043e\u043a (Camlock) \u0441\u043e\u0435\u0434\u0438\u043d\u0435\u043d\u0438\u0439\" \/>\n<meta property=\"article:modified_time\" content=\"2025-05-16T10:12:51+00:00\" \/>\n<meta property=\"og:image\" content=\"https:\/\/www.camlock.org\/wp-content\/uploads\/2018\/06\/Camlock_SS316_type_A_50mm_D200SS.jpg\" \/>\n\t<meta property=\"og:image:width\" content=\"1000\" \/>\n\t<meta property=\"og:image:height\" content=\"1000\" \/>\n\t<meta property=\"og:image:type\" content=\"image\/jpeg\" \/>\n<meta name=\"twitter:card\" content=\"summary_large_image\" \/>\n<meta name=\"twitter:label1\" content=\"Est. reading time\" \/>\n\t<meta name=\"twitter:data1\" content=\"1 minut\u0117\" \/>\n<script type=\"application\/ld+json\" class=\"yoast-schema-graph\">{\"@context\":\"https:\\\/\\\/schema.org\",\"@graph\":[{\"@type\":\"WebPage\",\"@id\":\"https:\\\/\\\/www.camlock.org\\\/lt\\\/produktas\\\/a-tipo-ner-dijan-iojo-plieno-316-camlock-jungtis\\\/\",\"url\":\"https:\\\/\\\/www.camlock.org\\\/lt\\\/produktas\\\/a-tipo-ner-dijan-iojo-plieno-316-camlock-jungtis\\\/\",\"name\":\"A tipo ner\u016bdijan\u010diojo plieno 316 Camlock jungtis\",\"isPartOf\":{\"@id\":\"https:\\\/\\\/www.camlock.org\\\/lt\\\/?lang=et\\\/#website\"},\"primaryImageOfPage\":{\"@id\":\"https:\\\/\\\/www.camlock.org\\\/lt\\\/produktas\\\/a-tipo-ner-dijan-iojo-plieno-316-camlock-jungtis\\\/#primaryimage\"},\"image\":{\"@id\":\"https:\\\/\\\/www.camlock.org\\\/lt\\\/produktas\\\/a-tipo-ner-dijan-iojo-plieno-316-camlock-jungtis\\\/#primaryimage\"},\"thumbnailUrl\":\"https:\\\/\\\/www.camlock.org\\\/wp-content\\\/uploads\\\/2018\\\/06\\\/Camlock_SS316_type_A_50mm_D200SS.jpg\",\"datePublished\":\"2018-06-03T15:09:15+00:00\",\"dateModified\":\"2025-05-16T10:12:51+00:00\",\"description\":\"A tipo ner\u016bdijan\u010diojo plieno 316 Camlock - vyri\u0161kas adapteris \u00d7 moteri\u0161kas BSP (taip pat galima NPT), da\u017enai kartu su D, B, C ir DC tipo jungtimis, kad b\u016bt\u0173 u\u017ebaigtas saugus greitas \u017earn\u0173 sujungimas.\",\"breadcrumb\":{\"@id\":\"https:\\\/\\\/www.camlock.org\\\/lt\\\/produktas\\\/a-tipo-ner-dijan-iojo-plieno-316-camlock-jungtis\\\/#breadcrumb\"},\"inLanguage\":\"lt-LT\",\"potentialAction\":[{\"@type\":\"ReadAction\",\"target\":[\"https:\\\/\\\/www.camlock.org\\\/lt\\\/produktas\\\/a-tipo-ner-dijan-iojo-plieno-316-camlock-jungtis\\\/\"]}]},{\"@type\":\"ImageObject\",\"inLanguage\":\"lt-LT\",\"@id\":\"https:\\\/\\\/www.camlock.org\\\/lt\\\/produktas\\\/a-tipo-ner-dijan-iojo-plieno-316-camlock-jungtis\\\/#primaryimage\",\"url\":\"https:\\\/\\\/www.camlock.org\\\/wp-content\\\/uploads\\\/2018\\\/06\\\/Camlock_SS316_type_A_50mm_D200SS.jpg\",\"contentUrl\":\"https:\\\/\\\/www.camlock.org\\\/wp-content\\\/uploads\\\/2018\\\/06\\\/Camlock_SS316_type_A_50mm_D200SS.jpg\",\"width\":1000,\"height\":1000},{\"@type\":\"BreadcrumbList\",\"@id\":\"https:\\\/\\\/www.camlock.org\\\/lt\\\/produktas\\\/a-tipo-ner-dijan-iojo-plieno-316-camlock-jungtis\\\/#breadcrumb\",\"itemListElement\":[{\"@type\":\"ListItem\",\"position\":1,\"name\":\"Home\",\"item\":\"https:\\\/\\\/www.camlock.org\\\/lt\\\/prad-ia\\\/\"},{\"@type\":\"ListItem\",\"position\":2,\"name\":\"Parduotuv\u0117\",\"item\":\"https:\\\/\\\/www.camlock.org\\\/lt\\\/d0-bc-d0-b0-d0-b3-d0-b0-d0-b7-d0-b8-d0-bd\\\/\"},{\"@type\":\"ListItem\",\"position\":3,\"name\":\"A tipo ner\u016bdijan\u010diojo plieno 316 Camlock jungtis\"}]},{\"@type\":\"WebSite\",\"@id\":\"https:\\\/\\\/www.camlock.org\\\/lt\\\/?lang=et\\\/#website\",\"url\":\"https:\\\/\\\/www.camlock.org\\\/lt\\\/?lang=et\\\/\",\"name\":\"\u041f\u0440\u043e\u0434\u0430\u0436\u0430 \u043a\u0430\u043c\u043b\u043e\u043a (Camlock) \u0441\u043e\u0435\u0434\u0438\u043d\u0435\u043d\u0438\u0439\",\"description\":\"\u041f\u0440\u043e\u0434\u0430\u0436\u0430 \u043a\u0430\u043c\u043b\u043e\u043a (Camlock) \u0441\u043e\u0435\u0434\u0438\u043d\u0435\u043d\u0438\u0439\",\"potentialAction\":[{\"@type\":\"SearchAction\",\"target\":{\"@type\":\"EntryPoint\",\"urlTemplate\":\"https:\\\/\\\/www.camlock.org\\\/lt\\\/?lang=et\\\/?s={search_term_string}\"},\"query-input\":{\"@type\":\"PropertyValueSpecification\",\"valueRequired\":true,\"valueName\":\"search_term_string\"}}],\"inLanguage\":\"lt-LT\"}]}<\/script>\n<!-- \/ Yoast SEO plugin. -->","yoast_head_json":{"title":"A tipo ner\u016bdijan\u010diojo plieno 316 Camlock jungtis","description":"A tipo ner\u016bdijan\u010diojo plieno 316 Camlock - vyri\u0161kas adapteris \u00d7 moteri\u0161kas BSP (taip pat galima NPT), da\u017enai kartu su D, B, C ir DC tipo jungtimis, kad b\u016bt\u0173 u\u017ebaigtas saugus greitas \u017earn\u0173 sujungimas.","robots":{"index":"index","follow":"follow","max-snippet":"max-snippet:-1","max-image-preview":"max-image-preview:large","max-video-preview":"max-video-preview:-1"},"canonical":"https:\/\/www.camlock.org\/lt\/produktas\/a-tipo-ner-dijan-iojo-plieno-316-camlock-jungtis\/","og_locale":"lt_LT","og_type":"article","og_title":"A tipo ner\u016bdijan\u010diojo plieno 316 Camlock jungtis","og_description":"A tipo ner\u016bdijan\u010diojo plieno 316 Camlock - vyri\u0161kas adapteris \u00d7 moteri\u0161kas BSP (taip pat galima NPT), da\u017enai kartu su D, B, C ir DC tipo jungtimis, kad b\u016bt\u0173 u\u017ebaigtas saugus greitas \u017earn\u0173 sujungimas.","og_url":"https:\/\/www.camlock.org\/lt\/produktas\/a-tipo-ner-dijan-iojo-plieno-316-camlock-jungtis\/","og_site_name":"\u041f\u0440\u043e\u0434\u0430\u0436\u0430 \u043a\u0430\u043c\u043b\u043e\u043a (Camlock) \u0441\u043e\u0435\u0434\u0438\u043d\u0435\u043d\u0438\u0439","article_modified_time":"2025-05-16T10:12:51+00:00","og_image":[{"width":1000,"height":1000,"url":"https:\/\/www.camlock.org\/wp-content\/uploads\/2018\/06\/Camlock_SS316_type_A_50mm_D200SS.jpg","type":"image\/jpeg"}],"twitter_card":"summary_large_image","twitter_misc":{"Est. reading time":"1 minut\u0117"},"schema":{"@context":"https:\/\/schema.org","@graph":[{"@type":"WebPage","@id":"https:\/\/www.camlock.org\/lt\/produktas\/a-tipo-ner-dijan-iojo-plieno-316-camlock-jungtis\/","url":"https:\/\/www.camlock.org\/lt\/produktas\/a-tipo-ner-dijan-iojo-plieno-316-camlock-jungtis\/","name":"A tipo ner\u016bdijan\u010diojo plieno 316 Camlock jungtis","isPartOf":{"@id":"https:\/\/www.camlock.org\/lt\/?lang=et\/#website"},"primaryImageOfPage":{"@id":"https:\/\/www.camlock.org\/lt\/produktas\/a-tipo-ner-dijan-iojo-plieno-316-camlock-jungtis\/#primaryimage"},"image":{"@id":"https:\/\/www.camlock.org\/lt\/produktas\/a-tipo-ner-dijan-iojo-plieno-316-camlock-jungtis\/#primaryimage"},"thumbnailUrl":"https:\/\/www.camlock.org\/wp-content\/uploads\/2018\/06\/Camlock_SS316_type_A_50mm_D200SS.jpg","datePublished":"2018-06-03T15:09:15+00:00","dateModified":"2025-05-16T10:12:51+00:00","description":"A tipo ner\u016bdijan\u010diojo plieno 316 Camlock - vyri\u0161kas adapteris \u00d7 moteri\u0161kas BSP (taip pat galima NPT), da\u017enai kartu su D, B, C ir DC tipo jungtimis, kad b\u016bt\u0173 u\u017ebaigtas saugus greitas \u017earn\u0173 sujungimas.","breadcrumb":{"@id":"https:\/\/www.camlock.org\/lt\/produktas\/a-tipo-ner-dijan-iojo-plieno-316-camlock-jungtis\/#breadcrumb"},"inLanguage":"lt-LT","potentialAction":[{"@type":"ReadAction","target":["https:\/\/www.camlock.org\/lt\/produktas\/a-tipo-ner-dijan-iojo-plieno-316-camlock-jungtis\/"]}]},{"@type":"ImageObject","inLanguage":"lt-LT","@id":"https:\/\/www.camlock.org\/lt\/produktas\/a-tipo-ner-dijan-iojo-plieno-316-camlock-jungtis\/#primaryimage","url":"https:\/\/www.camlock.org\/wp-content\/uploads\/2018\/06\/Camlock_SS316_type_A_50mm_D200SS.jpg","contentUrl":"https:\/\/www.camlock.org\/wp-content\/uploads\/2018\/06\/Camlock_SS316_type_A_50mm_D200SS.jpg","width":1000,"height":1000},{"@type":"BreadcrumbList","@id":"https:\/\/www.camlock.org\/lt\/produktas\/a-tipo-ner-dijan-iojo-plieno-316-camlock-jungtis\/#breadcrumb","itemListElement":[{"@type":"ListItem","position":1,"name":"Home","item":"https:\/\/www.camlock.org\/lt\/prad-ia\/"},{"@type":"ListItem","position":2,"name":"Parduotuv\u0117","item":"https:\/\/www.camlock.org\/lt\/d0-bc-d0-b0-d0-b3-d0-b0-d0-b7-d0-b8-d0-bd\/"},{"@type":"ListItem","position":3,"name":"A tipo ner\u016bdijan\u010diojo plieno 316 Camlock jungtis"}]},{"@type":"WebSite","@id":"https:\/\/www.camlock.org\/lt\/?lang=et\/#website","url":"https:\/\/www.camlock.org\/lt\/?lang=et\/","name":"\u041f\u0440\u043e\u0434\u0430\u0436\u0430 \u043a\u0430\u043c\u043b\u043e\u043a (Camlock) \u0441\u043e\u0435\u0434\u0438\u043d\u0435\u043d\u0438\u0439","description":"\u041f\u0440\u043e\u0434\u0430\u0436\u0430 \u043a\u0430\u043c\u043b\u043e\u043a (Camlock) \u0441\u043e\u0435\u0434\u0438\u043d\u0435\u043d\u0438\u0439","potentialAction":[{"@type":"SearchAction","target":{"@type":"EntryPoint","urlTemplate":"https:\/\/www.camlock.org\/lt\/?lang=et\/?s={search_term_string}"},"query-input":{"@type":"PropertyValueSpecification","valueRequired":true,"valueName":"search_term_string"}}],"inLanguage":"lt-LT"}]}},"_links":{"self":[{"href":"https:\/\/www.camlock.org\/lt\/wp-json\/wp\/v2\/product\/11883","targetHints":{"allow":["GET"]}}],"collection":[{"href":"https:\/\/www.camlock.org\/lt\/wp-json\/wp\/v2\/product"}],"about":[{"href":"https:\/\/www.camlock.org\/lt\/wp-json\/wp\/v2\/types\/product"}],"wp:featuredmedia":[{"embeddable":true,"href":"https:\/\/www.camlock.org\/lt\/wp-json\/wp\/v2\/media\/12812"}],"wp:attachment":[{"href":"https:\/\/www.camlock.org\/lt\/wp-json\/wp\/v2\/media?parent=11883"}],"wp:term":[{"taxonomy":"product_brand","embeddable":true,"href":"https:\/\/www.camlock.org\/lt\/wp-json\/wp\/v2\/product_brand?post=11883"},{"taxonomy":"product_cat","embeddable":true,"href":"https:\/\/www.camlock.org\/lt\/wp-json\/wp\/v2\/product_cat?post=11883"},{"taxonomy":"product_tag","embeddable":true,"href":"https:\/\/www.camlock.org\/lt\/wp-json\/wp\/v2\/product_tag?post=11883"}],"curies":[{"name":"wp","href":"https:\/\/api.w.org\/{rel}","templated":true}]}}