{"id":12312,"date":"2018-06-03T20:09:30","date_gmt":"2018-06-03T17:09:45","guid":{"rendered":"https:\/\/www.camlock.org\/?post_type=product&#038;p=12312"},"modified":"2025-05-16T13:16:28","modified_gmt":"2025-05-16T10:16:28","slug":"b-tipo-ner-dijan-iojo-plieno-316-camlock-jungtis-moteri-ka-jungtis-vyri-kas-bsp-sriegis","status":"publish","type":"product","link":"https:\/\/www.camlock.org\/lt\/produktas\/b-tipo-ner-dijan-iojo-plieno-316-camlock-jungtis-moteri-ka-jungtis-vyri-kas-bsp-sriegis\/","title":{"rendered":"B tipo ner\u016bdijan\u010diojo plieno 316 Camlock jungtis &#8211; moteri\u0161ka jungtis \u00d7 vyri\u0161kas BSP sriegis"},"content":{"rendered":"<p>B tipo ner\u016bdijan\u010diojo plieno Camlock adapteris yra vieno dyd\u017eio moteri\u0161ka jungtis, o kito &#8211; vyri\u0161kas BSP sriegis. &#8222;B&#8221; tipo kum\u0161telin\u0117s jungtys turi moteri\u0161k\u0105 kum\u0161telin\u0117s jungties gal\u0105 ir to paties dyd\u017eio i\u0161orin\u012f BSP srieg\u012f. Moteri\u0161kasis camlock galas tinka bet kokiam to paties dyd\u017eio vyri\u0161kajam camlock sriegiui.  <\/p>\n","protected":false},"excerpt":{"rendered":"<p>Ner\u016bdijan\u010dio plieno B tipo kum\u0161telin\u0117 jungtis paprastai naudojama su F, A, E ir DP tipo adapteriais \u017eemo sl\u0117gio siurbimo \u017earnoms prijungti prie siurbli\u0173, IBC arba tose srityse, kuriose reikia da\u017enai atlikti sujungimo ir atjungimo operacijas, pavyzd\u017eiui, ra\u0161alo ir da\u017eymo pramon\u0117je.<\/p>\n","protected":false},"featured_media":13660,"template":"","meta":[],"product_brand":[],"product_cat":[496],"product_tag":[497,243],"class_list":{"0":"post-12312","1":"product","2":"type-product","3":"status-publish","4":"has-post-thumbnail","6":"product_cat-ner-dijan-io-plieno-camlock-jungiamosios-detal-s","7":"product_tag-ner-dijantis-plienas","8":"product_tag-type-b-lt","10":"first","11":"instock","12":"taxable","13":"shipping-taxable","14":"purchasable","15":"product-type-variable"},"yoast_head":"<!-- This site is optimized with the Yoast SEO plugin v27.5 - https:\/\/yoast.com\/product\/yoast-seo-wordpress\/ -->\n<title>B tipo ner\u016bdijan\u010diojo plieno 316 Camlock jungtis<\/title>\n<meta name=\"description\" content=\"B tipo ner\u016bdijan\u010diojo plieno Camlock adapteris yra vieno dyd\u017eio moteri\u0161ka jungtis, o kito - vyri\u0161kas BSP sriegis. &quot;B&quot; tipo kum\u0161telin\u0117s jungtys turi moteri\u0161k\u0105 kum\u0161telin\u0117s jungties gal\u0105 ir to paties dyd\u017eio i\u0161orin\u012f BSP srieg\u012f.\" \/>\n<meta name=\"robots\" content=\"index, follow, max-snippet:-1, max-image-preview:large, max-video-preview:-1\" \/>\n<link rel=\"canonical\" href=\"https:\/\/www.camlock.org\/lt\/produktas\/b-tipo-ner-dijan-iojo-plieno-316-camlock-jungtis-moteri-ka-jungtis-vyri-kas-bsp-sriegis\/\" \/>\n<meta property=\"og:locale\" content=\"lt_LT\" \/>\n<meta property=\"og:type\" content=\"article\" \/>\n<meta property=\"og:title\" content=\"B tipo ner\u016bdijan\u010diojo plieno 316 Camlock jungtis\" \/>\n<meta property=\"og:description\" content=\"B tipo ner\u016bdijan\u010diojo plieno Camlock adapteris yra vieno dyd\u017eio moteri\u0161ka jungtis, o kito - vyri\u0161kas BSP sriegis. &quot;B&quot; tipo kum\u0161telin\u0117s jungtys turi moteri\u0161k\u0105 kum\u0161telin\u0117s jungties gal\u0105 ir to paties dyd\u017eio i\u0161orin\u012f BSP srieg\u012f.\" \/>\n<meta property=\"og:url\" content=\"https:\/\/www.camlock.org\/lt\/produktas\/b-tipo-ner-dijan-iojo-plieno-316-camlock-jungtis-moteri-ka-jungtis-vyri-kas-bsp-sriegis\/\" \/>\n<meta property=\"og:site_name\" content=\"\u041f\u0440\u043e\u0434\u0430\u0436\u0430 \u043a\u0430\u043c\u043b\u043e\u043a (Camlock) \u0441\u043e\u0435\u0434\u0438\u043d\u0435\u043d\u0438\u0439\" \/>\n<meta property=\"article:modified_time\" content=\"2025-05-16T10:16:28+00:00\" \/>\n<meta property=\"og:image\" content=\"https:\/\/www.camlock.org\/wp-content\/uploads\/2018\/06\/Camlock_SS316_type_B_50mm_D200SS.jpg\" \/>\n\t<meta property=\"og:image:width\" content=\"1000\" \/>\n\t<meta property=\"og:image:height\" content=\"1000\" \/>\n\t<meta property=\"og:image:type\" content=\"image\/jpeg\" \/>\n<meta name=\"twitter:card\" content=\"summary_large_image\" \/>\n<meta name=\"twitter:label1\" content=\"Est. reading time\" \/>\n\t<meta name=\"twitter:data1\" content=\"1 minut\u0117\" \/>\n<script type=\"application\/ld+json\" class=\"yoast-schema-graph\">{\"@context\":\"https:\\\/\\\/schema.org\",\"@graph\":[{\"@type\":\"WebPage\",\"@id\":\"https:\\\/\\\/www.camlock.org\\\/lt\\\/produktas\\\/b-tipo-ner-dijan-iojo-plieno-316-camlock-jungtis-moteri-ka-jungtis-vyri-kas-bsp-sriegis\\\/\",\"url\":\"https:\\\/\\\/www.camlock.org\\\/lt\\\/produktas\\\/b-tipo-ner-dijan-iojo-plieno-316-camlock-jungtis-moteri-ka-jungtis-vyri-kas-bsp-sriegis\\\/\",\"name\":\"B tipo ner\u016bdijan\u010diojo plieno 316 Camlock jungtis\",\"isPartOf\":{\"@id\":\"https:\\\/\\\/www.camlock.org\\\/lt\\\/?lang=et\\\/#website\"},\"primaryImageOfPage\":{\"@id\":\"https:\\\/\\\/www.camlock.org\\\/lt\\\/produktas\\\/b-tipo-ner-dijan-iojo-plieno-316-camlock-jungtis-moteri-ka-jungtis-vyri-kas-bsp-sriegis\\\/#primaryimage\"},\"image\":{\"@id\":\"https:\\\/\\\/www.camlock.org\\\/lt\\\/produktas\\\/b-tipo-ner-dijan-iojo-plieno-316-camlock-jungtis-moteri-ka-jungtis-vyri-kas-bsp-sriegis\\\/#primaryimage\"},\"thumbnailUrl\":\"https:\\\/\\\/www.camlock.org\\\/wp-content\\\/uploads\\\/2018\\\/06\\\/Camlock_SS316_type_B_50mm_D200SS.jpg\",\"datePublished\":\"2018-06-03T17:09:45+00:00\",\"dateModified\":\"2025-05-16T10:16:28+00:00\",\"description\":\"B tipo ner\u016bdijan\u010diojo plieno Camlock adapteris yra vieno dyd\u017eio moteri\u0161ka jungtis, o kito - vyri\u0161kas BSP sriegis. \\\"B\\\" tipo kum\u0161telin\u0117s jungtys turi moteri\u0161k\u0105 kum\u0161telin\u0117s jungties gal\u0105 ir to paties dyd\u017eio i\u0161orin\u012f BSP srieg\u012f.\",\"breadcrumb\":{\"@id\":\"https:\\\/\\\/www.camlock.org\\\/lt\\\/produktas\\\/b-tipo-ner-dijan-iojo-plieno-316-camlock-jungtis-moteri-ka-jungtis-vyri-kas-bsp-sriegis\\\/#breadcrumb\"},\"inLanguage\":\"lt-LT\",\"potentialAction\":[{\"@type\":\"ReadAction\",\"target\":[\"https:\\\/\\\/www.camlock.org\\\/lt\\\/produktas\\\/b-tipo-ner-dijan-iojo-plieno-316-camlock-jungtis-moteri-ka-jungtis-vyri-kas-bsp-sriegis\\\/\"]}]},{\"@type\":\"ImageObject\",\"inLanguage\":\"lt-LT\",\"@id\":\"https:\\\/\\\/www.camlock.org\\\/lt\\\/produktas\\\/b-tipo-ner-dijan-iojo-plieno-316-camlock-jungtis-moteri-ka-jungtis-vyri-kas-bsp-sriegis\\\/#primaryimage\",\"url\":\"https:\\\/\\\/www.camlock.org\\\/wp-content\\\/uploads\\\/2018\\\/06\\\/Camlock_SS316_type_B_50mm_D200SS.jpg\",\"contentUrl\":\"https:\\\/\\\/www.camlock.org\\\/wp-content\\\/uploads\\\/2018\\\/06\\\/Camlock_SS316_type_B_50mm_D200SS.jpg\",\"width\":1000,\"height\":1000},{\"@type\":\"BreadcrumbList\",\"@id\":\"https:\\\/\\\/www.camlock.org\\\/lt\\\/produktas\\\/b-tipo-ner-dijan-iojo-plieno-316-camlock-jungtis-moteri-ka-jungtis-vyri-kas-bsp-sriegis\\\/#breadcrumb\",\"itemListElement\":[{\"@type\":\"ListItem\",\"position\":1,\"name\":\"Home\",\"item\":\"https:\\\/\\\/www.camlock.org\\\/lt\\\/prad-ia\\\/\"},{\"@type\":\"ListItem\",\"position\":2,\"name\":\"Parduotuv\u0117\",\"item\":\"https:\\\/\\\/www.camlock.org\\\/lt\\\/d0-bc-d0-b0-d0-b3-d0-b0-d0-b7-d0-b8-d0-bd\\\/\"},{\"@type\":\"ListItem\",\"position\":3,\"name\":\"B tipo ner\u016bdijan\u010diojo plieno 316 Camlock jungtis &#8211; moteri\u0161ka jungtis \u00d7 vyri\u0161kas BSP sriegis\"}]},{\"@type\":\"WebSite\",\"@id\":\"https:\\\/\\\/www.camlock.org\\\/lt\\\/?lang=et\\\/#website\",\"url\":\"https:\\\/\\\/www.camlock.org\\\/lt\\\/?lang=et\\\/\",\"name\":\"\u041f\u0440\u043e\u0434\u0430\u0436\u0430 \u043a\u0430\u043c\u043b\u043e\u043a (Camlock) \u0441\u043e\u0435\u0434\u0438\u043d\u0435\u043d\u0438\u0439\",\"description\":\"\u041f\u0440\u043e\u0434\u0430\u0436\u0430 \u043a\u0430\u043c\u043b\u043e\u043a (Camlock) \u0441\u043e\u0435\u0434\u0438\u043d\u0435\u043d\u0438\u0439\",\"potentialAction\":[{\"@type\":\"SearchAction\",\"target\":{\"@type\":\"EntryPoint\",\"urlTemplate\":\"https:\\\/\\\/www.camlock.org\\\/lt\\\/?lang=et\\\/?s={search_term_string}\"},\"query-input\":{\"@type\":\"PropertyValueSpecification\",\"valueRequired\":true,\"valueName\":\"search_term_string\"}}],\"inLanguage\":\"lt-LT\"}]}<\/script>\n<!-- \/ Yoast SEO plugin. -->","yoast_head_json":{"title":"B tipo ner\u016bdijan\u010diojo plieno 316 Camlock jungtis","description":"B tipo ner\u016bdijan\u010diojo plieno Camlock adapteris yra vieno dyd\u017eio moteri\u0161ka jungtis, o kito - vyri\u0161kas BSP sriegis. \"B\" tipo kum\u0161telin\u0117s jungtys turi moteri\u0161k\u0105 kum\u0161telin\u0117s jungties gal\u0105 ir to paties dyd\u017eio i\u0161orin\u012f BSP srieg\u012f.","robots":{"index":"index","follow":"follow","max-snippet":"max-snippet:-1","max-image-preview":"max-image-preview:large","max-video-preview":"max-video-preview:-1"},"canonical":"https:\/\/www.camlock.org\/lt\/produktas\/b-tipo-ner-dijan-iojo-plieno-316-camlock-jungtis-moteri-ka-jungtis-vyri-kas-bsp-sriegis\/","og_locale":"lt_LT","og_type":"article","og_title":"B tipo ner\u016bdijan\u010diojo plieno 316 Camlock jungtis","og_description":"B tipo ner\u016bdijan\u010diojo plieno Camlock adapteris yra vieno dyd\u017eio moteri\u0161ka jungtis, o kito - vyri\u0161kas BSP sriegis. \"B\" tipo kum\u0161telin\u0117s jungtys turi moteri\u0161k\u0105 kum\u0161telin\u0117s jungties gal\u0105 ir to paties dyd\u017eio i\u0161orin\u012f BSP srieg\u012f.","og_url":"https:\/\/www.camlock.org\/lt\/produktas\/b-tipo-ner-dijan-iojo-plieno-316-camlock-jungtis-moteri-ka-jungtis-vyri-kas-bsp-sriegis\/","og_site_name":"\u041f\u0440\u043e\u0434\u0430\u0436\u0430 \u043a\u0430\u043c\u043b\u043e\u043a (Camlock) \u0441\u043e\u0435\u0434\u0438\u043d\u0435\u043d\u0438\u0439","article_modified_time":"2025-05-16T10:16:28+00:00","og_image":[{"width":1000,"height":1000,"url":"https:\/\/www.camlock.org\/wp-content\/uploads\/2018\/06\/Camlock_SS316_type_B_50mm_D200SS.jpg","type":"image\/jpeg"}],"twitter_card":"summary_large_image","twitter_misc":{"Est. reading time":"1 minut\u0117"},"schema":{"@context":"https:\/\/schema.org","@graph":[{"@type":"WebPage","@id":"https:\/\/www.camlock.org\/lt\/produktas\/b-tipo-ner-dijan-iojo-plieno-316-camlock-jungtis-moteri-ka-jungtis-vyri-kas-bsp-sriegis\/","url":"https:\/\/www.camlock.org\/lt\/produktas\/b-tipo-ner-dijan-iojo-plieno-316-camlock-jungtis-moteri-ka-jungtis-vyri-kas-bsp-sriegis\/","name":"B tipo ner\u016bdijan\u010diojo plieno 316 Camlock jungtis","isPartOf":{"@id":"https:\/\/www.camlock.org\/lt\/?lang=et\/#website"},"primaryImageOfPage":{"@id":"https:\/\/www.camlock.org\/lt\/produktas\/b-tipo-ner-dijan-iojo-plieno-316-camlock-jungtis-moteri-ka-jungtis-vyri-kas-bsp-sriegis\/#primaryimage"},"image":{"@id":"https:\/\/www.camlock.org\/lt\/produktas\/b-tipo-ner-dijan-iojo-plieno-316-camlock-jungtis-moteri-ka-jungtis-vyri-kas-bsp-sriegis\/#primaryimage"},"thumbnailUrl":"https:\/\/www.camlock.org\/wp-content\/uploads\/2018\/06\/Camlock_SS316_type_B_50mm_D200SS.jpg","datePublished":"2018-06-03T17:09:45+00:00","dateModified":"2025-05-16T10:16:28+00:00","description":"B tipo ner\u016bdijan\u010diojo plieno Camlock adapteris yra vieno dyd\u017eio moteri\u0161ka jungtis, o kito - vyri\u0161kas BSP sriegis. \"B\" tipo kum\u0161telin\u0117s jungtys turi moteri\u0161k\u0105 kum\u0161telin\u0117s jungties gal\u0105 ir to paties dyd\u017eio i\u0161orin\u012f BSP srieg\u012f.","breadcrumb":{"@id":"https:\/\/www.camlock.org\/lt\/produktas\/b-tipo-ner-dijan-iojo-plieno-316-camlock-jungtis-moteri-ka-jungtis-vyri-kas-bsp-sriegis\/#breadcrumb"},"inLanguage":"lt-LT","potentialAction":[{"@type":"ReadAction","target":["https:\/\/www.camlock.org\/lt\/produktas\/b-tipo-ner-dijan-iojo-plieno-316-camlock-jungtis-moteri-ka-jungtis-vyri-kas-bsp-sriegis\/"]}]},{"@type":"ImageObject","inLanguage":"lt-LT","@id":"https:\/\/www.camlock.org\/lt\/produktas\/b-tipo-ner-dijan-iojo-plieno-316-camlock-jungtis-moteri-ka-jungtis-vyri-kas-bsp-sriegis\/#primaryimage","url":"https:\/\/www.camlock.org\/wp-content\/uploads\/2018\/06\/Camlock_SS316_type_B_50mm_D200SS.jpg","contentUrl":"https:\/\/www.camlock.org\/wp-content\/uploads\/2018\/06\/Camlock_SS316_type_B_50mm_D200SS.jpg","width":1000,"height":1000},{"@type":"BreadcrumbList","@id":"https:\/\/www.camlock.org\/lt\/produktas\/b-tipo-ner-dijan-iojo-plieno-316-camlock-jungtis-moteri-ka-jungtis-vyri-kas-bsp-sriegis\/#breadcrumb","itemListElement":[{"@type":"ListItem","position":1,"name":"Home","item":"https:\/\/www.camlock.org\/lt\/prad-ia\/"},{"@type":"ListItem","position":2,"name":"Parduotuv\u0117","item":"https:\/\/www.camlock.org\/lt\/d0-bc-d0-b0-d0-b3-d0-b0-d0-b7-d0-b8-d0-bd\/"},{"@type":"ListItem","position":3,"name":"B tipo ner\u016bdijan\u010diojo plieno 316 Camlock jungtis &#8211; moteri\u0161ka jungtis \u00d7 vyri\u0161kas BSP sriegis"}]},{"@type":"WebSite","@id":"https:\/\/www.camlock.org\/lt\/?lang=et\/#website","url":"https:\/\/www.camlock.org\/lt\/?lang=et\/","name":"\u041f\u0440\u043e\u0434\u0430\u0436\u0430 \u043a\u0430\u043c\u043b\u043e\u043a (Camlock) \u0441\u043e\u0435\u0434\u0438\u043d\u0435\u043d\u0438\u0439","description":"\u041f\u0440\u043e\u0434\u0430\u0436\u0430 \u043a\u0430\u043c\u043b\u043e\u043a (Camlock) \u0441\u043e\u0435\u0434\u0438\u043d\u0435\u043d\u0438\u0439","potentialAction":[{"@type":"SearchAction","target":{"@type":"EntryPoint","urlTemplate":"https:\/\/www.camlock.org\/lt\/?lang=et\/?s={search_term_string}"},"query-input":{"@type":"PropertyValueSpecification","valueRequired":true,"valueName":"search_term_string"}}],"inLanguage":"lt-LT"}]}},"_links":{"self":[{"href":"https:\/\/www.camlock.org\/lt\/wp-json\/wp\/v2\/product\/12312","targetHints":{"allow":["GET"]}}],"collection":[{"href":"https:\/\/www.camlock.org\/lt\/wp-json\/wp\/v2\/product"}],"about":[{"href":"https:\/\/www.camlock.org\/lt\/wp-json\/wp\/v2\/types\/product"}],"wp:featuredmedia":[{"embeddable":true,"href":"https:\/\/www.camlock.org\/lt\/wp-json\/wp\/v2\/media\/13660"}],"wp:attachment":[{"href":"https:\/\/www.camlock.org\/lt\/wp-json\/wp\/v2\/media?parent=12312"}],"wp:term":[{"taxonomy":"product_brand","embeddable":true,"href":"https:\/\/www.camlock.org\/lt\/wp-json\/wp\/v2\/product_brand?post=12312"},{"taxonomy":"product_cat","embeddable":true,"href":"https:\/\/www.camlock.org\/lt\/wp-json\/wp\/v2\/product_cat?post=12312"},{"taxonomy":"product_tag","embeddable":true,"href":"https:\/\/www.camlock.org\/lt\/wp-json\/wp\/v2\/product_tag?post=12312"}],"curies":[{"name":"wp","href":"https:\/\/api.w.org\/{rel}","templated":true}]}}