{"id":14383,"date":"2019-12-21T20:25:50","date_gmt":"2019-12-21T17:26:10","guid":{"rendered":"https:\/\/www.camlock.org\/?post_type=product&#038;p=14383"},"modified":"2025-05-16T13:45:09","modified_gmt":"2025-05-16T10:45:09","slug":"a-tipo-aliuminin-camlock-jungtis","status":"publish","type":"product","link":"https:\/\/www.camlock.org\/lt\/produktas\/a-tipo-aliuminin-camlock-jungtis\/","title":{"rendered":"A tipo aliuminin\u0117 Camlock jungtis"},"content":{"rendered":"<p>Aliuminio kum\u0161telin\u0117 ir grioveli\u0173 jungtis padidina darbo na\u0161um\u0105 ir pa\u0161alina sud\u0117ting\u0105 sriegi\u0173 ir flan\u0161\u0173 valdym\u0105. Vyri\u0161kasis griovelio galas tinka bet kokiai to paties dyd\u017eio moteri\u0161kajai kum\u0161telinei jung\u010diai. Aliuminin\u0117s kum\u0161telin\u0117s movos pasi\u017eymi geru atsparumu korozijai su cheminiais au\u0161inimo skys\u010diais, degalais, vandeniu, laku ir kartais kietomis med\u017eiagomis, pavyzd\u017eiui, srut\u0173 mi\u0161iniu ir milteliais.  <\/p>\n","protected":false},"excerpt":{"rendered":"<p>Aliumininis A tipo Camlock adapteris &#8211; vyri\u0161kas adapteris \u00d7 moteri\u0161kas BSP paprastai naudojamas su D tipo jungtimis, o B ir C tipo jungtys bei to paties dyd\u017eio dulki\u0173 dangtelis (DC tipas) yra prieinami.<\/p>\n","protected":false},"featured_media":14631,"template":"","meta":[],"product_brand":[],"product_cat":[474],"product_tag":[473,193],"class_list":{"0":"post-14383","1":"product","2":"type-product","3":"status-publish","4":"has-post-thumbnail","6":"product_cat-aliuminio-camlock-jungiamosios-detal-s","7":"product_tag-aliuminis","8":"product_tag-type-a-lt","10":"first","11":"instock","12":"taxable","13":"shipping-taxable","14":"purchasable","15":"product-type-variable"},"yoast_head":"<!-- This site is optimized with the Yoast SEO plugin v27.4 - https:\/\/yoast.com\/product\/yoast-seo-wordpress\/ -->\n<title>A tipo aliuminin\u0117 Camlock jungtis - \u041f\u0440\u043e\u0434\u0430\u0436\u0430 \u043a\u0430\u043c\u043b\u043e\u043a (Camlock) \u0441\u043e\u0435\u0434\u0438\u043d\u0435\u043d\u0438\u0439<\/title>\n<meta name=\"description\" content=\"Aliuminio kum\u0161telin\u0117 ir grioveli\u0173 jungtis padidina darbo na\u0161um\u0105 ir pa\u0161alina sud\u0117ting\u0105 sriegi\u0173 ir flan\u0161\u0173 valdym\u0105. Vyri\u0161kasis griovelio galas tinka bet kokiai to paties dyd\u017eio moteri\u0161kajai kum\u0161telinei jung\u010diai.\" \/>\n<meta name=\"robots\" content=\"index, follow, max-snippet:-1, max-image-preview:large, max-video-preview:-1\" \/>\n<link rel=\"canonical\" href=\"https:\/\/www.camlock.org\/lt\/produktas\/a-tipo-aliuminin-camlock-jungtis\/\" \/>\n<meta property=\"og:locale\" content=\"lt_LT\" \/>\n<meta property=\"og:type\" content=\"article\" \/>\n<meta property=\"og:title\" content=\"A tipo aliuminin\u0117 Camlock jungtis - \u041f\u0440\u043e\u0434\u0430\u0436\u0430 \u043a\u0430\u043c\u043b\u043e\u043a (Camlock) \u0441\u043e\u0435\u0434\u0438\u043d\u0435\u043d\u0438\u0439\" \/>\n<meta property=\"og:description\" content=\"Aliuminio kum\u0161telin\u0117 ir grioveli\u0173 jungtis padidina darbo na\u0161um\u0105 ir pa\u0161alina sud\u0117ting\u0105 sriegi\u0173 ir flan\u0161\u0173 valdym\u0105. Vyri\u0161kasis griovelio galas tinka bet kokiai to paties dyd\u017eio moteri\u0161kajai kum\u0161telinei jung\u010diai.\" \/>\n<meta property=\"og:url\" content=\"https:\/\/www.camlock.org\/lt\/produktas\/a-tipo-aliuminin-camlock-jungtis\/\" \/>\n<meta property=\"og:site_name\" content=\"\u041f\u0440\u043e\u0434\u0430\u0436\u0430 \u043a\u0430\u043c\u043b\u043e\u043a (Camlock) \u0441\u043e\u0435\u0434\u0438\u043d\u0435\u043d\u0438\u0439\" \/>\n<meta property=\"article:modified_time\" content=\"2025-05-16T10:45:09+00:00\" \/>\n<meta property=\"og:image\" content=\"https:\/\/www.camlock.org\/wp-content\/uploads\/2019\/12\/Camlock_Aluminium_type_A_50mm_D200AL.jpg\" \/>\n\t<meta property=\"og:image:width\" content=\"1000\" \/>\n\t<meta property=\"og:image:height\" content=\"1000\" \/>\n\t<meta property=\"og:image:type\" content=\"image\/jpeg\" \/>\n<meta name=\"twitter:card\" content=\"summary_large_image\" \/>\n<meta name=\"twitter:label1\" content=\"Est. reading time\" \/>\n\t<meta name=\"twitter:data1\" content=\"1 minut\u0117\" \/>\n<script type=\"application\/ld+json\" class=\"yoast-schema-graph\">{\"@context\":\"https:\\\/\\\/schema.org\",\"@graph\":[{\"@type\":\"WebPage\",\"@id\":\"https:\\\/\\\/www.camlock.org\\\/lt\\\/produktas\\\/a-tipo-aliuminin-camlock-jungtis\\\/\",\"url\":\"https:\\\/\\\/www.camlock.org\\\/lt\\\/produktas\\\/a-tipo-aliuminin-camlock-jungtis\\\/\",\"name\":\"A tipo aliuminin\u0117 Camlock jungtis - \u041f\u0440\u043e\u0434\u0430\u0436\u0430 \u043a\u0430\u043c\u043b\u043e\u043a (Camlock) \u0441\u043e\u0435\u0434\u0438\u043d\u0435\u043d\u0438\u0439\",\"isPartOf\":{\"@id\":\"https:\\\/\\\/www.camlock.org\\\/lt\\\/?lang=et\\\/#website\"},\"primaryImageOfPage\":{\"@id\":\"https:\\\/\\\/www.camlock.org\\\/lt\\\/produktas\\\/a-tipo-aliuminin-camlock-jungtis\\\/#primaryimage\"},\"image\":{\"@id\":\"https:\\\/\\\/www.camlock.org\\\/lt\\\/produktas\\\/a-tipo-aliuminin-camlock-jungtis\\\/#primaryimage\"},\"thumbnailUrl\":\"https:\\\/\\\/www.camlock.org\\\/wp-content\\\/uploads\\\/2019\\\/12\\\/Camlock_Aluminium_type_A_50mm_D200AL.jpg\",\"datePublished\":\"2019-12-21T17:26:10+00:00\",\"dateModified\":\"2025-05-16T10:45:09+00:00\",\"description\":\"Aliuminio kum\u0161telin\u0117 ir grioveli\u0173 jungtis padidina darbo na\u0161um\u0105 ir pa\u0161alina sud\u0117ting\u0105 sriegi\u0173 ir flan\u0161\u0173 valdym\u0105. Vyri\u0161kasis griovelio galas tinka bet kokiai to paties dyd\u017eio moteri\u0161kajai kum\u0161telinei jung\u010diai.\",\"breadcrumb\":{\"@id\":\"https:\\\/\\\/www.camlock.org\\\/lt\\\/produktas\\\/a-tipo-aliuminin-camlock-jungtis\\\/#breadcrumb\"},\"inLanguage\":\"lt-LT\",\"potentialAction\":[{\"@type\":\"ReadAction\",\"target\":[\"https:\\\/\\\/www.camlock.org\\\/lt\\\/produktas\\\/a-tipo-aliuminin-camlock-jungtis\\\/\"]}]},{\"@type\":\"ImageObject\",\"inLanguage\":\"lt-LT\",\"@id\":\"https:\\\/\\\/www.camlock.org\\\/lt\\\/produktas\\\/a-tipo-aliuminin-camlock-jungtis\\\/#primaryimage\",\"url\":\"https:\\\/\\\/www.camlock.org\\\/wp-content\\\/uploads\\\/2019\\\/12\\\/Camlock_Aluminium_type_A_50mm_D200AL.jpg\",\"contentUrl\":\"https:\\\/\\\/www.camlock.org\\\/wp-content\\\/uploads\\\/2019\\\/12\\\/Camlock_Aluminium_type_A_50mm_D200AL.jpg\",\"width\":1000,\"height\":1000,\"caption\":\"Type A Aluminium Camlock Coupler\"},{\"@type\":\"BreadcrumbList\",\"@id\":\"https:\\\/\\\/www.camlock.org\\\/lt\\\/produktas\\\/a-tipo-aliuminin-camlock-jungtis\\\/#breadcrumb\",\"itemListElement\":[{\"@type\":\"ListItem\",\"position\":1,\"name\":\"Home\",\"item\":\"https:\\\/\\\/www.camlock.org\\\/lt\\\/prad-ia\\\/\"},{\"@type\":\"ListItem\",\"position\":2,\"name\":\"Parduotuv\u0117\",\"item\":\"https:\\\/\\\/www.camlock.org\\\/lt\\\/d0-bc-d0-b0-d0-b3-d0-b0-d0-b7-d0-b8-d0-bd\\\/\"},{\"@type\":\"ListItem\",\"position\":3,\"name\":\"A tipo aliuminin\u0117 Camlock jungtis\"}]},{\"@type\":\"WebSite\",\"@id\":\"https:\\\/\\\/www.camlock.org\\\/lt\\\/?lang=et\\\/#website\",\"url\":\"https:\\\/\\\/www.camlock.org\\\/lt\\\/?lang=et\\\/\",\"name\":\"\u041f\u0440\u043e\u0434\u0430\u0436\u0430 \u043a\u0430\u043c\u043b\u043e\u043a (Camlock) \u0441\u043e\u0435\u0434\u0438\u043d\u0435\u043d\u0438\u0439\",\"description\":\"\u041f\u0440\u043e\u0434\u0430\u0436\u0430 \u043a\u0430\u043c\u043b\u043e\u043a (Camlock) \u0441\u043e\u0435\u0434\u0438\u043d\u0435\u043d\u0438\u0439\",\"potentialAction\":[{\"@type\":\"SearchAction\",\"target\":{\"@type\":\"EntryPoint\",\"urlTemplate\":\"https:\\\/\\\/www.camlock.org\\\/lt\\\/?lang=et\\\/?s={search_term_string}\"},\"query-input\":{\"@type\":\"PropertyValueSpecification\",\"valueRequired\":true,\"valueName\":\"search_term_string\"}}],\"inLanguage\":\"lt-LT\"}]}<\/script>\n<!-- \/ Yoast SEO plugin. -->","yoast_head_json":{"title":"A tipo aliuminin\u0117 Camlock jungtis - \u041f\u0440\u043e\u0434\u0430\u0436\u0430 \u043a\u0430\u043c\u043b\u043e\u043a (Camlock) \u0441\u043e\u0435\u0434\u0438\u043d\u0435\u043d\u0438\u0439","description":"Aliuminio kum\u0161telin\u0117 ir grioveli\u0173 jungtis padidina darbo na\u0161um\u0105 ir pa\u0161alina sud\u0117ting\u0105 sriegi\u0173 ir flan\u0161\u0173 valdym\u0105. Vyri\u0161kasis griovelio galas tinka bet kokiai to paties dyd\u017eio moteri\u0161kajai kum\u0161telinei jung\u010diai.","robots":{"index":"index","follow":"follow","max-snippet":"max-snippet:-1","max-image-preview":"max-image-preview:large","max-video-preview":"max-video-preview:-1"},"canonical":"https:\/\/www.camlock.org\/lt\/produktas\/a-tipo-aliuminin-camlock-jungtis\/","og_locale":"lt_LT","og_type":"article","og_title":"A tipo aliuminin\u0117 Camlock jungtis - \u041f\u0440\u043e\u0434\u0430\u0436\u0430 \u043a\u0430\u043c\u043b\u043e\u043a (Camlock) \u0441\u043e\u0435\u0434\u0438\u043d\u0435\u043d\u0438\u0439","og_description":"Aliuminio kum\u0161telin\u0117 ir grioveli\u0173 jungtis padidina darbo na\u0161um\u0105 ir pa\u0161alina sud\u0117ting\u0105 sriegi\u0173 ir flan\u0161\u0173 valdym\u0105. Vyri\u0161kasis griovelio galas tinka bet kokiai to paties dyd\u017eio moteri\u0161kajai kum\u0161telinei jung\u010diai.","og_url":"https:\/\/www.camlock.org\/lt\/produktas\/a-tipo-aliuminin-camlock-jungtis\/","og_site_name":"\u041f\u0440\u043e\u0434\u0430\u0436\u0430 \u043a\u0430\u043c\u043b\u043e\u043a (Camlock) \u0441\u043e\u0435\u0434\u0438\u043d\u0435\u043d\u0438\u0439","article_modified_time":"2025-05-16T10:45:09+00:00","og_image":[{"width":1000,"height":1000,"url":"https:\/\/www.camlock.org\/wp-content\/uploads\/2019\/12\/Camlock_Aluminium_type_A_50mm_D200AL.jpg","type":"image\/jpeg"}],"twitter_card":"summary_large_image","twitter_misc":{"Est. reading time":"1 minut\u0117"},"schema":{"@context":"https:\/\/schema.org","@graph":[{"@type":"WebPage","@id":"https:\/\/www.camlock.org\/lt\/produktas\/a-tipo-aliuminin-camlock-jungtis\/","url":"https:\/\/www.camlock.org\/lt\/produktas\/a-tipo-aliuminin-camlock-jungtis\/","name":"A tipo aliuminin\u0117 Camlock jungtis - \u041f\u0440\u043e\u0434\u0430\u0436\u0430 \u043a\u0430\u043c\u043b\u043e\u043a (Camlock) \u0441\u043e\u0435\u0434\u0438\u043d\u0435\u043d\u0438\u0439","isPartOf":{"@id":"https:\/\/www.camlock.org\/lt\/?lang=et\/#website"},"primaryImageOfPage":{"@id":"https:\/\/www.camlock.org\/lt\/produktas\/a-tipo-aliuminin-camlock-jungtis\/#primaryimage"},"image":{"@id":"https:\/\/www.camlock.org\/lt\/produktas\/a-tipo-aliuminin-camlock-jungtis\/#primaryimage"},"thumbnailUrl":"https:\/\/www.camlock.org\/wp-content\/uploads\/2019\/12\/Camlock_Aluminium_type_A_50mm_D200AL.jpg","datePublished":"2019-12-21T17:26:10+00:00","dateModified":"2025-05-16T10:45:09+00:00","description":"Aliuminio kum\u0161telin\u0117 ir grioveli\u0173 jungtis padidina darbo na\u0161um\u0105 ir pa\u0161alina sud\u0117ting\u0105 sriegi\u0173 ir flan\u0161\u0173 valdym\u0105. Vyri\u0161kasis griovelio galas tinka bet kokiai to paties dyd\u017eio moteri\u0161kajai kum\u0161telinei jung\u010diai.","breadcrumb":{"@id":"https:\/\/www.camlock.org\/lt\/produktas\/a-tipo-aliuminin-camlock-jungtis\/#breadcrumb"},"inLanguage":"lt-LT","potentialAction":[{"@type":"ReadAction","target":["https:\/\/www.camlock.org\/lt\/produktas\/a-tipo-aliuminin-camlock-jungtis\/"]}]},{"@type":"ImageObject","inLanguage":"lt-LT","@id":"https:\/\/www.camlock.org\/lt\/produktas\/a-tipo-aliuminin-camlock-jungtis\/#primaryimage","url":"https:\/\/www.camlock.org\/wp-content\/uploads\/2019\/12\/Camlock_Aluminium_type_A_50mm_D200AL.jpg","contentUrl":"https:\/\/www.camlock.org\/wp-content\/uploads\/2019\/12\/Camlock_Aluminium_type_A_50mm_D200AL.jpg","width":1000,"height":1000,"caption":"Type A Aluminium Camlock Coupler"},{"@type":"BreadcrumbList","@id":"https:\/\/www.camlock.org\/lt\/produktas\/a-tipo-aliuminin-camlock-jungtis\/#breadcrumb","itemListElement":[{"@type":"ListItem","position":1,"name":"Home","item":"https:\/\/www.camlock.org\/lt\/prad-ia\/"},{"@type":"ListItem","position":2,"name":"Parduotuv\u0117","item":"https:\/\/www.camlock.org\/lt\/d0-bc-d0-b0-d0-b3-d0-b0-d0-b7-d0-b8-d0-bd\/"},{"@type":"ListItem","position":3,"name":"A tipo aliuminin\u0117 Camlock jungtis"}]},{"@type":"WebSite","@id":"https:\/\/www.camlock.org\/lt\/?lang=et\/#website","url":"https:\/\/www.camlock.org\/lt\/?lang=et\/","name":"\u041f\u0440\u043e\u0434\u0430\u0436\u0430 \u043a\u0430\u043c\u043b\u043e\u043a (Camlock) \u0441\u043e\u0435\u0434\u0438\u043d\u0435\u043d\u0438\u0439","description":"\u041f\u0440\u043e\u0434\u0430\u0436\u0430 \u043a\u0430\u043c\u043b\u043e\u043a (Camlock) \u0441\u043e\u0435\u0434\u0438\u043d\u0435\u043d\u0438\u0439","potentialAction":[{"@type":"SearchAction","target":{"@type":"EntryPoint","urlTemplate":"https:\/\/www.camlock.org\/lt\/?lang=et\/?s={search_term_string}"},"query-input":{"@type":"PropertyValueSpecification","valueRequired":true,"valueName":"search_term_string"}}],"inLanguage":"lt-LT"}]}},"_links":{"self":[{"href":"https:\/\/www.camlock.org\/lt\/wp-json\/wp\/v2\/product\/14383","targetHints":{"allow":["GET"]}}],"collection":[{"href":"https:\/\/www.camlock.org\/lt\/wp-json\/wp\/v2\/product"}],"about":[{"href":"https:\/\/www.camlock.org\/lt\/wp-json\/wp\/v2\/types\/product"}],"wp:featuredmedia":[{"embeddable":true,"href":"https:\/\/www.camlock.org\/lt\/wp-json\/wp\/v2\/media\/14631"}],"wp:attachment":[{"href":"https:\/\/www.camlock.org\/lt\/wp-json\/wp\/v2\/media?parent=14383"}],"wp:term":[{"taxonomy":"product_brand","embeddable":true,"href":"https:\/\/www.camlock.org\/lt\/wp-json\/wp\/v2\/product_brand?post=14383"},{"taxonomy":"product_cat","embeddable":true,"href":"https:\/\/www.camlock.org\/lt\/wp-json\/wp\/v2\/product_cat?post=14383"},{"taxonomy":"product_tag","embeddable":true,"href":"https:\/\/www.camlock.org\/lt\/wp-json\/wp\/v2\/product_tag?post=14383"}],"curies":[{"name":"wp","href":"https:\/\/api.w.org\/{rel}","templated":true}]}}