{"id":14732,"date":"2019-12-22T11:15:03","date_gmt":"2019-12-22T08:15:25","guid":{"rendered":"https:\/\/www.camlock.org\/?post_type=product&#038;p=14732"},"modified":"2025-05-16T13:45:45","modified_gmt":"2025-05-16T10:45:45","slug":"b-tipo-aliuminio-camlock-vyri-kojo-sriegio-jungtis","status":"publish","type":"product","link":"https:\/\/www.camlock.org\/lt\/produktas\/b-tipo-aliuminio-camlock-vyri-kojo-sriegio-jungtis\/","title":{"rendered":"B tipo aliuminio Camlock vyri\u0161kojo sriegio jungtis"},"content":{"rendered":"<p>B tipo aliumininis Camlock adapteris yra vieno dyd\u017eio moteri\u0161ka jungtis ir kito dyd\u017eio vyri\u0161kas BSP sriegis. &#8222;B&#8221; tipo kum\u0161telin\u0117s jungtys turi moteri\u0161k\u0105 kum\u0161telin\u0117s jungties gal\u0105 ir to paties dyd\u017eio i\u0161orin\u012f BSP srieg\u012f. Moteri\u0161kasis camlock galas tinka bet kokiam to paties dyd\u017eio vyri\u0161kajam camlock sriegiui.  <\/p>\n","protected":false},"excerpt":{"rendered":"<p>B tipo aliuminin\u0117 kum\u0161telin\u0117 jungtis paprastai naudojama su F tipo adapteriu, kartais &#8211; su A ir E tipo adapteriais ir DP (dulki\u0173 kam\u0161\u010diu), kuri\u0173 dydis yra vienodas.<\/p>\n","protected":false},"featured_media":14969,"template":"","meta":[],"product_brand":[],"product_cat":[474],"product_tag":[473,243],"class_list":{"0":"post-14732","1":"product","2":"type-product","3":"status-publish","4":"has-post-thumbnail","6":"product_cat-aliuminio-camlock-jungiamosios-detal-s","7":"product_tag-aliuminis","8":"product_tag-type-b-lt","10":"first","11":"instock","12":"taxable","13":"shipping-taxable","14":"purchasable","15":"product-type-variable"},"yoast_head":"<!-- This site is optimized with the Yoast SEO plugin v27.3 - https:\/\/yoast.com\/product\/yoast-seo-wordpress\/ -->\n<title>B tipo aliuminio Camlock vyri\u0161kojo sriegio jungtis -<\/title>\n<meta name=\"description\" content=\"B tipo aliuminin\u0117s kum\u0161telin\u0117s ir grioveli\u0173 jungtys leid\u017eia greitai prijungti ir atjungti \u017earn\u0105 ir i\u0161vengti sud\u0117ting\u0173 sriegio ir flan\u0161o operacij\u0173. Tiesiog \u012fki\u0161kite vyri\u0161k\u0105j\u012f adapter\u012f \u012f moteri\u0161k\u0105j\u0105 jungt\u012f, kol bus pasiektas kontaktas su tarpine.\" \/>\n<meta name=\"robots\" content=\"index, follow, max-snippet:-1, max-image-preview:large, max-video-preview:-1\" \/>\n<link rel=\"canonical\" href=\"https:\/\/www.camlock.org\/lt\/produktas\/b-tipo-aliuminio-camlock-vyri-kojo-sriegio-jungtis\/\" \/>\n<meta property=\"og:locale\" content=\"lt_LT\" \/>\n<meta property=\"og:type\" content=\"article\" \/>\n<meta property=\"og:title\" content=\"B tipo aliuminio Camlock vyri\u0161kojo sriegio jungtis -\" \/>\n<meta property=\"og:description\" content=\"B tipo aliuminin\u0117s kum\u0161telin\u0117s ir grioveli\u0173 jungtys leid\u017eia greitai prijungti ir atjungti \u017earn\u0105 ir i\u0161vengti sud\u0117ting\u0173 sriegio ir flan\u0161o operacij\u0173. Tiesiog \u012fki\u0161kite vyri\u0161k\u0105j\u012f adapter\u012f \u012f moteri\u0161k\u0105j\u0105 jungt\u012f, kol bus pasiektas kontaktas su tarpine.\" \/>\n<meta property=\"og:url\" content=\"https:\/\/www.camlock.org\/lt\/produktas\/b-tipo-aliuminio-camlock-vyri-kojo-sriegio-jungtis\/\" \/>\n<meta property=\"og:site_name\" content=\"\u041f\u0440\u043e\u0434\u0430\u0436\u0430 \u043a\u0430\u043c\u043b\u043e\u043a (Camlock) \u0441\u043e\u0435\u0434\u0438\u043d\u0435\u043d\u0438\u0439\" \/>\n<meta property=\"article:modified_time\" content=\"2025-05-16T10:45:45+00:00\" \/>\n<meta property=\"og:image\" content=\"https:\/\/www.camlock.org\/wp-content\/uploads\/2019\/12\/Camlock_Aluminium_type_B_50mm_D200AL.jpg\" \/>\n\t<meta property=\"og:image:width\" content=\"1000\" \/>\n\t<meta property=\"og:image:height\" content=\"1000\" \/>\n\t<meta property=\"og:image:type\" content=\"image\/jpeg\" \/>\n<meta name=\"twitter:card\" content=\"summary_large_image\" \/>\n<meta name=\"twitter:label1\" content=\"Est. reading time\" \/>\n\t<meta name=\"twitter:data1\" content=\"1 minut\u0117\" \/>\n<script type=\"application\/ld+json\" class=\"yoast-schema-graph\">{\"@context\":\"https:\\\/\\\/schema.org\",\"@graph\":[{\"@type\":\"WebPage\",\"@id\":\"https:\\\/\\\/www.camlock.org\\\/lt\\\/produktas\\\/b-tipo-aliuminio-camlock-vyri-kojo-sriegio-jungtis\\\/\",\"url\":\"https:\\\/\\\/www.camlock.org\\\/lt\\\/produktas\\\/b-tipo-aliuminio-camlock-vyri-kojo-sriegio-jungtis\\\/\",\"name\":\"B tipo aliuminio Camlock vyri\u0161kojo sriegio jungtis -\",\"isPartOf\":{\"@id\":\"https:\\\/\\\/www.camlock.org\\\/lt\\\/?lang=et\\\/#website\"},\"primaryImageOfPage\":{\"@id\":\"https:\\\/\\\/www.camlock.org\\\/lt\\\/produktas\\\/b-tipo-aliuminio-camlock-vyri-kojo-sriegio-jungtis\\\/#primaryimage\"},\"image\":{\"@id\":\"https:\\\/\\\/www.camlock.org\\\/lt\\\/produktas\\\/b-tipo-aliuminio-camlock-vyri-kojo-sriegio-jungtis\\\/#primaryimage\"},\"thumbnailUrl\":\"https:\\\/\\\/www.camlock.org\\\/wp-content\\\/uploads\\\/2019\\\/12\\\/Camlock_Aluminium_type_B_50mm_D200AL.jpg\",\"datePublished\":\"2019-12-22T08:15:25+00:00\",\"dateModified\":\"2025-05-16T10:45:45+00:00\",\"description\":\"B tipo aliuminin\u0117s kum\u0161telin\u0117s ir grioveli\u0173 jungtys leid\u017eia greitai prijungti ir atjungti \u017earn\u0105 ir i\u0161vengti sud\u0117ting\u0173 sriegio ir flan\u0161o operacij\u0173. Tiesiog \u012fki\u0161kite vyri\u0161k\u0105j\u012f adapter\u012f \u012f moteri\u0161k\u0105j\u0105 jungt\u012f, kol bus pasiektas kontaktas su tarpine.\",\"breadcrumb\":{\"@id\":\"https:\\\/\\\/www.camlock.org\\\/lt\\\/produktas\\\/b-tipo-aliuminio-camlock-vyri-kojo-sriegio-jungtis\\\/#breadcrumb\"},\"inLanguage\":\"lt-LT\",\"potentialAction\":[{\"@type\":\"ReadAction\",\"target\":[\"https:\\\/\\\/www.camlock.org\\\/lt\\\/produktas\\\/b-tipo-aliuminio-camlock-vyri-kojo-sriegio-jungtis\\\/\"]}]},{\"@type\":\"ImageObject\",\"inLanguage\":\"lt-LT\",\"@id\":\"https:\\\/\\\/www.camlock.org\\\/lt\\\/produktas\\\/b-tipo-aliuminio-camlock-vyri-kojo-sriegio-jungtis\\\/#primaryimage\",\"url\":\"https:\\\/\\\/www.camlock.org\\\/wp-content\\\/uploads\\\/2019\\\/12\\\/Camlock_Aluminium_type_B_50mm_D200AL.jpg\",\"contentUrl\":\"https:\\\/\\\/www.camlock.org\\\/wp-content\\\/uploads\\\/2019\\\/12\\\/Camlock_Aluminium_type_B_50mm_D200AL.jpg\",\"width\":1000,\"height\":1000,\"caption\":\"Type B Aluminium Camlock Male Threaded Coupler\"},{\"@type\":\"BreadcrumbList\",\"@id\":\"https:\\\/\\\/www.camlock.org\\\/lt\\\/produktas\\\/b-tipo-aliuminio-camlock-vyri-kojo-sriegio-jungtis\\\/#breadcrumb\",\"itemListElement\":[{\"@type\":\"ListItem\",\"position\":1,\"name\":\"Home\",\"item\":\"https:\\\/\\\/www.camlock.org\\\/lt\\\/prad-ia\\\/\"},{\"@type\":\"ListItem\",\"position\":2,\"name\":\"Parduotuv\u0117\",\"item\":\"https:\\\/\\\/www.camlock.org\\\/lt\\\/d0-bc-d0-b0-d0-b3-d0-b0-d0-b7-d0-b8-d0-bd\\\/\"},{\"@type\":\"ListItem\",\"position\":3,\"name\":\"B tipo aliuminio Camlock vyri\u0161kojo sriegio jungtis\"}]},{\"@type\":\"WebSite\",\"@id\":\"https:\\\/\\\/www.camlock.org\\\/lt\\\/?lang=et\\\/#website\",\"url\":\"https:\\\/\\\/www.camlock.org\\\/lt\\\/?lang=et\\\/\",\"name\":\"\u041f\u0440\u043e\u0434\u0430\u0436\u0430 \u043a\u0430\u043c\u043b\u043e\u043a (Camlock) \u0441\u043e\u0435\u0434\u0438\u043d\u0435\u043d\u0438\u0439\",\"description\":\"\u041f\u0440\u043e\u0434\u0430\u0436\u0430 \u043a\u0430\u043c\u043b\u043e\u043a (Camlock) \u0441\u043e\u0435\u0434\u0438\u043d\u0435\u043d\u0438\u0439\",\"potentialAction\":[{\"@type\":\"SearchAction\",\"target\":{\"@type\":\"EntryPoint\",\"urlTemplate\":\"https:\\\/\\\/www.camlock.org\\\/lt\\\/?lang=et\\\/?s={search_term_string}\"},\"query-input\":{\"@type\":\"PropertyValueSpecification\",\"valueRequired\":true,\"valueName\":\"search_term_string\"}}],\"inLanguage\":\"lt-LT\"}]}<\/script>\n<!-- \/ Yoast SEO plugin. -->","yoast_head_json":{"title":"B tipo aliuminio Camlock vyri\u0161kojo sriegio jungtis -","description":"B tipo aliuminin\u0117s kum\u0161telin\u0117s ir grioveli\u0173 jungtys leid\u017eia greitai prijungti ir atjungti \u017earn\u0105 ir i\u0161vengti sud\u0117ting\u0173 sriegio ir flan\u0161o operacij\u0173. Tiesiog \u012fki\u0161kite vyri\u0161k\u0105j\u012f adapter\u012f \u012f moteri\u0161k\u0105j\u0105 jungt\u012f, kol bus pasiektas kontaktas su tarpine.","robots":{"index":"index","follow":"follow","max-snippet":"max-snippet:-1","max-image-preview":"max-image-preview:large","max-video-preview":"max-video-preview:-1"},"canonical":"https:\/\/www.camlock.org\/lt\/produktas\/b-tipo-aliuminio-camlock-vyri-kojo-sriegio-jungtis\/","og_locale":"lt_LT","og_type":"article","og_title":"B tipo aliuminio Camlock vyri\u0161kojo sriegio jungtis -","og_description":"B tipo aliuminin\u0117s kum\u0161telin\u0117s ir grioveli\u0173 jungtys leid\u017eia greitai prijungti ir atjungti \u017earn\u0105 ir i\u0161vengti sud\u0117ting\u0173 sriegio ir flan\u0161o operacij\u0173. Tiesiog \u012fki\u0161kite vyri\u0161k\u0105j\u012f adapter\u012f \u012f moteri\u0161k\u0105j\u0105 jungt\u012f, kol bus pasiektas kontaktas su tarpine.","og_url":"https:\/\/www.camlock.org\/lt\/produktas\/b-tipo-aliuminio-camlock-vyri-kojo-sriegio-jungtis\/","og_site_name":"\u041f\u0440\u043e\u0434\u0430\u0436\u0430 \u043a\u0430\u043c\u043b\u043e\u043a (Camlock) \u0441\u043e\u0435\u0434\u0438\u043d\u0435\u043d\u0438\u0439","article_modified_time":"2025-05-16T10:45:45+00:00","og_image":[{"width":1000,"height":1000,"url":"https:\/\/www.camlock.org\/wp-content\/uploads\/2019\/12\/Camlock_Aluminium_type_B_50mm_D200AL.jpg","type":"image\/jpeg"}],"twitter_card":"summary_large_image","twitter_misc":{"Est. reading time":"1 minut\u0117"},"schema":{"@context":"https:\/\/schema.org","@graph":[{"@type":"WebPage","@id":"https:\/\/www.camlock.org\/lt\/produktas\/b-tipo-aliuminio-camlock-vyri-kojo-sriegio-jungtis\/","url":"https:\/\/www.camlock.org\/lt\/produktas\/b-tipo-aliuminio-camlock-vyri-kojo-sriegio-jungtis\/","name":"B tipo aliuminio Camlock vyri\u0161kojo sriegio jungtis -","isPartOf":{"@id":"https:\/\/www.camlock.org\/lt\/?lang=et\/#website"},"primaryImageOfPage":{"@id":"https:\/\/www.camlock.org\/lt\/produktas\/b-tipo-aliuminio-camlock-vyri-kojo-sriegio-jungtis\/#primaryimage"},"image":{"@id":"https:\/\/www.camlock.org\/lt\/produktas\/b-tipo-aliuminio-camlock-vyri-kojo-sriegio-jungtis\/#primaryimage"},"thumbnailUrl":"https:\/\/www.camlock.org\/wp-content\/uploads\/2019\/12\/Camlock_Aluminium_type_B_50mm_D200AL.jpg","datePublished":"2019-12-22T08:15:25+00:00","dateModified":"2025-05-16T10:45:45+00:00","description":"B tipo aliuminin\u0117s kum\u0161telin\u0117s ir grioveli\u0173 jungtys leid\u017eia greitai prijungti ir atjungti \u017earn\u0105 ir i\u0161vengti sud\u0117ting\u0173 sriegio ir flan\u0161o operacij\u0173. Tiesiog \u012fki\u0161kite vyri\u0161k\u0105j\u012f adapter\u012f \u012f moteri\u0161k\u0105j\u0105 jungt\u012f, kol bus pasiektas kontaktas su tarpine.","breadcrumb":{"@id":"https:\/\/www.camlock.org\/lt\/produktas\/b-tipo-aliuminio-camlock-vyri-kojo-sriegio-jungtis\/#breadcrumb"},"inLanguage":"lt-LT","potentialAction":[{"@type":"ReadAction","target":["https:\/\/www.camlock.org\/lt\/produktas\/b-tipo-aliuminio-camlock-vyri-kojo-sriegio-jungtis\/"]}]},{"@type":"ImageObject","inLanguage":"lt-LT","@id":"https:\/\/www.camlock.org\/lt\/produktas\/b-tipo-aliuminio-camlock-vyri-kojo-sriegio-jungtis\/#primaryimage","url":"https:\/\/www.camlock.org\/wp-content\/uploads\/2019\/12\/Camlock_Aluminium_type_B_50mm_D200AL.jpg","contentUrl":"https:\/\/www.camlock.org\/wp-content\/uploads\/2019\/12\/Camlock_Aluminium_type_B_50mm_D200AL.jpg","width":1000,"height":1000,"caption":"Type B Aluminium Camlock Male Threaded Coupler"},{"@type":"BreadcrumbList","@id":"https:\/\/www.camlock.org\/lt\/produktas\/b-tipo-aliuminio-camlock-vyri-kojo-sriegio-jungtis\/#breadcrumb","itemListElement":[{"@type":"ListItem","position":1,"name":"Home","item":"https:\/\/www.camlock.org\/lt\/prad-ia\/"},{"@type":"ListItem","position":2,"name":"Parduotuv\u0117","item":"https:\/\/www.camlock.org\/lt\/d0-bc-d0-b0-d0-b3-d0-b0-d0-b7-d0-b8-d0-bd\/"},{"@type":"ListItem","position":3,"name":"B tipo aliuminio Camlock vyri\u0161kojo sriegio jungtis"}]},{"@type":"WebSite","@id":"https:\/\/www.camlock.org\/lt\/?lang=et\/#website","url":"https:\/\/www.camlock.org\/lt\/?lang=et\/","name":"\u041f\u0440\u043e\u0434\u0430\u0436\u0430 \u043a\u0430\u043c\u043b\u043e\u043a (Camlock) \u0441\u043e\u0435\u0434\u0438\u043d\u0435\u043d\u0438\u0439","description":"\u041f\u0440\u043e\u0434\u0430\u0436\u0430 \u043a\u0430\u043c\u043b\u043e\u043a (Camlock) \u0441\u043e\u0435\u0434\u0438\u043d\u0435\u043d\u0438\u0439","potentialAction":[{"@type":"SearchAction","target":{"@type":"EntryPoint","urlTemplate":"https:\/\/www.camlock.org\/lt\/?lang=et\/?s={search_term_string}"},"query-input":{"@type":"PropertyValueSpecification","valueRequired":true,"valueName":"search_term_string"}}],"inLanguage":"lt-LT"}]}},"_links":{"self":[{"href":"https:\/\/www.camlock.org\/lt\/wp-json\/wp\/v2\/product\/14732","targetHints":{"allow":["GET"]}}],"collection":[{"href":"https:\/\/www.camlock.org\/lt\/wp-json\/wp\/v2\/product"}],"about":[{"href":"https:\/\/www.camlock.org\/lt\/wp-json\/wp\/v2\/types\/product"}],"wp:featuredmedia":[{"embeddable":true,"href":"https:\/\/www.camlock.org\/lt\/wp-json\/wp\/v2\/media\/14969"}],"wp:attachment":[{"href":"https:\/\/www.camlock.org\/lt\/wp-json\/wp\/v2\/media?parent=14732"}],"wp:term":[{"taxonomy":"product_brand","embeddable":true,"href":"https:\/\/www.camlock.org\/lt\/wp-json\/wp\/v2\/product_brand?post=14732"},{"taxonomy":"product_cat","embeddable":true,"href":"https:\/\/www.camlock.org\/lt\/wp-json\/wp\/v2\/product_cat?post=14732"},{"taxonomy":"product_tag","embeddable":true,"href":"https:\/\/www.camlock.org\/lt\/wp-json\/wp\/v2\/product_tag?post=14732"}],"curies":[{"name":"wp","href":"https:\/\/api.w.org\/{rel}","templated":true}]}}