{"id":24167,"date":"2019-12-23T00:51:42","date_gmt":"2025-05-12T08:29:56","guid":{"rendered":"https:\/\/www.camlock.org\/product\/f-tipo-aliuminio-snaplock-jungiamosios-detal-s-adapteris-su-i-oriniu-sriegiu\/"},"modified":"2025-05-12T11:29:56","modified_gmt":"2025-05-12T08:29:56","slug":"f-tipo-aliuminio-snaplock-jungiamosios-detal-s-adapteris-su-i-oriniu-sriegiu","status":"publish","type":"product","link":"https:\/\/www.camlock.org\/lt\/produktas\/f-tipo-aliuminio-snaplock-jungiamosios-detal-s-adapteris-su-i-oriniu-sriegiu\/","title":{"rendered":"F tipo aliuminio Snaplock jungiamosios detal\u0117s &#8211; adapteris su i\u0161oriniu sriegiu"},"content":{"rendered":"<p>F tipo aliuminin\u0117s &#8222;Snaplock&#8221; jungtys da\u017enai naudojamos gaisr\u0173 gesinimo siurbliuose, IBC arba ten, kur reikia greitai prijungti ir (arba) atjungti. Greitas \u017earn\u0173 sujungimas sutaupo daug daugiau laiko nei sriegi\u0173 ar flan\u0161ini\u0173 jung\u010di\u0173 tvirtinimas. <\/p>\n","protected":false},"excerpt":{"rendered":"<p>Aliumininis F tipo Camlock adapteris &#8211; turi i\u0161orin\u012f griovelio formos adapter\u012f ir to paties dyd\u017eio i\u0161orin\u012f BSP\/NPT srieg\u012f. F tipo adapteriai da\u017enai naudojami su C, B, D ir DC tipo jungtimis. <\/p>\n","protected":false},"featured_media":24168,"template":"","meta":[],"product_brand":[],"product_cat":[474],"product_tag":[473,280],"class_list":{"0":"post-24167","1":"product","2":"type-product","3":"status-publish","4":"has-post-thumbnail","6":"product_cat-aliuminio-camlock-jungiamosios-detal-s","7":"product_tag-aliuminis","8":"product_tag-type-f-lt","10":"first","11":"onbackorder","12":"taxable","13":"shipping-taxable","14":"purchasable","15":"product-type-variable"},"yoast_head":"<!-- This site is optimized with the Yoast SEO plugin v27.4 - https:\/\/yoast.com\/product\/yoast-seo-wordpress\/ -->\n<title>F tipo aliuminio Snaplock jungiamosios detal\u0117s - adapteris su i\u0161oriniu sriegiu<\/title>\n<meta name=\"description\" content=\"Aliumininis F tipo Camlock adapteris - turi i\u0161orin\u012f griovelio formos adapter\u012f ir to paties dyd\u017eio i\u0161orin\u012f BSP\/NPT srieg\u012f. F tipo adapteriai da\u017enai naudojami su C, B, D ir DC tipo adapteriais.\" \/>\n<meta name=\"robots\" content=\"index, follow, max-snippet:-1, max-image-preview:large, max-video-preview:-1\" \/>\n<link rel=\"canonical\" href=\"https:\/\/www.camlock.org\/lt\/produktas\/f-tipo-aliuminio-snaplock-jungiamosios-detal-s-adapteris-su-i-oriniu-sriegiu\/\" \/>\n<meta property=\"og:locale\" content=\"lt_LT\" \/>\n<meta property=\"og:type\" content=\"article\" \/>\n<meta property=\"og:title\" content=\"F tipo aliuminio Snaplock jungiamosios detal\u0117s - adapteris su i\u0161oriniu sriegiu\" \/>\n<meta property=\"og:description\" content=\"Aliumininis F tipo Camlock adapteris - turi i\u0161orin\u012f griovelio formos adapter\u012f ir to paties dyd\u017eio i\u0161orin\u012f BSP\/NPT srieg\u012f. F tipo adapteriai da\u017enai naudojami su C, B, D ir DC tipo adapteriais.\" \/>\n<meta property=\"og:url\" content=\"https:\/\/www.camlock.org\/lt\/produktas\/f-tipo-aliuminio-snaplock-jungiamosios-detal-s-adapteris-su-i-oriniu-sriegiu\/\" \/>\n<meta property=\"og:site_name\" content=\"\u041f\u0440\u043e\u0434\u0430\u0436\u0430 \u043a\u0430\u043c\u043b\u043e\u043a (Camlock) \u0441\u043e\u0435\u0434\u0438\u043d\u0435\u043d\u0438\u0439\" \/>\n<meta property=\"og:image\" content=\"https:\/\/www.camlock.org\/wp-content\/uploads\/2019\/12\/Camlock_Aluminium_type_F_38mm_D150AL.jpg\" \/>\n\t<meta property=\"og:image:width\" content=\"1000\" \/>\n\t<meta property=\"og:image:height\" content=\"1000\" \/>\n\t<meta property=\"og:image:type\" content=\"image\/jpeg\" \/>\n<meta name=\"twitter:card\" content=\"summary_large_image\" \/>\n<script type=\"application\/ld+json\" class=\"yoast-schema-graph\">{\"@context\":\"https:\\\/\\\/schema.org\",\"@graph\":[{\"@type\":\"WebPage\",\"@id\":\"https:\\\/\\\/www.camlock.org\\\/lt\\\/produktas\\\/f-tipo-aliuminio-snaplock-jungiamosios-detal-s-adapteris-su-i-oriniu-sriegiu\\\/\",\"url\":\"https:\\\/\\\/www.camlock.org\\\/lt\\\/produktas\\\/f-tipo-aliuminio-snaplock-jungiamosios-detal-s-adapteris-su-i-oriniu-sriegiu\\\/\",\"name\":\"F tipo aliuminio Snaplock jungiamosios detal\u0117s - adapteris su i\u0161oriniu sriegiu\",\"isPartOf\":{\"@id\":\"https:\\\/\\\/www.camlock.org\\\/lt\\\/?lang=et\\\/#website\"},\"primaryImageOfPage\":{\"@id\":\"https:\\\/\\\/www.camlock.org\\\/lt\\\/produktas\\\/f-tipo-aliuminio-snaplock-jungiamosios-detal-s-adapteris-su-i-oriniu-sriegiu\\\/#primaryimage\"},\"image\":{\"@id\":\"https:\\\/\\\/www.camlock.org\\\/lt\\\/produktas\\\/f-tipo-aliuminio-snaplock-jungiamosios-detal-s-adapteris-su-i-oriniu-sriegiu\\\/#primaryimage\"},\"thumbnailUrl\":\"https:\\\/\\\/www.camlock.org\\\/wp-content\\\/uploads\\\/2019\\\/12\\\/Camlock_Aluminium_type_F_38mm_D150AL.jpg\",\"datePublished\":\"2025-05-12T08:29:56+00:00\",\"description\":\"Aliumininis F tipo Camlock adapteris - turi i\u0161orin\u012f griovelio formos adapter\u012f ir to paties dyd\u017eio i\u0161orin\u012f BSP\\\/NPT srieg\u012f. F tipo adapteriai da\u017enai naudojami su C, B, D ir DC tipo adapteriais.\",\"breadcrumb\":{\"@id\":\"https:\\\/\\\/www.camlock.org\\\/lt\\\/produktas\\\/f-tipo-aliuminio-snaplock-jungiamosios-detal-s-adapteris-su-i-oriniu-sriegiu\\\/#breadcrumb\"},\"inLanguage\":\"lt-LT\",\"potentialAction\":[{\"@type\":\"ReadAction\",\"target\":[\"https:\\\/\\\/www.camlock.org\\\/lt\\\/produktas\\\/f-tipo-aliuminio-snaplock-jungiamosios-detal-s-adapteris-su-i-oriniu-sriegiu\\\/\"]}]},{\"@type\":\"ImageObject\",\"inLanguage\":\"lt-LT\",\"@id\":\"https:\\\/\\\/www.camlock.org\\\/lt\\\/produktas\\\/f-tipo-aliuminio-snaplock-jungiamosios-detal-s-adapteris-su-i-oriniu-sriegiu\\\/#primaryimage\",\"url\":\"https:\\\/\\\/www.camlock.org\\\/wp-content\\\/uploads\\\/2019\\\/12\\\/Camlock_Aluminium_type_F_38mm_D150AL.jpg\",\"contentUrl\":\"https:\\\/\\\/www.camlock.org\\\/wp-content\\\/uploads\\\/2019\\\/12\\\/Camlock_Aluminium_type_F_38mm_D150AL.jpg\",\"width\":1000,\"height\":1000},{\"@type\":\"BreadcrumbList\",\"@id\":\"https:\\\/\\\/www.camlock.org\\\/lt\\\/produktas\\\/f-tipo-aliuminio-snaplock-jungiamosios-detal-s-adapteris-su-i-oriniu-sriegiu\\\/#breadcrumb\",\"itemListElement\":[{\"@type\":\"ListItem\",\"position\":1,\"name\":\"Home\",\"item\":\"https:\\\/\\\/www.camlock.org\\\/lt\\\/prad-ia\\\/\"},{\"@type\":\"ListItem\",\"position\":2,\"name\":\"Parduotuv\u0117\",\"item\":\"https:\\\/\\\/www.camlock.org\\\/lt\\\/d0-bc-d0-b0-d0-b3-d0-b0-d0-b7-d0-b8-d0-bd\\\/\"},{\"@type\":\"ListItem\",\"position\":3,\"name\":\"F tipo aliuminio Snaplock jungiamosios detal\u0117s &#8211; adapteris su i\u0161oriniu sriegiu\"}]},{\"@type\":\"WebSite\",\"@id\":\"https:\\\/\\\/www.camlock.org\\\/lt\\\/?lang=et\\\/#website\",\"url\":\"https:\\\/\\\/www.camlock.org\\\/lt\\\/?lang=et\\\/\",\"name\":\"\u041f\u0440\u043e\u0434\u0430\u0436\u0430 \u043a\u0430\u043c\u043b\u043e\u043a (Camlock) \u0441\u043e\u0435\u0434\u0438\u043d\u0435\u043d\u0438\u0439\",\"description\":\"\u041f\u0440\u043e\u0434\u0430\u0436\u0430 \u043a\u0430\u043c\u043b\u043e\u043a (Camlock) \u0441\u043e\u0435\u0434\u0438\u043d\u0435\u043d\u0438\u0439\",\"potentialAction\":[{\"@type\":\"SearchAction\",\"target\":{\"@type\":\"EntryPoint\",\"urlTemplate\":\"https:\\\/\\\/www.camlock.org\\\/lt\\\/?lang=et\\\/?s={search_term_string}\"},\"query-input\":{\"@type\":\"PropertyValueSpecification\",\"valueRequired\":true,\"valueName\":\"search_term_string\"}}],\"inLanguage\":\"lt-LT\"}]}<\/script>\n<!-- \/ Yoast SEO plugin. -->","yoast_head_json":{"title":"F tipo aliuminio Snaplock jungiamosios detal\u0117s - adapteris su i\u0161oriniu sriegiu","description":"Aliumininis F tipo Camlock adapteris - turi i\u0161orin\u012f griovelio formos adapter\u012f ir to paties dyd\u017eio i\u0161orin\u012f BSP\/NPT srieg\u012f. F tipo adapteriai da\u017enai naudojami su C, B, D ir DC tipo adapteriais.","robots":{"index":"index","follow":"follow","max-snippet":"max-snippet:-1","max-image-preview":"max-image-preview:large","max-video-preview":"max-video-preview:-1"},"canonical":"https:\/\/www.camlock.org\/lt\/produktas\/f-tipo-aliuminio-snaplock-jungiamosios-detal-s-adapteris-su-i-oriniu-sriegiu\/","og_locale":"lt_LT","og_type":"article","og_title":"F tipo aliuminio Snaplock jungiamosios detal\u0117s - adapteris su i\u0161oriniu sriegiu","og_description":"Aliumininis F tipo Camlock adapteris - turi i\u0161orin\u012f griovelio formos adapter\u012f ir to paties dyd\u017eio i\u0161orin\u012f BSP\/NPT srieg\u012f. F tipo adapteriai da\u017enai naudojami su C, B, D ir DC tipo adapteriais.","og_url":"https:\/\/www.camlock.org\/lt\/produktas\/f-tipo-aliuminio-snaplock-jungiamosios-detal-s-adapteris-su-i-oriniu-sriegiu\/","og_site_name":"\u041f\u0440\u043e\u0434\u0430\u0436\u0430 \u043a\u0430\u043c\u043b\u043e\u043a (Camlock) \u0441\u043e\u0435\u0434\u0438\u043d\u0435\u043d\u0438\u0439","og_image":[{"width":1000,"height":1000,"url":"https:\/\/www.camlock.org\/wp-content\/uploads\/2019\/12\/Camlock_Aluminium_type_F_38mm_D150AL.jpg","type":"image\/jpeg"}],"twitter_card":"summary_large_image","schema":{"@context":"https:\/\/schema.org","@graph":[{"@type":"WebPage","@id":"https:\/\/www.camlock.org\/lt\/produktas\/f-tipo-aliuminio-snaplock-jungiamosios-detal-s-adapteris-su-i-oriniu-sriegiu\/","url":"https:\/\/www.camlock.org\/lt\/produktas\/f-tipo-aliuminio-snaplock-jungiamosios-detal-s-adapteris-su-i-oriniu-sriegiu\/","name":"F tipo aliuminio Snaplock jungiamosios detal\u0117s - adapteris su i\u0161oriniu sriegiu","isPartOf":{"@id":"https:\/\/www.camlock.org\/lt\/?lang=et\/#website"},"primaryImageOfPage":{"@id":"https:\/\/www.camlock.org\/lt\/produktas\/f-tipo-aliuminio-snaplock-jungiamosios-detal-s-adapteris-su-i-oriniu-sriegiu\/#primaryimage"},"image":{"@id":"https:\/\/www.camlock.org\/lt\/produktas\/f-tipo-aliuminio-snaplock-jungiamosios-detal-s-adapteris-su-i-oriniu-sriegiu\/#primaryimage"},"thumbnailUrl":"https:\/\/www.camlock.org\/wp-content\/uploads\/2019\/12\/Camlock_Aluminium_type_F_38mm_D150AL.jpg","datePublished":"2025-05-12T08:29:56+00:00","description":"Aliumininis F tipo Camlock adapteris - turi i\u0161orin\u012f griovelio formos adapter\u012f ir to paties dyd\u017eio i\u0161orin\u012f BSP\/NPT srieg\u012f. F tipo adapteriai da\u017enai naudojami su C, B, D ir DC tipo adapteriais.","breadcrumb":{"@id":"https:\/\/www.camlock.org\/lt\/produktas\/f-tipo-aliuminio-snaplock-jungiamosios-detal-s-adapteris-su-i-oriniu-sriegiu\/#breadcrumb"},"inLanguage":"lt-LT","potentialAction":[{"@type":"ReadAction","target":["https:\/\/www.camlock.org\/lt\/produktas\/f-tipo-aliuminio-snaplock-jungiamosios-detal-s-adapteris-su-i-oriniu-sriegiu\/"]}]},{"@type":"ImageObject","inLanguage":"lt-LT","@id":"https:\/\/www.camlock.org\/lt\/produktas\/f-tipo-aliuminio-snaplock-jungiamosios-detal-s-adapteris-su-i-oriniu-sriegiu\/#primaryimage","url":"https:\/\/www.camlock.org\/wp-content\/uploads\/2019\/12\/Camlock_Aluminium_type_F_38mm_D150AL.jpg","contentUrl":"https:\/\/www.camlock.org\/wp-content\/uploads\/2019\/12\/Camlock_Aluminium_type_F_38mm_D150AL.jpg","width":1000,"height":1000},{"@type":"BreadcrumbList","@id":"https:\/\/www.camlock.org\/lt\/produktas\/f-tipo-aliuminio-snaplock-jungiamosios-detal-s-adapteris-su-i-oriniu-sriegiu\/#breadcrumb","itemListElement":[{"@type":"ListItem","position":1,"name":"Home","item":"https:\/\/www.camlock.org\/lt\/prad-ia\/"},{"@type":"ListItem","position":2,"name":"Parduotuv\u0117","item":"https:\/\/www.camlock.org\/lt\/d0-bc-d0-b0-d0-b3-d0-b0-d0-b7-d0-b8-d0-bd\/"},{"@type":"ListItem","position":3,"name":"F tipo aliuminio Snaplock jungiamosios detal\u0117s &#8211; adapteris su i\u0161oriniu sriegiu"}]},{"@type":"WebSite","@id":"https:\/\/www.camlock.org\/lt\/?lang=et\/#website","url":"https:\/\/www.camlock.org\/lt\/?lang=et\/","name":"\u041f\u0440\u043e\u0434\u0430\u0436\u0430 \u043a\u0430\u043c\u043b\u043e\u043a (Camlock) \u0441\u043e\u0435\u0434\u0438\u043d\u0435\u043d\u0438\u0439","description":"\u041f\u0440\u043e\u0434\u0430\u0436\u0430 \u043a\u0430\u043c\u043b\u043e\u043a (Camlock) \u0441\u043e\u0435\u0434\u0438\u043d\u0435\u043d\u0438\u0439","potentialAction":[{"@type":"SearchAction","target":{"@type":"EntryPoint","urlTemplate":"https:\/\/www.camlock.org\/lt\/?lang=et\/?s={search_term_string}"},"query-input":{"@type":"PropertyValueSpecification","valueRequired":true,"valueName":"search_term_string"}}],"inLanguage":"lt-LT"}]}},"_links":{"self":[{"href":"https:\/\/www.camlock.org\/lt\/wp-json\/wp\/v2\/product\/24167","targetHints":{"allow":["GET"]}}],"collection":[{"href":"https:\/\/www.camlock.org\/lt\/wp-json\/wp\/v2\/product"}],"about":[{"href":"https:\/\/www.camlock.org\/lt\/wp-json\/wp\/v2\/types\/product"}],"wp:featuredmedia":[{"embeddable":true,"href":"https:\/\/www.camlock.org\/lt\/wp-json\/wp\/v2\/media\/24168"}],"wp:attachment":[{"href":"https:\/\/www.camlock.org\/lt\/wp-json\/wp\/v2\/media?parent=24167"}],"wp:term":[{"taxonomy":"product_brand","embeddable":true,"href":"https:\/\/www.camlock.org\/lt\/wp-json\/wp\/v2\/product_brand?post=24167"},{"taxonomy":"product_cat","embeddable":true,"href":"https:\/\/www.camlock.org\/lt\/wp-json\/wp\/v2\/product_cat?post=24167"},{"taxonomy":"product_tag","embeddable":true,"href":"https:\/\/www.camlock.org\/lt\/wp-json\/wp\/v2\/product_tag?post=24167"}],"curies":[{"name":"wp","href":"https:\/\/api.w.org\/{rel}","templated":true}]}}