{"id":24469,"date":"2019-12-04T01:42:06","date_gmt":"2025-05-12T12:40:28","guid":{"rendered":"https:\/\/www.camlock.org\/product\/f-tipo-ner-dijan-iojo-plieno-316-camlock-jungtis-vyri-ka-jungtis-x-vyri-kas-bsp-sriegis\/"},"modified":"2025-05-12T15:41:34","modified_gmt":"2025-05-12T12:41:34","slug":"f-tipo-ner-dijan-iojo-plieno-316-camlock-jungtis-vyri-ka-jungtis-x-vyri-kas-bsp-sriegis","status":"publish","type":"product","link":"https:\/\/www.camlock.org\/lt\/produktas\/f-tipo-ner-dijan-iojo-plieno-316-camlock-jungtis-vyri-ka-jungtis-x-vyri-kas-bsp-sriegis\/","title":{"rendered":"F tipo ner\u016bdijan\u010diojo plieno 316 Camlock jungtis &#8211; vyri\u0161ka jungtis x vyri\u0161kas BSP sriegis"},"content":{"rendered":"<p>F tipo ner\u016bdijan\u010diojo plieno 316 Camlock jungtys da\u017enai naudojamos gaisr\u0173 gesinimo siurbliuose, IBC arba ten, kur reikia greitai prijungti ir (arba) atjungti. Greitas \u017earn\u0173 sujungimas sutaupo daug daugiau laiko nei sriegi\u0173 ar flan\u0161ini\u0173 jung\u010di\u0173 tvirtinimas. <\/p>\n","protected":false},"excerpt":{"rendered":"<p>F tipo ner\u016bdijan\u010dio plieno 316 Camlock adapteris &#8211; turi i\u0161orin\u012f griovelio formos adapter\u012f ir to paties dyd\u017eio i\u0161orin\u012f BSP\/NPT srieg\u012f. F tipo adapteriai da\u017enai naudojami su C, B, D ir DC tipo jungtimis. <\/p>\n","protected":false},"featured_media":24470,"template":"","meta":[],"product_brand":[],"product_cat":[496],"product_tag":[497,280],"class_list":{"0":"post-24469","1":"product","2":"type-product","3":"status-publish","4":"has-post-thumbnail","6":"product_cat-ner-dijan-io-plieno-camlock-jungiamosios-detal-s","7":"product_tag-ner-dijantis-plienas","8":"product_tag-type-f-lt","10":"first","11":"onbackorder","12":"taxable","13":"shipping-taxable","14":"purchasable","15":"product-type-variable"},"yoast_head":"<!-- This site is optimized with the Yoast SEO plugin v27.4 - https:\/\/yoast.com\/product\/yoast-seo-wordpress\/ -->\n<title>F tipo ner\u016bdijan\u010diojo plieno 316 Camlock jungtis<\/title>\n<meta name=\"description\" content=\"F tipo ner\u016bdijan\u010diojo plieno 316 Camlock jungtys da\u017enai naudojamos gaisr\u0173 gesinimo siurbliuose, IBC arba ten, kur reikia greitai prijungti ir (arba) atjungti. Greitas \u017earn\u0173 sujungimas sutaupo daug daugiau laiko nei sriegi\u0173 ar flan\u0161ini\u0173 jung\u010di\u0173 tvirtinimas.\" \/>\n<meta name=\"robots\" content=\"index, follow, max-snippet:-1, max-image-preview:large, max-video-preview:-1\" \/>\n<link rel=\"canonical\" href=\"https:\/\/www.camlock.org\/lt\/produktas\/f-tipo-ner-dijan-iojo-plieno-316-camlock-jungtis-vyri-ka-jungtis-x-vyri-kas-bsp-sriegis\/\" \/>\n<meta property=\"og:locale\" content=\"lt_LT\" \/>\n<meta property=\"og:type\" content=\"article\" \/>\n<meta property=\"og:title\" content=\"F tipo ner\u016bdijan\u010diojo plieno 316 Camlock jungtis\" \/>\n<meta property=\"og:description\" content=\"F tipo ner\u016bdijan\u010diojo plieno 316 Camlock jungtys da\u017enai naudojamos gaisr\u0173 gesinimo siurbliuose, IBC arba ten, kur reikia greitai prijungti ir (arba) atjungti. Greitas \u017earn\u0173 sujungimas sutaupo daug daugiau laiko nei sriegi\u0173 ar flan\u0161ini\u0173 jung\u010di\u0173 tvirtinimas.\" \/>\n<meta property=\"og:url\" content=\"https:\/\/www.camlock.org\/lt\/produktas\/f-tipo-ner-dijan-iojo-plieno-316-camlock-jungtis-vyri-ka-jungtis-x-vyri-kas-bsp-sriegis\/\" \/>\n<meta property=\"og:site_name\" content=\"\u041f\u0440\u043e\u0434\u0430\u0436\u0430 \u043a\u0430\u043c\u043b\u043e\u043a (Camlock) \u0441\u043e\u0435\u0434\u0438\u043d\u0435\u043d\u0438\u0439\" \/>\n<meta property=\"article:modified_time\" content=\"2025-05-12T12:41:34+00:00\" \/>\n<meta property=\"og:image\" content=\"https:\/\/www.camlock.org\/wp-content\/uploads\/2019\/12\/Camlock_SS316_type_F_50mm_D200SS.jpg\" \/>\n\t<meta property=\"og:image:width\" content=\"1000\" \/>\n\t<meta property=\"og:image:height\" content=\"1000\" \/>\n\t<meta property=\"og:image:type\" content=\"image\/jpeg\" \/>\n<meta name=\"twitter:card\" content=\"summary_large_image\" \/>\n<script type=\"application\/ld+json\" class=\"yoast-schema-graph\">{\"@context\":\"https:\\\/\\\/schema.org\",\"@graph\":[{\"@type\":\"WebPage\",\"@id\":\"https:\\\/\\\/www.camlock.org\\\/lt\\\/produktas\\\/f-tipo-ner-dijan-iojo-plieno-316-camlock-jungtis-vyri-ka-jungtis-x-vyri-kas-bsp-sriegis\\\/\",\"url\":\"https:\\\/\\\/www.camlock.org\\\/lt\\\/produktas\\\/f-tipo-ner-dijan-iojo-plieno-316-camlock-jungtis-vyri-ka-jungtis-x-vyri-kas-bsp-sriegis\\\/\",\"name\":\"F tipo ner\u016bdijan\u010diojo plieno 316 Camlock jungtis\",\"isPartOf\":{\"@id\":\"https:\\\/\\\/www.camlock.org\\\/lt\\\/?lang=et\\\/#website\"},\"primaryImageOfPage\":{\"@id\":\"https:\\\/\\\/www.camlock.org\\\/lt\\\/produktas\\\/f-tipo-ner-dijan-iojo-plieno-316-camlock-jungtis-vyri-ka-jungtis-x-vyri-kas-bsp-sriegis\\\/#primaryimage\"},\"image\":{\"@id\":\"https:\\\/\\\/www.camlock.org\\\/lt\\\/produktas\\\/f-tipo-ner-dijan-iojo-plieno-316-camlock-jungtis-vyri-ka-jungtis-x-vyri-kas-bsp-sriegis\\\/#primaryimage\"},\"thumbnailUrl\":\"https:\\\/\\\/www.camlock.org\\\/wp-content\\\/uploads\\\/2019\\\/12\\\/Camlock_SS316_type_F_50mm_D200SS.jpg\",\"datePublished\":\"2025-05-12T12:40:28+00:00\",\"dateModified\":\"2025-05-12T12:41:34+00:00\",\"description\":\"F tipo ner\u016bdijan\u010diojo plieno 316 Camlock jungtys da\u017enai naudojamos gaisr\u0173 gesinimo siurbliuose, IBC arba ten, kur reikia greitai prijungti ir (arba) atjungti. Greitas \u017earn\u0173 sujungimas sutaupo daug daugiau laiko nei sriegi\u0173 ar flan\u0161ini\u0173 jung\u010di\u0173 tvirtinimas.\",\"breadcrumb\":{\"@id\":\"https:\\\/\\\/www.camlock.org\\\/lt\\\/produktas\\\/f-tipo-ner-dijan-iojo-plieno-316-camlock-jungtis-vyri-ka-jungtis-x-vyri-kas-bsp-sriegis\\\/#breadcrumb\"},\"inLanguage\":\"lt-LT\",\"potentialAction\":[{\"@type\":\"ReadAction\",\"target\":[\"https:\\\/\\\/www.camlock.org\\\/lt\\\/produktas\\\/f-tipo-ner-dijan-iojo-plieno-316-camlock-jungtis-vyri-ka-jungtis-x-vyri-kas-bsp-sriegis\\\/\"]}]},{\"@type\":\"ImageObject\",\"inLanguage\":\"lt-LT\",\"@id\":\"https:\\\/\\\/www.camlock.org\\\/lt\\\/produktas\\\/f-tipo-ner-dijan-iojo-plieno-316-camlock-jungtis-vyri-ka-jungtis-x-vyri-kas-bsp-sriegis\\\/#primaryimage\",\"url\":\"https:\\\/\\\/www.camlock.org\\\/wp-content\\\/uploads\\\/2019\\\/12\\\/Camlock_SS316_type_F_50mm_D200SS.jpg\",\"contentUrl\":\"https:\\\/\\\/www.camlock.org\\\/wp-content\\\/uploads\\\/2019\\\/12\\\/Camlock_SS316_type_F_50mm_D200SS.jpg\",\"width\":1000,\"height\":1000},{\"@type\":\"BreadcrumbList\",\"@id\":\"https:\\\/\\\/www.camlock.org\\\/lt\\\/produktas\\\/f-tipo-ner-dijan-iojo-plieno-316-camlock-jungtis-vyri-ka-jungtis-x-vyri-kas-bsp-sriegis\\\/#breadcrumb\",\"itemListElement\":[{\"@type\":\"ListItem\",\"position\":1,\"name\":\"Home\",\"item\":\"https:\\\/\\\/www.camlock.org\\\/lt\\\/prad-ia\\\/\"},{\"@type\":\"ListItem\",\"position\":2,\"name\":\"Parduotuv\u0117\",\"item\":\"https:\\\/\\\/www.camlock.org\\\/lt\\\/d0-bc-d0-b0-d0-b3-d0-b0-d0-b7-d0-b8-d0-bd\\\/\"},{\"@type\":\"ListItem\",\"position\":3,\"name\":\"F tipo ner\u016bdijan\u010diojo plieno 316 Camlock jungtis &#8211; vyri\u0161ka jungtis x vyri\u0161kas BSP sriegis\"}]},{\"@type\":\"WebSite\",\"@id\":\"https:\\\/\\\/www.camlock.org\\\/lt\\\/?lang=et\\\/#website\",\"url\":\"https:\\\/\\\/www.camlock.org\\\/lt\\\/?lang=et\\\/\",\"name\":\"\u041f\u0440\u043e\u0434\u0430\u0436\u0430 \u043a\u0430\u043c\u043b\u043e\u043a (Camlock) \u0441\u043e\u0435\u0434\u0438\u043d\u0435\u043d\u0438\u0439\",\"description\":\"\u041f\u0440\u043e\u0434\u0430\u0436\u0430 \u043a\u0430\u043c\u043b\u043e\u043a (Camlock) \u0441\u043e\u0435\u0434\u0438\u043d\u0435\u043d\u0438\u0439\",\"potentialAction\":[{\"@type\":\"SearchAction\",\"target\":{\"@type\":\"EntryPoint\",\"urlTemplate\":\"https:\\\/\\\/www.camlock.org\\\/lt\\\/?lang=et\\\/?s={search_term_string}\"},\"query-input\":{\"@type\":\"PropertyValueSpecification\",\"valueRequired\":true,\"valueName\":\"search_term_string\"}}],\"inLanguage\":\"lt-LT\"}]}<\/script>\n<!-- \/ Yoast SEO plugin. -->","yoast_head_json":{"title":"F tipo ner\u016bdijan\u010diojo plieno 316 Camlock jungtis","description":"F tipo ner\u016bdijan\u010diojo plieno 316 Camlock jungtys da\u017enai naudojamos gaisr\u0173 gesinimo siurbliuose, IBC arba ten, kur reikia greitai prijungti ir (arba) atjungti. Greitas \u017earn\u0173 sujungimas sutaupo daug daugiau laiko nei sriegi\u0173 ar flan\u0161ini\u0173 jung\u010di\u0173 tvirtinimas.","robots":{"index":"index","follow":"follow","max-snippet":"max-snippet:-1","max-image-preview":"max-image-preview:large","max-video-preview":"max-video-preview:-1"},"canonical":"https:\/\/www.camlock.org\/lt\/produktas\/f-tipo-ner-dijan-iojo-plieno-316-camlock-jungtis-vyri-ka-jungtis-x-vyri-kas-bsp-sriegis\/","og_locale":"lt_LT","og_type":"article","og_title":"F tipo ner\u016bdijan\u010diojo plieno 316 Camlock jungtis","og_description":"F tipo ner\u016bdijan\u010diojo plieno 316 Camlock jungtys da\u017enai naudojamos gaisr\u0173 gesinimo siurbliuose, IBC arba ten, kur reikia greitai prijungti ir (arba) atjungti. Greitas \u017earn\u0173 sujungimas sutaupo daug daugiau laiko nei sriegi\u0173 ar flan\u0161ini\u0173 jung\u010di\u0173 tvirtinimas.","og_url":"https:\/\/www.camlock.org\/lt\/produktas\/f-tipo-ner-dijan-iojo-plieno-316-camlock-jungtis-vyri-ka-jungtis-x-vyri-kas-bsp-sriegis\/","og_site_name":"\u041f\u0440\u043e\u0434\u0430\u0436\u0430 \u043a\u0430\u043c\u043b\u043e\u043a (Camlock) \u0441\u043e\u0435\u0434\u0438\u043d\u0435\u043d\u0438\u0439","article_modified_time":"2025-05-12T12:41:34+00:00","og_image":[{"width":1000,"height":1000,"url":"https:\/\/www.camlock.org\/wp-content\/uploads\/2019\/12\/Camlock_SS316_type_F_50mm_D200SS.jpg","type":"image\/jpeg"}],"twitter_card":"summary_large_image","schema":{"@context":"https:\/\/schema.org","@graph":[{"@type":"WebPage","@id":"https:\/\/www.camlock.org\/lt\/produktas\/f-tipo-ner-dijan-iojo-plieno-316-camlock-jungtis-vyri-ka-jungtis-x-vyri-kas-bsp-sriegis\/","url":"https:\/\/www.camlock.org\/lt\/produktas\/f-tipo-ner-dijan-iojo-plieno-316-camlock-jungtis-vyri-ka-jungtis-x-vyri-kas-bsp-sriegis\/","name":"F tipo ner\u016bdijan\u010diojo plieno 316 Camlock jungtis","isPartOf":{"@id":"https:\/\/www.camlock.org\/lt\/?lang=et\/#website"},"primaryImageOfPage":{"@id":"https:\/\/www.camlock.org\/lt\/produktas\/f-tipo-ner-dijan-iojo-plieno-316-camlock-jungtis-vyri-ka-jungtis-x-vyri-kas-bsp-sriegis\/#primaryimage"},"image":{"@id":"https:\/\/www.camlock.org\/lt\/produktas\/f-tipo-ner-dijan-iojo-plieno-316-camlock-jungtis-vyri-ka-jungtis-x-vyri-kas-bsp-sriegis\/#primaryimage"},"thumbnailUrl":"https:\/\/www.camlock.org\/wp-content\/uploads\/2019\/12\/Camlock_SS316_type_F_50mm_D200SS.jpg","datePublished":"2025-05-12T12:40:28+00:00","dateModified":"2025-05-12T12:41:34+00:00","description":"F tipo ner\u016bdijan\u010diojo plieno 316 Camlock jungtys da\u017enai naudojamos gaisr\u0173 gesinimo siurbliuose, IBC arba ten, kur reikia greitai prijungti ir (arba) atjungti. Greitas \u017earn\u0173 sujungimas sutaupo daug daugiau laiko nei sriegi\u0173 ar flan\u0161ini\u0173 jung\u010di\u0173 tvirtinimas.","breadcrumb":{"@id":"https:\/\/www.camlock.org\/lt\/produktas\/f-tipo-ner-dijan-iojo-plieno-316-camlock-jungtis-vyri-ka-jungtis-x-vyri-kas-bsp-sriegis\/#breadcrumb"},"inLanguage":"lt-LT","potentialAction":[{"@type":"ReadAction","target":["https:\/\/www.camlock.org\/lt\/produktas\/f-tipo-ner-dijan-iojo-plieno-316-camlock-jungtis-vyri-ka-jungtis-x-vyri-kas-bsp-sriegis\/"]}]},{"@type":"ImageObject","inLanguage":"lt-LT","@id":"https:\/\/www.camlock.org\/lt\/produktas\/f-tipo-ner-dijan-iojo-plieno-316-camlock-jungtis-vyri-ka-jungtis-x-vyri-kas-bsp-sriegis\/#primaryimage","url":"https:\/\/www.camlock.org\/wp-content\/uploads\/2019\/12\/Camlock_SS316_type_F_50mm_D200SS.jpg","contentUrl":"https:\/\/www.camlock.org\/wp-content\/uploads\/2019\/12\/Camlock_SS316_type_F_50mm_D200SS.jpg","width":1000,"height":1000},{"@type":"BreadcrumbList","@id":"https:\/\/www.camlock.org\/lt\/produktas\/f-tipo-ner-dijan-iojo-plieno-316-camlock-jungtis-vyri-ka-jungtis-x-vyri-kas-bsp-sriegis\/#breadcrumb","itemListElement":[{"@type":"ListItem","position":1,"name":"Home","item":"https:\/\/www.camlock.org\/lt\/prad-ia\/"},{"@type":"ListItem","position":2,"name":"Parduotuv\u0117","item":"https:\/\/www.camlock.org\/lt\/d0-bc-d0-b0-d0-b3-d0-b0-d0-b7-d0-b8-d0-bd\/"},{"@type":"ListItem","position":3,"name":"F tipo ner\u016bdijan\u010diojo plieno 316 Camlock jungtis &#8211; vyri\u0161ka jungtis x vyri\u0161kas BSP sriegis"}]},{"@type":"WebSite","@id":"https:\/\/www.camlock.org\/lt\/?lang=et\/#website","url":"https:\/\/www.camlock.org\/lt\/?lang=et\/","name":"\u041f\u0440\u043e\u0434\u0430\u0436\u0430 \u043a\u0430\u043c\u043b\u043e\u043a (Camlock) \u0441\u043e\u0435\u0434\u0438\u043d\u0435\u043d\u0438\u0439","description":"\u041f\u0440\u043e\u0434\u0430\u0436\u0430 \u043a\u0430\u043c\u043b\u043e\u043a (Camlock) \u0441\u043e\u0435\u0434\u0438\u043d\u0435\u043d\u0438\u0439","potentialAction":[{"@type":"SearchAction","target":{"@type":"EntryPoint","urlTemplate":"https:\/\/www.camlock.org\/lt\/?lang=et\/?s={search_term_string}"},"query-input":{"@type":"PropertyValueSpecification","valueRequired":true,"valueName":"search_term_string"}}],"inLanguage":"lt-LT"}]}},"_links":{"self":[{"href":"https:\/\/www.camlock.org\/lt\/wp-json\/wp\/v2\/product\/24469","targetHints":{"allow":["GET"]}}],"collection":[{"href":"https:\/\/www.camlock.org\/lt\/wp-json\/wp\/v2\/product"}],"about":[{"href":"https:\/\/www.camlock.org\/lt\/wp-json\/wp\/v2\/types\/product"}],"wp:featuredmedia":[{"embeddable":true,"href":"https:\/\/www.camlock.org\/lt\/wp-json\/wp\/v2\/media\/24470"}],"wp:attachment":[{"href":"https:\/\/www.camlock.org\/lt\/wp-json\/wp\/v2\/media?parent=24469"}],"wp:term":[{"taxonomy":"product_brand","embeddable":true,"href":"https:\/\/www.camlock.org\/lt\/wp-json\/wp\/v2\/product_brand?post=24469"},{"taxonomy":"product_cat","embeddable":true,"href":"https:\/\/www.camlock.org\/lt\/wp-json\/wp\/v2\/product_cat?post=24469"},{"taxonomy":"product_tag","embeddable":true,"href":"https:\/\/www.camlock.org\/lt\/wp-json\/wp\/v2\/product_tag?post=24469"}],"curies":[{"name":"wp","href":"https:\/\/api.w.org\/{rel}","templated":true}]}}