{"id":8432,"date":"2017-11-30T16:02:48","date_gmt":"2017-11-30T13:02:48","guid":{"rendered":"https:\/\/www.camlock.org\/product\/type-a-nylon-camlock-coupling-male-adapter-x-female-bsp-thread\/"},"modified":"2025-05-16T11:52:06","modified_gmt":"2025-05-16T08:52:06","slug":"a-tipo-nylon-camlock-montavimas-vyri-kas-jungtis-x-moteri-kas-bsp-sriegis","status":"publish","type":"product","link":"https:\/\/www.camlock.org\/lt\/produktas\/a-tipo-nylon-camlock-montavimas-vyri-kas-jungtis-x-moteri-kas-bsp-sriegis\/","title":{"rendered":"A tipo &#8222;Nylon Camlock&#8221; montavimas &#8211; vyri\u0161kas jungtis x moteri\u0161kas BSP sriegis"},"content":{"rendered":"<p>Nailoninis \u201eCamlock\u201c adapteris A tipo \u2013 i\u0161orinis adapteris \u00d7 BSP moteri\u0161kasis sriegis paprastai naudojamas su D tipo jungtimis, o B ir C tip\u0173 jungtys, taip pat tokio pat dyd\u017eio dulki\u0173 dangteliai (DC tipo) yra prieinami. Nailonin\u0117 kum\u0161telin\u0117 ir grioveli\u0173 jungtis pagerina darbo efektyvum\u0105 ir pa\u0161alina sud\u0117ting\u0105 sriegi\u0173 ir flan\u0161\u0173 valdym\u0105. I\u0161orinis grioveli\u0173 galas tinka bet kokiai tokio paties dyd\u017eio moteri\u0161kajai \u201eCamlock\u201c jungtiai. Nailonin\u0117s \u201eCamlock\u201c jungtys yra atsparios korozijai, kuri\u0105 sukelia cheminiai au\u0161inimo skys\u010diai, degalai, vanduo, lakas ir kartais kietos med\u017eiagos, pvz., srutos mi\u0161iniai ir milteliai.   <\/p>\n","protected":false},"excerpt":{"rendered":"<p><span id=\"result_box\" class=\"\" lang=\"lt\" tabindex=\"-1\"><span class=\"\">Nylon Camlock Adapter Type A &#8211; Male Adapter \u00d7 Female BSP paprastai naudojamas su D tipo jungtimis, tuo tarpu yra prieinamos tokio paties dyd\u017eio tipo B &amp; C jungtys ir dulki\u0173 dangtelis (tipo DC).<\/span> <span class=\"\">Nylon cam &amp; groove jungtis pagerina darbo na\u0161um\u0105 ir pa\u0161alina sud\u0117ting\u0105 sriegi\u0173 ir flan\u0161\u0173 veikim\u0105.<\/span> <span class=\"\">Vyrukas su grioveliu tvirtinamas prie bet kokio tokio paties dyd\u017eio moteri\u0161ko kabliuko.<\/span> <span class=\"\">&#8222;Nylon&#8221; &#8222;camlock&#8221; movos turi ger\u0105 atsparum\u0105 korozijai su cheminiais au\u0161inimo skys\u010diais, degalais, vandeniu, laku ir kartais kietomis med\u017eiagomis, tokiomis kaip srutos mi\u0161inys ir milteliai.<\/span><\/span><\/p>\n","protected":false},"featured_media":8222,"template":"","meta":[],"product_brand":[],"product_cat":[191],"product_tag":[192,193],"class_list":{"0":"post-8432","1":"product","2":"type-product","3":"status-publish","4":"has-post-thumbnail","6":"product_cat-nylon-camlock-couplings-lt","7":"product_tag-nylon-lt","8":"product_tag-type-a-lt","10":"first","11":"instock","12":"taxable","13":"shipping-taxable","14":"purchasable","15":"product-type-variable"},"yoast_head":"<!-- This site is optimized with the Yoast SEO plugin v27.4 - https:\/\/yoast.com\/product\/yoast-seo-wordpress\/ -->\n<title>A tipo &quot;Nylon Camlock&quot; montavimas - vyri\u0161kas jungtis x moteri\u0161kas BSP sriegis<\/title>\n<meta name=\"description\" content=\"Nailoninis \u201eCamlock\u201c adapteris, A tipas \u2013 ki\u0161tukas \u00d7 BSP moteri\u0161kasis sriegis, paprastai naudojami su D tipo jungtimis, ta\u010diau yra ir tokio paties dyd\u017eio B bei C tip\u0173 jung\u010di\u0173, taip pat apsaugini\u0173 dangteli\u0173 (DC tipas).\" \/>\n<meta name=\"robots\" content=\"index, follow, max-snippet:-1, max-image-preview:large, max-video-preview:-1\" \/>\n<link rel=\"canonical\" href=\"https:\/\/www.camlock.org\/lt\/produktas\/a-tipo-nylon-camlock-montavimas-vyri-kas-jungtis-x-moteri-kas-bsp-sriegis\/\" \/>\n<meta property=\"og:locale\" content=\"lt_LT\" \/>\n<meta property=\"og:type\" content=\"article\" \/>\n<meta property=\"og:title\" content=\"A tipo &quot;Nylon Camlock&quot; montavimas - vyri\u0161kas jungtis x moteri\u0161kas BSP sriegis\" \/>\n<meta property=\"og:description\" content=\"Nailoninis \u201eCamlock\u201c adapteris, A tipas \u2013 ki\u0161tukas \u00d7 BSP moteri\u0161kasis sriegis, paprastai naudojami su D tipo jungtimis, ta\u010diau yra ir tokio paties dyd\u017eio B bei C tip\u0173 jung\u010di\u0173, taip pat apsaugini\u0173 dangteli\u0173 (DC tipas).\" \/>\n<meta property=\"og:url\" content=\"https:\/\/www.camlock.org\/lt\/produktas\/a-tipo-nylon-camlock-montavimas-vyri-kas-jungtis-x-moteri-kas-bsp-sriegis\/\" \/>\n<meta property=\"og:site_name\" content=\"\u041f\u0440\u043e\u0434\u0430\u0436\u0430 \u043a\u0430\u043c\u043b\u043e\u043a (Camlock) \u0441\u043e\u0435\u0434\u0438\u043d\u0435\u043d\u0438\u0439\" \/>\n<meta property=\"article:modified_time\" content=\"2025-05-16T08:52:06+00:00\" \/>\n<meta property=\"og:image\" content=\"https:\/\/www.camlock.org\/wp-content\/uploads\/2017\/11\/Camlock_Nylon_type-A_200mm_A050NL_.jpg\" \/>\n\t<meta property=\"og:image:width\" content=\"1000\" \/>\n\t<meta property=\"og:image:height\" content=\"1134\" \/>\n\t<meta property=\"og:image:type\" content=\"image\/jpeg\" \/>\n<meta name=\"twitter:card\" content=\"summary_large_image\" \/>\n<meta name=\"twitter:label1\" content=\"Est. reading time\" \/>\n\t<meta name=\"twitter:data1\" content=\"1 minut\u0117\" \/>\n<script type=\"application\/ld+json\" class=\"yoast-schema-graph\">{\"@context\":\"https:\\\/\\\/schema.org\",\"@graph\":[{\"@type\":\"WebPage\",\"@id\":\"https:\\\/\\\/www.camlock.org\\\/lt\\\/produktas\\\/a-tipo-nylon-camlock-montavimas-vyri-kas-jungtis-x-moteri-kas-bsp-sriegis\\\/\",\"url\":\"https:\\\/\\\/www.camlock.org\\\/lt\\\/produktas\\\/a-tipo-nylon-camlock-montavimas-vyri-kas-jungtis-x-moteri-kas-bsp-sriegis\\\/\",\"name\":\"A tipo \\\"Nylon Camlock\\\" montavimas - vyri\u0161kas jungtis x moteri\u0161kas BSP sriegis\",\"isPartOf\":{\"@id\":\"https:\\\/\\\/www.camlock.org\\\/lt\\\/?lang=et\\\/#website\"},\"primaryImageOfPage\":{\"@id\":\"https:\\\/\\\/www.camlock.org\\\/lt\\\/produktas\\\/a-tipo-nylon-camlock-montavimas-vyri-kas-jungtis-x-moteri-kas-bsp-sriegis\\\/#primaryimage\"},\"image\":{\"@id\":\"https:\\\/\\\/www.camlock.org\\\/lt\\\/produktas\\\/a-tipo-nylon-camlock-montavimas-vyri-kas-jungtis-x-moteri-kas-bsp-sriegis\\\/#primaryimage\"},\"thumbnailUrl\":\"https:\\\/\\\/www.camlock.org\\\/wp-content\\\/uploads\\\/2017\\\/11\\\/Camlock_Nylon_type-A_200mm_A050NL_.jpg\",\"datePublished\":\"2017-11-30T13:02:48+00:00\",\"dateModified\":\"2025-05-16T08:52:06+00:00\",\"description\":\"Nailoninis \u201eCamlock\u201c adapteris, A tipas \u2013 ki\u0161tukas \u00d7 BSP moteri\u0161kasis sriegis, paprastai naudojami su D tipo jungtimis, ta\u010diau yra ir tokio paties dyd\u017eio B bei C tip\u0173 jung\u010di\u0173, taip pat apsaugini\u0173 dangteli\u0173 (DC tipas).\",\"breadcrumb\":{\"@id\":\"https:\\\/\\\/www.camlock.org\\\/lt\\\/produktas\\\/a-tipo-nylon-camlock-montavimas-vyri-kas-jungtis-x-moteri-kas-bsp-sriegis\\\/#breadcrumb\"},\"inLanguage\":\"lt-LT\",\"potentialAction\":[{\"@type\":\"ReadAction\",\"target\":[\"https:\\\/\\\/www.camlock.org\\\/lt\\\/produktas\\\/a-tipo-nylon-camlock-montavimas-vyri-kas-jungtis-x-moteri-kas-bsp-sriegis\\\/\"]}]},{\"@type\":\"ImageObject\",\"inLanguage\":\"lt-LT\",\"@id\":\"https:\\\/\\\/www.camlock.org\\\/lt\\\/produktas\\\/a-tipo-nylon-camlock-montavimas-vyri-kas-jungtis-x-moteri-kas-bsp-sriegis\\\/#primaryimage\",\"url\":\"https:\\\/\\\/www.camlock.org\\\/wp-content\\\/uploads\\\/2017\\\/11\\\/Camlock_Nylon_type-A_200mm_A050NL_.jpg\",\"contentUrl\":\"https:\\\/\\\/www.camlock.org\\\/wp-content\\\/uploads\\\/2017\\\/11\\\/Camlock_Nylon_type-A_200mm_A050NL_.jpg\",\"width\":1000,\"height\":1134,\"caption\":\"Type A Nylon Camlock - Coupling Male Adapter x Female BSP Thread\"},{\"@type\":\"BreadcrumbList\",\"@id\":\"https:\\\/\\\/www.camlock.org\\\/lt\\\/produktas\\\/a-tipo-nylon-camlock-montavimas-vyri-kas-jungtis-x-moteri-kas-bsp-sriegis\\\/#breadcrumb\",\"itemListElement\":[{\"@type\":\"ListItem\",\"position\":1,\"name\":\"Home\",\"item\":\"https:\\\/\\\/www.camlock.org\\\/lt\\\/prad-ia\\\/\"},{\"@type\":\"ListItem\",\"position\":2,\"name\":\"Parduotuv\u0117\",\"item\":\"https:\\\/\\\/www.camlock.org\\\/lt\\\/d0-bc-d0-b0-d0-b3-d0-b0-d0-b7-d0-b8-d0-bd\\\/\"},{\"@type\":\"ListItem\",\"position\":3,\"name\":\"A tipo &#8220;Nylon Camlock&#8221; montavimas &#8211; vyri\u0161kas jungtis x moteri\u0161kas BSP sriegis\"}]},{\"@type\":\"WebSite\",\"@id\":\"https:\\\/\\\/www.camlock.org\\\/lt\\\/?lang=et\\\/#website\",\"url\":\"https:\\\/\\\/www.camlock.org\\\/lt\\\/?lang=et\\\/\",\"name\":\"\u041f\u0440\u043e\u0434\u0430\u0436\u0430 \u043a\u0430\u043c\u043b\u043e\u043a (Camlock) \u0441\u043e\u0435\u0434\u0438\u043d\u0435\u043d\u0438\u0439\",\"description\":\"\u041f\u0440\u043e\u0434\u0430\u0436\u0430 \u043a\u0430\u043c\u043b\u043e\u043a (Camlock) \u0441\u043e\u0435\u0434\u0438\u043d\u0435\u043d\u0438\u0439\",\"potentialAction\":[{\"@type\":\"SearchAction\",\"target\":{\"@type\":\"EntryPoint\",\"urlTemplate\":\"https:\\\/\\\/www.camlock.org\\\/lt\\\/?lang=et\\\/?s={search_term_string}\"},\"query-input\":{\"@type\":\"PropertyValueSpecification\",\"valueRequired\":true,\"valueName\":\"search_term_string\"}}],\"inLanguage\":\"lt-LT\"}]}<\/script>\n<!-- \/ Yoast SEO plugin. -->","yoast_head_json":{"title":"A tipo \"Nylon Camlock\" montavimas - vyri\u0161kas jungtis x moteri\u0161kas BSP sriegis","description":"Nailoninis \u201eCamlock\u201c adapteris, A tipas \u2013 ki\u0161tukas \u00d7 BSP moteri\u0161kasis sriegis, paprastai naudojami su D tipo jungtimis, ta\u010diau yra ir tokio paties dyd\u017eio B bei C tip\u0173 jung\u010di\u0173, taip pat apsaugini\u0173 dangteli\u0173 (DC tipas).","robots":{"index":"index","follow":"follow","max-snippet":"max-snippet:-1","max-image-preview":"max-image-preview:large","max-video-preview":"max-video-preview:-1"},"canonical":"https:\/\/www.camlock.org\/lt\/produktas\/a-tipo-nylon-camlock-montavimas-vyri-kas-jungtis-x-moteri-kas-bsp-sriegis\/","og_locale":"lt_LT","og_type":"article","og_title":"A tipo \"Nylon Camlock\" montavimas - vyri\u0161kas jungtis x moteri\u0161kas BSP sriegis","og_description":"Nailoninis \u201eCamlock\u201c adapteris, A tipas \u2013 ki\u0161tukas \u00d7 BSP moteri\u0161kasis sriegis, paprastai naudojami su D tipo jungtimis, ta\u010diau yra ir tokio paties dyd\u017eio B bei C tip\u0173 jung\u010di\u0173, taip pat apsaugini\u0173 dangteli\u0173 (DC tipas).","og_url":"https:\/\/www.camlock.org\/lt\/produktas\/a-tipo-nylon-camlock-montavimas-vyri-kas-jungtis-x-moteri-kas-bsp-sriegis\/","og_site_name":"\u041f\u0440\u043e\u0434\u0430\u0436\u0430 \u043a\u0430\u043c\u043b\u043e\u043a (Camlock) \u0441\u043e\u0435\u0434\u0438\u043d\u0435\u043d\u0438\u0439","article_modified_time":"2025-05-16T08:52:06+00:00","og_image":[{"width":1000,"height":1134,"url":"https:\/\/www.camlock.org\/wp-content\/uploads\/2017\/11\/Camlock_Nylon_type-A_200mm_A050NL_.jpg","type":"image\/jpeg"}],"twitter_card":"summary_large_image","twitter_misc":{"Est. reading time":"1 minut\u0117"},"schema":{"@context":"https:\/\/schema.org","@graph":[{"@type":"WebPage","@id":"https:\/\/www.camlock.org\/lt\/produktas\/a-tipo-nylon-camlock-montavimas-vyri-kas-jungtis-x-moteri-kas-bsp-sriegis\/","url":"https:\/\/www.camlock.org\/lt\/produktas\/a-tipo-nylon-camlock-montavimas-vyri-kas-jungtis-x-moteri-kas-bsp-sriegis\/","name":"A tipo \"Nylon Camlock\" montavimas - vyri\u0161kas jungtis x moteri\u0161kas BSP sriegis","isPartOf":{"@id":"https:\/\/www.camlock.org\/lt\/?lang=et\/#website"},"primaryImageOfPage":{"@id":"https:\/\/www.camlock.org\/lt\/produktas\/a-tipo-nylon-camlock-montavimas-vyri-kas-jungtis-x-moteri-kas-bsp-sriegis\/#primaryimage"},"image":{"@id":"https:\/\/www.camlock.org\/lt\/produktas\/a-tipo-nylon-camlock-montavimas-vyri-kas-jungtis-x-moteri-kas-bsp-sriegis\/#primaryimage"},"thumbnailUrl":"https:\/\/www.camlock.org\/wp-content\/uploads\/2017\/11\/Camlock_Nylon_type-A_200mm_A050NL_.jpg","datePublished":"2017-11-30T13:02:48+00:00","dateModified":"2025-05-16T08:52:06+00:00","description":"Nailoninis \u201eCamlock\u201c adapteris, A tipas \u2013 ki\u0161tukas \u00d7 BSP moteri\u0161kasis sriegis, paprastai naudojami su D tipo jungtimis, ta\u010diau yra ir tokio paties dyd\u017eio B bei C tip\u0173 jung\u010di\u0173, taip pat apsaugini\u0173 dangteli\u0173 (DC tipas).","breadcrumb":{"@id":"https:\/\/www.camlock.org\/lt\/produktas\/a-tipo-nylon-camlock-montavimas-vyri-kas-jungtis-x-moteri-kas-bsp-sriegis\/#breadcrumb"},"inLanguage":"lt-LT","potentialAction":[{"@type":"ReadAction","target":["https:\/\/www.camlock.org\/lt\/produktas\/a-tipo-nylon-camlock-montavimas-vyri-kas-jungtis-x-moteri-kas-bsp-sriegis\/"]}]},{"@type":"ImageObject","inLanguage":"lt-LT","@id":"https:\/\/www.camlock.org\/lt\/produktas\/a-tipo-nylon-camlock-montavimas-vyri-kas-jungtis-x-moteri-kas-bsp-sriegis\/#primaryimage","url":"https:\/\/www.camlock.org\/wp-content\/uploads\/2017\/11\/Camlock_Nylon_type-A_200mm_A050NL_.jpg","contentUrl":"https:\/\/www.camlock.org\/wp-content\/uploads\/2017\/11\/Camlock_Nylon_type-A_200mm_A050NL_.jpg","width":1000,"height":1134,"caption":"Type A Nylon Camlock - Coupling Male Adapter x Female BSP Thread"},{"@type":"BreadcrumbList","@id":"https:\/\/www.camlock.org\/lt\/produktas\/a-tipo-nylon-camlock-montavimas-vyri-kas-jungtis-x-moteri-kas-bsp-sriegis\/#breadcrumb","itemListElement":[{"@type":"ListItem","position":1,"name":"Home","item":"https:\/\/www.camlock.org\/lt\/prad-ia\/"},{"@type":"ListItem","position":2,"name":"Parduotuv\u0117","item":"https:\/\/www.camlock.org\/lt\/d0-bc-d0-b0-d0-b3-d0-b0-d0-b7-d0-b8-d0-bd\/"},{"@type":"ListItem","position":3,"name":"A tipo &#8220;Nylon Camlock&#8221; montavimas &#8211; vyri\u0161kas jungtis x moteri\u0161kas BSP sriegis"}]},{"@type":"WebSite","@id":"https:\/\/www.camlock.org\/lt\/?lang=et\/#website","url":"https:\/\/www.camlock.org\/lt\/?lang=et\/","name":"\u041f\u0440\u043e\u0434\u0430\u0436\u0430 \u043a\u0430\u043c\u043b\u043e\u043a (Camlock) \u0441\u043e\u0435\u0434\u0438\u043d\u0435\u043d\u0438\u0439","description":"\u041f\u0440\u043e\u0434\u0430\u0436\u0430 \u043a\u0430\u043c\u043b\u043e\u043a (Camlock) \u0441\u043e\u0435\u0434\u0438\u043d\u0435\u043d\u0438\u0439","potentialAction":[{"@type":"SearchAction","target":{"@type":"EntryPoint","urlTemplate":"https:\/\/www.camlock.org\/lt\/?lang=et\/?s={search_term_string}"},"query-input":{"@type":"PropertyValueSpecification","valueRequired":true,"valueName":"search_term_string"}}],"inLanguage":"lt-LT"}]}},"_links":{"self":[{"href":"https:\/\/www.camlock.org\/lt\/wp-json\/wp\/v2\/product\/8432","targetHints":{"allow":["GET"]}}],"collection":[{"href":"https:\/\/www.camlock.org\/lt\/wp-json\/wp\/v2\/product"}],"about":[{"href":"https:\/\/www.camlock.org\/lt\/wp-json\/wp\/v2\/types\/product"}],"wp:featuredmedia":[{"embeddable":true,"href":"https:\/\/www.camlock.org\/lt\/wp-json\/wp\/v2\/media\/8222"}],"wp:attachment":[{"href":"https:\/\/www.camlock.org\/lt\/wp-json\/wp\/v2\/media?parent=8432"}],"wp:term":[{"taxonomy":"product_brand","embeddable":true,"href":"https:\/\/www.camlock.org\/lt\/wp-json\/wp\/v2\/product_brand?post=8432"},{"taxonomy":"product_cat","embeddable":true,"href":"https:\/\/www.camlock.org\/lt\/wp-json\/wp\/v2\/product_cat?post=8432"},{"taxonomy":"product_tag","embeddable":true,"href":"https:\/\/www.camlock.org\/lt\/wp-json\/wp\/v2\/product_tag?post=8432"}],"curies":[{"name":"wp","href":"https:\/\/api.w.org\/{rel}","templated":true}]}}