{"id":9216,"date":"2017-12-13T13:31:26","date_gmt":"2017-12-13T10:31:26","guid":{"rendered":"https:\/\/www.camlock.org\/product\/b-tipo-nailonas-camlock-irengimas-moterys-prijungimo-x-vyras-bsp-tema\/"},"modified":"2025-05-16T11:52:44","modified_gmt":"2025-05-16T08:52:44","slug":"b-tipo-nailonas-camlock-rengimas-moterys-prijungimo-vyras-bsp-tem","status":"publish","type":"product","link":"https:\/\/www.camlock.org\/lt\/produktas\/b-tipo-nailonas-camlock-rengimas-moterys-prijungimo-vyras-bsp-tem\/","title":{"rendered":"B tipo Nailonas Camlock \u012frengimas &#8211; moterys prijungimo \u00d7 Vyras BSP tem\u0105"},"content":{"rendered":"<p>Geltona B tipo kum\u0161telin\u0117 jungtis paprastai naudojama su F tipo adapteriu, kartais su vienodo dyd\u017eio A ir E tipais bei DP (dulki\u0173 kam\u0161\u010diu). Nailonin\u0117s kum\u0161telin\u0117s ir grioveli\u0173 jungtys leid\u017eia \u017earn\u0105 prijungti \/ atjungti akimirksniu ir pa\u0161alina sud\u0117ting\u0105 sriegio bei flan\u0161o naudojim\u0105. Tiesiog \u012fki\u0161kite vyri\u0161k\u0105 adapter\u012f \u012f moteri\u0161k\u0105 jungt\u012f, kol jis prisilies prie tarpin\u0117s. Tada paspauskite svirtis \u017eemyn, kad tarpin\u0117 b\u016bt\u0173 tolygiai suspausta.   <\/p>\n","protected":false},"excerpt":{"rendered":"<p>B tipo u\u017erakto jungtis paprastai naudojama su F tipo adapteriu, kartais su A ir E tipais bei identi\u0161ko dyd\u017eio DP (dulki\u0173 kam\u0161\u010diu).<\/p>\n","protected":false},"featured_media":8338,"template":"","meta":[],"product_brand":[],"product_cat":[191],"product_tag":[192,243],"class_list":{"0":"post-9216","1":"product","2":"type-product","3":"status-publish","4":"has-post-thumbnail","6":"product_cat-nylon-camlock-couplings-lt","7":"product_tag-nylon-lt","8":"product_tag-type-b-lt","10":"first","11":"instock","12":"taxable","13":"shipping-taxable","14":"purchasable","15":"product-type-variable"},"yoast_head":"<!-- This site is optimized with the Yoast SEO plugin v27.3 - https:\/\/yoast.com\/product\/yoast-seo-wordpress\/ -->\n<title>B tipo Nailonas Camlock \u012frengimas - moterys prijungimo \u00d7 Vyras BSP tem\u0105<\/title>\n<meta name=\"description\" content=\"Geltona B tipo kum\u0161telin\u0117 jungtis paprastai naudojama su F tipo adapteriu, kartais su A ir E tipais bei vienodo dyd\u017eio DP (dulki\u0173 kam\u0161\u010diu). Nailonin\u0117s kum\u0161telin\u0117s ir grioveli\u0173 jungtys leid\u017eia \u017earn\u0105 prijungti \/ atjungti akimirksniu ir pa\u0161alina sud\u0117ting\u0105 sriegio bei flan\u0161o valdym\u0105.\" \/>\n<meta name=\"robots\" content=\"index, follow, max-snippet:-1, max-image-preview:large, max-video-preview:-1\" \/>\n<link rel=\"canonical\" href=\"https:\/\/www.camlock.org\/lt\/produktas\/b-tipo-nailonas-camlock-rengimas-moterys-prijungimo-vyras-bsp-tem\/\" \/>\n<meta property=\"og:locale\" content=\"lt_LT\" \/>\n<meta property=\"og:type\" content=\"article\" \/>\n<meta property=\"og:title\" content=\"B tipo Nailonas Camlock \u012frengimas - moterys prijungimo \u00d7 Vyras BSP tem\u0105\" \/>\n<meta property=\"og:description\" content=\"Geltona B tipo kum\u0161telin\u0117 jungtis paprastai naudojama su F tipo adapteriu, kartais su A ir E tipais bei vienodo dyd\u017eio DP (dulki\u0173 kam\u0161\u010diu). Nailonin\u0117s kum\u0161telin\u0117s ir grioveli\u0173 jungtys leid\u017eia \u017earn\u0105 prijungti \/ atjungti akimirksniu ir pa\u0161alina sud\u0117ting\u0105 sriegio bei flan\u0161o valdym\u0105.\" \/>\n<meta property=\"og:url\" content=\"https:\/\/www.camlock.org\/lt\/produktas\/b-tipo-nailonas-camlock-rengimas-moterys-prijungimo-vyras-bsp-tem\/\" \/>\n<meta property=\"og:site_name\" content=\"\u041f\u0440\u043e\u0434\u0430\u0436\u0430 \u043a\u0430\u043c\u043b\u043e\u043a (Camlock) \u0441\u043e\u0435\u0434\u0438\u043d\u0435\u043d\u0438\u0439\" \/>\n<meta property=\"article:modified_time\" content=\"2025-05-16T08:52:44+00:00\" \/>\n<meta property=\"og:image\" content=\"https:\/\/www.camlock.org\/wp-content\/uploads\/2017\/12\/Camlock_Nylon_type-B_50mm_B200NY_.jpg\" \/>\n\t<meta property=\"og:image:width\" content=\"1000\" \/>\n\t<meta property=\"og:image:height\" content=\"1134\" \/>\n\t<meta property=\"og:image:type\" content=\"image\/jpeg\" \/>\n<meta name=\"twitter:card\" content=\"summary_large_image\" \/>\n<meta name=\"twitter:label1\" content=\"Est. reading time\" \/>\n\t<meta name=\"twitter:data1\" content=\"1 minut\u0117\" \/>\n<script type=\"application\/ld+json\" class=\"yoast-schema-graph\">{\"@context\":\"https:\\\/\\\/schema.org\",\"@graph\":[{\"@type\":\"WebPage\",\"@id\":\"https:\\\/\\\/www.camlock.org\\\/lt\\\/produktas\\\/b-tipo-nailonas-camlock-rengimas-moterys-prijungimo-vyras-bsp-tem\\\/\",\"url\":\"https:\\\/\\\/www.camlock.org\\\/lt\\\/produktas\\\/b-tipo-nailonas-camlock-rengimas-moterys-prijungimo-vyras-bsp-tem\\\/\",\"name\":\"B tipo Nailonas Camlock \u012frengimas - moterys prijungimo \u00d7 Vyras BSP tem\u0105\",\"isPartOf\":{\"@id\":\"https:\\\/\\\/www.camlock.org\\\/lt\\\/?lang=et\\\/#website\"},\"primaryImageOfPage\":{\"@id\":\"https:\\\/\\\/www.camlock.org\\\/lt\\\/produktas\\\/b-tipo-nailonas-camlock-rengimas-moterys-prijungimo-vyras-bsp-tem\\\/#primaryimage\"},\"image\":{\"@id\":\"https:\\\/\\\/www.camlock.org\\\/lt\\\/produktas\\\/b-tipo-nailonas-camlock-rengimas-moterys-prijungimo-vyras-bsp-tem\\\/#primaryimage\"},\"thumbnailUrl\":\"https:\\\/\\\/www.camlock.org\\\/wp-content\\\/uploads\\\/2017\\\/12\\\/Camlock_Nylon_type-B_50mm_B200NY_.jpg\",\"datePublished\":\"2017-12-13T10:31:26+00:00\",\"dateModified\":\"2025-05-16T08:52:44+00:00\",\"description\":\"Geltona B tipo kum\u0161telin\u0117 jungtis paprastai naudojama su F tipo adapteriu, kartais su A ir E tipais bei vienodo dyd\u017eio DP (dulki\u0173 kam\u0161\u010diu). Nailonin\u0117s kum\u0161telin\u0117s ir grioveli\u0173 jungtys leid\u017eia \u017earn\u0105 prijungti \\\/ atjungti akimirksniu ir pa\u0161alina sud\u0117ting\u0105 sriegio bei flan\u0161o valdym\u0105.\",\"breadcrumb\":{\"@id\":\"https:\\\/\\\/www.camlock.org\\\/lt\\\/produktas\\\/b-tipo-nailonas-camlock-rengimas-moterys-prijungimo-vyras-bsp-tem\\\/#breadcrumb\"},\"inLanguage\":\"lt-LT\",\"potentialAction\":[{\"@type\":\"ReadAction\",\"target\":[\"https:\\\/\\\/www.camlock.org\\\/lt\\\/produktas\\\/b-tipo-nailonas-camlock-rengimas-moterys-prijungimo-vyras-bsp-tem\\\/\"]}]},{\"@type\":\"ImageObject\",\"inLanguage\":\"lt-LT\",\"@id\":\"https:\\\/\\\/www.camlock.org\\\/lt\\\/produktas\\\/b-tipo-nailonas-camlock-rengimas-moterys-prijungimo-vyras-bsp-tem\\\/#primaryimage\",\"url\":\"https:\\\/\\\/www.camlock.org\\\/wp-content\\\/uploads\\\/2017\\\/12\\\/Camlock_Nylon_type-B_50mm_B200NY_.jpg\",\"contentUrl\":\"https:\\\/\\\/www.camlock.org\\\/wp-content\\\/uploads\\\/2017\\\/12\\\/Camlock_Nylon_type-B_50mm_B200NY_.jpg\",\"width\":1000,\"height\":1134,\"caption\":\"Type B Nylon Camlock Fitting - Female Coupler \u00d7 Male BSP Thread\"},{\"@type\":\"BreadcrumbList\",\"@id\":\"https:\\\/\\\/www.camlock.org\\\/lt\\\/produktas\\\/b-tipo-nailonas-camlock-rengimas-moterys-prijungimo-vyras-bsp-tem\\\/#breadcrumb\",\"itemListElement\":[{\"@type\":\"ListItem\",\"position\":1,\"name\":\"Home\",\"item\":\"https:\\\/\\\/www.camlock.org\\\/lt\\\/prad-ia\\\/\"},{\"@type\":\"ListItem\",\"position\":2,\"name\":\"Parduotuv\u0117\",\"item\":\"https:\\\/\\\/www.camlock.org\\\/lt\\\/d0-bc-d0-b0-d0-b3-d0-b0-d0-b7-d0-b8-d0-bd\\\/\"},{\"@type\":\"ListItem\",\"position\":3,\"name\":\"B tipo Nailonas Camlock \u012frengimas &#8211; moterys prijungimo \u00d7 Vyras BSP tem\u0105\"}]},{\"@type\":\"WebSite\",\"@id\":\"https:\\\/\\\/www.camlock.org\\\/lt\\\/?lang=et\\\/#website\",\"url\":\"https:\\\/\\\/www.camlock.org\\\/lt\\\/?lang=et\\\/\",\"name\":\"\u041f\u0440\u043e\u0434\u0430\u0436\u0430 \u043a\u0430\u043c\u043b\u043e\u043a (Camlock) \u0441\u043e\u0435\u0434\u0438\u043d\u0435\u043d\u0438\u0439\",\"description\":\"\u041f\u0440\u043e\u0434\u0430\u0436\u0430 \u043a\u0430\u043c\u043b\u043e\u043a (Camlock) \u0441\u043e\u0435\u0434\u0438\u043d\u0435\u043d\u0438\u0439\",\"potentialAction\":[{\"@type\":\"SearchAction\",\"target\":{\"@type\":\"EntryPoint\",\"urlTemplate\":\"https:\\\/\\\/www.camlock.org\\\/lt\\\/?lang=et\\\/?s={search_term_string}\"},\"query-input\":{\"@type\":\"PropertyValueSpecification\",\"valueRequired\":true,\"valueName\":\"search_term_string\"}}],\"inLanguage\":\"lt-LT\"}]}<\/script>\n<!-- \/ Yoast SEO plugin. -->","yoast_head_json":{"title":"B tipo Nailonas Camlock \u012frengimas - moterys prijungimo \u00d7 Vyras BSP tem\u0105","description":"Geltona B tipo kum\u0161telin\u0117 jungtis paprastai naudojama su F tipo adapteriu, kartais su A ir E tipais bei vienodo dyd\u017eio DP (dulki\u0173 kam\u0161\u010diu). Nailonin\u0117s kum\u0161telin\u0117s ir grioveli\u0173 jungtys leid\u017eia \u017earn\u0105 prijungti \/ atjungti akimirksniu ir pa\u0161alina sud\u0117ting\u0105 sriegio bei flan\u0161o valdym\u0105.","robots":{"index":"index","follow":"follow","max-snippet":"max-snippet:-1","max-image-preview":"max-image-preview:large","max-video-preview":"max-video-preview:-1"},"canonical":"https:\/\/www.camlock.org\/lt\/produktas\/b-tipo-nailonas-camlock-rengimas-moterys-prijungimo-vyras-bsp-tem\/","og_locale":"lt_LT","og_type":"article","og_title":"B tipo Nailonas Camlock \u012frengimas - moterys prijungimo \u00d7 Vyras BSP tem\u0105","og_description":"Geltona B tipo kum\u0161telin\u0117 jungtis paprastai naudojama su F tipo adapteriu, kartais su A ir E tipais bei vienodo dyd\u017eio DP (dulki\u0173 kam\u0161\u010diu). Nailonin\u0117s kum\u0161telin\u0117s ir grioveli\u0173 jungtys leid\u017eia \u017earn\u0105 prijungti \/ atjungti akimirksniu ir pa\u0161alina sud\u0117ting\u0105 sriegio bei flan\u0161o valdym\u0105.","og_url":"https:\/\/www.camlock.org\/lt\/produktas\/b-tipo-nailonas-camlock-rengimas-moterys-prijungimo-vyras-bsp-tem\/","og_site_name":"\u041f\u0440\u043e\u0434\u0430\u0436\u0430 \u043a\u0430\u043c\u043b\u043e\u043a (Camlock) \u0441\u043e\u0435\u0434\u0438\u043d\u0435\u043d\u0438\u0439","article_modified_time":"2025-05-16T08:52:44+00:00","og_image":[{"width":1000,"height":1134,"url":"https:\/\/www.camlock.org\/wp-content\/uploads\/2017\/12\/Camlock_Nylon_type-B_50mm_B200NY_.jpg","type":"image\/jpeg"}],"twitter_card":"summary_large_image","twitter_misc":{"Est. reading time":"1 minut\u0117"},"schema":{"@context":"https:\/\/schema.org","@graph":[{"@type":"WebPage","@id":"https:\/\/www.camlock.org\/lt\/produktas\/b-tipo-nailonas-camlock-rengimas-moterys-prijungimo-vyras-bsp-tem\/","url":"https:\/\/www.camlock.org\/lt\/produktas\/b-tipo-nailonas-camlock-rengimas-moterys-prijungimo-vyras-bsp-tem\/","name":"B tipo Nailonas Camlock \u012frengimas - moterys prijungimo \u00d7 Vyras BSP tem\u0105","isPartOf":{"@id":"https:\/\/www.camlock.org\/lt\/?lang=et\/#website"},"primaryImageOfPage":{"@id":"https:\/\/www.camlock.org\/lt\/produktas\/b-tipo-nailonas-camlock-rengimas-moterys-prijungimo-vyras-bsp-tem\/#primaryimage"},"image":{"@id":"https:\/\/www.camlock.org\/lt\/produktas\/b-tipo-nailonas-camlock-rengimas-moterys-prijungimo-vyras-bsp-tem\/#primaryimage"},"thumbnailUrl":"https:\/\/www.camlock.org\/wp-content\/uploads\/2017\/12\/Camlock_Nylon_type-B_50mm_B200NY_.jpg","datePublished":"2017-12-13T10:31:26+00:00","dateModified":"2025-05-16T08:52:44+00:00","description":"Geltona B tipo kum\u0161telin\u0117 jungtis paprastai naudojama su F tipo adapteriu, kartais su A ir E tipais bei vienodo dyd\u017eio DP (dulki\u0173 kam\u0161\u010diu). Nailonin\u0117s kum\u0161telin\u0117s ir grioveli\u0173 jungtys leid\u017eia \u017earn\u0105 prijungti \/ atjungti akimirksniu ir pa\u0161alina sud\u0117ting\u0105 sriegio bei flan\u0161o valdym\u0105.","breadcrumb":{"@id":"https:\/\/www.camlock.org\/lt\/produktas\/b-tipo-nailonas-camlock-rengimas-moterys-prijungimo-vyras-bsp-tem\/#breadcrumb"},"inLanguage":"lt-LT","potentialAction":[{"@type":"ReadAction","target":["https:\/\/www.camlock.org\/lt\/produktas\/b-tipo-nailonas-camlock-rengimas-moterys-prijungimo-vyras-bsp-tem\/"]}]},{"@type":"ImageObject","inLanguage":"lt-LT","@id":"https:\/\/www.camlock.org\/lt\/produktas\/b-tipo-nailonas-camlock-rengimas-moterys-prijungimo-vyras-bsp-tem\/#primaryimage","url":"https:\/\/www.camlock.org\/wp-content\/uploads\/2017\/12\/Camlock_Nylon_type-B_50mm_B200NY_.jpg","contentUrl":"https:\/\/www.camlock.org\/wp-content\/uploads\/2017\/12\/Camlock_Nylon_type-B_50mm_B200NY_.jpg","width":1000,"height":1134,"caption":"Type B Nylon Camlock Fitting - Female Coupler \u00d7 Male BSP Thread"},{"@type":"BreadcrumbList","@id":"https:\/\/www.camlock.org\/lt\/produktas\/b-tipo-nailonas-camlock-rengimas-moterys-prijungimo-vyras-bsp-tem\/#breadcrumb","itemListElement":[{"@type":"ListItem","position":1,"name":"Home","item":"https:\/\/www.camlock.org\/lt\/prad-ia\/"},{"@type":"ListItem","position":2,"name":"Parduotuv\u0117","item":"https:\/\/www.camlock.org\/lt\/d0-bc-d0-b0-d0-b3-d0-b0-d0-b7-d0-b8-d0-bd\/"},{"@type":"ListItem","position":3,"name":"B tipo Nailonas Camlock \u012frengimas &#8211; moterys prijungimo \u00d7 Vyras BSP tem\u0105"}]},{"@type":"WebSite","@id":"https:\/\/www.camlock.org\/lt\/?lang=et\/#website","url":"https:\/\/www.camlock.org\/lt\/?lang=et\/","name":"\u041f\u0440\u043e\u0434\u0430\u0436\u0430 \u043a\u0430\u043c\u043b\u043e\u043a (Camlock) \u0441\u043e\u0435\u0434\u0438\u043d\u0435\u043d\u0438\u0439","description":"\u041f\u0440\u043e\u0434\u0430\u0436\u0430 \u043a\u0430\u043c\u043b\u043e\u043a (Camlock) \u0441\u043e\u0435\u0434\u0438\u043d\u0435\u043d\u0438\u0439","potentialAction":[{"@type":"SearchAction","target":{"@type":"EntryPoint","urlTemplate":"https:\/\/www.camlock.org\/lt\/?lang=et\/?s={search_term_string}"},"query-input":{"@type":"PropertyValueSpecification","valueRequired":true,"valueName":"search_term_string"}}],"inLanguage":"lt-LT"}]}},"_links":{"self":[{"href":"https:\/\/www.camlock.org\/lt\/wp-json\/wp\/v2\/product\/9216","targetHints":{"allow":["GET"]}}],"collection":[{"href":"https:\/\/www.camlock.org\/lt\/wp-json\/wp\/v2\/product"}],"about":[{"href":"https:\/\/www.camlock.org\/lt\/wp-json\/wp\/v2\/types\/product"}],"wp:featuredmedia":[{"embeddable":true,"href":"https:\/\/www.camlock.org\/lt\/wp-json\/wp\/v2\/media\/8338"}],"wp:attachment":[{"href":"https:\/\/www.camlock.org\/lt\/wp-json\/wp\/v2\/media?parent=9216"}],"wp:term":[{"taxonomy":"product_brand","embeddable":true,"href":"https:\/\/www.camlock.org\/lt\/wp-json\/wp\/v2\/product_brand?post=9216"},{"taxonomy":"product_cat","embeddable":true,"href":"https:\/\/www.camlock.org\/lt\/wp-json\/wp\/v2\/product_cat?post=9216"},{"taxonomy":"product_tag","embeddable":true,"href":"https:\/\/www.camlock.org\/lt\/wp-json\/wp\/v2\/product_tag?post=9216"}],"curies":[{"name":"wp","href":"https:\/\/api.w.org\/{rel}","templated":true}]}}