{"id":9270,"date":"2018-01-16T22:13:30","date_gmt":"2018-01-16T19:13:30","guid":{"rendered":"https:\/\/www.camlock.org\/product\/nylon-camlock-fitting-female-coupler-x-hose-shank\/"},"modified":"2025-05-16T11:53:07","modified_gmt":"2025-05-16T08:53:07","slug":"c-tipo-nylon-camlock-montavimas-moter-jungtys-arnos-arnyras","status":"publish","type":"product","link":"https:\/\/www.camlock.org\/lt\/produktas\/c-tipo-nylon-camlock-montavimas-moter-jungtys-arnos-arnyras\/","title":{"rendered":"C tipo Nylon Camlock montavimas &#8211; Moter\u0173 jungtys \u00d7 \u017darnos \u0161arnyras"},"content":{"rendered":"<p>Moteri\u0161ka jungtis prie \u017earnos antgalio \u2013 \u201eC\u201c tipo nailono u\u017eraktas viename gale turi moteri\u0161k\u0105 u\u017erakt\u0105, o kitame \u2013 vyri\u0161k\u0105 \u017earnos antgal\u012f. Moteri\u0161ka u\u017erakto jungtis tinka bet kokiam vyri\u0161kam u\u017erakto adapteriui, o \u017earnos antgalis \u012fki\u0161amas \u012f bet kuri\u0105 tinkamo dyd\u017eio \u017earn\u0105 ir tvirtinamas tvirtu ner\u016bdijan\u010dio plieno var\u017et\u0173 spaustuku. <\/p>\n","protected":false},"excerpt":{"rendered":"<p>C tipas paprastai naudojamas su A, E, F ir DP tipo adapteriais.<\/p>\n","protected":false},"featured_media":8468,"template":"","meta":[],"product_brand":[],"product_cat":[191],"product_tag":[192,249],"class_list":{"0":"post-9270","1":"product","2":"type-product","3":"status-publish","4":"has-post-thumbnail","6":"product_cat-nylon-camlock-couplings-lt","7":"product_tag-nylon-lt","8":"product_tag-type--lt","10":"first","11":"instock","12":"taxable","13":"shipping-taxable","14":"purchasable","15":"product-type-variable"},"yoast_head":"<!-- This site is optimized with the Yoast SEO plugin v27.4 - https:\/\/yoast.com\/product\/yoast-seo-wordpress\/ -->\n<title>C tipo Nylon Camlock montavimas - Moter\u0173 jungtys \u00d7 \u017darnos \u0161arnyras<\/title>\n<meta name=\"description\" content=\"Moteri\u0161ka jungtis prie \u017earnos galo \u2013 C tipo nailono u\u017eraktas turi moteri\u0161k\u0105 u\u017erakt\u0105 viename gale ir vyri\u0161k\u0105 \u017earnos gal\u0105 kitame gale.\" \/>\n<meta name=\"robots\" content=\"index, follow, max-snippet:-1, max-image-preview:large, max-video-preview:-1\" \/>\n<link rel=\"canonical\" href=\"https:\/\/www.camlock.org\/lt\/produktas\/c-tipo-nylon-camlock-montavimas-moter-jungtys-arnos-arnyras\/\" \/>\n<meta property=\"og:locale\" content=\"lt_LT\" \/>\n<meta property=\"og:type\" content=\"article\" \/>\n<meta property=\"og:title\" content=\"C tipo Nylon Camlock montavimas - Moter\u0173 jungtys \u00d7 \u017darnos \u0161arnyras\" \/>\n<meta property=\"og:description\" content=\"Moteri\u0161ka jungtis prie \u017earnos galo \u2013 C tipo nailono u\u017eraktas turi moteri\u0161k\u0105 u\u017erakt\u0105 viename gale ir vyri\u0161k\u0105 \u017earnos gal\u0105 kitame gale.\" \/>\n<meta property=\"og:url\" content=\"https:\/\/www.camlock.org\/lt\/produktas\/c-tipo-nylon-camlock-montavimas-moter-jungtys-arnos-arnyras\/\" \/>\n<meta property=\"og:site_name\" content=\"\u041f\u0440\u043e\u0434\u0430\u0436\u0430 \u043a\u0430\u043c\u043b\u043e\u043a (Camlock) \u0441\u043e\u0435\u0434\u0438\u043d\u0435\u043d\u0438\u0439\" \/>\n<meta property=\"article:modified_time\" content=\"2025-05-16T08:53:07+00:00\" \/>\n<meta property=\"og:image\" content=\"https:\/\/www.camlock.org\/wp-content\/uploads\/2018\/01\/Camlock_Nylon_type-C_200mm_A050NL_.jpg\" \/>\n\t<meta property=\"og:image:width\" content=\"1000\" \/>\n\t<meta property=\"og:image:height\" content=\"1134\" \/>\n\t<meta property=\"og:image:type\" content=\"image\/jpeg\" \/>\n<meta name=\"twitter:card\" content=\"summary_large_image\" \/>\n<meta name=\"twitter:label1\" content=\"Est. reading time\" \/>\n\t<meta name=\"twitter:data1\" content=\"1 minut\u0117\" \/>\n<script type=\"application\/ld+json\" class=\"yoast-schema-graph\">{\"@context\":\"https:\\\/\\\/schema.org\",\"@graph\":[{\"@type\":\"WebPage\",\"@id\":\"https:\\\/\\\/www.camlock.org\\\/lt\\\/produktas\\\/c-tipo-nylon-camlock-montavimas-moter-jungtys-arnos-arnyras\\\/\",\"url\":\"https:\\\/\\\/www.camlock.org\\\/lt\\\/produktas\\\/c-tipo-nylon-camlock-montavimas-moter-jungtys-arnos-arnyras\\\/\",\"name\":\"C tipo Nylon Camlock montavimas - Moter\u0173 jungtys \u00d7 \u017darnos \u0161arnyras\",\"isPartOf\":{\"@id\":\"https:\\\/\\\/www.camlock.org\\\/lt\\\/?lang=et\\\/#website\"},\"primaryImageOfPage\":{\"@id\":\"https:\\\/\\\/www.camlock.org\\\/lt\\\/produktas\\\/c-tipo-nylon-camlock-montavimas-moter-jungtys-arnos-arnyras\\\/#primaryimage\"},\"image\":{\"@id\":\"https:\\\/\\\/www.camlock.org\\\/lt\\\/produktas\\\/c-tipo-nylon-camlock-montavimas-moter-jungtys-arnos-arnyras\\\/#primaryimage\"},\"thumbnailUrl\":\"https:\\\/\\\/www.camlock.org\\\/wp-content\\\/uploads\\\/2018\\\/01\\\/Camlock_Nylon_type-C_200mm_A050NL_.jpg\",\"datePublished\":\"2018-01-16T19:13:30+00:00\",\"dateModified\":\"2025-05-16T08:53:07+00:00\",\"description\":\"Moteri\u0161ka jungtis prie \u017earnos galo \u2013 C tipo nailono u\u017eraktas turi moteri\u0161k\u0105 u\u017erakt\u0105 viename gale ir vyri\u0161k\u0105 \u017earnos gal\u0105 kitame gale.\",\"breadcrumb\":{\"@id\":\"https:\\\/\\\/www.camlock.org\\\/lt\\\/produktas\\\/c-tipo-nylon-camlock-montavimas-moter-jungtys-arnos-arnyras\\\/#breadcrumb\"},\"inLanguage\":\"lt-LT\",\"potentialAction\":[{\"@type\":\"ReadAction\",\"target\":[\"https:\\\/\\\/www.camlock.org\\\/lt\\\/produktas\\\/c-tipo-nylon-camlock-montavimas-moter-jungtys-arnos-arnyras\\\/\"]}]},{\"@type\":\"ImageObject\",\"inLanguage\":\"lt-LT\",\"@id\":\"https:\\\/\\\/www.camlock.org\\\/lt\\\/produktas\\\/c-tipo-nylon-camlock-montavimas-moter-jungtys-arnos-arnyras\\\/#primaryimage\",\"url\":\"https:\\\/\\\/www.camlock.org\\\/wp-content\\\/uploads\\\/2018\\\/01\\\/Camlock_Nylon_type-C_200mm_A050NL_.jpg\",\"contentUrl\":\"https:\\\/\\\/www.camlock.org\\\/wp-content\\\/uploads\\\/2018\\\/01\\\/Camlock_Nylon_type-C_200mm_A050NL_.jpg\",\"width\":1000,\"height\":1134,\"caption\":\"Type C Nylon Camlock Fitting\u00a0- Female Coupler \u00d7 Hose Shank\"},{\"@type\":\"BreadcrumbList\",\"@id\":\"https:\\\/\\\/www.camlock.org\\\/lt\\\/produktas\\\/c-tipo-nylon-camlock-montavimas-moter-jungtys-arnos-arnyras\\\/#breadcrumb\",\"itemListElement\":[{\"@type\":\"ListItem\",\"position\":1,\"name\":\"Home\",\"item\":\"https:\\\/\\\/www.camlock.org\\\/lt\\\/prad-ia\\\/\"},{\"@type\":\"ListItem\",\"position\":2,\"name\":\"Parduotuv\u0117\",\"item\":\"https:\\\/\\\/www.camlock.org\\\/lt\\\/d0-bc-d0-b0-d0-b3-d0-b0-d0-b7-d0-b8-d0-bd\\\/\"},{\"@type\":\"ListItem\",\"position\":3,\"name\":\"C tipo Nylon Camlock montavimas &#8211; Moter\u0173 jungtys \u00d7 \u017darnos \u0161arnyras\"}]},{\"@type\":\"WebSite\",\"@id\":\"https:\\\/\\\/www.camlock.org\\\/lt\\\/?lang=et\\\/#website\",\"url\":\"https:\\\/\\\/www.camlock.org\\\/lt\\\/?lang=et\\\/\",\"name\":\"\u041f\u0440\u043e\u0434\u0430\u0436\u0430 \u043a\u0430\u043c\u043b\u043e\u043a (Camlock) \u0441\u043e\u0435\u0434\u0438\u043d\u0435\u043d\u0438\u0439\",\"description\":\"\u041f\u0440\u043e\u0434\u0430\u0436\u0430 \u043a\u0430\u043c\u043b\u043e\u043a (Camlock) \u0441\u043e\u0435\u0434\u0438\u043d\u0435\u043d\u0438\u0439\",\"potentialAction\":[{\"@type\":\"SearchAction\",\"target\":{\"@type\":\"EntryPoint\",\"urlTemplate\":\"https:\\\/\\\/www.camlock.org\\\/lt\\\/?lang=et\\\/?s={search_term_string}\"},\"query-input\":{\"@type\":\"PropertyValueSpecification\",\"valueRequired\":true,\"valueName\":\"search_term_string\"}}],\"inLanguage\":\"lt-LT\"}]}<\/script>\n<!-- \/ Yoast SEO plugin. -->","yoast_head_json":{"title":"C tipo Nylon Camlock montavimas - Moter\u0173 jungtys \u00d7 \u017darnos \u0161arnyras","description":"Moteri\u0161ka jungtis prie \u017earnos galo \u2013 C tipo nailono u\u017eraktas turi moteri\u0161k\u0105 u\u017erakt\u0105 viename gale ir vyri\u0161k\u0105 \u017earnos gal\u0105 kitame gale.","robots":{"index":"index","follow":"follow","max-snippet":"max-snippet:-1","max-image-preview":"max-image-preview:large","max-video-preview":"max-video-preview:-1"},"canonical":"https:\/\/www.camlock.org\/lt\/produktas\/c-tipo-nylon-camlock-montavimas-moter-jungtys-arnos-arnyras\/","og_locale":"lt_LT","og_type":"article","og_title":"C tipo Nylon Camlock montavimas - Moter\u0173 jungtys \u00d7 \u017darnos \u0161arnyras","og_description":"Moteri\u0161ka jungtis prie \u017earnos galo \u2013 C tipo nailono u\u017eraktas turi moteri\u0161k\u0105 u\u017erakt\u0105 viename gale ir vyri\u0161k\u0105 \u017earnos gal\u0105 kitame gale.","og_url":"https:\/\/www.camlock.org\/lt\/produktas\/c-tipo-nylon-camlock-montavimas-moter-jungtys-arnos-arnyras\/","og_site_name":"\u041f\u0440\u043e\u0434\u0430\u0436\u0430 \u043a\u0430\u043c\u043b\u043e\u043a (Camlock) \u0441\u043e\u0435\u0434\u0438\u043d\u0435\u043d\u0438\u0439","article_modified_time":"2025-05-16T08:53:07+00:00","og_image":[{"width":1000,"height":1134,"url":"https:\/\/www.camlock.org\/wp-content\/uploads\/2018\/01\/Camlock_Nylon_type-C_200mm_A050NL_.jpg","type":"image\/jpeg"}],"twitter_card":"summary_large_image","twitter_misc":{"Est. reading time":"1 minut\u0117"},"schema":{"@context":"https:\/\/schema.org","@graph":[{"@type":"WebPage","@id":"https:\/\/www.camlock.org\/lt\/produktas\/c-tipo-nylon-camlock-montavimas-moter-jungtys-arnos-arnyras\/","url":"https:\/\/www.camlock.org\/lt\/produktas\/c-tipo-nylon-camlock-montavimas-moter-jungtys-arnos-arnyras\/","name":"C tipo Nylon Camlock montavimas - Moter\u0173 jungtys \u00d7 \u017darnos \u0161arnyras","isPartOf":{"@id":"https:\/\/www.camlock.org\/lt\/?lang=et\/#website"},"primaryImageOfPage":{"@id":"https:\/\/www.camlock.org\/lt\/produktas\/c-tipo-nylon-camlock-montavimas-moter-jungtys-arnos-arnyras\/#primaryimage"},"image":{"@id":"https:\/\/www.camlock.org\/lt\/produktas\/c-tipo-nylon-camlock-montavimas-moter-jungtys-arnos-arnyras\/#primaryimage"},"thumbnailUrl":"https:\/\/www.camlock.org\/wp-content\/uploads\/2018\/01\/Camlock_Nylon_type-C_200mm_A050NL_.jpg","datePublished":"2018-01-16T19:13:30+00:00","dateModified":"2025-05-16T08:53:07+00:00","description":"Moteri\u0161ka jungtis prie \u017earnos galo \u2013 C tipo nailono u\u017eraktas turi moteri\u0161k\u0105 u\u017erakt\u0105 viename gale ir vyri\u0161k\u0105 \u017earnos gal\u0105 kitame gale.","breadcrumb":{"@id":"https:\/\/www.camlock.org\/lt\/produktas\/c-tipo-nylon-camlock-montavimas-moter-jungtys-arnos-arnyras\/#breadcrumb"},"inLanguage":"lt-LT","potentialAction":[{"@type":"ReadAction","target":["https:\/\/www.camlock.org\/lt\/produktas\/c-tipo-nylon-camlock-montavimas-moter-jungtys-arnos-arnyras\/"]}]},{"@type":"ImageObject","inLanguage":"lt-LT","@id":"https:\/\/www.camlock.org\/lt\/produktas\/c-tipo-nylon-camlock-montavimas-moter-jungtys-arnos-arnyras\/#primaryimage","url":"https:\/\/www.camlock.org\/wp-content\/uploads\/2018\/01\/Camlock_Nylon_type-C_200mm_A050NL_.jpg","contentUrl":"https:\/\/www.camlock.org\/wp-content\/uploads\/2018\/01\/Camlock_Nylon_type-C_200mm_A050NL_.jpg","width":1000,"height":1134,"caption":"Type C Nylon Camlock Fitting\u00a0- Female Coupler \u00d7 Hose Shank"},{"@type":"BreadcrumbList","@id":"https:\/\/www.camlock.org\/lt\/produktas\/c-tipo-nylon-camlock-montavimas-moter-jungtys-arnos-arnyras\/#breadcrumb","itemListElement":[{"@type":"ListItem","position":1,"name":"Home","item":"https:\/\/www.camlock.org\/lt\/prad-ia\/"},{"@type":"ListItem","position":2,"name":"Parduotuv\u0117","item":"https:\/\/www.camlock.org\/lt\/d0-bc-d0-b0-d0-b3-d0-b0-d0-b7-d0-b8-d0-bd\/"},{"@type":"ListItem","position":3,"name":"C tipo Nylon Camlock montavimas &#8211; Moter\u0173 jungtys \u00d7 \u017darnos \u0161arnyras"}]},{"@type":"WebSite","@id":"https:\/\/www.camlock.org\/lt\/?lang=et\/#website","url":"https:\/\/www.camlock.org\/lt\/?lang=et\/","name":"\u041f\u0440\u043e\u0434\u0430\u0436\u0430 \u043a\u0430\u043c\u043b\u043e\u043a (Camlock) \u0441\u043e\u0435\u0434\u0438\u043d\u0435\u043d\u0438\u0439","description":"\u041f\u0440\u043e\u0434\u0430\u0436\u0430 \u043a\u0430\u043c\u043b\u043e\u043a (Camlock) \u0441\u043e\u0435\u0434\u0438\u043d\u0435\u043d\u0438\u0439","potentialAction":[{"@type":"SearchAction","target":{"@type":"EntryPoint","urlTemplate":"https:\/\/www.camlock.org\/lt\/?lang=et\/?s={search_term_string}"},"query-input":{"@type":"PropertyValueSpecification","valueRequired":true,"valueName":"search_term_string"}}],"inLanguage":"lt-LT"}]}},"_links":{"self":[{"href":"https:\/\/www.camlock.org\/lt\/wp-json\/wp\/v2\/product\/9270","targetHints":{"allow":["GET"]}}],"collection":[{"href":"https:\/\/www.camlock.org\/lt\/wp-json\/wp\/v2\/product"}],"about":[{"href":"https:\/\/www.camlock.org\/lt\/wp-json\/wp\/v2\/types\/product"}],"wp:featuredmedia":[{"embeddable":true,"href":"https:\/\/www.camlock.org\/lt\/wp-json\/wp\/v2\/media\/8468"}],"wp:attachment":[{"href":"https:\/\/www.camlock.org\/lt\/wp-json\/wp\/v2\/media?parent=9270"}],"wp:term":[{"taxonomy":"product_brand","embeddable":true,"href":"https:\/\/www.camlock.org\/lt\/wp-json\/wp\/v2\/product_brand?post=9270"},{"taxonomy":"product_cat","embeddable":true,"href":"https:\/\/www.camlock.org\/lt\/wp-json\/wp\/v2\/product_cat?post=9270"},{"taxonomy":"product_tag","embeddable":true,"href":"https:\/\/www.camlock.org\/lt\/wp-json\/wp\/v2\/product_tag?post=9270"}],"curies":[{"name":"wp","href":"https:\/\/api.w.org\/{rel}","templated":true}]}}