{"id":23968,"date":"2025-05-08T20:11:49","date_gmt":"2025-05-08T17:11:49","guid":{"rendered":"https:\/\/www.camlock.org\/konfidencialit-tes-politika\/"},"modified":"2025-05-08T20:11:50","modified_gmt":"2025-05-08T17:11:50","slug":"konfidencialit-tes-politika","status":"publish","type":"page","link":"https:\/\/www.camlock.org\/lv\/konfidencialit-tes-politika\/","title":{"rendered":"Konfidencialit\u0101tes politika"},"content":{"rendered":"\n<h2 class=\"wp-block-heading\">Konfidencialit\u0101tes politika<\/h2>\n\n<p>Camlock.org (Masterchem OU) ir uz\u0146\u0113musies pien\u0101kumu aizsarg\u0101t savu klientu un lietot\u0101ju priv\u0101tumu. T\u0101p\u0113c esam sagatavoju\u0161i \u0161os konfidencialit\u0101tes politikas principus, kas reglament\u0113 klientu datu v\u0101k\u0161anu, izmanto\u0161anu, izpau\u0161anu, nos\u016bt\u012b\u0161anu un uzglab\u0101\u0161anu. M\u016bsu darb\u012bba internet\u0101 atbilst vis\u0101m attiec\u012bgaj\u0101m praks\u0113m, k\u0101 ar\u012b attiec\u012bgajiem ES ties\u012bbu aktiem un Igaunijas Republikas likumiem. L\u016bdzu, veltiet br\u012bdi un p\u0101rskatiet principus, ko m\u0113s piem\u0113rojam konfidencialit\u0101tes jom\u0101.<\/p>\n\n<h2 class=\"wp-block-heading\">Personas datu v\u0101k\u0161ana, apstr\u0101de un uzglab\u0101\u0161ana<\/h2>\n\n<p>Personas dati, kurus p\u0101rzinis v\u0101c, apstr\u0101d\u0101 un glab\u0101, ir v\u0101kti elektroniski, galvenok\u0101rt t\u012bmek\u013ca vietn\u0113, e-past\u0101 un pap\u012bra form\u0101t\u0101.<\/p>\n\n<p>Daloties ar saviem personas datiem, datu subjekts pie\u0161\u0137ir p\u0101rzinim ties\u012bbas v\u0101kt, k\u0101rtot, izmantot un p\u0101rvald\u012bt personas datus, kurus datu subjekts tie\u0161i vai netie\u0161i, ieg\u0101d\u0101joties preces vai pakalpojumus t\u012bmek\u013ca vietn\u0113, tie\u0161i vai netie\u0161i dal\u0101s ar p\u0101rzini, priv\u0101tuma politik\u0101 noteiktajam nol\u016bkam.<\/p>\n\n<p>Datu subjekts ir atbild\u012bgs par savu iesniegto datu precizit\u0101ti, pareiz\u012bbu un integrit\u0101ti. Apzin\u0101ti nepatiesu datu iesnieg\u0161ana tiek uzskat\u012bta par priv\u0101tuma politikas p\u0101rk\u0101pumu. Datu subjektam ir nekav\u0113joties j\u0101inform\u0113 p\u0101rzinis par jebk\u0101d\u0101m izmai\u0146\u0101m iesniegtajos datos.<\/p>\n\n<p>P\u0101rzinis nav atbild\u012bgs par jebk\u0101du kait\u0113jumu vai zaud\u0113jumiem, kas datu subjektam vai tre\u0161ajai personai nodar\u012bti datu subjekta nepatiesu datu iesnieg\u0161anas rezult\u0101t\u0101.<\/p>\n\n<h2 class=\"wp-block-heading\">Klientu personas datu apstr\u0101de<\/h2>\n\n<p>P\u0101rzinis var apstr\u0101d\u0101t \u0161\u0101dus datu subjekta personas datus:<\/p>\n\n<ul class=\"wp-block-list\">\n<li>Kad m\u016bsu t\u012bmek\u013ca vietn\u0113 sniedzat mums savu kontaktinform\u0101ciju (tostarp savu v\u0101rdu, personas kodu, pasta adresi, t\u0101lru\u0146a numuru, e-pasta adresi, v\u0113lamo sazi\u0146as veidu);<\/li>\n\n\n\n<li>kad izmantojat m\u016bsu vietni, dati tiek v\u0101kti, izmantojot j\u016bsu kontu vai s\u012bkfailus;<\/li>\n<\/ul>\n\n<h2 class=\"wp-block-heading\">Citu datu v\u0101k\u0161ana<\/h2>\n\n<p>M\u0113s varam v\u0101kt ar\u012b visp\u0101r\u012bgus datus par to, k\u0101 m\u016bsu klienti mijiedarbojas ar m\u016bsu e-veikaliem un t\u012bmek\u013ca vietni. \u0160ie dati tiek apvienoti un izmantoti, lai sniegtu klientiem noder\u012bg\u0101ku inform\u0101ciju un uzzin\u0101tu, kuras vietnes da\u013cas, produkti un pakalpojumi piesaista visliel\u0101ko interesi. \u0160aj\u0101 konfidencialit\u0101tes politik\u0101 \u0161\u0101di apvienoti dati tiek uzskat\u012bti par nepersonaliz\u0113tiem datiem.<\/p>\n\n<p>Papildus iepriek\u0161 min\u0113tajam p\u0101rzinim ir ties\u012bbas v\u0101kt datus par klientu, kas ir pieejami publiskos re\u0123istros.<\/p>\n\n<h2 class=\"wp-block-heading\">Sav\u0101kto personas datu izmanto\u0161ana un glab\u0101\u0161ana<\/h2>\n\n<p>M\u0113s varam izmantot visus sav\u0101ktos personas datus, lai klientiem r\u0101d\u012btu Camlock.org produktu jaunumus, kampa\u0146as un gaid\u0101mos pas\u0101kumus. Klienti, kuri v\u0113las atteikties no m\u016bsu jaunumu saraksta vai nev\u0113las sa\u0146emt inform\u0101ciju par produktiem, kas vi\u0146us var\u0113tu interes\u0113t, var jebkur\u0101 laik\u0101 atteikties no jaunumu saraksta. M\u0113s ar\u012b izmantojam sav\u0101ktos personas datus, lai pieg\u0101d\u0101tu preces un izpild\u012btu saist\u012bbas, ko esam uz\u0146\u0113mu\u0161ies pret klientu.<br\/>Piekr\u012btot Priv\u0101tuma politikas noteikumiem un nosac\u012bjumiem, klients dod Camlock.org savu piekri\u0161anu automatiz\u0113tai vi\u0146a datu apstr\u0101dei. Savu piekri\u0161anu jebkur\u0101 laik\u0101 varat atsaukt m\u016bsu t\u012bmek\u013ca vietn\u0113 vai nos\u016btot mums piepras\u012bjumu rakstveid\u0101 reproduc\u0113jam\u0101 form\u0101t\u0101. \u0160\u0101diem piepras\u012bjumiem un piekri\u0161an\u0101m nav atpaka\u013cejo\u0161a sp\u0113ka.<\/p>\n\n<p>Lai nodro\u0161in\u0101tu lab\u0101ku klientu apkalpo\u0161anu, es varu izpaust inform\u0101ciju par atsevi\u0161\u0137iem lietot\u0101jiem tre\u0161ajai pusei, kas sniedz pakalpojumus Camlock.org un ir l\u012bgumiski ap\u0146\u0113musies saglab\u0101t konfidencialit\u0101ti attiec\u012bb\u0101 uz jebkuru kop\u012bgoto inform\u0101ciju. \u0160\u0101da tre\u0161\u0101 persona var b\u016bt, piem\u0113ram, m\u016bsu partneris, kura pien\u0101kums ir pieg\u0101d\u0101t m\u016bsu e-veikal\u0101 p\u0101rdot\u0101s preces vai sniegt pirk\u0161anas uz nomaksu pakalpojumus. Par personas datu apstr\u0101di atbild Camlock.org. P\u0101rzinis nos\u016bta personas datus, kas nepiecie\u0161ami maks\u0101jumu veik\u0161anai, apstr\u0101d\u0101t\u0101jam Maksekeskus AS.<\/p>\n\n<p>Camlock.org visus klienta personas datus l\u012bdz br\u012bdim, kad tiek izbeigts loj\u0101l\u0101 klienta l\u012bgums. Datus, kas Camlock.org ir j\u0101glab\u0101 saska\u0146\u0101 ar likumu (piem\u0113ram, gr\u0101matved\u012bbas datus), Camlock.org glab\u0101 saska\u0146\u0101 ar likuma noteikumiem.<\/p>\n\n<h2 class=\"wp-block-heading\">Personas datu dro\u0161\u012bba<\/h2>\n\n<p>Camlock.org veic visus piesardz\u012bbas pas\u0101kumus (tostarp administrat\u012bvus, tehniskus un fiziskus pas\u0101kumus), lai aizsarg\u0101tu klientu personas datus. Tikai pilnvarot\u0101m person\u0101m ir piek\u013cuve personas datiem, lai veiktu groz\u012bjumus un apstr\u0101d\u0101tu tos.<\/p>\n\n<p>M\u0113s saglab\u0101jam personisko inform\u0101ciju tikai stingri noteikto minim\u0101lo laiku. Personas datus m\u0113s glab\u0101jam l\u012bdz 5 gadiem p\u0113c p\u0113d\u0113j\u0101 pas\u016bt\u012bjuma vai apkopes darba veik\u0161anas. Datu glab\u0101\u0161an\u0101 m\u0113s iev\u0113rojam ar\u012b Gr\u0101matved\u012bbas likuma pras\u012bbas.<\/p>\n\n<p>Personas datus, kuru glab\u0101\u0161anas termi\u0146\u0161 ir beidzies, izn\u012bcina vai anonimiz\u0113, izmantojot lab\u0101ko praksi.<\/p>\n\n<h2 class=\"wp-block-heading\">Dro\u0161\u012bba<\/h2>\n\n<p>Visi personas dati, ko j\u016bs sniedzat, apmekl\u0113jot un iep\u0113rkoties Camlock.org e-veikal\u0101, tiek uzskat\u012bti par konfidenci\u0101lu inform\u0101ciju. Izmantojot \u0161ifr\u0113tu datu p\u0101rraides kan\u0101lu ar bank\u0101m, tiek nodro\u0161in\u0101ta pirc\u0113ju personas datu un bankas rekviz\u012btu aizsardz\u012bba.<\/p>\n\n<h2 class=\"wp-block-heading\">Konfidencialit\u0101tes politikas noteikumi un nosac\u012bjumi, k\u0101 ar\u012b t\u0101s groz\u012bjumi<\/h2>\n\n<p>S\u0101kot izmantot m\u016bsu vietni vai aizpildot loj\u0101l\u0101 klienta pieteikumu, j\u016bs apstiprin\u0101t, ka esat izlas\u012bjis \u0161os principus, noteikumus un nosac\u012bjumus un tiem piekr\u012btat. M\u0113s paturam ties\u012bbas nepiecie\u0161am\u012bbas gad\u012bjum\u0101 groz\u012bt \u0161\u012bs konfidencialit\u0101tes politikas visp\u0101r\u012bgos noteikumus un nosac\u012bjumus, par to pazi\u0146ojot visiem loj\u0101lajiem klientiem, ta\u010du m\u0113s dar\u0101m visu iesp\u0113jamo, lai nodro\u0161in\u0101tu, ka m\u016bsu konfidencialit\u0101tes politika tiek past\u0101v\u012bgi atjaunin\u0101ta un ir pieejama jums m\u016bsu vietn\u0113.<\/p>\n\n<p>Ja jums ir k\u0101di jaut\u0101jumi vai ba\u017eas par \u0161o konfidencialit\u0101tes politiku vai datu apstr\u0101di, l\u016bdzu, sazinieties ar mums pa e-pastu <a href=\"mailto:info@camlock.org\">info@camlock.org<\/a>.<\/p>\n\n<p><\/p>\n","protected":false},"excerpt":{"rendered":"<p>Konfidencialit\u0101tes politika Camlock.org (Masterchem OU) ir uz\u0146\u0113musies pien\u0101kumu aizsarg\u0101t savu klientu un lietot\u0101ju priv\u0101tumu. T\u0101p\u0113c esam sagatavoju\u0161i \u0161os konfidencialit\u0101tes politikas principus, kas reglament\u0113 klientu datu v\u0101k\u0161anu, izmanto\u0161anu, izpau\u0161anu, nos\u016bt\u012b\u0161anu un uzglab\u0101\u0161anu. M\u016bsu darb\u012bba internet\u0101 atbilst vis\u0101m attiec\u012bgaj\u0101m praks\u0113m, k\u0101 ar\u012b attiec\u012bgajiem ES ties\u012bbu aktiem un Igaunijas Republikas likumiem. L\u016bdzu, veltiet br\u012bdi un p\u0101rskatiet principus, ko [&hellip;]<\/p>\n","protected":false},"author":1,"featured_media":0,"parent":0,"menu_order":0,"comment_status":"closed","ping_status":"closed","template":"","meta":{"footnotes":""},"class_list":["post-23968","page","type-page","status-publish","hentry"],"yoast_head":"<!-- This site is optimized with the Yoast SEO plugin v27.4 - https:\/\/yoast.com\/product\/yoast-seo-wordpress\/ -->\n<title>Konfidencialit\u0101tes politika - \u041f\u0440\u043e\u0434\u0430\u0436\u0430 \u043a\u0430\u043c\u043b\u043e\u043a (Camlock) \u0441\u043e\u0435\u0434\u0438\u043d\u0435\u043d\u0438\u0439<\/title>\n<meta name=\"robots\" content=\"index, follow, max-snippet:-1, max-image-preview:large, max-video-preview:-1\" \/>\n<link rel=\"canonical\" href=\"https:\/\/www.camlock.org\/lv\/konfidencialit-tes-politika\/\" \/>\n<meta property=\"og:locale\" content=\"lv_LV\" \/>\n<meta property=\"og:type\" content=\"article\" \/>\n<meta property=\"og:title\" content=\"Konfidencialit\u0101tes politika - \u041f\u0440\u043e\u0434\u0430\u0436\u0430 \u043a\u0430\u043c\u043b\u043e\u043a (Camlock) \u0441\u043e\u0435\u0434\u0438\u043d\u0435\u043d\u0438\u0439\" \/>\n<meta property=\"og:description\" content=\"Konfidencialit\u0101tes politika Camlock.org (Masterchem OU) ir uz\u0146\u0113musies pien\u0101kumu aizsarg\u0101t savu klientu un lietot\u0101ju priv\u0101tumu. T\u0101p\u0113c esam sagatavoju\u0161i \u0161os konfidencialit\u0101tes politikas principus, kas reglament\u0113 klientu datu v\u0101k\u0161anu, izmanto\u0161anu, izpau\u0161anu, nos\u016bt\u012b\u0161anu un uzglab\u0101\u0161anu. M\u016bsu darb\u012bba internet\u0101 atbilst vis\u0101m attiec\u012bgaj\u0101m praks\u0113m, k\u0101 ar\u012b attiec\u012bgajiem ES ties\u012bbu aktiem un Igaunijas Republikas likumiem. L\u016bdzu, veltiet br\u012bdi un p\u0101rskatiet principus, ko [&hellip;]\" \/>\n<meta property=\"og:url\" content=\"https:\/\/www.camlock.org\/lv\/konfidencialit-tes-politika\/\" \/>\n<meta property=\"og:site_name\" content=\"\u041f\u0440\u043e\u0434\u0430\u0436\u0430 \u043a\u0430\u043c\u043b\u043e\u043a (Camlock) \u0441\u043e\u0435\u0434\u0438\u043d\u0435\u043d\u0438\u0439\" \/>\n<meta property=\"article:modified_time\" content=\"2025-05-08T17:11:50+00:00\" \/>\n<meta name=\"twitter:card\" content=\"summary_large_image\" \/>\n<meta name=\"twitter:label1\" content=\"Est. reading time\" \/>\n\t<meta name=\"twitter:data1\" content=\"5 minutes\" \/>\n<script type=\"application\/ld+json\" class=\"yoast-schema-graph\">{\"@context\":\"https:\\\/\\\/schema.org\",\"@graph\":[{\"@type\":\"WebPage\",\"@id\":\"https:\\\/\\\/www.camlock.org\\\/lv\\\/konfidencialit-tes-politika\\\/\",\"url\":\"https:\\\/\\\/www.camlock.org\\\/lv\\\/konfidencialit-tes-politika\\\/\",\"name\":\"Konfidencialit\u0101tes politika - \u041f\u0440\u043e\u0434\u0430\u0436\u0430 \u043a\u0430\u043c\u043b\u043e\u043a (Camlock) \u0441\u043e\u0435\u0434\u0438\u043d\u0435\u043d\u0438\u0439\",\"isPartOf\":{\"@id\":\"https:\\\/\\\/www.camlock.org\\\/lv\\\/?lang=et\\\/#website\"},\"datePublished\":\"2025-05-08T17:11:49+00:00\",\"dateModified\":\"2025-05-08T17:11:50+00:00\",\"breadcrumb\":{\"@id\":\"https:\\\/\\\/www.camlock.org\\\/lv\\\/konfidencialit-tes-politika\\\/#breadcrumb\"},\"inLanguage\":\"lv-LV\",\"potentialAction\":[{\"@type\":\"ReadAction\",\"target\":[\"https:\\\/\\\/www.camlock.org\\\/lv\\\/konfidencialit-tes-politika\\\/\"]}]},{\"@type\":\"BreadcrumbList\",\"@id\":\"https:\\\/\\\/www.camlock.org\\\/lv\\\/konfidencialit-tes-politika\\\/#breadcrumb\",\"itemListElement\":[{\"@type\":\"ListItem\",\"position\":1,\"name\":\"Home\",\"item\":\"https:\\\/\\\/www.camlock.org\\\/lv\\\/s-kums\\\/\"},{\"@type\":\"ListItem\",\"position\":2,\"name\":\"Konfidencialit\u0101tes politika\"}]},{\"@type\":\"WebSite\",\"@id\":\"https:\\\/\\\/www.camlock.org\\\/lv\\\/?lang=et\\\/#website\",\"url\":\"https:\\\/\\\/www.camlock.org\\\/lv\\\/?lang=et\\\/\",\"name\":\"\u041f\u0440\u043e\u0434\u0430\u0436\u0430 \u043a\u0430\u043c\u043b\u043e\u043a (Camlock) \u0441\u043e\u0435\u0434\u0438\u043d\u0435\u043d\u0438\u0439\",\"description\":\"\u041f\u0440\u043e\u0434\u0430\u0436\u0430 \u043a\u0430\u043c\u043b\u043e\u043a (Camlock) \u0441\u043e\u0435\u0434\u0438\u043d\u0435\u043d\u0438\u0439\",\"potentialAction\":[{\"@type\":\"SearchAction\",\"target\":{\"@type\":\"EntryPoint\",\"urlTemplate\":\"https:\\\/\\\/www.camlock.org\\\/lv\\\/?lang=et\\\/?s={search_term_string}\"},\"query-input\":{\"@type\":\"PropertyValueSpecification\",\"valueRequired\":true,\"valueName\":\"search_term_string\"}}],\"inLanguage\":\"lv-LV\"}]}<\/script>\n<!-- \/ Yoast SEO plugin. -->","yoast_head_json":{"title":"Konfidencialit\u0101tes politika - \u041f\u0440\u043e\u0434\u0430\u0436\u0430 \u043a\u0430\u043c\u043b\u043e\u043a (Camlock) \u0441\u043e\u0435\u0434\u0438\u043d\u0435\u043d\u0438\u0439","robots":{"index":"index","follow":"follow","max-snippet":"max-snippet:-1","max-image-preview":"max-image-preview:large","max-video-preview":"max-video-preview:-1"},"canonical":"https:\/\/www.camlock.org\/lv\/konfidencialit-tes-politika\/","og_locale":"lv_LV","og_type":"article","og_title":"Konfidencialit\u0101tes politika - \u041f\u0440\u043e\u0434\u0430\u0436\u0430 \u043a\u0430\u043c\u043b\u043e\u043a (Camlock) \u0441\u043e\u0435\u0434\u0438\u043d\u0435\u043d\u0438\u0439","og_description":"Konfidencialit\u0101tes politika Camlock.org (Masterchem OU) ir uz\u0146\u0113musies pien\u0101kumu aizsarg\u0101t savu klientu un lietot\u0101ju priv\u0101tumu. T\u0101p\u0113c esam sagatavoju\u0161i \u0161os konfidencialit\u0101tes politikas principus, kas reglament\u0113 klientu datu v\u0101k\u0161anu, izmanto\u0161anu, izpau\u0161anu, nos\u016bt\u012b\u0161anu un uzglab\u0101\u0161anu. M\u016bsu darb\u012bba internet\u0101 atbilst vis\u0101m attiec\u012bgaj\u0101m praks\u0113m, k\u0101 ar\u012b attiec\u012bgajiem ES ties\u012bbu aktiem un Igaunijas Republikas likumiem. L\u016bdzu, veltiet br\u012bdi un p\u0101rskatiet principus, ko [&hellip;]","og_url":"https:\/\/www.camlock.org\/lv\/konfidencialit-tes-politika\/","og_site_name":"\u041f\u0440\u043e\u0434\u0430\u0436\u0430 \u043a\u0430\u043c\u043b\u043e\u043a (Camlock) \u0441\u043e\u0435\u0434\u0438\u043d\u0435\u043d\u0438\u0439","article_modified_time":"2025-05-08T17:11:50+00:00","twitter_card":"summary_large_image","twitter_misc":{"Est. reading time":"5 minutes"},"schema":{"@context":"https:\/\/schema.org","@graph":[{"@type":"WebPage","@id":"https:\/\/www.camlock.org\/lv\/konfidencialit-tes-politika\/","url":"https:\/\/www.camlock.org\/lv\/konfidencialit-tes-politika\/","name":"Konfidencialit\u0101tes politika - \u041f\u0440\u043e\u0434\u0430\u0436\u0430 \u043a\u0430\u043c\u043b\u043e\u043a (Camlock) \u0441\u043e\u0435\u0434\u0438\u043d\u0435\u043d\u0438\u0439","isPartOf":{"@id":"https:\/\/www.camlock.org\/lv\/?lang=et\/#website"},"datePublished":"2025-05-08T17:11:49+00:00","dateModified":"2025-05-08T17:11:50+00:00","breadcrumb":{"@id":"https:\/\/www.camlock.org\/lv\/konfidencialit-tes-politika\/#breadcrumb"},"inLanguage":"lv-LV","potentialAction":[{"@type":"ReadAction","target":["https:\/\/www.camlock.org\/lv\/konfidencialit-tes-politika\/"]}]},{"@type":"BreadcrumbList","@id":"https:\/\/www.camlock.org\/lv\/konfidencialit-tes-politika\/#breadcrumb","itemListElement":[{"@type":"ListItem","position":1,"name":"Home","item":"https:\/\/www.camlock.org\/lv\/s-kums\/"},{"@type":"ListItem","position":2,"name":"Konfidencialit\u0101tes politika"}]},{"@type":"WebSite","@id":"https:\/\/www.camlock.org\/lv\/?lang=et\/#website","url":"https:\/\/www.camlock.org\/lv\/?lang=et\/","name":"\u041f\u0440\u043e\u0434\u0430\u0436\u0430 \u043a\u0430\u043c\u043b\u043e\u043a (Camlock) \u0441\u043e\u0435\u0434\u0438\u043d\u0435\u043d\u0438\u0439","description":"\u041f\u0440\u043e\u0434\u0430\u0436\u0430 \u043a\u0430\u043c\u043b\u043e\u043a (Camlock) \u0441\u043e\u0435\u0434\u0438\u043d\u0435\u043d\u0438\u0439","potentialAction":[{"@type":"SearchAction","target":{"@type":"EntryPoint","urlTemplate":"https:\/\/www.camlock.org\/lv\/?lang=et\/?s={search_term_string}"},"query-input":{"@type":"PropertyValueSpecification","valueRequired":true,"valueName":"search_term_string"}}],"inLanguage":"lv-LV"}]}},"_links":{"self":[{"href":"https:\/\/www.camlock.org\/lv\/wp-json\/wp\/v2\/pages\/23968","targetHints":{"allow":["GET"]}}],"collection":[{"href":"https:\/\/www.camlock.org\/lv\/wp-json\/wp\/v2\/pages"}],"about":[{"href":"https:\/\/www.camlock.org\/lv\/wp-json\/wp\/v2\/types\/page"}],"author":[{"embeddable":true,"href":"https:\/\/www.camlock.org\/lv\/wp-json\/wp\/v2\/users\/1"}],"replies":[{"embeddable":true,"href":"https:\/\/www.camlock.org\/lv\/wp-json\/wp\/v2\/comments?post=23968"}],"version-history":[{"count":1,"href":"https:\/\/www.camlock.org\/lv\/wp-json\/wp\/v2\/pages\/23968\/revisions"}],"predecessor-version":[{"id":23969,"href":"https:\/\/www.camlock.org\/lv\/wp-json\/wp\/v2\/pages\/23968\/revisions\/23969"}],"wp:attachment":[{"href":"https:\/\/www.camlock.org\/lv\/wp-json\/wp\/v2\/media?parent=23968"}],"curies":[{"name":"wp","href":"https:\/\/api.w.org\/{rel}","templated":true}]}}