{"id":23979,"date":"2025-05-08T21:36:50","date_gmt":"2025-05-08T18:36:50","guid":{"rendered":"https:\/\/www.camlock.org\/noteikumi-un-nosac-jumi\/"},"modified":"2025-05-08T21:36:50","modified_gmt":"2025-05-08T18:36:50","slug":"noteikumi-un-nosac-jumi","status":"publish","type":"page","link":"https:\/\/www.camlock.org\/lv\/noteikumi-un-nosac-jumi\/","title":{"rendered":"Noteikumi un nosac\u012bjumi"},"content":{"rendered":"\n<h2 class=\"wp-block-heading\">Tie\u0161saistes veikala noteikumi un nosac\u012bjumi<\/h2>\n\n<p>Interneta veikala www.camlock.org (turpm\u0101k tekst\u0101 &#8211; Interneta veikals) \u012bpa\u0161nieks ir MasterChem O\u00dc, re\u0123istr\u0101cijas kods 10755076, kas atrodas Lao 4, Maardu 74114 Igaunija.<\/p>\n\n<p>Pirkuma l\u012bguma sp\u0113k\u0101 esam\u012bba, inform\u0101cija par produktu un cenu<\/p>\n\n<p>\u0160ie p\u0101rdo\u0161anas noteikumi attiecas uz pre\u010du ieg\u0101di no Interneta veikala.<\/p>\n\n<p>Interneta veikal\u0101 p\u0101rdoto produktu cenas ir nor\u0101d\u012btas blakus produktiem. Cenai tiek pieskait\u012bta pieg\u0101des maksa. Visas tie\u0161saistes veikal\u0101 p\u0101rdoto pre\u010du cenas ir nor\u0101d\u012btas eiro.  <\/p>\n\n<p>Pieg\u0101des maksa ir atkar\u012bga no pirc\u0113ja atra\u0161an\u0101s vietas un pieg\u0101des veida. Pieg\u0101des maksa tiek par\u0101d\u012bta pirc\u0113jam, veicot pas\u016bt\u012bjumu. <\/p>\n\n<p>Inform\u0101cija par prec\u0113m ir sniegta tie\u0161saistes veikal\u0101 tie\u0161i pie prec\u0113m.<\/p>\n\n<h2 class=\"wp-block-heading\">Pas\u016bt\u012bjumu apstr\u0101de<\/h2>\n\n<p>Lai pas\u016bt\u012btu preces, jums ir j\u0101pievieno v\u0113lamie produkti iepirkumu groz\u0101. Lai pabeigtu pas\u016bt\u012bjumu, ir j\u0101aizpilda nepiecie\u0161amie datu lauki un j\u0101izv\u0113las atbilsto\u0161s pre\u010du pieg\u0101des veids. P\u0113c tam ekr\u0101n\u0101 tiks par\u0101d\u012bta maksas summa, kuru var dro\u0161i samaks\u0101t, izmantojot \u0161\u0101das maks\u0101jumu metodes:  <\/p>\n\n<p>Igaunijas banku maks\u0101jumi: Swedbank, SEB, Luminor, LHV, Coop Pank<br\/>Visa\/Mastercard kar\u0161u maks\u0101jumi<br\/>Pamatojoties uz sagatavotu r\u0113\u0137inu<br\/>Somijas banku saites: Aktia, \u00c5landsbanken, Danske, Handelsbanken, Nordea, Oma S\u00e4\u00e4stopankki, Pohjola, POP Pankki, S-Pankki, S\u00e4\u00e4stopankki<br\/>Latvijas banku maks\u0101jumi: Swedbank, SEB, Citadele, Citadele un Luminor<br\/>Lietuvas banku maks\u0101jumi: Swedbank, SEB, Citadele, \u0160iauliu un Luminor<br\/>NB! Maks\u0101jot ar bankas saiti, bankas lap\u0101 noteikti nospiediet pogu &#8220;Atgriezties pie komersanta&#8221;.<br\/>Maks\u0101jumus starpnieko Maksekeskus AS. Maks\u0101jums notiek \u0101rpus interneta veikala dro\u0161\u0101 vid\u0113 &#8211; maks\u0101jot ar bankas saiti, attiec\u012bg\u0101s bankas dro\u0161\u0101 vid\u0113, bet maks\u0101jot ar kred\u012btkarti, Maksekeskus AS dro\u0161\u0101 vid\u0113. P\u0101rdev\u0113jam nav piek\u013cuves Pirc\u0113ja bankas un kred\u012btkartes datiem. L\u012bgums st\u0101jas sp\u0113k\u0101 p\u0113c maks\u0101juma summas sa\u0146em\u0161anas Interneta veikala nor\u0113\u0137inu kont\u0101.    <\/p>\n\n<p>Interneta veikala \u012bpa\u0161nieks ir personas datu p\u0101rzinis un nodod personas datus, kas nepiecie\u0161ami maks\u0101jumu veik\u0161anai, pilnvarotajam apstr\u0101d\u0101t\u0101jam Maksekeskus AS.<\/p>\n\n<p>Ja pas\u016bt\u012bt\u0101s preces nav iesp\u0113jams pieg\u0101d\u0101t, jo preces nav noliktav\u0101 vai cita iemesla d\u0113\u013c, Pirc\u0113js par to tiks inform\u0113ts p\u0113c iesp\u0113jas \u0101tr\u0101k, un samaks\u0101t\u0101 nauda (ieskaitot pre\u010du pieg\u0101des izmaksas) tiks atmaks\u0101ta nekav\u0113joties, bet ne v\u0113l\u0101k k\u0101 14 dienu laik\u0101 p\u0113c pazi\u0146ojuma nos\u016bt\u012b\u0161anas.<\/p>\n\n<h2 class=\"wp-block-heading\">Pieg\u0101de<\/h2>\n\n<p>Preces tiek s\u016bt\u012btas uz \u0161\u0101d\u0101m valst\u012bm: Igaunija, Latvija, Lietuva, Somija.<\/p>\n\n<p>Pirc\u0113jam ir \u0161\u0101das pre\u010du sa\u0146em\u0161anas iesp\u0113jas: Iesp\u0113ja sa\u0146emt preci: Omniva pakom\u0101ts, Itella pakom\u0101ts, CF&amp;S Estonia AS, Ferroline Group O\u00dc, DSV Estonia AS, iesp\u0113ja sa\u0146emt preci pa\u0161am.<\/p>\n\n<p>Pre\u010du pieg\u0101des izmaksas sedz pirc\u0113js, un atbilsto\u0161\u0101 inform\u0101cija par cenu ir nor\u0101d\u012bta pie pieg\u0101des veida.<\/p>\n\n<p>S\u016bt\u012bjumi Igaunijas teritorij\u0101 parasti sasniedz pirc\u0113ja nor\u0101d\u012bto galam\u0113r\u0137i 5 darba dienu laik\u0101 no pirkuma l\u012bguma sp\u0113k\u0101 st\u0101\u0161an\u0101s dienas. Pieg\u0101de \u0101rpus Igaunijas notiek 14 kalend\u0101ro dienu laik\u0101. <\/p>\n\n<p>Iz\u0146\u0113muma gad\u012bjumos pirc\u0113jam ir ties\u012bbas pieg\u0101d\u0101t preces l\u012bdz 45 kalend\u0101ro dienu laik\u0101.<\/p>\n\n<h2 class=\"wp-block-heading\">Atteikuma ties\u012bbas<\/h2>\n\n<p>P\u0113c pas\u016bt\u012bjuma sa\u0146em\u0161anas pirc\u0113jam ir ties\u012bbas atteikties no interneta veikal\u0101 nosl\u0113gt\u0101 l\u012bguma 14 dienu laik\u0101.<\/p>\n\n<p>Atteikuma ties\u012bbas nav sp\u0113k\u0101, ja pirc\u0113js ir juridiska persona.<\/p>\n\n<p>Lai izmantotu 14 dienu atteikuma ties\u012bbas, pas\u016bt\u012bt\u0101s preces nedr\u012bkst izmantot nek\u0101d\u0101 cit\u0101 veid\u0101, iz\u0146emot to, kas nepiecie\u0161ams, lai p\u0101rbaud\u012btu pre\u010du raksturu, \u012bpa\u0161\u012bbas un darb\u012bbu t\u0101d\u0101 veid\u0101, k\u0101ds at\u013cauts pre\u010du test\u0113\u0161anai fizisk\u0101 veikal\u0101.<\/p>\n\n<p>Ja preces ir izmantotas citiem m\u0113r\u0137iem, nevis tiem, kas ir nepiecie\u0161ami, lai p\u0101rliecin\u0101tos par pre\u010du raksturu, \u012bpa\u0161\u012bb\u0101m un darb\u012bbu, vai ja t\u0101m ir lieto\u0161anas vai nolietojuma paz\u012bmes, Interneta veikalam ir ties\u012bbas samazin\u0101t atgrie\u0161anas maksu atbilsto\u0161i pre\u010du v\u0113rt\u012bbas samazin\u0101jumam.<\/p>\n\n<p>Lai atgrieztu preces, jums ir j\u0101iesniedz piepras\u012bjums par atteik\u0161anos no pre\u010du ieg\u0101des uz e-pasta adresi info@ibc.ee ne v\u0113l\u0101k k\u0101 14 dienu laik\u0101 p\u0113c pre\u010du sa\u0146em\u0161anas.<\/p>\n\n<p>Lai atgrieztu preci, pa e-pastu mums j\u0101nos\u016bta \u0161\u0101da inform\u0101cija:<\/p>\n\n<p>Nosaukums<br\/>T\u0101lru\u0146a numurs<br\/>E-pasts<br\/>R\u0113\u0137ina\/\u010deka numurs<br\/>Atgrie\u017eam\u0101 produkta nosaukums<br\/>Atgrie\u0161anas iemesls<\/p>\n\n<p><br\/>Preces atgrie\u0161anas izmaksas sedz pirc\u0113js, ja vien atgrie\u0161anas iemesls nav t\u0101ds, ka atgrie\u017eam\u0101 prece neatbilst pas\u016bt\u012bjumam (piem\u0113ram, nepareiza vai boj\u0101ta prece).<\/p>\n\n<p>Pirc\u0113jam prece ir j\u0101atdod atpaka\u013c 14 dienu laik\u0101 p\u0113c pieteikuma iesnieg\u0161anas vai j\u0101iesniedz pier\u0101d\u012bjums, ka vi\u0146\u0161 iepriek\u0161 min\u0113taj\u0101 termi\u0146\u0101 ir nodevis preci p\u0101rvad\u0101t\u0101jam.<\/p>\n\n<p>Sa\u0146emot atpaka\u013c preci, interneta veikals nekav\u0113joties atmaks\u0101s visus no pirc\u0113ja sa\u0146emtos maks\u0101jumus saska\u0146\u0101 ar l\u012bgumu, bet ne v\u0113l\u0101k k\u0101 14 dienu laik\u0101 p\u0113c atteikuma pieteikuma sa\u0146em\u0161anas.<\/p>\n\n<p>Tie\u0161saistes veikals var atteikties atmaks\u0101t naudu, kam\u0113r l\u012bguma priek\u0161mets nav atdots atpaka\u013c vai kam\u0113r pirc\u0113js nav iesniedzis pier\u0101d\u012bjumus, ka vi\u0146\u0161 preci ir atdevis, atkar\u012bb\u0101 no t\u0101, kas notiek vispirms.<\/p>\n\n<p>Ja pirc\u0113js ir skaidri izv\u0113l\u0113jies pieg\u0101des veidu, kas nav l\u0113t\u0101kais standarta pieg\u0101des veids, ko pied\u0101v\u0101 Interneta veikals, Interneta veikalam nav j\u0101atmaks\u0101 pat\u0113r\u0113t\u0101jam izmaksas, kas p\u0101rsniedz ar standarta pieg\u0101des veidu saist\u012bt\u0101s izmaksas.<\/p>\n\n<p>Interneta veikalam ir ties\u012bbas atteikties no p\u0101rdo\u0161anas dar\u012bjuma un piepras\u012bt no pirc\u0113ja atgriezt preces, ja k\u013c\u016bdas d\u0113\u013c pre\u010du cena Interneta veikal\u0101 ir nor\u0101d\u012bta iev\u0113rojami zem\u0101ka par pre\u010du tirgus cenu.<\/p>\n\n<ul class=\"wp-block-list\"><\/ul>\n\n<h2 class=\"wp-block-heading\">Ties\u012bbas iesniegt pras\u012bbu<\/h2>\n\n<p>Interneta veikals ir atbild\u012bgs par jebkuru Pirc\u0113jam p\u0101rdoto pre\u010du neatbilst\u012bbu vai defektu, kas past\u0101v\u0113ja jau pre\u010du pieg\u0101des br\u012bd\u012b un kas atkl\u0101jas divu gadu laik\u0101 p\u0113c pre\u010du pieg\u0101des Pirc\u0113jam. Pirmajos se\u0161os m\u0113ne\u0161os p\u0113c pre\u010du pieg\u0101des Pirc\u0113jam tiek uzskat\u012bts, ka defekts past\u0101v\u0113ja jau pre\u010du pieg\u0101des br\u012bd\u012b. Interneta veikala pien\u0101kums ir atsp\u0113kot \u0161o pie\u0146\u0113mumu.  <\/p>\n\n<p>Pirc\u0113jam ir ties\u012bbas sazin\u0101ties ar Interneta veikalu divu m\u0113ne\u0161u laik\u0101 p\u0113c defekta atkl\u0101\u0161anas, nos\u016btot e-pastu uz info@camlock.org vai zvanot uz +372 55513600.<\/p>\n\n<p>Interneta veikals nav atbild\u012bgs par defektiem, kas radu\u0161ies p\u0113c pre\u010du pieg\u0101des Pirc\u0113jam.<\/p>\n\n<p>Ja no Interneta veikala ieg\u0101d\u0101taj\u0101m prec\u0113m ir defekts, par ko Interneta veikals ir atbild\u012bgs, Interneta veikals labos vai nomain\u012bs boj\u0101t\u0101s preces. Ja preces nav iesp\u0113jams salabot vai nomain\u012bt, Interneta veikals atmaks\u0101 Pirc\u0113jam visas ar pirkuma l\u012bgumu saist\u012bt\u0101s maksas. <\/p>\n\n<p>Interneta veikals 15 dienu laik\u0101 atbild\u0113s uz pat\u0113r\u0113t\u0101ja iesniegto s\u016bdz\u012bbu rakstveid\u0101 vai t\u0101d\u0101 form\u0101, ko var atveidot rakstiski.<\/p>\n\n<h2 class=\"wp-block-heading\">Tie\u0161\u0101 tirgved\u012bba un personas datu apstr\u0101de<\/h2>\n\n<p>Interneta veikals izmanto pirc\u0113ja ievad\u012btos personas datus tikai pas\u016bt\u012bjuma apstr\u0101dei un pre\u010du nos\u016bt\u012b\u0161anai pirc\u0113jam. Interneta veikals nodod personas datus uz\u0146\u0113mumiem, kas sniedz transporta pakalpojumus, lai pieg\u0101d\u0101tu preces. <\/p>\n\n<p>Interneta veikals nos\u016bta jaunumus un pied\u0101v\u0101jumus uz pirc\u0113ja e-pasta adresi tikai tad, ja pirc\u0113js ir izteicis v\u0113lmi to dar\u012bt, ievadot savu e-pasta adresi t\u012bmek\u013ca vietn\u0113 un nor\u0101d\u012bjis v\u0113lmi sa\u0146emt tie\u0161\u0101 pasta pazi\u0146ojumus.<\/p>\n\n<p>Pirc\u0113js jebkur\u0101 laik\u0101 var atteikties no pied\u0101v\u0101jumiem un jaunumiem, kas tiek s\u016bt\u012bti uz e-pastu, pazi\u0146ojot mums par to pa e-pastu vai sekojot nor\u0101d\u012bjumiem, kas sniegti e-past\u0101, kur\u0101 ir pied\u0101v\u0101jumi.<\/p>\n\n<h2 class=\"wp-block-heading\">Str\u012bdu iz\u0161\u0137ir\u0161ana<\/h2>\n\n<p>Ja pirc\u0113jam ir k\u0101das s\u016bdz\u012bbas par Interneta veikalu, t\u0101s j\u0101nos\u016bta pa e-pastu uz info@ibc.ee vai pa t\u0101lruni: +372 55513600<\/p>\n\n<p>Ja pirc\u0113js un Interneta veikals nesp\u0113j atrisin\u0101t str\u012bdu, vienojoties, pirc\u0113js var v\u0113rsties Pat\u0113r\u0113t\u0101ju str\u012bdu komisij\u0101. Pirc\u0113jam ir ties\u012bbas sazin\u0101ties ar kompetento uzraudz\u012bbas iest\u0101di, kas ir Pat\u0113r\u0113t\u0101ju ties\u012bbu aizsardz\u012bbas un tehnisk\u0101s uzraudz\u012bbas iest\u0101de: Pronksi 12, 10117 Tallina, e-pasta adrese: info@ttja.ee. Lai atrisin\u0101tu str\u012bdu, pirc\u0113js var v\u0113rsties Pat\u0113r\u0113t\u0101ju str\u012bdu komisij\u0101. Pat\u0113r\u0113t\u0101ju str\u012bdu komisija ir kompetenta risin\u0101t str\u012bdus, kas izriet no starp Pirc\u0113ju un P\u0101rdev\u0113ju nosl\u0113gt\u0101 l\u012bguma un kurus puses nav sp\u0113ju\u0161as atrisin\u0101t vienojoties. Pla\u0161\u0101ku inform\u0101ciju par s\u016bdz\u012bbu risin\u0101\u0161anu skat\u012bt https:\/\/komisjon.ee\/et\/avalduse-esitamine.   <\/p>\n","protected":false},"excerpt":{"rendered":"<p>Tie\u0161saistes veikala noteikumi un nosac\u012bjumi Interneta veikala www.camlock.org (turpm\u0101k tekst\u0101 &#8211; Interneta veikals) \u012bpa\u0161nieks ir MasterChem O\u00dc, re\u0123istr\u0101cijas kods 10755076, kas atrodas Lao 4, Maardu 74114 Igaunija. Pirkuma l\u012bguma sp\u0113k\u0101 esam\u012bba, inform\u0101cija par produktu un cenu \u0160ie p\u0101rdo\u0161anas noteikumi attiecas uz pre\u010du ieg\u0101di no Interneta veikala. Interneta veikal\u0101 p\u0101rdoto produktu cenas ir nor\u0101d\u012btas blakus produktiem. [&hellip;]<\/p>\n","protected":false},"author":3,"featured_media":0,"parent":0,"menu_order":0,"comment_status":"closed","ping_status":"closed","template":"","meta":{"footnotes":""},"class_list":["post-23979","page","type-page","status-publish","hentry"],"yoast_head":"<!-- This site is optimized with the Yoast SEO plugin v27.4 - https:\/\/yoast.com\/product\/yoast-seo-wordpress\/ -->\n<title>Noteikumi un nosac\u012bjumi - \u041f\u0440\u043e\u0434\u0430\u0436\u0430 \u043a\u0430\u043c\u043b\u043e\u043a (Camlock) \u0441\u043e\u0435\u0434\u0438\u043d\u0435\u043d\u0438\u0439<\/title>\n<meta name=\"robots\" content=\"index, follow, max-snippet:-1, max-image-preview:large, max-video-preview:-1\" \/>\n<link rel=\"canonical\" href=\"https:\/\/www.camlock.org\/lv\/noteikumi-un-nosac-jumi\/\" \/>\n<meta property=\"og:locale\" content=\"lv_LV\" \/>\n<meta property=\"og:type\" content=\"article\" \/>\n<meta property=\"og:title\" content=\"Noteikumi un nosac\u012bjumi - \u041f\u0440\u043e\u0434\u0430\u0436\u0430 \u043a\u0430\u043c\u043b\u043e\u043a (Camlock) \u0441\u043e\u0435\u0434\u0438\u043d\u0435\u043d\u0438\u0439\" \/>\n<meta property=\"og:description\" content=\"Tie\u0161saistes veikala noteikumi un nosac\u012bjumi Interneta veikala www.camlock.org (turpm\u0101k tekst\u0101 &#8211; Interneta veikals) \u012bpa\u0161nieks ir MasterChem O\u00dc, re\u0123istr\u0101cijas kods 10755076, kas atrodas Lao 4, Maardu 74114 Igaunija. Pirkuma l\u012bguma sp\u0113k\u0101 esam\u012bba, inform\u0101cija par produktu un cenu \u0160ie p\u0101rdo\u0161anas noteikumi attiecas uz pre\u010du ieg\u0101di no Interneta veikala. Interneta veikal\u0101 p\u0101rdoto produktu cenas ir nor\u0101d\u012btas blakus produktiem. [&hellip;]\" \/>\n<meta property=\"og:url\" content=\"https:\/\/www.camlock.org\/lv\/noteikumi-un-nosac-jumi\/\" \/>\n<meta property=\"og:site_name\" content=\"\u041f\u0440\u043e\u0434\u0430\u0436\u0430 \u043a\u0430\u043c\u043b\u043e\u043a (Camlock) \u0441\u043e\u0435\u0434\u0438\u043d\u0435\u043d\u0438\u0439\" \/>\n<meta name=\"twitter:card\" content=\"summary_large_image\" \/>\n<meta name=\"twitter:label1\" content=\"Est. reading time\" \/>\n\t<meta name=\"twitter:data1\" content=\"8 minutes\" \/>\n<script type=\"application\/ld+json\" class=\"yoast-schema-graph\">{\"@context\":\"https:\\\/\\\/schema.org\",\"@graph\":[{\"@type\":\"WebPage\",\"@id\":\"https:\\\/\\\/www.camlock.org\\\/lv\\\/noteikumi-un-nosac-jumi\\\/\",\"url\":\"https:\\\/\\\/www.camlock.org\\\/lv\\\/noteikumi-un-nosac-jumi\\\/\",\"name\":\"Noteikumi un nosac\u012bjumi - \u041f\u0440\u043e\u0434\u0430\u0436\u0430 \u043a\u0430\u043c\u043b\u043e\u043a (Camlock) \u0441\u043e\u0435\u0434\u0438\u043d\u0435\u043d\u0438\u0439\",\"isPartOf\":{\"@id\":\"https:\\\/\\\/www.camlock.org\\\/lv\\\/?lang=et\\\/#website\"},\"datePublished\":\"2025-05-08T18:36:50+00:00\",\"breadcrumb\":{\"@id\":\"https:\\\/\\\/www.camlock.org\\\/lv\\\/noteikumi-un-nosac-jumi\\\/#breadcrumb\"},\"inLanguage\":\"lv-LV\",\"potentialAction\":[{\"@type\":\"ReadAction\",\"target\":[\"https:\\\/\\\/www.camlock.org\\\/lv\\\/noteikumi-un-nosac-jumi\\\/\"]}]},{\"@type\":\"BreadcrumbList\",\"@id\":\"https:\\\/\\\/www.camlock.org\\\/lv\\\/noteikumi-un-nosac-jumi\\\/#breadcrumb\",\"itemListElement\":[{\"@type\":\"ListItem\",\"position\":1,\"name\":\"Home\",\"item\":\"https:\\\/\\\/www.camlock.org\\\/lv\\\/s-kums\\\/\"},{\"@type\":\"ListItem\",\"position\":2,\"name\":\"Noteikumi un nosac\u012bjumi\"}]},{\"@type\":\"WebSite\",\"@id\":\"https:\\\/\\\/www.camlock.org\\\/lv\\\/?lang=et\\\/#website\",\"url\":\"https:\\\/\\\/www.camlock.org\\\/lv\\\/?lang=et\\\/\",\"name\":\"\u041f\u0440\u043e\u0434\u0430\u0436\u0430 \u043a\u0430\u043c\u043b\u043e\u043a (Camlock) \u0441\u043e\u0435\u0434\u0438\u043d\u0435\u043d\u0438\u0439\",\"description\":\"\u041f\u0440\u043e\u0434\u0430\u0436\u0430 \u043a\u0430\u043c\u043b\u043e\u043a (Camlock) \u0441\u043e\u0435\u0434\u0438\u043d\u0435\u043d\u0438\u0439\",\"potentialAction\":[{\"@type\":\"SearchAction\",\"target\":{\"@type\":\"EntryPoint\",\"urlTemplate\":\"https:\\\/\\\/www.camlock.org\\\/lv\\\/?lang=et\\\/?s={search_term_string}\"},\"query-input\":{\"@type\":\"PropertyValueSpecification\",\"valueRequired\":true,\"valueName\":\"search_term_string\"}}],\"inLanguage\":\"lv-LV\"}]}<\/script>\n<!-- \/ Yoast SEO plugin. -->","yoast_head_json":{"title":"Noteikumi un nosac\u012bjumi - \u041f\u0440\u043e\u0434\u0430\u0436\u0430 \u043a\u0430\u043c\u043b\u043e\u043a (Camlock) \u0441\u043e\u0435\u0434\u0438\u043d\u0435\u043d\u0438\u0439","robots":{"index":"index","follow":"follow","max-snippet":"max-snippet:-1","max-image-preview":"max-image-preview:large","max-video-preview":"max-video-preview:-1"},"canonical":"https:\/\/www.camlock.org\/lv\/noteikumi-un-nosac-jumi\/","og_locale":"lv_LV","og_type":"article","og_title":"Noteikumi un nosac\u012bjumi - \u041f\u0440\u043e\u0434\u0430\u0436\u0430 \u043a\u0430\u043c\u043b\u043e\u043a (Camlock) \u0441\u043e\u0435\u0434\u0438\u043d\u0435\u043d\u0438\u0439","og_description":"Tie\u0161saistes veikala noteikumi un nosac\u012bjumi Interneta veikala www.camlock.org (turpm\u0101k tekst\u0101 &#8211; Interneta veikals) \u012bpa\u0161nieks ir MasterChem O\u00dc, re\u0123istr\u0101cijas kods 10755076, kas atrodas Lao 4, Maardu 74114 Igaunija. Pirkuma l\u012bguma sp\u0113k\u0101 esam\u012bba, inform\u0101cija par produktu un cenu \u0160ie p\u0101rdo\u0161anas noteikumi attiecas uz pre\u010du ieg\u0101di no Interneta veikala. Interneta veikal\u0101 p\u0101rdoto produktu cenas ir nor\u0101d\u012btas blakus produktiem. [&hellip;]","og_url":"https:\/\/www.camlock.org\/lv\/noteikumi-un-nosac-jumi\/","og_site_name":"\u041f\u0440\u043e\u0434\u0430\u0436\u0430 \u043a\u0430\u043c\u043b\u043e\u043a (Camlock) \u0441\u043e\u0435\u0434\u0438\u043d\u0435\u043d\u0438\u0439","twitter_card":"summary_large_image","twitter_misc":{"Est. reading time":"8 minutes"},"schema":{"@context":"https:\/\/schema.org","@graph":[{"@type":"WebPage","@id":"https:\/\/www.camlock.org\/lv\/noteikumi-un-nosac-jumi\/","url":"https:\/\/www.camlock.org\/lv\/noteikumi-un-nosac-jumi\/","name":"Noteikumi un nosac\u012bjumi - \u041f\u0440\u043e\u0434\u0430\u0436\u0430 \u043a\u0430\u043c\u043b\u043e\u043a (Camlock) \u0441\u043e\u0435\u0434\u0438\u043d\u0435\u043d\u0438\u0439","isPartOf":{"@id":"https:\/\/www.camlock.org\/lv\/?lang=et\/#website"},"datePublished":"2025-05-08T18:36:50+00:00","breadcrumb":{"@id":"https:\/\/www.camlock.org\/lv\/noteikumi-un-nosac-jumi\/#breadcrumb"},"inLanguage":"lv-LV","potentialAction":[{"@type":"ReadAction","target":["https:\/\/www.camlock.org\/lv\/noteikumi-un-nosac-jumi\/"]}]},{"@type":"BreadcrumbList","@id":"https:\/\/www.camlock.org\/lv\/noteikumi-un-nosac-jumi\/#breadcrumb","itemListElement":[{"@type":"ListItem","position":1,"name":"Home","item":"https:\/\/www.camlock.org\/lv\/s-kums\/"},{"@type":"ListItem","position":2,"name":"Noteikumi un nosac\u012bjumi"}]},{"@type":"WebSite","@id":"https:\/\/www.camlock.org\/lv\/?lang=et\/#website","url":"https:\/\/www.camlock.org\/lv\/?lang=et\/","name":"\u041f\u0440\u043e\u0434\u0430\u0436\u0430 \u043a\u0430\u043c\u043b\u043e\u043a (Camlock) \u0441\u043e\u0435\u0434\u0438\u043d\u0435\u043d\u0438\u0439","description":"\u041f\u0440\u043e\u0434\u0430\u0436\u0430 \u043a\u0430\u043c\u043b\u043e\u043a (Camlock) \u0441\u043e\u0435\u0434\u0438\u043d\u0435\u043d\u0438\u0439","potentialAction":[{"@type":"SearchAction","target":{"@type":"EntryPoint","urlTemplate":"https:\/\/www.camlock.org\/lv\/?lang=et\/?s={search_term_string}"},"query-input":{"@type":"PropertyValueSpecification","valueRequired":true,"valueName":"search_term_string"}}],"inLanguage":"lv-LV"}]}},"_links":{"self":[{"href":"https:\/\/www.camlock.org\/lv\/wp-json\/wp\/v2\/pages\/23979","targetHints":{"allow":["GET"]}}],"collection":[{"href":"https:\/\/www.camlock.org\/lv\/wp-json\/wp\/v2\/pages"}],"about":[{"href":"https:\/\/www.camlock.org\/lv\/wp-json\/wp\/v2\/types\/page"}],"author":[{"embeddable":true,"href":"https:\/\/www.camlock.org\/lv\/wp-json\/wp\/v2\/users\/3"}],"replies":[{"embeddable":true,"href":"https:\/\/www.camlock.org\/lv\/wp-json\/wp\/v2\/comments?post=23979"}],"version-history":[{"count":1,"href":"https:\/\/www.camlock.org\/lv\/wp-json\/wp\/v2\/pages\/23979\/revisions"}],"predecessor-version":[{"id":23980,"href":"https:\/\/www.camlock.org\/lv\/wp-json\/wp\/v2\/pages\/23979\/revisions\/23980"}],"wp:attachment":[{"href":"https:\/\/www.camlock.org\/lv\/wp-json\/wp\/v2\/media?parent=23979"}],"curies":[{"name":"wp","href":"https:\/\/api.w.org\/{rel}","templated":true}]}}