{"id":10218,"date":"2018-01-18T17:49:19","date_gmt":"2018-01-18T14:49:19","guid":{"rendered":"https:\/\/www.camlock.org\/product\/type-e-nylon-camlock-fitting-male-coupler-x-hose-shank\/"},"modified":"2025-05-15T16:35:06","modified_gmt":"2025-05-15T13:35:06","slug":"e-tipa-neilona-savienojums-ar-aizb-dni-savienot-js-tenes-k-ts","status":"publish","type":"product","link":"https:\/\/www.camlock.org\/lv\/product\/e-tipa-neilona-savienojums-ar-aizb-dni-savienot-js-tenes-k-ts\/","title":{"rendered":"E tipa neilona savienojums ar aizb\u012bdni &#8211; savienot\u0101js \u00d7 \u0161\u013c\u016btenes k\u0101ts"},"content":{"rendered":"<p>E tipa adapteris &#8211; neilona v\u0101ci\u0146u un rievu savienot\u0101js x \u0161\u013c\u016btenes k\u0101ts. E tipa adapteri parasti tiek izmantoti ar C tipa savienot\u0101jiem, bet tos var izmantot ar\u012b ar identiska izm\u0113ra B un D tipa savienot\u0101jiem vai DC (putek\u013cu v\u0101ci\u0146u). Neilona, PP, alum\u012bnija, ner\u016bs\u0113jo\u0161\u0101 t\u0113rauda vai misi\u0146a Camlock savienot\u0101ji sast\u0101v no div\u0101m da\u013c\u0101m &#8211; adaptera un savienot\u0101ja. Ievietojiet adapteri t\u0101da pa\u0161a izm\u0113ra savienot\u0101j\u0101 un ievietojiet uz leju izci\u013c\u0146us, tad bl\u012bv\u0113\u0161ana ir pabeigta.   <\/p>\n","protected":false},"excerpt":{"rendered":"<p>E tipa adapteris &#8211; neilona v\u0101ci\u0146u un rievu savienot\u0101js x \u0161\u013c\u016btenes k\u0101ts. E tipa adapteri parasti tiek izmantoti ar C tipa savienot\u0101jiem, bet tos var izmantot ar\u012b ar identiska izm\u0113ra B un D tipa savienot\u0101jiem vai DC (putek\u013cu v\u0101ci\u0146u). Neilona, PP, alum\u012bnija, ner\u016bs\u0113jo\u0161\u0101 t\u0113rauda vai misi\u0146a Camlock savienot\u0101ji sast\u0101v no div\u0101m da\u013c\u0101m &#8211; adaptera un savienot\u0101ja. Ievietojiet adapteri t\u0101da pa\u0161a izm\u0113ra savienot\u0101j\u0101 un ievietojiet uz leju izci\u013c\u0146us, tad bl\u012bv\u0113\u0161ana ir pabeigta.   <\/p>\n","protected":false},"featured_media":8777,"template":"","meta":[],"product_brand":[],"product_cat":[180],"product_tag":[181,277],"class_list":{"0":"post-10218","1":"product","2":"type-product","3":"status-publish","4":"has-post-thumbnail","6":"product_cat-nylon-camlock-couplings-lv","7":"product_tag-nylon-lv","8":"product_tag-type-e-lv","10":"first","11":"instock","12":"taxable","13":"shipping-taxable","14":"purchasable","15":"product-type-variable"},"yoast_head":"<!-- This site is optimized with the Yoast SEO plugin v27.4 - https:\/\/yoast.com\/product\/yoast-seo-wordpress\/ -->\n<title>E tipa neilona savienojums ar aizb\u012bdni - savienot\u0101js \u00d7 \u0161\u013c\u016btenes k\u0101ts<\/title>\n<meta name=\"description\" content=\"E tipa adapteris - neilona v\u0101ci\u0146u un rievu savienot\u0101js x \u0161\u013c\u016btenes k\u0101ts. E tipa adapteri parasti tiek izmantoti ar C tipa savienot\u0101jiem, bet tos var izmantot ar\u012b ar identiska izm\u0113ra B un D tipa savienot\u0101jiem vai DC (putek\u013cu v\u0101ci\u0146u).\" \/>\n<meta name=\"robots\" content=\"index, follow, max-snippet:-1, max-image-preview:large, max-video-preview:-1\" \/>\n<link rel=\"canonical\" href=\"https:\/\/www.camlock.org\/lv\/product\/e-tipa-neilona-savienojums-ar-aizb-dni-savienot-js-tenes-k-ts\/\" \/>\n<meta property=\"og:locale\" content=\"lv_LV\" \/>\n<meta property=\"og:type\" content=\"article\" \/>\n<meta property=\"og:title\" content=\"E tipa neilona savienojums ar aizb\u012bdni - savienot\u0101js \u00d7 \u0161\u013c\u016btenes k\u0101ts\" \/>\n<meta property=\"og:description\" content=\"E tipa adapteris - neilona v\u0101ci\u0146u un rievu savienot\u0101js x \u0161\u013c\u016btenes k\u0101ts. E tipa adapteri parasti tiek izmantoti ar C tipa savienot\u0101jiem, bet tos var izmantot ar\u012b ar identiska izm\u0113ra B un D tipa savienot\u0101jiem vai DC (putek\u013cu v\u0101ci\u0146u).\" \/>\n<meta property=\"og:url\" content=\"https:\/\/www.camlock.org\/lv\/product\/e-tipa-neilona-savienojums-ar-aizb-dni-savienot-js-tenes-k-ts\/\" \/>\n<meta property=\"og:site_name\" content=\"\u041f\u0440\u043e\u0434\u0430\u0436\u0430 \u043a\u0430\u043c\u043b\u043e\u043a (Camlock) \u0441\u043e\u0435\u0434\u0438\u043d\u0435\u043d\u0438\u0439\" \/>\n<meta property=\"article:modified_time\" content=\"2025-05-15T13:35:06+00:00\" \/>\n<meta property=\"og:image\" content=\"https:\/\/www.camlock.org\/wp-content\/uploads\/2018\/01\/Camlock_Nylon_type-E_50mm_E200NY_.jpg\" \/>\n\t<meta property=\"og:image:width\" content=\"1000\" \/>\n\t<meta property=\"og:image:height\" content=\"1134\" \/>\n\t<meta property=\"og:image:type\" content=\"image\/jpeg\" \/>\n<meta name=\"twitter:card\" content=\"summary_large_image\" \/>\n<meta name=\"twitter:label1\" content=\"Est. reading time\" \/>\n\t<meta name=\"twitter:data1\" content=\"1 minute\" \/>\n<script type=\"application\/ld+json\" class=\"yoast-schema-graph\">{\"@context\":\"https:\\\/\\\/schema.org\",\"@graph\":[{\"@type\":\"WebPage\",\"@id\":\"https:\\\/\\\/www.camlock.org\\\/lv\\\/product\\\/e-tipa-neilona-savienojums-ar-aizb-dni-savienot-js-tenes-k-ts\\\/\",\"url\":\"https:\\\/\\\/www.camlock.org\\\/lv\\\/product\\\/e-tipa-neilona-savienojums-ar-aizb-dni-savienot-js-tenes-k-ts\\\/\",\"name\":\"E tipa neilona savienojums ar aizb\u012bdni - savienot\u0101js \u00d7 \u0161\u013c\u016btenes k\u0101ts\",\"isPartOf\":{\"@id\":\"https:\\\/\\\/www.camlock.org\\\/lv\\\/?lang=et\\\/#website\"},\"primaryImageOfPage\":{\"@id\":\"https:\\\/\\\/www.camlock.org\\\/lv\\\/product\\\/e-tipa-neilona-savienojums-ar-aizb-dni-savienot-js-tenes-k-ts\\\/#primaryimage\"},\"image\":{\"@id\":\"https:\\\/\\\/www.camlock.org\\\/lv\\\/product\\\/e-tipa-neilona-savienojums-ar-aizb-dni-savienot-js-tenes-k-ts\\\/#primaryimage\"},\"thumbnailUrl\":\"https:\\\/\\\/www.camlock.org\\\/wp-content\\\/uploads\\\/2018\\\/01\\\/Camlock_Nylon_type-E_50mm_E200NY_.jpg\",\"datePublished\":\"2018-01-18T14:49:19+00:00\",\"dateModified\":\"2025-05-15T13:35:06+00:00\",\"description\":\"E tipa adapteris - neilona v\u0101ci\u0146u un rievu savienot\u0101js x \u0161\u013c\u016btenes k\u0101ts. E tipa adapteri parasti tiek izmantoti ar C tipa savienot\u0101jiem, bet tos var izmantot ar\u012b ar identiska izm\u0113ra B un D tipa savienot\u0101jiem vai DC (putek\u013cu v\u0101ci\u0146u).\",\"breadcrumb\":{\"@id\":\"https:\\\/\\\/www.camlock.org\\\/lv\\\/product\\\/e-tipa-neilona-savienojums-ar-aizb-dni-savienot-js-tenes-k-ts\\\/#breadcrumb\"},\"inLanguage\":\"lv-LV\",\"potentialAction\":[{\"@type\":\"ReadAction\",\"target\":[\"https:\\\/\\\/www.camlock.org\\\/lv\\\/product\\\/e-tipa-neilona-savienojums-ar-aizb-dni-savienot-js-tenes-k-ts\\\/\"]}]},{\"@type\":\"ImageObject\",\"inLanguage\":\"lv-LV\",\"@id\":\"https:\\\/\\\/www.camlock.org\\\/lv\\\/product\\\/e-tipa-neilona-savienojums-ar-aizb-dni-savienot-js-tenes-k-ts\\\/#primaryimage\",\"url\":\"https:\\\/\\\/www.camlock.org\\\/wp-content\\\/uploads\\\/2018\\\/01\\\/Camlock_Nylon_type-E_50mm_E200NY_.jpg\",\"contentUrl\":\"https:\\\/\\\/www.camlock.org\\\/wp-content\\\/uploads\\\/2018\\\/01\\\/Camlock_Nylon_type-E_50mm_E200NY_.jpg\",\"width\":1000,\"height\":1134,\"caption\":\"Type E Nylon Camlock Fitting\u00a0- Male Coupler \u00d7 Hose Shank\"},{\"@type\":\"BreadcrumbList\",\"@id\":\"https:\\\/\\\/www.camlock.org\\\/lv\\\/product\\\/e-tipa-neilona-savienojums-ar-aizb-dni-savienot-js-tenes-k-ts\\\/#breadcrumb\",\"itemListElement\":[{\"@type\":\"ListItem\",\"position\":1,\"name\":\"Home\",\"item\":\"https:\\\/\\\/www.camlock.org\\\/lv\\\/s-kums\\\/\"},{\"@type\":\"ListItem\",\"position\":2,\"name\":\"Veikals\",\"item\":\"https:\\\/\\\/www.camlock.org\\\/lv\\\/d0-bc-d0-b0-d0-b3-d0-b0-d0-b7-d0-b8-d0-bd\\\/\"},{\"@type\":\"ListItem\",\"position\":3,\"name\":\"E tipa neilona savienojums ar aizb\u012bdni &#8211; savienot\u0101js \u00d7 \u0161\u013c\u016btenes k\u0101ts\"}]},{\"@type\":\"WebSite\",\"@id\":\"https:\\\/\\\/www.camlock.org\\\/lv\\\/?lang=et\\\/#website\",\"url\":\"https:\\\/\\\/www.camlock.org\\\/lv\\\/?lang=et\\\/\",\"name\":\"\u041f\u0440\u043e\u0434\u0430\u0436\u0430 \u043a\u0430\u043c\u043b\u043e\u043a (Camlock) \u0441\u043e\u0435\u0434\u0438\u043d\u0435\u043d\u0438\u0439\",\"description\":\"\u041f\u0440\u043e\u0434\u0430\u0436\u0430 \u043a\u0430\u043c\u043b\u043e\u043a (Camlock) \u0441\u043e\u0435\u0434\u0438\u043d\u0435\u043d\u0438\u0439\",\"potentialAction\":[{\"@type\":\"SearchAction\",\"target\":{\"@type\":\"EntryPoint\",\"urlTemplate\":\"https:\\\/\\\/www.camlock.org\\\/lv\\\/?lang=et\\\/?s={search_term_string}\"},\"query-input\":{\"@type\":\"PropertyValueSpecification\",\"valueRequired\":true,\"valueName\":\"search_term_string\"}}],\"inLanguage\":\"lv-LV\"}]}<\/script>\n<!-- \/ Yoast SEO plugin. -->","yoast_head_json":{"title":"E tipa neilona savienojums ar aizb\u012bdni - savienot\u0101js \u00d7 \u0161\u013c\u016btenes k\u0101ts","description":"E tipa adapteris - neilona v\u0101ci\u0146u un rievu savienot\u0101js x \u0161\u013c\u016btenes k\u0101ts. E tipa adapteri parasti tiek izmantoti ar C tipa savienot\u0101jiem, bet tos var izmantot ar\u012b ar identiska izm\u0113ra B un D tipa savienot\u0101jiem vai DC (putek\u013cu v\u0101ci\u0146u).","robots":{"index":"index","follow":"follow","max-snippet":"max-snippet:-1","max-image-preview":"max-image-preview:large","max-video-preview":"max-video-preview:-1"},"canonical":"https:\/\/www.camlock.org\/lv\/product\/e-tipa-neilona-savienojums-ar-aizb-dni-savienot-js-tenes-k-ts\/","og_locale":"lv_LV","og_type":"article","og_title":"E tipa neilona savienojums ar aizb\u012bdni - savienot\u0101js \u00d7 \u0161\u013c\u016btenes k\u0101ts","og_description":"E tipa adapteris - neilona v\u0101ci\u0146u un rievu savienot\u0101js x \u0161\u013c\u016btenes k\u0101ts. E tipa adapteri parasti tiek izmantoti ar C tipa savienot\u0101jiem, bet tos var izmantot ar\u012b ar identiska izm\u0113ra B un D tipa savienot\u0101jiem vai DC (putek\u013cu v\u0101ci\u0146u).","og_url":"https:\/\/www.camlock.org\/lv\/product\/e-tipa-neilona-savienojums-ar-aizb-dni-savienot-js-tenes-k-ts\/","og_site_name":"\u041f\u0440\u043e\u0434\u0430\u0436\u0430 \u043a\u0430\u043c\u043b\u043e\u043a (Camlock) \u0441\u043e\u0435\u0434\u0438\u043d\u0435\u043d\u0438\u0439","article_modified_time":"2025-05-15T13:35:06+00:00","og_image":[{"width":1000,"height":1134,"url":"https:\/\/www.camlock.org\/wp-content\/uploads\/2018\/01\/Camlock_Nylon_type-E_50mm_E200NY_.jpg","type":"image\/jpeg"}],"twitter_card":"summary_large_image","twitter_misc":{"Est. reading time":"1 minute"},"schema":{"@context":"https:\/\/schema.org","@graph":[{"@type":"WebPage","@id":"https:\/\/www.camlock.org\/lv\/product\/e-tipa-neilona-savienojums-ar-aizb-dni-savienot-js-tenes-k-ts\/","url":"https:\/\/www.camlock.org\/lv\/product\/e-tipa-neilona-savienojums-ar-aizb-dni-savienot-js-tenes-k-ts\/","name":"E tipa neilona savienojums ar aizb\u012bdni - savienot\u0101js \u00d7 \u0161\u013c\u016btenes k\u0101ts","isPartOf":{"@id":"https:\/\/www.camlock.org\/lv\/?lang=et\/#website"},"primaryImageOfPage":{"@id":"https:\/\/www.camlock.org\/lv\/product\/e-tipa-neilona-savienojums-ar-aizb-dni-savienot-js-tenes-k-ts\/#primaryimage"},"image":{"@id":"https:\/\/www.camlock.org\/lv\/product\/e-tipa-neilona-savienojums-ar-aizb-dni-savienot-js-tenes-k-ts\/#primaryimage"},"thumbnailUrl":"https:\/\/www.camlock.org\/wp-content\/uploads\/2018\/01\/Camlock_Nylon_type-E_50mm_E200NY_.jpg","datePublished":"2018-01-18T14:49:19+00:00","dateModified":"2025-05-15T13:35:06+00:00","description":"E tipa adapteris - neilona v\u0101ci\u0146u un rievu savienot\u0101js x \u0161\u013c\u016btenes k\u0101ts. E tipa adapteri parasti tiek izmantoti ar C tipa savienot\u0101jiem, bet tos var izmantot ar\u012b ar identiska izm\u0113ra B un D tipa savienot\u0101jiem vai DC (putek\u013cu v\u0101ci\u0146u).","breadcrumb":{"@id":"https:\/\/www.camlock.org\/lv\/product\/e-tipa-neilona-savienojums-ar-aizb-dni-savienot-js-tenes-k-ts\/#breadcrumb"},"inLanguage":"lv-LV","potentialAction":[{"@type":"ReadAction","target":["https:\/\/www.camlock.org\/lv\/product\/e-tipa-neilona-savienojums-ar-aizb-dni-savienot-js-tenes-k-ts\/"]}]},{"@type":"ImageObject","inLanguage":"lv-LV","@id":"https:\/\/www.camlock.org\/lv\/product\/e-tipa-neilona-savienojums-ar-aizb-dni-savienot-js-tenes-k-ts\/#primaryimage","url":"https:\/\/www.camlock.org\/wp-content\/uploads\/2018\/01\/Camlock_Nylon_type-E_50mm_E200NY_.jpg","contentUrl":"https:\/\/www.camlock.org\/wp-content\/uploads\/2018\/01\/Camlock_Nylon_type-E_50mm_E200NY_.jpg","width":1000,"height":1134,"caption":"Type E Nylon Camlock Fitting\u00a0- Male Coupler \u00d7 Hose Shank"},{"@type":"BreadcrumbList","@id":"https:\/\/www.camlock.org\/lv\/product\/e-tipa-neilona-savienojums-ar-aizb-dni-savienot-js-tenes-k-ts\/#breadcrumb","itemListElement":[{"@type":"ListItem","position":1,"name":"Home","item":"https:\/\/www.camlock.org\/lv\/s-kums\/"},{"@type":"ListItem","position":2,"name":"Veikals","item":"https:\/\/www.camlock.org\/lv\/d0-bc-d0-b0-d0-b3-d0-b0-d0-b7-d0-b8-d0-bd\/"},{"@type":"ListItem","position":3,"name":"E tipa neilona savienojums ar aizb\u012bdni &#8211; savienot\u0101js \u00d7 \u0161\u013c\u016btenes k\u0101ts"}]},{"@type":"WebSite","@id":"https:\/\/www.camlock.org\/lv\/?lang=et\/#website","url":"https:\/\/www.camlock.org\/lv\/?lang=et\/","name":"\u041f\u0440\u043e\u0434\u0430\u0436\u0430 \u043a\u0430\u043c\u043b\u043e\u043a (Camlock) \u0441\u043e\u0435\u0434\u0438\u043d\u0435\u043d\u0438\u0439","description":"\u041f\u0440\u043e\u0434\u0430\u0436\u0430 \u043a\u0430\u043c\u043b\u043e\u043a (Camlock) \u0441\u043e\u0435\u0434\u0438\u043d\u0435\u043d\u0438\u0439","potentialAction":[{"@type":"SearchAction","target":{"@type":"EntryPoint","urlTemplate":"https:\/\/www.camlock.org\/lv\/?lang=et\/?s={search_term_string}"},"query-input":{"@type":"PropertyValueSpecification","valueRequired":true,"valueName":"search_term_string"}}],"inLanguage":"lv-LV"}]}},"_links":{"self":[{"href":"https:\/\/www.camlock.org\/lv\/wp-json\/wp\/v2\/product\/10218","targetHints":{"allow":["GET"]}}],"collection":[{"href":"https:\/\/www.camlock.org\/lv\/wp-json\/wp\/v2\/product"}],"about":[{"href":"https:\/\/www.camlock.org\/lv\/wp-json\/wp\/v2\/types\/product"}],"wp:featuredmedia":[{"embeddable":true,"href":"https:\/\/www.camlock.org\/lv\/wp-json\/wp\/v2\/media\/8777"}],"wp:attachment":[{"href":"https:\/\/www.camlock.org\/lv\/wp-json\/wp\/v2\/media?parent=10218"}],"wp:term":[{"taxonomy":"product_brand","embeddable":true,"href":"https:\/\/www.camlock.org\/lv\/wp-json\/wp\/v2\/product_brand?post=10218"},{"taxonomy":"product_cat","embeddable":true,"href":"https:\/\/www.camlock.org\/lv\/wp-json\/wp\/v2\/product_cat?post=10218"},{"taxonomy":"product_tag","embeddable":true,"href":"https:\/\/www.camlock.org\/lv\/wp-json\/wp\/v2\/product_tag?post=10218"}],"curies":[{"name":"wp","href":"https:\/\/api.w.org\/{rel}","templated":true}]}}