{"id":10227,"date":"2018-01-19T10:34:53","date_gmt":"2018-01-19T07:34:53","guid":{"rendered":"https:\/\/www.camlock.org\/product\/type-f-nylon-camlock-fitting-male-coupler-x-male-bsp\/"},"modified":"2025-05-15T16:35:36","modified_gmt":"2025-05-15T13:35:36","slug":"f-tipa-neilona-savienojums-ar-aizb-dni-savienot-js-x-bsp-v-rietis","status":"publish","type":"product","link":"https:\/\/www.camlock.org\/lv\/product\/f-tipa-neilona-savienojums-ar-aizb-dni-savienot-js-x-bsp-v-rietis\/","title":{"rendered":"F tipa neilona savienojums ar aizb\u012bdni &#8211; savienot\u0101js x BSP v\u012brietis"},"content":{"rendered":"<p>Neilona camlock savienojumi bie\u017ei tiek izmantoti ugunsdz\u0113s\u012bbas s\u016bk\u0146os vai IBC s\u016bk\u0146os, vai viet\u0101s, kur nepiecie\u0161ams \u0101tri savienot\/atvienot. \u0100tr\u0101 \u0161\u013c\u016btenes savieno\u0161ana ietaupa daudz vair\u0101k laika nek\u0101 v\u012bt\u0146u vai atloku savienojumu nostiprin\u0101\u0161ana. <\/p>\n","protected":false},"excerpt":{"rendered":"<p>F tipa neilona kambl\u012b\u0161u adapteris &#8211; ar v\u012bri\u0161\u0137u rievotu adapteri un t\u0101da pa\u0161a izm\u0113ra BSP\/NPT v\u012bri\u0161\u0137u v\u012btni. F tips bie\u017ei tiek izmantots ar C, B, D un DC tipa savienot\u0101jiem. <\/p>\n","protected":false},"featured_media":8886,"template":"","meta":[],"product_brand":[],"product_cat":[180],"product_tag":[181,278],"class_list":{"0":"post-10227","1":"product","2":"type-product","3":"status-publish","4":"has-post-thumbnail","6":"product_cat-nylon-camlock-couplings-lv","7":"product_tag-nylon-lv","8":"product_tag-type-f-lv","10":"first","11":"instock","12":"taxable","13":"shipping-taxable","14":"purchasable","15":"product-type-variable"},"yoast_head":"<!-- This site is optimized with the Yoast SEO plugin v27.4 - https:\/\/yoast.com\/product\/yoast-seo-wordpress\/ -->\n<title>F tipa neilona savienojums ar aizb\u012bdni - savienot\u0101js x BSP v\u012brietis<\/title>\n<meta name=\"description\" content=\"F tipa neilona kambl\u016b\u017eu savienot\u0101jelementi kambl\u016b\u017eu savienojumi bie\u017ei tiek izmantoti ugunsdz\u0113s\u012bbas s\u016bk\u0146os vai IBC s\u016bk\u0146os, vai viet\u0101s, kur nepiecie\u0161ams \u0101tri savienot\/atvienot. \u0100tr\u0101 \u0161\u013c\u016btenes savieno\u0161ana ietaupa daudz vair\u0101k laika nek\u0101 v\u012bt\u0146u vai atloka savienojumu fiks\u0113\u0161ana.\" \/>\n<meta name=\"robots\" content=\"index, follow, max-snippet:-1, max-image-preview:large, max-video-preview:-1\" \/>\n<link rel=\"canonical\" href=\"https:\/\/www.camlock.org\/lv\/product\/f-tipa-neilona-savienojums-ar-aizb-dni-savienot-js-x-bsp-v-rietis\/\" \/>\n<meta property=\"og:locale\" content=\"lv_LV\" \/>\n<meta property=\"og:type\" content=\"article\" \/>\n<meta property=\"og:title\" content=\"F tipa neilona savienojums ar aizb\u012bdni - savienot\u0101js x BSP v\u012brietis\" \/>\n<meta property=\"og:description\" content=\"F tipa neilona kambl\u016b\u017eu savienot\u0101jelementi kambl\u016b\u017eu savienojumi bie\u017ei tiek izmantoti ugunsdz\u0113s\u012bbas s\u016bk\u0146os vai IBC s\u016bk\u0146os, vai viet\u0101s, kur nepiecie\u0161ams \u0101tri savienot\/atvienot. \u0100tr\u0101 \u0161\u013c\u016btenes savieno\u0161ana ietaupa daudz vair\u0101k laika nek\u0101 v\u012bt\u0146u vai atloka savienojumu fiks\u0113\u0161ana.\" \/>\n<meta property=\"og:url\" content=\"https:\/\/www.camlock.org\/lv\/product\/f-tipa-neilona-savienojums-ar-aizb-dni-savienot-js-x-bsp-v-rietis\/\" \/>\n<meta property=\"og:site_name\" content=\"\u041f\u0440\u043e\u0434\u0430\u0436\u0430 \u043a\u0430\u043c\u043b\u043e\u043a (Camlock) \u0441\u043e\u0435\u0434\u0438\u043d\u0435\u043d\u0438\u0439\" \/>\n<meta property=\"article:modified_time\" content=\"2025-05-15T13:35:36+00:00\" \/>\n<meta property=\"og:image\" content=\"https:\/\/www.camlock.org\/wp-content\/uploads\/2018\/01\/Camlock_Nylon_type-F_40mm_F200NY_.jpg\" \/>\n\t<meta property=\"og:image:width\" content=\"1000\" \/>\n\t<meta property=\"og:image:height\" content=\"1134\" \/>\n\t<meta property=\"og:image:type\" content=\"image\/jpeg\" \/>\n<meta name=\"twitter:card\" content=\"summary_large_image\" \/>\n<meta name=\"twitter:label1\" content=\"Est. reading time\" \/>\n\t<meta name=\"twitter:data1\" content=\"1 minute\" \/>\n<script type=\"application\/ld+json\" class=\"yoast-schema-graph\">{\"@context\":\"https:\\\/\\\/schema.org\",\"@graph\":[{\"@type\":\"WebPage\",\"@id\":\"https:\\\/\\\/www.camlock.org\\\/lv\\\/product\\\/f-tipa-neilona-savienojums-ar-aizb-dni-savienot-js-x-bsp-v-rietis\\\/\",\"url\":\"https:\\\/\\\/www.camlock.org\\\/lv\\\/product\\\/f-tipa-neilona-savienojums-ar-aizb-dni-savienot-js-x-bsp-v-rietis\\\/\",\"name\":\"F tipa neilona savienojums ar aizb\u012bdni - savienot\u0101js x BSP v\u012brietis\",\"isPartOf\":{\"@id\":\"https:\\\/\\\/www.camlock.org\\\/lv\\\/?lang=et\\\/#website\"},\"primaryImageOfPage\":{\"@id\":\"https:\\\/\\\/www.camlock.org\\\/lv\\\/product\\\/f-tipa-neilona-savienojums-ar-aizb-dni-savienot-js-x-bsp-v-rietis\\\/#primaryimage\"},\"image\":{\"@id\":\"https:\\\/\\\/www.camlock.org\\\/lv\\\/product\\\/f-tipa-neilona-savienojums-ar-aizb-dni-savienot-js-x-bsp-v-rietis\\\/#primaryimage\"},\"thumbnailUrl\":\"https:\\\/\\\/www.camlock.org\\\/wp-content\\\/uploads\\\/2018\\\/01\\\/Camlock_Nylon_type-F_40mm_F200NY_.jpg\",\"datePublished\":\"2018-01-19T07:34:53+00:00\",\"dateModified\":\"2025-05-15T13:35:36+00:00\",\"description\":\"F tipa neilona kambl\u016b\u017eu savienot\u0101jelementi kambl\u016b\u017eu savienojumi bie\u017ei tiek izmantoti ugunsdz\u0113s\u012bbas s\u016bk\u0146os vai IBC s\u016bk\u0146os, vai viet\u0101s, kur nepiecie\u0161ams \u0101tri savienot\\\/atvienot. \u0100tr\u0101 \u0161\u013c\u016btenes savieno\u0161ana ietaupa daudz vair\u0101k laika nek\u0101 v\u012bt\u0146u vai atloka savienojumu fiks\u0113\u0161ana.\",\"breadcrumb\":{\"@id\":\"https:\\\/\\\/www.camlock.org\\\/lv\\\/product\\\/f-tipa-neilona-savienojums-ar-aizb-dni-savienot-js-x-bsp-v-rietis\\\/#breadcrumb\"},\"inLanguage\":\"lv-LV\",\"potentialAction\":[{\"@type\":\"ReadAction\",\"target\":[\"https:\\\/\\\/www.camlock.org\\\/lv\\\/product\\\/f-tipa-neilona-savienojums-ar-aizb-dni-savienot-js-x-bsp-v-rietis\\\/\"]}]},{\"@type\":\"ImageObject\",\"inLanguage\":\"lv-LV\",\"@id\":\"https:\\\/\\\/www.camlock.org\\\/lv\\\/product\\\/f-tipa-neilona-savienojums-ar-aizb-dni-savienot-js-x-bsp-v-rietis\\\/#primaryimage\",\"url\":\"https:\\\/\\\/www.camlock.org\\\/wp-content\\\/uploads\\\/2018\\\/01\\\/Camlock_Nylon_type-F_40mm_F200NY_.jpg\",\"contentUrl\":\"https:\\\/\\\/www.camlock.org\\\/wp-content\\\/uploads\\\/2018\\\/01\\\/Camlock_Nylon_type-F_40mm_F200NY_.jpg\",\"width\":1000,\"height\":1134,\"caption\":\"Type F Nylon Camlock Fitting - Male Coupler x Male BSP Thread\"},{\"@type\":\"BreadcrumbList\",\"@id\":\"https:\\\/\\\/www.camlock.org\\\/lv\\\/product\\\/f-tipa-neilona-savienojums-ar-aizb-dni-savienot-js-x-bsp-v-rietis\\\/#breadcrumb\",\"itemListElement\":[{\"@type\":\"ListItem\",\"position\":1,\"name\":\"Home\",\"item\":\"https:\\\/\\\/www.camlock.org\\\/lv\\\/s-kums\\\/\"},{\"@type\":\"ListItem\",\"position\":2,\"name\":\"Veikals\",\"item\":\"https:\\\/\\\/www.camlock.org\\\/lv\\\/d0-bc-d0-b0-d0-b3-d0-b0-d0-b7-d0-b8-d0-bd\\\/\"},{\"@type\":\"ListItem\",\"position\":3,\"name\":\"F tipa neilona savienojums ar aizb\u012bdni &#8211; savienot\u0101js x BSP v\u012brietis\"}]},{\"@type\":\"WebSite\",\"@id\":\"https:\\\/\\\/www.camlock.org\\\/lv\\\/?lang=et\\\/#website\",\"url\":\"https:\\\/\\\/www.camlock.org\\\/lv\\\/?lang=et\\\/\",\"name\":\"\u041f\u0440\u043e\u0434\u0430\u0436\u0430 \u043a\u0430\u043c\u043b\u043e\u043a (Camlock) \u0441\u043e\u0435\u0434\u0438\u043d\u0435\u043d\u0438\u0439\",\"description\":\"\u041f\u0440\u043e\u0434\u0430\u0436\u0430 \u043a\u0430\u043c\u043b\u043e\u043a (Camlock) \u0441\u043e\u0435\u0434\u0438\u043d\u0435\u043d\u0438\u0439\",\"potentialAction\":[{\"@type\":\"SearchAction\",\"target\":{\"@type\":\"EntryPoint\",\"urlTemplate\":\"https:\\\/\\\/www.camlock.org\\\/lv\\\/?lang=et\\\/?s={search_term_string}\"},\"query-input\":{\"@type\":\"PropertyValueSpecification\",\"valueRequired\":true,\"valueName\":\"search_term_string\"}}],\"inLanguage\":\"lv-LV\"}]}<\/script>\n<!-- \/ Yoast SEO plugin. -->","yoast_head_json":{"title":"F tipa neilona savienojums ar aizb\u012bdni - savienot\u0101js x BSP v\u012brietis","description":"F tipa neilona kambl\u016b\u017eu savienot\u0101jelementi kambl\u016b\u017eu savienojumi bie\u017ei tiek izmantoti ugunsdz\u0113s\u012bbas s\u016bk\u0146os vai IBC s\u016bk\u0146os, vai viet\u0101s, kur nepiecie\u0161ams \u0101tri savienot\/atvienot. \u0100tr\u0101 \u0161\u013c\u016btenes savieno\u0161ana ietaupa daudz vair\u0101k laika nek\u0101 v\u012bt\u0146u vai atloka savienojumu fiks\u0113\u0161ana.","robots":{"index":"index","follow":"follow","max-snippet":"max-snippet:-1","max-image-preview":"max-image-preview:large","max-video-preview":"max-video-preview:-1"},"canonical":"https:\/\/www.camlock.org\/lv\/product\/f-tipa-neilona-savienojums-ar-aizb-dni-savienot-js-x-bsp-v-rietis\/","og_locale":"lv_LV","og_type":"article","og_title":"F tipa neilona savienojums ar aizb\u012bdni - savienot\u0101js x BSP v\u012brietis","og_description":"F tipa neilona kambl\u016b\u017eu savienot\u0101jelementi kambl\u016b\u017eu savienojumi bie\u017ei tiek izmantoti ugunsdz\u0113s\u012bbas s\u016bk\u0146os vai IBC s\u016bk\u0146os, vai viet\u0101s, kur nepiecie\u0161ams \u0101tri savienot\/atvienot. \u0100tr\u0101 \u0161\u013c\u016btenes savieno\u0161ana ietaupa daudz vair\u0101k laika nek\u0101 v\u012bt\u0146u vai atloka savienojumu fiks\u0113\u0161ana.","og_url":"https:\/\/www.camlock.org\/lv\/product\/f-tipa-neilona-savienojums-ar-aizb-dni-savienot-js-x-bsp-v-rietis\/","og_site_name":"\u041f\u0440\u043e\u0434\u0430\u0436\u0430 \u043a\u0430\u043c\u043b\u043e\u043a (Camlock) \u0441\u043e\u0435\u0434\u0438\u043d\u0435\u043d\u0438\u0439","article_modified_time":"2025-05-15T13:35:36+00:00","og_image":[{"width":1000,"height":1134,"url":"https:\/\/www.camlock.org\/wp-content\/uploads\/2018\/01\/Camlock_Nylon_type-F_40mm_F200NY_.jpg","type":"image\/jpeg"}],"twitter_card":"summary_large_image","twitter_misc":{"Est. reading time":"1 minute"},"schema":{"@context":"https:\/\/schema.org","@graph":[{"@type":"WebPage","@id":"https:\/\/www.camlock.org\/lv\/product\/f-tipa-neilona-savienojums-ar-aizb-dni-savienot-js-x-bsp-v-rietis\/","url":"https:\/\/www.camlock.org\/lv\/product\/f-tipa-neilona-savienojums-ar-aizb-dni-savienot-js-x-bsp-v-rietis\/","name":"F tipa neilona savienojums ar aizb\u012bdni - savienot\u0101js x BSP v\u012brietis","isPartOf":{"@id":"https:\/\/www.camlock.org\/lv\/?lang=et\/#website"},"primaryImageOfPage":{"@id":"https:\/\/www.camlock.org\/lv\/product\/f-tipa-neilona-savienojums-ar-aizb-dni-savienot-js-x-bsp-v-rietis\/#primaryimage"},"image":{"@id":"https:\/\/www.camlock.org\/lv\/product\/f-tipa-neilona-savienojums-ar-aizb-dni-savienot-js-x-bsp-v-rietis\/#primaryimage"},"thumbnailUrl":"https:\/\/www.camlock.org\/wp-content\/uploads\/2018\/01\/Camlock_Nylon_type-F_40mm_F200NY_.jpg","datePublished":"2018-01-19T07:34:53+00:00","dateModified":"2025-05-15T13:35:36+00:00","description":"F tipa neilona kambl\u016b\u017eu savienot\u0101jelementi kambl\u016b\u017eu savienojumi bie\u017ei tiek izmantoti ugunsdz\u0113s\u012bbas s\u016bk\u0146os vai IBC s\u016bk\u0146os, vai viet\u0101s, kur nepiecie\u0161ams \u0101tri savienot\/atvienot. \u0100tr\u0101 \u0161\u013c\u016btenes savieno\u0161ana ietaupa daudz vair\u0101k laika nek\u0101 v\u012bt\u0146u vai atloka savienojumu fiks\u0113\u0161ana.","breadcrumb":{"@id":"https:\/\/www.camlock.org\/lv\/product\/f-tipa-neilona-savienojums-ar-aizb-dni-savienot-js-x-bsp-v-rietis\/#breadcrumb"},"inLanguage":"lv-LV","potentialAction":[{"@type":"ReadAction","target":["https:\/\/www.camlock.org\/lv\/product\/f-tipa-neilona-savienojums-ar-aizb-dni-savienot-js-x-bsp-v-rietis\/"]}]},{"@type":"ImageObject","inLanguage":"lv-LV","@id":"https:\/\/www.camlock.org\/lv\/product\/f-tipa-neilona-savienojums-ar-aizb-dni-savienot-js-x-bsp-v-rietis\/#primaryimage","url":"https:\/\/www.camlock.org\/wp-content\/uploads\/2018\/01\/Camlock_Nylon_type-F_40mm_F200NY_.jpg","contentUrl":"https:\/\/www.camlock.org\/wp-content\/uploads\/2018\/01\/Camlock_Nylon_type-F_40mm_F200NY_.jpg","width":1000,"height":1134,"caption":"Type F Nylon Camlock Fitting - Male Coupler x Male BSP Thread"},{"@type":"BreadcrumbList","@id":"https:\/\/www.camlock.org\/lv\/product\/f-tipa-neilona-savienojums-ar-aizb-dni-savienot-js-x-bsp-v-rietis\/#breadcrumb","itemListElement":[{"@type":"ListItem","position":1,"name":"Home","item":"https:\/\/www.camlock.org\/lv\/s-kums\/"},{"@type":"ListItem","position":2,"name":"Veikals","item":"https:\/\/www.camlock.org\/lv\/d0-bc-d0-b0-d0-b3-d0-b0-d0-b7-d0-b8-d0-bd\/"},{"@type":"ListItem","position":3,"name":"F tipa neilona savienojums ar aizb\u012bdni &#8211; savienot\u0101js x BSP v\u012brietis"}]},{"@type":"WebSite","@id":"https:\/\/www.camlock.org\/lv\/?lang=et\/#website","url":"https:\/\/www.camlock.org\/lv\/?lang=et\/","name":"\u041f\u0440\u043e\u0434\u0430\u0436\u0430 \u043a\u0430\u043c\u043b\u043e\u043a (Camlock) \u0441\u043e\u0435\u0434\u0438\u043d\u0435\u043d\u0438\u0439","description":"\u041f\u0440\u043e\u0434\u0430\u0436\u0430 \u043a\u0430\u043c\u043b\u043e\u043a (Camlock) \u0441\u043e\u0435\u0434\u0438\u043d\u0435\u043d\u0438\u0439","potentialAction":[{"@type":"SearchAction","target":{"@type":"EntryPoint","urlTemplate":"https:\/\/www.camlock.org\/lv\/?lang=et\/?s={search_term_string}"},"query-input":{"@type":"PropertyValueSpecification","valueRequired":true,"valueName":"search_term_string"}}],"inLanguage":"lv-LV"}]}},"_links":{"self":[{"href":"https:\/\/www.camlock.org\/lv\/wp-json\/wp\/v2\/product\/10227","targetHints":{"allow":["GET"]}}],"collection":[{"href":"https:\/\/www.camlock.org\/lv\/wp-json\/wp\/v2\/product"}],"about":[{"href":"https:\/\/www.camlock.org\/lv\/wp-json\/wp\/v2\/types\/product"}],"wp:featuredmedia":[{"embeddable":true,"href":"https:\/\/www.camlock.org\/lv\/wp-json\/wp\/v2\/media\/8886"}],"wp:attachment":[{"href":"https:\/\/www.camlock.org\/lv\/wp-json\/wp\/v2\/media?parent=10227"}],"wp:term":[{"taxonomy":"product_brand","embeddable":true,"href":"https:\/\/www.camlock.org\/lv\/wp-json\/wp\/v2\/product_brand?post=10227"},{"taxonomy":"product_cat","embeddable":true,"href":"https:\/\/www.camlock.org\/lv\/wp-json\/wp\/v2\/product_cat?post=10227"},{"taxonomy":"product_tag","embeddable":true,"href":"https:\/\/www.camlock.org\/lv\/wp-json\/wp\/v2\/product_tag?post=10227"}],"curies":[{"name":"wp","href":"https:\/\/api.w.org\/{rel}","templated":true}]}}