{"id":10416,"date":"2018-01-28T22:46:00","date_gmt":"2018-01-28T19:46:00","guid":{"rendered":"https:\/\/www.camlock.org\/product\/type-b-polypropylene-camlock-coupler-female-coupler-x-male-bsp-thread\/"},"modified":"2025-05-15T16:37:36","modified_gmt":"2025-05-15T13:37:36","slug":"b-tipa-polipropil-na-kambl-u-savienot-js-savienot-ja-sieviete-bsp-v-tne-v-rietim","status":"publish","type":"product","link":"https:\/\/www.camlock.org\/lv\/product\/b-tipa-polipropil-na-kambl-u-savienot-js-savienot-ja-sieviete-bsp-v-tne-v-rietim\/","title":{"rendered":"B tipa polipropil\u0113na kambl\u016b\u017eu savienot\u0101js &#8211; savienot\u0101ja sieviete \u00d7 BSP v\u012btne v\u012brietim"},"content":{"rendered":"<p>B tipa polipropil\u0113na Camlock adapteris ir viena izm\u0113ra savienot\u0101js un otra izm\u0113ra savienot\u0101js ar BSP v\u012btni. &#8220;B&#8221; tipa kambloksiem ir sievi\u0161\u0137ais kambloks gals un t\u0101da pa\u0161a izm\u0113ra v\u012bri\u0161\u0137ais BSP v\u012btne.  Sievi\u0161\u0137ais camlock gals ir savienojams ar jebkuru t\u0101da pa\u0161a izm\u0113ra v\u012brie\u0161u camlock savienot\u0101ju.<\/p>\n","protected":false},"excerpt":{"rendered":"<p>Polipropil\u0113na B tipa camlock savienot\u0101jelementu parasti izmanto kop\u0101 ar F, A, E un DP tipa adapteriem, lai savienotu zemspiediena ies\u016bkn\u0113\u0161anas \u0161\u013c\u016btenes ar s\u016bk\u0146iem, IBC vai jom\u0101s, kur bie\u017ei j\u0101veic savieno\u0161anas\/atvieno\u0161anas darb\u012bbas, piem\u0113ram, tintes un kr\u0101so\u0161anas nozar\u0113.<\/p>\n","protected":false},"featured_media":9488,"template":"","meta":[],"product_brand":[],"product_cat":[142],"product_tag":[303,242],"class_list":{"0":"post-10416","1":"product","2":"type-product","3":"status-publish","4":"has-post-thumbnail","6":"product_cat-polipropilena-camlock-savienojumi","7":"product_tag-polypropylene-lv","8":"product_tag-type-b-lv","10":"first","11":"instock","12":"taxable","13":"shipping-taxable","14":"purchasable","15":"product-type-variable"},"yoast_head":"<!-- This site is optimized with the Yoast SEO plugin v27.4 - https:\/\/yoast.com\/product\/yoast-seo-wordpress\/ -->\n<title>B tipa polipropil\u0113na kambl\u016b\u017eu savienot\u0101js<\/title>\n<meta name=\"description\" content=\"B tipa polipropil\u0113na Camlock adapteris ir viena izm\u0113ra savienot\u0101js un otra izm\u0113ra savienot\u0101js ar BSP v\u012btni. &quot;B&quot; tipa kambloksiem ir sievi\u0161\u0137ais kambloks gals un t\u0101da pa\u0161a izm\u0113ra v\u012bri\u0161\u0137ais BSP v\u012btne. Sievi\u0161\u0137ais camlock gals ir savienojams ar jebkuru t\u0101da pa\u0161a izm\u0113ra v\u012brie\u0161u camlock savienot\u0101ju.\" \/>\n<meta name=\"robots\" content=\"index, follow, max-snippet:-1, max-image-preview:large, max-video-preview:-1\" \/>\n<link rel=\"canonical\" href=\"https:\/\/www.camlock.org\/lv\/product\/b-tipa-polipropil-na-kambl-u-savienot-js-savienot-ja-sieviete-bsp-v-tne-v-rietim\/\" \/>\n<meta property=\"og:locale\" content=\"lv_LV\" \/>\n<meta property=\"og:type\" content=\"article\" \/>\n<meta property=\"og:title\" content=\"B tipa polipropil\u0113na kambl\u016b\u017eu savienot\u0101js\" \/>\n<meta property=\"og:description\" content=\"B tipa polipropil\u0113na Camlock adapteris ir viena izm\u0113ra savienot\u0101js un otra izm\u0113ra savienot\u0101js ar BSP v\u012btni. &quot;B&quot; tipa kambloksiem ir sievi\u0161\u0137ais kambloks gals un t\u0101da pa\u0161a izm\u0113ra v\u012bri\u0161\u0137ais BSP v\u012btne. Sievi\u0161\u0137ais camlock gals ir savienojams ar jebkuru t\u0101da pa\u0161a izm\u0113ra v\u012brie\u0161u camlock savienot\u0101ju.\" \/>\n<meta property=\"og:url\" content=\"https:\/\/www.camlock.org\/lv\/product\/b-tipa-polipropil-na-kambl-u-savienot-js-savienot-ja-sieviete-bsp-v-tne-v-rietim\/\" \/>\n<meta property=\"og:site_name\" content=\"\u041f\u0440\u043e\u0434\u0430\u0436\u0430 \u043a\u0430\u043c\u043b\u043e\u043a (Camlock) \u0441\u043e\u0435\u0434\u0438\u043d\u0435\u043d\u0438\u0439\" \/>\n<meta property=\"article:modified_time\" content=\"2025-05-15T13:37:36+00:00\" \/>\n<meta property=\"og:image\" content=\"https:\/\/www.camlock.org\/wp-content\/uploads\/2018\/01\/Camlock_Polypropylene_type-B_50mm_B200PP_.jpg\" \/>\n\t<meta property=\"og:image:width\" content=\"1000\" \/>\n\t<meta property=\"og:image:height\" content=\"1134\" \/>\n\t<meta property=\"og:image:type\" content=\"image\/jpeg\" \/>\n<meta name=\"twitter:card\" content=\"summary_large_image\" \/>\n<meta name=\"twitter:label1\" content=\"Est. reading time\" \/>\n\t<meta name=\"twitter:data1\" content=\"1 minute\" \/>\n<script type=\"application\/ld+json\" class=\"yoast-schema-graph\">{\"@context\":\"https:\\\/\\\/schema.org\",\"@graph\":[{\"@type\":\"WebPage\",\"@id\":\"https:\\\/\\\/www.camlock.org\\\/lv\\\/product\\\/b-tipa-polipropil-na-kambl-u-savienot-js-savienot-ja-sieviete-bsp-v-tne-v-rietim\\\/\",\"url\":\"https:\\\/\\\/www.camlock.org\\\/lv\\\/product\\\/b-tipa-polipropil-na-kambl-u-savienot-js-savienot-ja-sieviete-bsp-v-tne-v-rietim\\\/\",\"name\":\"B tipa polipropil\u0113na kambl\u016b\u017eu savienot\u0101js\",\"isPartOf\":{\"@id\":\"https:\\\/\\\/www.camlock.org\\\/lv\\\/?lang=et\\\/#website\"},\"primaryImageOfPage\":{\"@id\":\"https:\\\/\\\/www.camlock.org\\\/lv\\\/product\\\/b-tipa-polipropil-na-kambl-u-savienot-js-savienot-ja-sieviete-bsp-v-tne-v-rietim\\\/#primaryimage\"},\"image\":{\"@id\":\"https:\\\/\\\/www.camlock.org\\\/lv\\\/product\\\/b-tipa-polipropil-na-kambl-u-savienot-js-savienot-ja-sieviete-bsp-v-tne-v-rietim\\\/#primaryimage\"},\"thumbnailUrl\":\"https:\\\/\\\/www.camlock.org\\\/wp-content\\\/uploads\\\/2018\\\/01\\\/Camlock_Polypropylene_type-B_50mm_B200PP_.jpg\",\"datePublished\":\"2018-01-28T19:46:00+00:00\",\"dateModified\":\"2025-05-15T13:37:36+00:00\",\"description\":\"B tipa polipropil\u0113na Camlock adapteris ir viena izm\u0113ra savienot\u0101js un otra izm\u0113ra savienot\u0101js ar BSP v\u012btni. \\\"B\\\" tipa kambloksiem ir sievi\u0161\u0137ais kambloks gals un t\u0101da pa\u0161a izm\u0113ra v\u012bri\u0161\u0137ais BSP v\u012btne. Sievi\u0161\u0137ais camlock gals ir savienojams ar jebkuru t\u0101da pa\u0161a izm\u0113ra v\u012brie\u0161u camlock savienot\u0101ju.\",\"breadcrumb\":{\"@id\":\"https:\\\/\\\/www.camlock.org\\\/lv\\\/product\\\/b-tipa-polipropil-na-kambl-u-savienot-js-savienot-ja-sieviete-bsp-v-tne-v-rietim\\\/#breadcrumb\"},\"inLanguage\":\"lv-LV\",\"potentialAction\":[{\"@type\":\"ReadAction\",\"target\":[\"https:\\\/\\\/www.camlock.org\\\/lv\\\/product\\\/b-tipa-polipropil-na-kambl-u-savienot-js-savienot-ja-sieviete-bsp-v-tne-v-rietim\\\/\"]}]},{\"@type\":\"ImageObject\",\"inLanguage\":\"lv-LV\",\"@id\":\"https:\\\/\\\/www.camlock.org\\\/lv\\\/product\\\/b-tipa-polipropil-na-kambl-u-savienot-js-savienot-ja-sieviete-bsp-v-tne-v-rietim\\\/#primaryimage\",\"url\":\"https:\\\/\\\/www.camlock.org\\\/wp-content\\\/uploads\\\/2018\\\/01\\\/Camlock_Polypropylene_type-B_50mm_B200PP_.jpg\",\"contentUrl\":\"https:\\\/\\\/www.camlock.org\\\/wp-content\\\/uploads\\\/2018\\\/01\\\/Camlock_Polypropylene_type-B_50mm_B200PP_.jpg\",\"width\":1000,\"height\":1134,\"caption\":\"Type B Polypropylene Camlock Coupler - Female Coupler \u00d7 Male BSP Thread\"},{\"@type\":\"BreadcrumbList\",\"@id\":\"https:\\\/\\\/www.camlock.org\\\/lv\\\/product\\\/b-tipa-polipropil-na-kambl-u-savienot-js-savienot-ja-sieviete-bsp-v-tne-v-rietim\\\/#breadcrumb\",\"itemListElement\":[{\"@type\":\"ListItem\",\"position\":1,\"name\":\"Home\",\"item\":\"https:\\\/\\\/www.camlock.org\\\/lv\\\/s-kums\\\/\"},{\"@type\":\"ListItem\",\"position\":2,\"name\":\"Veikals\",\"item\":\"https:\\\/\\\/www.camlock.org\\\/lv\\\/d0-bc-d0-b0-d0-b3-d0-b0-d0-b7-d0-b8-d0-bd\\\/\"},{\"@type\":\"ListItem\",\"position\":3,\"name\":\"B tipa polipropil\u0113na kambl\u016b\u017eu savienot\u0101js &#8211; savienot\u0101ja sieviete \u00d7 BSP v\u012btne v\u012brietim\"}]},{\"@type\":\"WebSite\",\"@id\":\"https:\\\/\\\/www.camlock.org\\\/lv\\\/?lang=et\\\/#website\",\"url\":\"https:\\\/\\\/www.camlock.org\\\/lv\\\/?lang=et\\\/\",\"name\":\"\u041f\u0440\u043e\u0434\u0430\u0436\u0430 \u043a\u0430\u043c\u043b\u043e\u043a (Camlock) \u0441\u043e\u0435\u0434\u0438\u043d\u0435\u043d\u0438\u0439\",\"description\":\"\u041f\u0440\u043e\u0434\u0430\u0436\u0430 \u043a\u0430\u043c\u043b\u043e\u043a (Camlock) \u0441\u043e\u0435\u0434\u0438\u043d\u0435\u043d\u0438\u0439\",\"potentialAction\":[{\"@type\":\"SearchAction\",\"target\":{\"@type\":\"EntryPoint\",\"urlTemplate\":\"https:\\\/\\\/www.camlock.org\\\/lv\\\/?lang=et\\\/?s={search_term_string}\"},\"query-input\":{\"@type\":\"PropertyValueSpecification\",\"valueRequired\":true,\"valueName\":\"search_term_string\"}}],\"inLanguage\":\"lv-LV\"}]}<\/script>\n<!-- \/ Yoast SEO plugin. -->","yoast_head_json":{"title":"B tipa polipropil\u0113na kambl\u016b\u017eu savienot\u0101js","description":"B tipa polipropil\u0113na Camlock adapteris ir viena izm\u0113ra savienot\u0101js un otra izm\u0113ra savienot\u0101js ar BSP v\u012btni. \"B\" tipa kambloksiem ir sievi\u0161\u0137ais kambloks gals un t\u0101da pa\u0161a izm\u0113ra v\u012bri\u0161\u0137ais BSP v\u012btne. Sievi\u0161\u0137ais camlock gals ir savienojams ar jebkuru t\u0101da pa\u0161a izm\u0113ra v\u012brie\u0161u camlock savienot\u0101ju.","robots":{"index":"index","follow":"follow","max-snippet":"max-snippet:-1","max-image-preview":"max-image-preview:large","max-video-preview":"max-video-preview:-1"},"canonical":"https:\/\/www.camlock.org\/lv\/product\/b-tipa-polipropil-na-kambl-u-savienot-js-savienot-ja-sieviete-bsp-v-tne-v-rietim\/","og_locale":"lv_LV","og_type":"article","og_title":"B tipa polipropil\u0113na kambl\u016b\u017eu savienot\u0101js","og_description":"B tipa polipropil\u0113na Camlock adapteris ir viena izm\u0113ra savienot\u0101js un otra izm\u0113ra savienot\u0101js ar BSP v\u012btni. \"B\" tipa kambloksiem ir sievi\u0161\u0137ais kambloks gals un t\u0101da pa\u0161a izm\u0113ra v\u012bri\u0161\u0137ais BSP v\u012btne. Sievi\u0161\u0137ais camlock gals ir savienojams ar jebkuru t\u0101da pa\u0161a izm\u0113ra v\u012brie\u0161u camlock savienot\u0101ju.","og_url":"https:\/\/www.camlock.org\/lv\/product\/b-tipa-polipropil-na-kambl-u-savienot-js-savienot-ja-sieviete-bsp-v-tne-v-rietim\/","og_site_name":"\u041f\u0440\u043e\u0434\u0430\u0436\u0430 \u043a\u0430\u043c\u043b\u043e\u043a (Camlock) \u0441\u043e\u0435\u0434\u0438\u043d\u0435\u043d\u0438\u0439","article_modified_time":"2025-05-15T13:37:36+00:00","og_image":[{"width":1000,"height":1134,"url":"https:\/\/www.camlock.org\/wp-content\/uploads\/2018\/01\/Camlock_Polypropylene_type-B_50mm_B200PP_.jpg","type":"image\/jpeg"}],"twitter_card":"summary_large_image","twitter_misc":{"Est. reading time":"1 minute"},"schema":{"@context":"https:\/\/schema.org","@graph":[{"@type":"WebPage","@id":"https:\/\/www.camlock.org\/lv\/product\/b-tipa-polipropil-na-kambl-u-savienot-js-savienot-ja-sieviete-bsp-v-tne-v-rietim\/","url":"https:\/\/www.camlock.org\/lv\/product\/b-tipa-polipropil-na-kambl-u-savienot-js-savienot-ja-sieviete-bsp-v-tne-v-rietim\/","name":"B tipa polipropil\u0113na kambl\u016b\u017eu savienot\u0101js","isPartOf":{"@id":"https:\/\/www.camlock.org\/lv\/?lang=et\/#website"},"primaryImageOfPage":{"@id":"https:\/\/www.camlock.org\/lv\/product\/b-tipa-polipropil-na-kambl-u-savienot-js-savienot-ja-sieviete-bsp-v-tne-v-rietim\/#primaryimage"},"image":{"@id":"https:\/\/www.camlock.org\/lv\/product\/b-tipa-polipropil-na-kambl-u-savienot-js-savienot-ja-sieviete-bsp-v-tne-v-rietim\/#primaryimage"},"thumbnailUrl":"https:\/\/www.camlock.org\/wp-content\/uploads\/2018\/01\/Camlock_Polypropylene_type-B_50mm_B200PP_.jpg","datePublished":"2018-01-28T19:46:00+00:00","dateModified":"2025-05-15T13:37:36+00:00","description":"B tipa polipropil\u0113na Camlock adapteris ir viena izm\u0113ra savienot\u0101js un otra izm\u0113ra savienot\u0101js ar BSP v\u012btni. \"B\" tipa kambloksiem ir sievi\u0161\u0137ais kambloks gals un t\u0101da pa\u0161a izm\u0113ra v\u012bri\u0161\u0137ais BSP v\u012btne. Sievi\u0161\u0137ais camlock gals ir savienojams ar jebkuru t\u0101da pa\u0161a izm\u0113ra v\u012brie\u0161u camlock savienot\u0101ju.","breadcrumb":{"@id":"https:\/\/www.camlock.org\/lv\/product\/b-tipa-polipropil-na-kambl-u-savienot-js-savienot-ja-sieviete-bsp-v-tne-v-rietim\/#breadcrumb"},"inLanguage":"lv-LV","potentialAction":[{"@type":"ReadAction","target":["https:\/\/www.camlock.org\/lv\/product\/b-tipa-polipropil-na-kambl-u-savienot-js-savienot-ja-sieviete-bsp-v-tne-v-rietim\/"]}]},{"@type":"ImageObject","inLanguage":"lv-LV","@id":"https:\/\/www.camlock.org\/lv\/product\/b-tipa-polipropil-na-kambl-u-savienot-js-savienot-ja-sieviete-bsp-v-tne-v-rietim\/#primaryimage","url":"https:\/\/www.camlock.org\/wp-content\/uploads\/2018\/01\/Camlock_Polypropylene_type-B_50mm_B200PP_.jpg","contentUrl":"https:\/\/www.camlock.org\/wp-content\/uploads\/2018\/01\/Camlock_Polypropylene_type-B_50mm_B200PP_.jpg","width":1000,"height":1134,"caption":"Type B Polypropylene Camlock Coupler - Female Coupler \u00d7 Male BSP Thread"},{"@type":"BreadcrumbList","@id":"https:\/\/www.camlock.org\/lv\/product\/b-tipa-polipropil-na-kambl-u-savienot-js-savienot-ja-sieviete-bsp-v-tne-v-rietim\/#breadcrumb","itemListElement":[{"@type":"ListItem","position":1,"name":"Home","item":"https:\/\/www.camlock.org\/lv\/s-kums\/"},{"@type":"ListItem","position":2,"name":"Veikals","item":"https:\/\/www.camlock.org\/lv\/d0-bc-d0-b0-d0-b3-d0-b0-d0-b7-d0-b8-d0-bd\/"},{"@type":"ListItem","position":3,"name":"B tipa polipropil\u0113na kambl\u016b\u017eu savienot\u0101js &#8211; savienot\u0101ja sieviete \u00d7 BSP v\u012btne v\u012brietim"}]},{"@type":"WebSite","@id":"https:\/\/www.camlock.org\/lv\/?lang=et\/#website","url":"https:\/\/www.camlock.org\/lv\/?lang=et\/","name":"\u041f\u0440\u043e\u0434\u0430\u0436\u0430 \u043a\u0430\u043c\u043b\u043e\u043a (Camlock) \u0441\u043e\u0435\u0434\u0438\u043d\u0435\u043d\u0438\u0439","description":"\u041f\u0440\u043e\u0434\u0430\u0436\u0430 \u043a\u0430\u043c\u043b\u043e\u043a (Camlock) \u0441\u043e\u0435\u0434\u0438\u043d\u0435\u043d\u0438\u0439","potentialAction":[{"@type":"SearchAction","target":{"@type":"EntryPoint","urlTemplate":"https:\/\/www.camlock.org\/lv\/?lang=et\/?s={search_term_string}"},"query-input":{"@type":"PropertyValueSpecification","valueRequired":true,"valueName":"search_term_string"}}],"inLanguage":"lv-LV"}]}},"_links":{"self":[{"href":"https:\/\/www.camlock.org\/lv\/wp-json\/wp\/v2\/product\/10416","targetHints":{"allow":["GET"]}}],"collection":[{"href":"https:\/\/www.camlock.org\/lv\/wp-json\/wp\/v2\/product"}],"about":[{"href":"https:\/\/www.camlock.org\/lv\/wp-json\/wp\/v2\/types\/product"}],"wp:featuredmedia":[{"embeddable":true,"href":"https:\/\/www.camlock.org\/lv\/wp-json\/wp\/v2\/media\/9488"}],"wp:attachment":[{"href":"https:\/\/www.camlock.org\/lv\/wp-json\/wp\/v2\/media?parent=10416"}],"wp:term":[{"taxonomy":"product_brand","embeddable":true,"href":"https:\/\/www.camlock.org\/lv\/wp-json\/wp\/v2\/product_brand?post=10416"},{"taxonomy":"product_cat","embeddable":true,"href":"https:\/\/www.camlock.org\/lv\/wp-json\/wp\/v2\/product_cat?post=10416"},{"taxonomy":"product_tag","embeddable":true,"href":"https:\/\/www.camlock.org\/lv\/wp-json\/wp\/v2\/product_tag?post=10416"}],"curies":[{"name":"wp","href":"https:\/\/api.w.org\/{rel}","templated":true}]}}