{"id":10493,"date":"2018-01-19T10:41:08","date_gmt":"2018-01-19T07:41:08","guid":{"rendered":"https:\/\/www.camlock.org\/product\/type-dc-nylon-camlock-fitting-female-end-coupler\/"},"modified":"2025-05-15T16:36:06","modified_gmt":"2025-05-15T13:36:06","slug":"dc-tipa-neilona-savienojums-ar-neilona-aizb-dni-sievi-gala-savienot-js","status":"publish","type":"product","link":"https:\/\/www.camlock.org\/lv\/product\/dc-tipa-neilona-savienojums-ar-neilona-aizb-dni-sievi-gala-savienot-js\/","title":{"rendered":"DC tipa neilona savienojums ar neilona aizb\u012bdni &#8211; sievi\u0161\u0137\u0101 gala savienot\u0101js"},"content":{"rendered":"<p>Putek\u013cu v\u0101ci\u0146\u0161 &#8211; camlock putek\u013cu v\u0101ci\u0146i tiek izmantoti, lai nov\u0113rstu sve\u0161\u0137erme\u0146u iek\u013c\u016b\u0161anu jebkur\u0101 camlock savienojum\u0101. Tos nedr\u012bkst lietot, kam\u0113r sist\u0113ma darbojas zem spiediena. <\/p>\n","protected":false},"excerpt":{"rendered":"<p>DC tipa neilona kambl\u016b\u0137veida savienot\u0101ji tiek izmantoti kop\u0101 ar A, E un F tipa adapteriem, lai nosl\u0113gtu savienojuma galu.<\/p>\n","protected":false},"featured_media":8994,"template":"","meta":[],"product_brand":[],"product_cat":[180],"product_tag":[181,315],"class_list":{"0":"post-10493","1":"product","2":"type-product","3":"status-publish","4":"has-post-thumbnail","6":"product_cat-nylon-camlock-couplings-lv","7":"product_tag-nylon-lv","8":"product_tag-type-dc-lv","10":"first","11":"instock","12":"taxable","13":"shipping-taxable","14":"purchasable","15":"product-type-variable"},"yoast_head":"<!-- This site is optimized with the Yoast SEO plugin v27.3 - https:\/\/yoast.com\/product\/yoast-seo-wordpress\/ -->\n<title>DC tipa neilona savienojums ar neilona aizb\u012bdni - sievi\u0161\u0137\u0101 gala savienot\u0101js<\/title>\n<meta name=\"description\" content=\"Putek\u013cu v\u0101ci\u0146\u0161 - DC tipa neilona camlock savienojuma putek\u013cu v\u0101ci\u0146i tiek izmantoti, lai pasarg\u0101tu no sve\u0161\u0137erme\u0146u iek\u013c\u016b\u0161anas jebkur\u0101 camlock savienojum\u0101. Tos nedr\u012bkst lietot, kam\u0113r sist\u0113ma darbojas zem spiediena.\" \/>\n<meta name=\"robots\" content=\"index, follow, max-snippet:-1, max-image-preview:large, max-video-preview:-1\" \/>\n<link rel=\"canonical\" href=\"https:\/\/www.camlock.org\/lv\/product\/dc-tipa-neilona-savienojums-ar-neilona-aizb-dni-sievi-gala-savienot-js\/\" \/>\n<meta property=\"og:locale\" content=\"lv_LV\" \/>\n<meta property=\"og:type\" content=\"article\" \/>\n<meta property=\"og:title\" content=\"DC tipa neilona savienojums ar neilona aizb\u012bdni - sievi\u0161\u0137\u0101 gala savienot\u0101js\" \/>\n<meta property=\"og:description\" content=\"Putek\u013cu v\u0101ci\u0146\u0161 - DC tipa neilona camlock savienojuma putek\u013cu v\u0101ci\u0146i tiek izmantoti, lai pasarg\u0101tu no sve\u0161\u0137erme\u0146u iek\u013c\u016b\u0161anas jebkur\u0101 camlock savienojum\u0101. Tos nedr\u012bkst lietot, kam\u0113r sist\u0113ma darbojas zem spiediena.\" \/>\n<meta property=\"og:url\" content=\"https:\/\/www.camlock.org\/lv\/product\/dc-tipa-neilona-savienojums-ar-neilona-aizb-dni-sievi-gala-savienot-js\/\" \/>\n<meta property=\"og:site_name\" content=\"\u041f\u0440\u043e\u0434\u0430\u0436\u0430 \u043a\u0430\u043c\u043b\u043e\u043a (Camlock) \u0441\u043e\u0435\u0434\u0438\u043d\u0435\u043d\u0438\u0439\" \/>\n<meta property=\"article:modified_time\" content=\"2025-05-15T13:36:06+00:00\" \/>\n<meta property=\"og:image\" content=\"https:\/\/www.camlock.org\/wp-content\/uploads\/2018\/01\/Camlock_Nylon_type-DC_50mm_DC200NY_.jpg\" \/>\n\t<meta property=\"og:image:width\" content=\"1000\" \/>\n\t<meta property=\"og:image:height\" content=\"1134\" \/>\n\t<meta property=\"og:image:type\" content=\"image\/jpeg\" \/>\n<meta name=\"twitter:card\" content=\"summary_large_image\" \/>\n<meta name=\"twitter:label1\" content=\"Est. reading time\" \/>\n\t<meta name=\"twitter:data1\" content=\"1 minute\" \/>\n<script type=\"application\/ld+json\" class=\"yoast-schema-graph\">{\"@context\":\"https:\\\/\\\/schema.org\",\"@graph\":[{\"@type\":\"WebPage\",\"@id\":\"https:\\\/\\\/www.camlock.org\\\/lv\\\/product\\\/dc-tipa-neilona-savienojums-ar-neilona-aizb-dni-sievi-gala-savienot-js\\\/\",\"url\":\"https:\\\/\\\/www.camlock.org\\\/lv\\\/product\\\/dc-tipa-neilona-savienojums-ar-neilona-aizb-dni-sievi-gala-savienot-js\\\/\",\"name\":\"DC tipa neilona savienojums ar neilona aizb\u012bdni - sievi\u0161\u0137\u0101 gala savienot\u0101js\",\"isPartOf\":{\"@id\":\"https:\\\/\\\/www.camlock.org\\\/lv\\\/?lang=et\\\/#website\"},\"primaryImageOfPage\":{\"@id\":\"https:\\\/\\\/www.camlock.org\\\/lv\\\/product\\\/dc-tipa-neilona-savienojums-ar-neilona-aizb-dni-sievi-gala-savienot-js\\\/#primaryimage\"},\"image\":{\"@id\":\"https:\\\/\\\/www.camlock.org\\\/lv\\\/product\\\/dc-tipa-neilona-savienojums-ar-neilona-aizb-dni-sievi-gala-savienot-js\\\/#primaryimage\"},\"thumbnailUrl\":\"https:\\\/\\\/www.camlock.org\\\/wp-content\\\/uploads\\\/2018\\\/01\\\/Camlock_Nylon_type-DC_50mm_DC200NY_.jpg\",\"datePublished\":\"2018-01-19T07:41:08+00:00\",\"dateModified\":\"2025-05-15T13:36:06+00:00\",\"description\":\"Putek\u013cu v\u0101ci\u0146\u0161 - DC tipa neilona camlock savienojuma putek\u013cu v\u0101ci\u0146i tiek izmantoti, lai pasarg\u0101tu no sve\u0161\u0137erme\u0146u iek\u013c\u016b\u0161anas jebkur\u0101 camlock savienojum\u0101. Tos nedr\u012bkst lietot, kam\u0113r sist\u0113ma darbojas zem spiediena.\",\"breadcrumb\":{\"@id\":\"https:\\\/\\\/www.camlock.org\\\/lv\\\/product\\\/dc-tipa-neilona-savienojums-ar-neilona-aizb-dni-sievi-gala-savienot-js\\\/#breadcrumb\"},\"inLanguage\":\"lv-LV\",\"potentialAction\":[{\"@type\":\"ReadAction\",\"target\":[\"https:\\\/\\\/www.camlock.org\\\/lv\\\/product\\\/dc-tipa-neilona-savienojums-ar-neilona-aizb-dni-sievi-gala-savienot-js\\\/\"]}]},{\"@type\":\"ImageObject\",\"inLanguage\":\"lv-LV\",\"@id\":\"https:\\\/\\\/www.camlock.org\\\/lv\\\/product\\\/dc-tipa-neilona-savienojums-ar-neilona-aizb-dni-sievi-gala-savienot-js\\\/#primaryimage\",\"url\":\"https:\\\/\\\/www.camlock.org\\\/wp-content\\\/uploads\\\/2018\\\/01\\\/Camlock_Nylon_type-DC_50mm_DC200NY_.jpg\",\"contentUrl\":\"https:\\\/\\\/www.camlock.org\\\/wp-content\\\/uploads\\\/2018\\\/01\\\/Camlock_Nylon_type-DC_50mm_DC200NY_.jpg\",\"width\":1000,\"height\":1134,\"caption\":\"Type DC Nylon Camlock Fitting - Female End Coupler\"},{\"@type\":\"BreadcrumbList\",\"@id\":\"https:\\\/\\\/www.camlock.org\\\/lv\\\/product\\\/dc-tipa-neilona-savienojums-ar-neilona-aizb-dni-sievi-gala-savienot-js\\\/#breadcrumb\",\"itemListElement\":[{\"@type\":\"ListItem\",\"position\":1,\"name\":\"Home\",\"item\":\"https:\\\/\\\/www.camlock.org\\\/lv\\\/s-kums\\\/\"},{\"@type\":\"ListItem\",\"position\":2,\"name\":\"Veikals\",\"item\":\"https:\\\/\\\/www.camlock.org\\\/lv\\\/d0-bc-d0-b0-d0-b3-d0-b0-d0-b7-d0-b8-d0-bd\\\/\"},{\"@type\":\"ListItem\",\"position\":3,\"name\":\"DC tipa neilona savienojums ar neilona aizb\u012bdni &#8211; sievi\u0161\u0137\u0101 gala savienot\u0101js\"}]},{\"@type\":\"WebSite\",\"@id\":\"https:\\\/\\\/www.camlock.org\\\/lv\\\/?lang=et\\\/#website\",\"url\":\"https:\\\/\\\/www.camlock.org\\\/lv\\\/?lang=et\\\/\",\"name\":\"\u041f\u0440\u043e\u0434\u0430\u0436\u0430 \u043a\u0430\u043c\u043b\u043e\u043a (Camlock) \u0441\u043e\u0435\u0434\u0438\u043d\u0435\u043d\u0438\u0439\",\"description\":\"\u041f\u0440\u043e\u0434\u0430\u0436\u0430 \u043a\u0430\u043c\u043b\u043e\u043a (Camlock) \u0441\u043e\u0435\u0434\u0438\u043d\u0435\u043d\u0438\u0439\",\"potentialAction\":[{\"@type\":\"SearchAction\",\"target\":{\"@type\":\"EntryPoint\",\"urlTemplate\":\"https:\\\/\\\/www.camlock.org\\\/lv\\\/?lang=et\\\/?s={search_term_string}\"},\"query-input\":{\"@type\":\"PropertyValueSpecification\",\"valueRequired\":true,\"valueName\":\"search_term_string\"}}],\"inLanguage\":\"lv-LV\"}]}<\/script>\n<!-- \/ Yoast SEO plugin. -->","yoast_head_json":{"title":"DC tipa neilona savienojums ar neilona aizb\u012bdni - sievi\u0161\u0137\u0101 gala savienot\u0101js","description":"Putek\u013cu v\u0101ci\u0146\u0161 - DC tipa neilona camlock savienojuma putek\u013cu v\u0101ci\u0146i tiek izmantoti, lai pasarg\u0101tu no sve\u0161\u0137erme\u0146u iek\u013c\u016b\u0161anas jebkur\u0101 camlock savienojum\u0101. Tos nedr\u012bkst lietot, kam\u0113r sist\u0113ma darbojas zem spiediena.","robots":{"index":"index","follow":"follow","max-snippet":"max-snippet:-1","max-image-preview":"max-image-preview:large","max-video-preview":"max-video-preview:-1"},"canonical":"https:\/\/www.camlock.org\/lv\/product\/dc-tipa-neilona-savienojums-ar-neilona-aizb-dni-sievi-gala-savienot-js\/","og_locale":"lv_LV","og_type":"article","og_title":"DC tipa neilona savienojums ar neilona aizb\u012bdni - sievi\u0161\u0137\u0101 gala savienot\u0101js","og_description":"Putek\u013cu v\u0101ci\u0146\u0161 - DC tipa neilona camlock savienojuma putek\u013cu v\u0101ci\u0146i tiek izmantoti, lai pasarg\u0101tu no sve\u0161\u0137erme\u0146u iek\u013c\u016b\u0161anas jebkur\u0101 camlock savienojum\u0101. Tos nedr\u012bkst lietot, kam\u0113r sist\u0113ma darbojas zem spiediena.","og_url":"https:\/\/www.camlock.org\/lv\/product\/dc-tipa-neilona-savienojums-ar-neilona-aizb-dni-sievi-gala-savienot-js\/","og_site_name":"\u041f\u0440\u043e\u0434\u0430\u0436\u0430 \u043a\u0430\u043c\u043b\u043e\u043a (Camlock) \u0441\u043e\u0435\u0434\u0438\u043d\u0435\u043d\u0438\u0439","article_modified_time":"2025-05-15T13:36:06+00:00","og_image":[{"width":1000,"height":1134,"url":"https:\/\/www.camlock.org\/wp-content\/uploads\/2018\/01\/Camlock_Nylon_type-DC_50mm_DC200NY_.jpg","type":"image\/jpeg"}],"twitter_card":"summary_large_image","twitter_misc":{"Est. reading time":"1 minute"},"schema":{"@context":"https:\/\/schema.org","@graph":[{"@type":"WebPage","@id":"https:\/\/www.camlock.org\/lv\/product\/dc-tipa-neilona-savienojums-ar-neilona-aizb-dni-sievi-gala-savienot-js\/","url":"https:\/\/www.camlock.org\/lv\/product\/dc-tipa-neilona-savienojums-ar-neilona-aizb-dni-sievi-gala-savienot-js\/","name":"DC tipa neilona savienojums ar neilona aizb\u012bdni - sievi\u0161\u0137\u0101 gala savienot\u0101js","isPartOf":{"@id":"https:\/\/www.camlock.org\/lv\/?lang=et\/#website"},"primaryImageOfPage":{"@id":"https:\/\/www.camlock.org\/lv\/product\/dc-tipa-neilona-savienojums-ar-neilona-aizb-dni-sievi-gala-savienot-js\/#primaryimage"},"image":{"@id":"https:\/\/www.camlock.org\/lv\/product\/dc-tipa-neilona-savienojums-ar-neilona-aizb-dni-sievi-gala-savienot-js\/#primaryimage"},"thumbnailUrl":"https:\/\/www.camlock.org\/wp-content\/uploads\/2018\/01\/Camlock_Nylon_type-DC_50mm_DC200NY_.jpg","datePublished":"2018-01-19T07:41:08+00:00","dateModified":"2025-05-15T13:36:06+00:00","description":"Putek\u013cu v\u0101ci\u0146\u0161 - DC tipa neilona camlock savienojuma putek\u013cu v\u0101ci\u0146i tiek izmantoti, lai pasarg\u0101tu no sve\u0161\u0137erme\u0146u iek\u013c\u016b\u0161anas jebkur\u0101 camlock savienojum\u0101. Tos nedr\u012bkst lietot, kam\u0113r sist\u0113ma darbojas zem spiediena.","breadcrumb":{"@id":"https:\/\/www.camlock.org\/lv\/product\/dc-tipa-neilona-savienojums-ar-neilona-aizb-dni-sievi-gala-savienot-js\/#breadcrumb"},"inLanguage":"lv-LV","potentialAction":[{"@type":"ReadAction","target":["https:\/\/www.camlock.org\/lv\/product\/dc-tipa-neilona-savienojums-ar-neilona-aizb-dni-sievi-gala-savienot-js\/"]}]},{"@type":"ImageObject","inLanguage":"lv-LV","@id":"https:\/\/www.camlock.org\/lv\/product\/dc-tipa-neilona-savienojums-ar-neilona-aizb-dni-sievi-gala-savienot-js\/#primaryimage","url":"https:\/\/www.camlock.org\/wp-content\/uploads\/2018\/01\/Camlock_Nylon_type-DC_50mm_DC200NY_.jpg","contentUrl":"https:\/\/www.camlock.org\/wp-content\/uploads\/2018\/01\/Camlock_Nylon_type-DC_50mm_DC200NY_.jpg","width":1000,"height":1134,"caption":"Type DC Nylon Camlock Fitting - Female End Coupler"},{"@type":"BreadcrumbList","@id":"https:\/\/www.camlock.org\/lv\/product\/dc-tipa-neilona-savienojums-ar-neilona-aizb-dni-sievi-gala-savienot-js\/#breadcrumb","itemListElement":[{"@type":"ListItem","position":1,"name":"Home","item":"https:\/\/www.camlock.org\/lv\/s-kums\/"},{"@type":"ListItem","position":2,"name":"Veikals","item":"https:\/\/www.camlock.org\/lv\/d0-bc-d0-b0-d0-b3-d0-b0-d0-b7-d0-b8-d0-bd\/"},{"@type":"ListItem","position":3,"name":"DC tipa neilona savienojums ar neilona aizb\u012bdni &#8211; sievi\u0161\u0137\u0101 gala savienot\u0101js"}]},{"@type":"WebSite","@id":"https:\/\/www.camlock.org\/lv\/?lang=et\/#website","url":"https:\/\/www.camlock.org\/lv\/?lang=et\/","name":"\u041f\u0440\u043e\u0434\u0430\u0436\u0430 \u043a\u0430\u043c\u043b\u043e\u043a (Camlock) \u0441\u043e\u0435\u0434\u0438\u043d\u0435\u043d\u0438\u0439","description":"\u041f\u0440\u043e\u0434\u0430\u0436\u0430 \u043a\u0430\u043c\u043b\u043e\u043a (Camlock) \u0441\u043e\u0435\u0434\u0438\u043d\u0435\u043d\u0438\u0439","potentialAction":[{"@type":"SearchAction","target":{"@type":"EntryPoint","urlTemplate":"https:\/\/www.camlock.org\/lv\/?lang=et\/?s={search_term_string}"},"query-input":{"@type":"PropertyValueSpecification","valueRequired":true,"valueName":"search_term_string"}}],"inLanguage":"lv-LV"}]}},"_links":{"self":[{"href":"https:\/\/www.camlock.org\/lv\/wp-json\/wp\/v2\/product\/10493","targetHints":{"allow":["GET"]}}],"collection":[{"href":"https:\/\/www.camlock.org\/lv\/wp-json\/wp\/v2\/product"}],"about":[{"href":"https:\/\/www.camlock.org\/lv\/wp-json\/wp\/v2\/types\/product"}],"wp:featuredmedia":[{"embeddable":true,"href":"https:\/\/www.camlock.org\/lv\/wp-json\/wp\/v2\/media\/8994"}],"wp:attachment":[{"href":"https:\/\/www.camlock.org\/lv\/wp-json\/wp\/v2\/media?parent=10493"}],"wp:term":[{"taxonomy":"product_brand","embeddable":true,"href":"https:\/\/www.camlock.org\/lv\/wp-json\/wp\/v2\/product_brand?post=10493"},{"taxonomy":"product_cat","embeddable":true,"href":"https:\/\/www.camlock.org\/lv\/wp-json\/wp\/v2\/product_cat?post=10493"},{"taxonomy":"product_tag","embeddable":true,"href":"https:\/\/www.camlock.org\/lv\/wp-json\/wp\/v2\/product_tag?post=10493"}],"curies":[{"name":"wp","href":"https:\/\/api.w.org\/{rel}","templated":true}]}}