{"id":11570,"date":"2018-06-03T17:16:49","date_gmt":"2018-06-03T14:17:12","guid":{"rendered":"https:\/\/www.camlock.org\/?post_type=product&#038;p=11570"},"modified":"2025-05-16T09:45:55","modified_gmt":"2025-05-16T06:45:55","slug":"c-tipa-ner-s-jo-t-rauda-316-camlock-savienot-js-sievi-ais-savienot-js-tenes-k-ts","status":"publish","type":"product","link":"https:\/\/www.camlock.org\/lv\/product\/c-tipa-ner-s-jo-t-rauda-316-camlock-savienot-js-sievi-ais-savienot-js-tenes-k-ts\/","title":{"rendered":"C tipa ner\u016bs\u0113jo\u0161\u0101 t\u0113rauda 316 Camlock savienot\u0101js &#8211; sievi\u0161\u0137ais savienot\u0101js \u00d7 \u0161\u013c\u016btenes k\u0101ts"},"content":{"rendered":"<p>C tipa ner\u016bs\u0113jo\u0161\u0101 t\u0113rauda kamermode\u013ca savienot\u0101js &#8211; savienot\u0101js ar \u0161\u013c\u016btenes astes savienojumu &#8211; &#8220;C&#8221; tipa t\u0113rauda kamermode\u013ca savienot\u0101jelementiem vien\u0101 gal\u0101 ir kamermode\u013ca sievi\u0161\u0137ais savienot\u0101js, bet otr\u0101 &#8211; \u0161\u013c\u016btenes astes savienot\u0101js. Sievi\u0161\u0137ais camlock gals var savienot ar jebkuru v\u012brie\u0161u camlock adapteri, un \u0161\u013c\u016btenes gals ir ievietots jebkura pareiz\u0101 izm\u0113ra \u0161\u013c\u016bten\u0113 un nostiprin\u0101ts ar iztur\u012bgu ner\u016bs\u0113jo\u0161\u0101 t\u0113rauda skr\u016bvju skavu skavu. <\/p>\n","protected":false},"excerpt":{"rendered":"<p>C tipu parasti izmanto ar A, E, F un DP tipa adapteriem.<\/p>\n","protected":false},"featured_media":13717,"template":"","meta":[],"product_brand":[],"product_cat":[494],"product_tag":[495,248],"class_list":{"0":"post-11570","1":"product","2":"type-product","3":"status-publish","4":"has-post-thumbnail","6":"product_cat-ner-s-jo-t-rauda-camlock-savienot-jelementi","7":"product_tag-ner-s-jo-ais-t-rauds","8":"product_tag-type--lv","10":"first","11":"instock","12":"taxable","13":"shipping-taxable","14":"purchasable","15":"product-type-variable"},"yoast_head":"<!-- This site is optimized with the Yoast SEO plugin v27.4 - https:\/\/yoast.com\/product\/yoast-seo-wordpress\/ -->\n<title>C tipa ner\u016bs\u0113jo\u0161\u0101 t\u0113rauda 316 Camlock savienot\u0101js<\/title>\n<meta name=\"description\" content=\"C tipa ner\u016bs\u0113jo\u0161\u0101 t\u0113rauda kamermode\u013ca savienot\u0101js - savienot\u0101js ar \u0161\u013c\u016btenes astes savienojumu - &quot;C&quot; tipa t\u0113rauda kamermode\u013ca savienot\u0101jelementiem vien\u0101 gal\u0101 ir kamermode\u013ca sievi\u0161\u0137ais savienot\u0101js, bet otr\u0101 - \u0161\u013c\u016btenes astes savienot\u0101js.\" \/>\n<meta name=\"robots\" content=\"index, follow, max-snippet:-1, max-image-preview:large, max-video-preview:-1\" \/>\n<link rel=\"canonical\" href=\"https:\/\/www.camlock.org\/lv\/product\/c-tipa-ner-s-jo-t-rauda-316-camlock-savienot-js-sievi-ais-savienot-js-tenes-k-ts\/\" \/>\n<meta property=\"og:locale\" content=\"lv_LV\" \/>\n<meta property=\"og:type\" content=\"article\" \/>\n<meta property=\"og:title\" content=\"C tipa ner\u016bs\u0113jo\u0161\u0101 t\u0113rauda 316 Camlock savienot\u0101js\" \/>\n<meta property=\"og:description\" content=\"C tipa ner\u016bs\u0113jo\u0161\u0101 t\u0113rauda kamermode\u013ca savienot\u0101js - savienot\u0101js ar \u0161\u013c\u016btenes astes savienojumu - &quot;C&quot; tipa t\u0113rauda kamermode\u013ca savienot\u0101jelementiem vien\u0101 gal\u0101 ir kamermode\u013ca sievi\u0161\u0137ais savienot\u0101js, bet otr\u0101 - \u0161\u013c\u016btenes astes savienot\u0101js.\" \/>\n<meta property=\"og:url\" content=\"https:\/\/www.camlock.org\/lv\/product\/c-tipa-ner-s-jo-t-rauda-316-camlock-savienot-js-sievi-ais-savienot-js-tenes-k-ts\/\" \/>\n<meta property=\"og:site_name\" content=\"\u041f\u0440\u043e\u0434\u0430\u0436\u0430 \u043a\u0430\u043c\u043b\u043e\u043a (Camlock) \u0441\u043e\u0435\u0434\u0438\u043d\u0435\u043d\u0438\u0439\" \/>\n<meta property=\"article:modified_time\" content=\"2025-05-16T06:45:55+00:00\" \/>\n<meta property=\"og:image\" content=\"https:\/\/www.camlock.org\/wp-content\/uploads\/2018\/06\/Camlock_SS316_type_C_50mm_D200SS-1.jpg\" \/>\n\t<meta property=\"og:image:width\" content=\"1000\" \/>\n\t<meta property=\"og:image:height\" content=\"1000\" \/>\n\t<meta property=\"og:image:type\" content=\"image\/jpeg\" \/>\n<meta name=\"twitter:card\" content=\"summary_large_image\" \/>\n<meta name=\"twitter:label1\" content=\"Est. reading time\" \/>\n\t<meta name=\"twitter:data1\" content=\"1 minute\" \/>\n<script type=\"application\/ld+json\" class=\"yoast-schema-graph\">{\"@context\":\"https:\\\/\\\/schema.org\",\"@graph\":[{\"@type\":\"WebPage\",\"@id\":\"https:\\\/\\\/www.camlock.org\\\/lv\\\/product\\\/c-tipa-ner-s-jo-t-rauda-316-camlock-savienot-js-sievi-ais-savienot-js-tenes-k-ts\\\/\",\"url\":\"https:\\\/\\\/www.camlock.org\\\/lv\\\/product\\\/c-tipa-ner-s-jo-t-rauda-316-camlock-savienot-js-sievi-ais-savienot-js-tenes-k-ts\\\/\",\"name\":\"C tipa ner\u016bs\u0113jo\u0161\u0101 t\u0113rauda 316 Camlock savienot\u0101js\",\"isPartOf\":{\"@id\":\"https:\\\/\\\/www.camlock.org\\\/lv\\\/?lang=et\\\/#website\"},\"primaryImageOfPage\":{\"@id\":\"https:\\\/\\\/www.camlock.org\\\/lv\\\/product\\\/c-tipa-ner-s-jo-t-rauda-316-camlock-savienot-js-sievi-ais-savienot-js-tenes-k-ts\\\/#primaryimage\"},\"image\":{\"@id\":\"https:\\\/\\\/www.camlock.org\\\/lv\\\/product\\\/c-tipa-ner-s-jo-t-rauda-316-camlock-savienot-js-sievi-ais-savienot-js-tenes-k-ts\\\/#primaryimage\"},\"thumbnailUrl\":\"https:\\\/\\\/www.camlock.org\\\/wp-content\\\/uploads\\\/2018\\\/06\\\/Camlock_SS316_type_C_50mm_D200SS-1.jpg\",\"datePublished\":\"2018-06-03T14:17:12+00:00\",\"dateModified\":\"2025-05-16T06:45:55+00:00\",\"description\":\"C tipa ner\u016bs\u0113jo\u0161\u0101 t\u0113rauda kamermode\u013ca savienot\u0101js - savienot\u0101js ar \u0161\u013c\u016btenes astes savienojumu - \\\"C\\\" tipa t\u0113rauda kamermode\u013ca savienot\u0101jelementiem vien\u0101 gal\u0101 ir kamermode\u013ca sievi\u0161\u0137ais savienot\u0101js, bet otr\u0101 - \u0161\u013c\u016btenes astes savienot\u0101js.\",\"breadcrumb\":{\"@id\":\"https:\\\/\\\/www.camlock.org\\\/lv\\\/product\\\/c-tipa-ner-s-jo-t-rauda-316-camlock-savienot-js-sievi-ais-savienot-js-tenes-k-ts\\\/#breadcrumb\"},\"inLanguage\":\"lv-LV\",\"potentialAction\":[{\"@type\":\"ReadAction\",\"target\":[\"https:\\\/\\\/www.camlock.org\\\/lv\\\/product\\\/c-tipa-ner-s-jo-t-rauda-316-camlock-savienot-js-sievi-ais-savienot-js-tenes-k-ts\\\/\"]}]},{\"@type\":\"ImageObject\",\"inLanguage\":\"lv-LV\",\"@id\":\"https:\\\/\\\/www.camlock.org\\\/lv\\\/product\\\/c-tipa-ner-s-jo-t-rauda-316-camlock-savienot-js-sievi-ais-savienot-js-tenes-k-ts\\\/#primaryimage\",\"url\":\"https:\\\/\\\/www.camlock.org\\\/wp-content\\\/uploads\\\/2018\\\/06\\\/Camlock_SS316_type_C_50mm_D200SS-1.jpg\",\"contentUrl\":\"https:\\\/\\\/www.camlock.org\\\/wp-content\\\/uploads\\\/2018\\\/06\\\/Camlock_SS316_type_C_50mm_D200SS-1.jpg\",\"width\":1000,\"height\":1000},{\"@type\":\"BreadcrumbList\",\"@id\":\"https:\\\/\\\/www.camlock.org\\\/lv\\\/product\\\/c-tipa-ner-s-jo-t-rauda-316-camlock-savienot-js-sievi-ais-savienot-js-tenes-k-ts\\\/#breadcrumb\",\"itemListElement\":[{\"@type\":\"ListItem\",\"position\":1,\"name\":\"Home\",\"item\":\"https:\\\/\\\/www.camlock.org\\\/lv\\\/s-kums\\\/\"},{\"@type\":\"ListItem\",\"position\":2,\"name\":\"Veikals\",\"item\":\"https:\\\/\\\/www.camlock.org\\\/lv\\\/d0-bc-d0-b0-d0-b3-d0-b0-d0-b7-d0-b8-d0-bd\\\/\"},{\"@type\":\"ListItem\",\"position\":3,\"name\":\"C tipa ner\u016bs\u0113jo\u0161\u0101 t\u0113rauda 316 Camlock savienot\u0101js &#8211; sievi\u0161\u0137ais savienot\u0101js \u00d7 \u0161\u013c\u016btenes k\u0101ts\"}]},{\"@type\":\"WebSite\",\"@id\":\"https:\\\/\\\/www.camlock.org\\\/lv\\\/?lang=et\\\/#website\",\"url\":\"https:\\\/\\\/www.camlock.org\\\/lv\\\/?lang=et\\\/\",\"name\":\"\u041f\u0440\u043e\u0434\u0430\u0436\u0430 \u043a\u0430\u043c\u043b\u043e\u043a (Camlock) \u0441\u043e\u0435\u0434\u0438\u043d\u0435\u043d\u0438\u0439\",\"description\":\"\u041f\u0440\u043e\u0434\u0430\u0436\u0430 \u043a\u0430\u043c\u043b\u043e\u043a (Camlock) \u0441\u043e\u0435\u0434\u0438\u043d\u0435\u043d\u0438\u0439\",\"potentialAction\":[{\"@type\":\"SearchAction\",\"target\":{\"@type\":\"EntryPoint\",\"urlTemplate\":\"https:\\\/\\\/www.camlock.org\\\/lv\\\/?lang=et\\\/?s={search_term_string}\"},\"query-input\":{\"@type\":\"PropertyValueSpecification\",\"valueRequired\":true,\"valueName\":\"search_term_string\"}}],\"inLanguage\":\"lv-LV\"}]}<\/script>\n<!-- \/ Yoast SEO plugin. -->","yoast_head_json":{"title":"C tipa ner\u016bs\u0113jo\u0161\u0101 t\u0113rauda 316 Camlock savienot\u0101js","description":"C tipa ner\u016bs\u0113jo\u0161\u0101 t\u0113rauda kamermode\u013ca savienot\u0101js - savienot\u0101js ar \u0161\u013c\u016btenes astes savienojumu - \"C\" tipa t\u0113rauda kamermode\u013ca savienot\u0101jelementiem vien\u0101 gal\u0101 ir kamermode\u013ca sievi\u0161\u0137ais savienot\u0101js, bet otr\u0101 - \u0161\u013c\u016btenes astes savienot\u0101js.","robots":{"index":"index","follow":"follow","max-snippet":"max-snippet:-1","max-image-preview":"max-image-preview:large","max-video-preview":"max-video-preview:-1"},"canonical":"https:\/\/www.camlock.org\/lv\/product\/c-tipa-ner-s-jo-t-rauda-316-camlock-savienot-js-sievi-ais-savienot-js-tenes-k-ts\/","og_locale":"lv_LV","og_type":"article","og_title":"C tipa ner\u016bs\u0113jo\u0161\u0101 t\u0113rauda 316 Camlock savienot\u0101js","og_description":"C tipa ner\u016bs\u0113jo\u0161\u0101 t\u0113rauda kamermode\u013ca savienot\u0101js - savienot\u0101js ar \u0161\u013c\u016btenes astes savienojumu - \"C\" tipa t\u0113rauda kamermode\u013ca savienot\u0101jelementiem vien\u0101 gal\u0101 ir kamermode\u013ca sievi\u0161\u0137ais savienot\u0101js, bet otr\u0101 - \u0161\u013c\u016btenes astes savienot\u0101js.","og_url":"https:\/\/www.camlock.org\/lv\/product\/c-tipa-ner-s-jo-t-rauda-316-camlock-savienot-js-sievi-ais-savienot-js-tenes-k-ts\/","og_site_name":"\u041f\u0440\u043e\u0434\u0430\u0436\u0430 \u043a\u0430\u043c\u043b\u043e\u043a (Camlock) \u0441\u043e\u0435\u0434\u0438\u043d\u0435\u043d\u0438\u0439","article_modified_time":"2025-05-16T06:45:55+00:00","og_image":[{"width":1000,"height":1000,"url":"https:\/\/www.camlock.org\/wp-content\/uploads\/2018\/06\/Camlock_SS316_type_C_50mm_D200SS-1.jpg","type":"image\/jpeg"}],"twitter_card":"summary_large_image","twitter_misc":{"Est. reading time":"1 minute"},"schema":{"@context":"https:\/\/schema.org","@graph":[{"@type":"WebPage","@id":"https:\/\/www.camlock.org\/lv\/product\/c-tipa-ner-s-jo-t-rauda-316-camlock-savienot-js-sievi-ais-savienot-js-tenes-k-ts\/","url":"https:\/\/www.camlock.org\/lv\/product\/c-tipa-ner-s-jo-t-rauda-316-camlock-savienot-js-sievi-ais-savienot-js-tenes-k-ts\/","name":"C tipa ner\u016bs\u0113jo\u0161\u0101 t\u0113rauda 316 Camlock savienot\u0101js","isPartOf":{"@id":"https:\/\/www.camlock.org\/lv\/?lang=et\/#website"},"primaryImageOfPage":{"@id":"https:\/\/www.camlock.org\/lv\/product\/c-tipa-ner-s-jo-t-rauda-316-camlock-savienot-js-sievi-ais-savienot-js-tenes-k-ts\/#primaryimage"},"image":{"@id":"https:\/\/www.camlock.org\/lv\/product\/c-tipa-ner-s-jo-t-rauda-316-camlock-savienot-js-sievi-ais-savienot-js-tenes-k-ts\/#primaryimage"},"thumbnailUrl":"https:\/\/www.camlock.org\/wp-content\/uploads\/2018\/06\/Camlock_SS316_type_C_50mm_D200SS-1.jpg","datePublished":"2018-06-03T14:17:12+00:00","dateModified":"2025-05-16T06:45:55+00:00","description":"C tipa ner\u016bs\u0113jo\u0161\u0101 t\u0113rauda kamermode\u013ca savienot\u0101js - savienot\u0101js ar \u0161\u013c\u016btenes astes savienojumu - \"C\" tipa t\u0113rauda kamermode\u013ca savienot\u0101jelementiem vien\u0101 gal\u0101 ir kamermode\u013ca sievi\u0161\u0137ais savienot\u0101js, bet otr\u0101 - \u0161\u013c\u016btenes astes savienot\u0101js.","breadcrumb":{"@id":"https:\/\/www.camlock.org\/lv\/product\/c-tipa-ner-s-jo-t-rauda-316-camlock-savienot-js-sievi-ais-savienot-js-tenes-k-ts\/#breadcrumb"},"inLanguage":"lv-LV","potentialAction":[{"@type":"ReadAction","target":["https:\/\/www.camlock.org\/lv\/product\/c-tipa-ner-s-jo-t-rauda-316-camlock-savienot-js-sievi-ais-savienot-js-tenes-k-ts\/"]}]},{"@type":"ImageObject","inLanguage":"lv-LV","@id":"https:\/\/www.camlock.org\/lv\/product\/c-tipa-ner-s-jo-t-rauda-316-camlock-savienot-js-sievi-ais-savienot-js-tenes-k-ts\/#primaryimage","url":"https:\/\/www.camlock.org\/wp-content\/uploads\/2018\/06\/Camlock_SS316_type_C_50mm_D200SS-1.jpg","contentUrl":"https:\/\/www.camlock.org\/wp-content\/uploads\/2018\/06\/Camlock_SS316_type_C_50mm_D200SS-1.jpg","width":1000,"height":1000},{"@type":"BreadcrumbList","@id":"https:\/\/www.camlock.org\/lv\/product\/c-tipa-ner-s-jo-t-rauda-316-camlock-savienot-js-sievi-ais-savienot-js-tenes-k-ts\/#breadcrumb","itemListElement":[{"@type":"ListItem","position":1,"name":"Home","item":"https:\/\/www.camlock.org\/lv\/s-kums\/"},{"@type":"ListItem","position":2,"name":"Veikals","item":"https:\/\/www.camlock.org\/lv\/d0-bc-d0-b0-d0-b3-d0-b0-d0-b7-d0-b8-d0-bd\/"},{"@type":"ListItem","position":3,"name":"C tipa ner\u016bs\u0113jo\u0161\u0101 t\u0113rauda 316 Camlock savienot\u0101js &#8211; sievi\u0161\u0137ais savienot\u0101js \u00d7 \u0161\u013c\u016btenes k\u0101ts"}]},{"@type":"WebSite","@id":"https:\/\/www.camlock.org\/lv\/?lang=et\/#website","url":"https:\/\/www.camlock.org\/lv\/?lang=et\/","name":"\u041f\u0440\u043e\u0434\u0430\u0436\u0430 \u043a\u0430\u043c\u043b\u043e\u043a (Camlock) \u0441\u043e\u0435\u0434\u0438\u043d\u0435\u043d\u0438\u0439","description":"\u041f\u0440\u043e\u0434\u0430\u0436\u0430 \u043a\u0430\u043c\u043b\u043e\u043a (Camlock) \u0441\u043e\u0435\u0434\u0438\u043d\u0435\u043d\u0438\u0439","potentialAction":[{"@type":"SearchAction","target":{"@type":"EntryPoint","urlTemplate":"https:\/\/www.camlock.org\/lv\/?lang=et\/?s={search_term_string}"},"query-input":{"@type":"PropertyValueSpecification","valueRequired":true,"valueName":"search_term_string"}}],"inLanguage":"lv-LV"}]}},"_links":{"self":[{"href":"https:\/\/www.camlock.org\/lv\/wp-json\/wp\/v2\/product\/11570","targetHints":{"allow":["GET"]}}],"collection":[{"href":"https:\/\/www.camlock.org\/lv\/wp-json\/wp\/v2\/product"}],"about":[{"href":"https:\/\/www.camlock.org\/lv\/wp-json\/wp\/v2\/types\/product"}],"wp:featuredmedia":[{"embeddable":true,"href":"https:\/\/www.camlock.org\/lv\/wp-json\/wp\/v2\/media\/13717"}],"wp:attachment":[{"href":"https:\/\/www.camlock.org\/lv\/wp-json\/wp\/v2\/media?parent=11570"}],"wp:term":[{"taxonomy":"product_brand","embeddable":true,"href":"https:\/\/www.camlock.org\/lv\/wp-json\/wp\/v2\/product_brand?post=11570"},{"taxonomy":"product_cat","embeddable":true,"href":"https:\/\/www.camlock.org\/lv\/wp-json\/wp\/v2\/product_cat?post=11570"},{"taxonomy":"product_tag","embeddable":true,"href":"https:\/\/www.camlock.org\/lv\/wp-json\/wp\/v2\/product_tag?post=11570"}],"curies":[{"name":"wp","href":"https:\/\/api.w.org\/{rel}","templated":true}]}}