{"id":11874,"date":"2018-06-03T18:09:03","date_gmt":"2018-06-03T15:09:13","guid":{"rendered":"https:\/\/www.camlock.org\/?post_type=product&#038;p=11874"},"modified":"2025-05-16T09:43:24","modified_gmt":"2025-05-16T06:43:24","slug":"a-tipa-ner-s-jo-t-rauda-316-camlock-savienot-js","status":"publish","type":"product","link":"https:\/\/www.camlock.org\/lv\/product\/a-tipa-ner-s-jo-t-rauda-316-camlock-savienot-js\/","title":{"rendered":"A tipa ner\u016bs\u0113jo\u0161\u0101 t\u0113rauda 316 Camlock savienot\u0101js"},"content":{"rendered":"<p>Melnais Camlock A tipa adapteris &#8211; v\u012brie\u0161u adapteris \u00d7 sievie\u0161u BSP (iesp\u0113jams ar\u012b NPT), bie\u017ei tiek pievienots kop\u0101 ar D, B, C un DC tipa savienot\u0101jiem, lai pabeigtu dro\u0161u \u0101tru \u0161\u013c\u016btenes savieno\u0161anu. Ner\u016bs\u0113jo\u0161\u0101 t\u0113rauda cam &amp; groove savienojums uzlabo darba efektivit\u0101ti un nov\u0113r\u0161 sare\u017e\u0123\u012btu v\u012bt\u0146u un atloku darb\u012bbu.  V\u012bri\u0161\u0137ais rievotais gals ir savienojams ar jebkuru t\u0101da pa\u0161a izm\u0113ra sievi\u0161\u0137o kambaro savienot\u0101ju. S60x6 t\u0113rauda savienojuma sieviete, kas savieno j\u016bsu IBC tvertnes 1000 litru v\u0101rstu. Var savienot \u0161\u013c\u016bteni ar tvertni un \u016bdeni tie\u0161i no tvertnes. \u0160o ier\u012bci varat pas\u016bt\u012bt ar\u012b no m\u016bsu Eiropas tie\u0161saistes veikala.  <\/p>\n","protected":false},"excerpt":{"rendered":"<p>Var pievienot \u0161\u013c\u016bteni tvertnei un \u016bdeni tie\u0161i no tvertnes. \u0160o iesp\u0113ju varat pas\u016bt\u012bt ar\u012b no m\u016bsu Eiropas tie\u0161saistes veikala. <\/p>\n","protected":false},"featured_media":12813,"template":"","meta":[],"product_brand":[],"product_cat":[494],"product_tag":[495,182],"class_list":{"0":"post-11874","1":"product","2":"type-product","3":"status-publish","4":"has-post-thumbnail","6":"product_cat-ner-s-jo-t-rauda-camlock-savienot-jelementi","7":"product_tag-ner-s-jo-ais-t-rauds","8":"product_tag-type-a-lv","10":"first","11":"onbackorder","12":"taxable","13":"shipping-taxable","14":"purchasable","15":"product-type-variable"},"yoast_head":"<!-- This site is optimized with the Yoast SEO plugin v27.4 - https:\/\/yoast.com\/product\/yoast-seo-wordpress\/ -->\n<title>A tipa ner\u016bs\u0113jo\u0161\u0101 t\u0113rauda 316 Camlock savienot\u0101js<\/title>\n<meta name=\"description\" content=\"A tipa ner\u016bs\u0113jo\u0161\u0101 t\u0113rauda 316 Camlock - v\u012brie\u0161u adapteris \u00d7 sievie\u0161u BSP (iesp\u0113jams ar\u012b NPT), tam bie\u017ei pievieno D, B, C un DC tipa savienot\u0101jus, lai pabeigtu dro\u0161u \u0101tru \u0161\u013c\u016btenes savieno\u0161anu.\" \/>\n<meta name=\"robots\" content=\"index, follow, max-snippet:-1, max-image-preview:large, max-video-preview:-1\" \/>\n<link rel=\"canonical\" href=\"https:\/\/www.camlock.org\/lv\/product\/a-tipa-ner-s-jo-t-rauda-316-camlock-savienot-js\/\" \/>\n<meta property=\"og:locale\" content=\"lv_LV\" \/>\n<meta property=\"og:type\" content=\"article\" \/>\n<meta property=\"og:title\" content=\"A tipa ner\u016bs\u0113jo\u0161\u0101 t\u0113rauda 316 Camlock savienot\u0101js\" \/>\n<meta property=\"og:description\" content=\"A tipa ner\u016bs\u0113jo\u0161\u0101 t\u0113rauda 316 Camlock - v\u012brie\u0161u adapteris \u00d7 sievie\u0161u BSP (iesp\u0113jams ar\u012b NPT), tam bie\u017ei pievieno D, B, C un DC tipa savienot\u0101jus, lai pabeigtu dro\u0161u \u0101tru \u0161\u013c\u016btenes savieno\u0161anu.\" \/>\n<meta property=\"og:url\" content=\"https:\/\/www.camlock.org\/lv\/product\/a-tipa-ner-s-jo-t-rauda-316-camlock-savienot-js\/\" \/>\n<meta property=\"og:site_name\" content=\"\u041f\u0440\u043e\u0434\u0430\u0436\u0430 \u043a\u0430\u043c\u043b\u043e\u043a (Camlock) \u0441\u043e\u0435\u0434\u0438\u043d\u0435\u043d\u0438\u0439\" \/>\n<meta property=\"article:modified_time\" content=\"2025-05-16T06:43:24+00:00\" \/>\n<meta property=\"og:image\" content=\"https:\/\/www.camlock.org\/wp-content\/uploads\/2018\/06\/Camlock_SS316_type_A_50mm_D200SS.jpg\" \/>\n\t<meta property=\"og:image:width\" content=\"1000\" \/>\n\t<meta property=\"og:image:height\" content=\"1000\" \/>\n\t<meta property=\"og:image:type\" content=\"image\/jpeg\" \/>\n<meta name=\"twitter:card\" content=\"summary_large_image\" \/>\n<meta name=\"twitter:label1\" content=\"Est. reading time\" \/>\n\t<meta name=\"twitter:data1\" content=\"1 minute\" \/>\n<script type=\"application\/ld+json\" class=\"yoast-schema-graph\">{\"@context\":\"https:\\\/\\\/schema.org\",\"@graph\":[{\"@type\":\"WebPage\",\"@id\":\"https:\\\/\\\/www.camlock.org\\\/lv\\\/product\\\/a-tipa-ner-s-jo-t-rauda-316-camlock-savienot-js\\\/\",\"url\":\"https:\\\/\\\/www.camlock.org\\\/lv\\\/product\\\/a-tipa-ner-s-jo-t-rauda-316-camlock-savienot-js\\\/\",\"name\":\"A tipa ner\u016bs\u0113jo\u0161\u0101 t\u0113rauda 316 Camlock savienot\u0101js\",\"isPartOf\":{\"@id\":\"https:\\\/\\\/www.camlock.org\\\/lv\\\/?lang=et\\\/#website\"},\"primaryImageOfPage\":{\"@id\":\"https:\\\/\\\/www.camlock.org\\\/lv\\\/product\\\/a-tipa-ner-s-jo-t-rauda-316-camlock-savienot-js\\\/#primaryimage\"},\"image\":{\"@id\":\"https:\\\/\\\/www.camlock.org\\\/lv\\\/product\\\/a-tipa-ner-s-jo-t-rauda-316-camlock-savienot-js\\\/#primaryimage\"},\"thumbnailUrl\":\"https:\\\/\\\/www.camlock.org\\\/wp-content\\\/uploads\\\/2018\\\/06\\\/Camlock_SS316_type_A_50mm_D200SS.jpg\",\"datePublished\":\"2018-06-03T15:09:13+00:00\",\"dateModified\":\"2025-05-16T06:43:24+00:00\",\"description\":\"A tipa ner\u016bs\u0113jo\u0161\u0101 t\u0113rauda 316 Camlock - v\u012brie\u0161u adapteris \u00d7 sievie\u0161u BSP (iesp\u0113jams ar\u012b NPT), tam bie\u017ei pievieno D, B, C un DC tipa savienot\u0101jus, lai pabeigtu dro\u0161u \u0101tru \u0161\u013c\u016btenes savieno\u0161anu.\",\"breadcrumb\":{\"@id\":\"https:\\\/\\\/www.camlock.org\\\/lv\\\/product\\\/a-tipa-ner-s-jo-t-rauda-316-camlock-savienot-js\\\/#breadcrumb\"},\"inLanguage\":\"lv-LV\",\"potentialAction\":[{\"@type\":\"ReadAction\",\"target\":[\"https:\\\/\\\/www.camlock.org\\\/lv\\\/product\\\/a-tipa-ner-s-jo-t-rauda-316-camlock-savienot-js\\\/\"]}]},{\"@type\":\"ImageObject\",\"inLanguage\":\"lv-LV\",\"@id\":\"https:\\\/\\\/www.camlock.org\\\/lv\\\/product\\\/a-tipa-ner-s-jo-t-rauda-316-camlock-savienot-js\\\/#primaryimage\",\"url\":\"https:\\\/\\\/www.camlock.org\\\/wp-content\\\/uploads\\\/2018\\\/06\\\/Camlock_SS316_type_A_50mm_D200SS.jpg\",\"contentUrl\":\"https:\\\/\\\/www.camlock.org\\\/wp-content\\\/uploads\\\/2018\\\/06\\\/Camlock_SS316_type_A_50mm_D200SS.jpg\",\"width\":1000,\"height\":1000},{\"@type\":\"BreadcrumbList\",\"@id\":\"https:\\\/\\\/www.camlock.org\\\/lv\\\/product\\\/a-tipa-ner-s-jo-t-rauda-316-camlock-savienot-js\\\/#breadcrumb\",\"itemListElement\":[{\"@type\":\"ListItem\",\"position\":1,\"name\":\"Home\",\"item\":\"https:\\\/\\\/www.camlock.org\\\/lv\\\/s-kums\\\/\"},{\"@type\":\"ListItem\",\"position\":2,\"name\":\"Veikals\",\"item\":\"https:\\\/\\\/www.camlock.org\\\/lv\\\/d0-bc-d0-b0-d0-b3-d0-b0-d0-b7-d0-b8-d0-bd\\\/\"},{\"@type\":\"ListItem\",\"position\":3,\"name\":\"A tipa ner\u016bs\u0113jo\u0161\u0101 t\u0113rauda 316 Camlock savienot\u0101js\"}]},{\"@type\":\"WebSite\",\"@id\":\"https:\\\/\\\/www.camlock.org\\\/lv\\\/?lang=et\\\/#website\",\"url\":\"https:\\\/\\\/www.camlock.org\\\/lv\\\/?lang=et\\\/\",\"name\":\"\u041f\u0440\u043e\u0434\u0430\u0436\u0430 \u043a\u0430\u043c\u043b\u043e\u043a (Camlock) \u0441\u043e\u0435\u0434\u0438\u043d\u0435\u043d\u0438\u0439\",\"description\":\"\u041f\u0440\u043e\u0434\u0430\u0436\u0430 \u043a\u0430\u043c\u043b\u043e\u043a (Camlock) \u0441\u043e\u0435\u0434\u0438\u043d\u0435\u043d\u0438\u0439\",\"potentialAction\":[{\"@type\":\"SearchAction\",\"target\":{\"@type\":\"EntryPoint\",\"urlTemplate\":\"https:\\\/\\\/www.camlock.org\\\/lv\\\/?lang=et\\\/?s={search_term_string}\"},\"query-input\":{\"@type\":\"PropertyValueSpecification\",\"valueRequired\":true,\"valueName\":\"search_term_string\"}}],\"inLanguage\":\"lv-LV\"}]}<\/script>\n<!-- \/ Yoast SEO plugin. -->","yoast_head_json":{"title":"A tipa ner\u016bs\u0113jo\u0161\u0101 t\u0113rauda 316 Camlock savienot\u0101js","description":"A tipa ner\u016bs\u0113jo\u0161\u0101 t\u0113rauda 316 Camlock - v\u012brie\u0161u adapteris \u00d7 sievie\u0161u BSP (iesp\u0113jams ar\u012b NPT), tam bie\u017ei pievieno D, B, C un DC tipa savienot\u0101jus, lai pabeigtu dro\u0161u \u0101tru \u0161\u013c\u016btenes savieno\u0161anu.","robots":{"index":"index","follow":"follow","max-snippet":"max-snippet:-1","max-image-preview":"max-image-preview:large","max-video-preview":"max-video-preview:-1"},"canonical":"https:\/\/www.camlock.org\/lv\/product\/a-tipa-ner-s-jo-t-rauda-316-camlock-savienot-js\/","og_locale":"lv_LV","og_type":"article","og_title":"A tipa ner\u016bs\u0113jo\u0161\u0101 t\u0113rauda 316 Camlock savienot\u0101js","og_description":"A tipa ner\u016bs\u0113jo\u0161\u0101 t\u0113rauda 316 Camlock - v\u012brie\u0161u adapteris \u00d7 sievie\u0161u BSP (iesp\u0113jams ar\u012b NPT), tam bie\u017ei pievieno D, B, C un DC tipa savienot\u0101jus, lai pabeigtu dro\u0161u \u0101tru \u0161\u013c\u016btenes savieno\u0161anu.","og_url":"https:\/\/www.camlock.org\/lv\/product\/a-tipa-ner-s-jo-t-rauda-316-camlock-savienot-js\/","og_site_name":"\u041f\u0440\u043e\u0434\u0430\u0436\u0430 \u043a\u0430\u043c\u043b\u043e\u043a (Camlock) \u0441\u043e\u0435\u0434\u0438\u043d\u0435\u043d\u0438\u0439","article_modified_time":"2025-05-16T06:43:24+00:00","og_image":[{"width":1000,"height":1000,"url":"https:\/\/www.camlock.org\/wp-content\/uploads\/2018\/06\/Camlock_SS316_type_A_50mm_D200SS.jpg","type":"image\/jpeg"}],"twitter_card":"summary_large_image","twitter_misc":{"Est. reading time":"1 minute"},"schema":{"@context":"https:\/\/schema.org","@graph":[{"@type":"WebPage","@id":"https:\/\/www.camlock.org\/lv\/product\/a-tipa-ner-s-jo-t-rauda-316-camlock-savienot-js\/","url":"https:\/\/www.camlock.org\/lv\/product\/a-tipa-ner-s-jo-t-rauda-316-camlock-savienot-js\/","name":"A tipa ner\u016bs\u0113jo\u0161\u0101 t\u0113rauda 316 Camlock savienot\u0101js","isPartOf":{"@id":"https:\/\/www.camlock.org\/lv\/?lang=et\/#website"},"primaryImageOfPage":{"@id":"https:\/\/www.camlock.org\/lv\/product\/a-tipa-ner-s-jo-t-rauda-316-camlock-savienot-js\/#primaryimage"},"image":{"@id":"https:\/\/www.camlock.org\/lv\/product\/a-tipa-ner-s-jo-t-rauda-316-camlock-savienot-js\/#primaryimage"},"thumbnailUrl":"https:\/\/www.camlock.org\/wp-content\/uploads\/2018\/06\/Camlock_SS316_type_A_50mm_D200SS.jpg","datePublished":"2018-06-03T15:09:13+00:00","dateModified":"2025-05-16T06:43:24+00:00","description":"A tipa ner\u016bs\u0113jo\u0161\u0101 t\u0113rauda 316 Camlock - v\u012brie\u0161u adapteris \u00d7 sievie\u0161u BSP (iesp\u0113jams ar\u012b NPT), tam bie\u017ei pievieno D, B, C un DC tipa savienot\u0101jus, lai pabeigtu dro\u0161u \u0101tru \u0161\u013c\u016btenes savieno\u0161anu.","breadcrumb":{"@id":"https:\/\/www.camlock.org\/lv\/product\/a-tipa-ner-s-jo-t-rauda-316-camlock-savienot-js\/#breadcrumb"},"inLanguage":"lv-LV","potentialAction":[{"@type":"ReadAction","target":["https:\/\/www.camlock.org\/lv\/product\/a-tipa-ner-s-jo-t-rauda-316-camlock-savienot-js\/"]}]},{"@type":"ImageObject","inLanguage":"lv-LV","@id":"https:\/\/www.camlock.org\/lv\/product\/a-tipa-ner-s-jo-t-rauda-316-camlock-savienot-js\/#primaryimage","url":"https:\/\/www.camlock.org\/wp-content\/uploads\/2018\/06\/Camlock_SS316_type_A_50mm_D200SS.jpg","contentUrl":"https:\/\/www.camlock.org\/wp-content\/uploads\/2018\/06\/Camlock_SS316_type_A_50mm_D200SS.jpg","width":1000,"height":1000},{"@type":"BreadcrumbList","@id":"https:\/\/www.camlock.org\/lv\/product\/a-tipa-ner-s-jo-t-rauda-316-camlock-savienot-js\/#breadcrumb","itemListElement":[{"@type":"ListItem","position":1,"name":"Home","item":"https:\/\/www.camlock.org\/lv\/s-kums\/"},{"@type":"ListItem","position":2,"name":"Veikals","item":"https:\/\/www.camlock.org\/lv\/d0-bc-d0-b0-d0-b3-d0-b0-d0-b7-d0-b8-d0-bd\/"},{"@type":"ListItem","position":3,"name":"A tipa ner\u016bs\u0113jo\u0161\u0101 t\u0113rauda 316 Camlock savienot\u0101js"}]},{"@type":"WebSite","@id":"https:\/\/www.camlock.org\/lv\/?lang=et\/#website","url":"https:\/\/www.camlock.org\/lv\/?lang=et\/","name":"\u041f\u0440\u043e\u0434\u0430\u0436\u0430 \u043a\u0430\u043c\u043b\u043e\u043a (Camlock) \u0441\u043e\u0435\u0434\u0438\u043d\u0435\u043d\u0438\u0439","description":"\u041f\u0440\u043e\u0434\u0430\u0436\u0430 \u043a\u0430\u043c\u043b\u043e\u043a (Camlock) \u0441\u043e\u0435\u0434\u0438\u043d\u0435\u043d\u0438\u0439","potentialAction":[{"@type":"SearchAction","target":{"@type":"EntryPoint","urlTemplate":"https:\/\/www.camlock.org\/lv\/?lang=et\/?s={search_term_string}"},"query-input":{"@type":"PropertyValueSpecification","valueRequired":true,"valueName":"search_term_string"}}],"inLanguage":"lv-LV"}]}},"_links":{"self":[{"href":"https:\/\/www.camlock.org\/lv\/wp-json\/wp\/v2\/product\/11874","targetHints":{"allow":["GET"]}}],"collection":[{"href":"https:\/\/www.camlock.org\/lv\/wp-json\/wp\/v2\/product"}],"about":[{"href":"https:\/\/www.camlock.org\/lv\/wp-json\/wp\/v2\/types\/product"}],"wp:featuredmedia":[{"embeddable":true,"href":"https:\/\/www.camlock.org\/lv\/wp-json\/wp\/v2\/media\/12813"}],"wp:attachment":[{"href":"https:\/\/www.camlock.org\/lv\/wp-json\/wp\/v2\/media?parent=11874"}],"wp:term":[{"taxonomy":"product_brand","embeddable":true,"href":"https:\/\/www.camlock.org\/lv\/wp-json\/wp\/v2\/product_brand?post=11874"},{"taxonomy":"product_cat","embeddable":true,"href":"https:\/\/www.camlock.org\/lv\/wp-json\/wp\/v2\/product_cat?post=11874"},{"taxonomy":"product_tag","embeddable":true,"href":"https:\/\/www.camlock.org\/lv\/wp-json\/wp\/v2\/product_tag?post=11874"}],"curies":[{"name":"wp","href":"https:\/\/api.w.org\/{rel}","templated":true}]}}