{"id":12321,"date":"2018-06-03T20:09:30","date_gmt":"2018-06-03T17:09:48","guid":{"rendered":"https:\/\/www.camlock.org\/?post_type=product&#038;p=12321"},"modified":"2025-05-16T09:45:21","modified_gmt":"2025-05-16T06:45:21","slug":"b-tipa-ner-s-jo-t-rauda-316-kambl-u-savienot-js-savienot-ja-sieviete-bsp-v-ri-v-tne","status":"publish","type":"product","link":"https:\/\/www.camlock.org\/lv\/product\/b-tipa-ner-s-jo-t-rauda-316-kambl-u-savienot-js-savienot-ja-sieviete-bsp-v-ri-v-tne\/","title":{"rendered":"B tipa ner\u016bs\u0113jo\u0161\u0101 t\u0113rauda 316 kambl\u016b\u017eu savienot\u0101js &#8211; savienot\u0101ja sieviete \u00d7 BSP v\u012bri\u0161\u0137\u0101 v\u012btne"},"content":{"rendered":"<p>B tipa ner\u016bs\u0113jo\u0161\u0101 t\u0113rauda Camlock adapteris ir viena izm\u0113ra savienot\u0101js un otra izm\u0113ra savienot\u0101js ar BSP v\u012btni. &#8220;B&#8221; tipa kambloksiem ir sievi\u0161\u0137ais kambloks gals un t\u0101da pa\u0161a izm\u0113ra v\u012bri\u0161\u0137ais BSP v\u012btne.  Sievi\u0161\u0137ais camlock gals ir savienojams ar jebkuru t\u0101da pa\u0161a izm\u0113ra v\u012brie\u0161u camlock savienot\u0101ju.<\/p>\n","protected":false},"excerpt":{"rendered":"<p>Ner\u016bs\u0113jo\u0161\u0101 t\u0113rauda B tipa kambl\u016b\u017eu savienot\u0101jelementi parasti tiek izmantoti kop\u0101 ar F, A, E un DP tipa adapteriem, lai savienotu zemspiediena ies\u016bkn\u0113\u0161anas \u0161\u013c\u016btenes ar s\u016bk\u0146iem, IBC vai jom\u0101s, kur\u0101s bie\u017ei j\u0101veic savieno\u0161anas\/atvieno\u0161anas darb\u012bbas, piem\u0113ram, tintes un kr\u0101so\u0161anas r\u016bpniec\u012bb\u0101.<\/p>\n","protected":false},"featured_media":13670,"template":"","meta":[],"product_brand":[],"product_cat":[494],"product_tag":[495,242],"class_list":{"0":"post-12321","1":"product","2":"type-product","3":"status-publish","4":"has-post-thumbnail","6":"product_cat-ner-s-jo-t-rauda-camlock-savienot-jelementi","7":"product_tag-ner-s-jo-ais-t-rauds","8":"product_tag-type-b-lv","10":"first","11":"instock","12":"taxable","13":"shipping-taxable","14":"purchasable","15":"product-type-variable"},"yoast_head":"<!-- This site is optimized with the Yoast SEO plugin v27.4 - https:\/\/yoast.com\/product\/yoast-seo-wordpress\/ -->\n<title>B tipa ner\u016bs\u0113jo\u0161\u0101 t\u0113rauda 316 kambl\u012b\u0161u savienot\u0101js<\/title>\n<meta name=\"description\" content=\"B tipa ner\u016bs\u0113jo\u0161\u0101 t\u0113rauda Camlock adapteris ir viena izm\u0113ra savienot\u0101js un otra izm\u0113ra savienot\u0101js ar BSP v\u012btni. &quot;B&quot; tipa kambloksiem ir sievi\u0161\u0137ais kambloks gals un t\u0101da pa\u0161a izm\u0113ra v\u012bri\u0161\u0137ais BSP v\u012btne.\" \/>\n<meta name=\"robots\" content=\"index, follow, max-snippet:-1, max-image-preview:large, max-video-preview:-1\" \/>\n<link rel=\"canonical\" href=\"https:\/\/www.camlock.org\/lv\/product\/b-tipa-ner-s-jo-t-rauda-316-kambl-u-savienot-js-savienot-ja-sieviete-bsp-v-ri-v-tne\/\" \/>\n<meta property=\"og:locale\" content=\"lv_LV\" \/>\n<meta property=\"og:type\" content=\"article\" \/>\n<meta property=\"og:title\" content=\"B tipa ner\u016bs\u0113jo\u0161\u0101 t\u0113rauda 316 kambl\u012b\u0161u savienot\u0101js\" \/>\n<meta property=\"og:description\" content=\"B tipa ner\u016bs\u0113jo\u0161\u0101 t\u0113rauda Camlock adapteris ir viena izm\u0113ra savienot\u0101js un otra izm\u0113ra savienot\u0101js ar BSP v\u012btni. &quot;B&quot; tipa kambloksiem ir sievi\u0161\u0137ais kambloks gals un t\u0101da pa\u0161a izm\u0113ra v\u012bri\u0161\u0137ais BSP v\u012btne.\" \/>\n<meta property=\"og:url\" content=\"https:\/\/www.camlock.org\/lv\/product\/b-tipa-ner-s-jo-t-rauda-316-kambl-u-savienot-js-savienot-ja-sieviete-bsp-v-ri-v-tne\/\" \/>\n<meta property=\"og:site_name\" content=\"\u041f\u0440\u043e\u0434\u0430\u0436\u0430 \u043a\u0430\u043c\u043b\u043e\u043a (Camlock) \u0441\u043e\u0435\u0434\u0438\u043d\u0435\u043d\u0438\u0439\" \/>\n<meta property=\"article:modified_time\" content=\"2025-05-16T06:45:21+00:00\" \/>\n<meta property=\"og:image\" content=\"https:\/\/www.camlock.org\/wp-content\/uploads\/2018\/06\/Camlock_SS316_type_B_50mm_D200SS.jpg\" \/>\n\t<meta property=\"og:image:width\" content=\"1000\" \/>\n\t<meta property=\"og:image:height\" content=\"1000\" \/>\n\t<meta property=\"og:image:type\" content=\"image\/jpeg\" \/>\n<meta name=\"twitter:card\" content=\"summary_large_image\" \/>\n<meta name=\"twitter:label1\" content=\"Est. reading time\" \/>\n\t<meta name=\"twitter:data1\" content=\"1 minute\" \/>\n<script type=\"application\/ld+json\" class=\"yoast-schema-graph\">{\"@context\":\"https:\\\/\\\/schema.org\",\"@graph\":[{\"@type\":\"WebPage\",\"@id\":\"https:\\\/\\\/www.camlock.org\\\/lv\\\/product\\\/b-tipa-ner-s-jo-t-rauda-316-kambl-u-savienot-js-savienot-ja-sieviete-bsp-v-ri-v-tne\\\/\",\"url\":\"https:\\\/\\\/www.camlock.org\\\/lv\\\/product\\\/b-tipa-ner-s-jo-t-rauda-316-kambl-u-savienot-js-savienot-ja-sieviete-bsp-v-ri-v-tne\\\/\",\"name\":\"B tipa ner\u016bs\u0113jo\u0161\u0101 t\u0113rauda 316 kambl\u012b\u0161u savienot\u0101js\",\"isPartOf\":{\"@id\":\"https:\\\/\\\/www.camlock.org\\\/lv\\\/?lang=et\\\/#website\"},\"primaryImageOfPage\":{\"@id\":\"https:\\\/\\\/www.camlock.org\\\/lv\\\/product\\\/b-tipa-ner-s-jo-t-rauda-316-kambl-u-savienot-js-savienot-ja-sieviete-bsp-v-ri-v-tne\\\/#primaryimage\"},\"image\":{\"@id\":\"https:\\\/\\\/www.camlock.org\\\/lv\\\/product\\\/b-tipa-ner-s-jo-t-rauda-316-kambl-u-savienot-js-savienot-ja-sieviete-bsp-v-ri-v-tne\\\/#primaryimage\"},\"thumbnailUrl\":\"https:\\\/\\\/www.camlock.org\\\/wp-content\\\/uploads\\\/2018\\\/06\\\/Camlock_SS316_type_B_50mm_D200SS.jpg\",\"datePublished\":\"2018-06-03T17:09:48+00:00\",\"dateModified\":\"2025-05-16T06:45:21+00:00\",\"description\":\"B tipa ner\u016bs\u0113jo\u0161\u0101 t\u0113rauda Camlock adapteris ir viena izm\u0113ra savienot\u0101js un otra izm\u0113ra savienot\u0101js ar BSP v\u012btni. \\\"B\\\" tipa kambloksiem ir sievi\u0161\u0137ais kambloks gals un t\u0101da pa\u0161a izm\u0113ra v\u012bri\u0161\u0137ais BSP v\u012btne.\",\"breadcrumb\":{\"@id\":\"https:\\\/\\\/www.camlock.org\\\/lv\\\/product\\\/b-tipa-ner-s-jo-t-rauda-316-kambl-u-savienot-js-savienot-ja-sieviete-bsp-v-ri-v-tne\\\/#breadcrumb\"},\"inLanguage\":\"lv-LV\",\"potentialAction\":[{\"@type\":\"ReadAction\",\"target\":[\"https:\\\/\\\/www.camlock.org\\\/lv\\\/product\\\/b-tipa-ner-s-jo-t-rauda-316-kambl-u-savienot-js-savienot-ja-sieviete-bsp-v-ri-v-tne\\\/\"]}]},{\"@type\":\"ImageObject\",\"inLanguage\":\"lv-LV\",\"@id\":\"https:\\\/\\\/www.camlock.org\\\/lv\\\/product\\\/b-tipa-ner-s-jo-t-rauda-316-kambl-u-savienot-js-savienot-ja-sieviete-bsp-v-ri-v-tne\\\/#primaryimage\",\"url\":\"https:\\\/\\\/www.camlock.org\\\/wp-content\\\/uploads\\\/2018\\\/06\\\/Camlock_SS316_type_B_50mm_D200SS.jpg\",\"contentUrl\":\"https:\\\/\\\/www.camlock.org\\\/wp-content\\\/uploads\\\/2018\\\/06\\\/Camlock_SS316_type_B_50mm_D200SS.jpg\",\"width\":1000,\"height\":1000},{\"@type\":\"BreadcrumbList\",\"@id\":\"https:\\\/\\\/www.camlock.org\\\/lv\\\/product\\\/b-tipa-ner-s-jo-t-rauda-316-kambl-u-savienot-js-savienot-ja-sieviete-bsp-v-ri-v-tne\\\/#breadcrumb\",\"itemListElement\":[{\"@type\":\"ListItem\",\"position\":1,\"name\":\"Home\",\"item\":\"https:\\\/\\\/www.camlock.org\\\/lv\\\/s-kums\\\/\"},{\"@type\":\"ListItem\",\"position\":2,\"name\":\"Veikals\",\"item\":\"https:\\\/\\\/www.camlock.org\\\/lv\\\/d0-bc-d0-b0-d0-b3-d0-b0-d0-b7-d0-b8-d0-bd\\\/\"},{\"@type\":\"ListItem\",\"position\":3,\"name\":\"B tipa ner\u016bs\u0113jo\u0161\u0101 t\u0113rauda 316 kambl\u016b\u017eu savienot\u0101js &#8211; savienot\u0101ja sieviete \u00d7 BSP v\u012bri\u0161\u0137\u0101 v\u012btne\"}]},{\"@type\":\"WebSite\",\"@id\":\"https:\\\/\\\/www.camlock.org\\\/lv\\\/?lang=et\\\/#website\",\"url\":\"https:\\\/\\\/www.camlock.org\\\/lv\\\/?lang=et\\\/\",\"name\":\"\u041f\u0440\u043e\u0434\u0430\u0436\u0430 \u043a\u0430\u043c\u043b\u043e\u043a (Camlock) \u0441\u043e\u0435\u0434\u0438\u043d\u0435\u043d\u0438\u0439\",\"description\":\"\u041f\u0440\u043e\u0434\u0430\u0436\u0430 \u043a\u0430\u043c\u043b\u043e\u043a (Camlock) \u0441\u043e\u0435\u0434\u0438\u043d\u0435\u043d\u0438\u0439\",\"potentialAction\":[{\"@type\":\"SearchAction\",\"target\":{\"@type\":\"EntryPoint\",\"urlTemplate\":\"https:\\\/\\\/www.camlock.org\\\/lv\\\/?lang=et\\\/?s={search_term_string}\"},\"query-input\":{\"@type\":\"PropertyValueSpecification\",\"valueRequired\":true,\"valueName\":\"search_term_string\"}}],\"inLanguage\":\"lv-LV\"}]}<\/script>\n<!-- \/ Yoast SEO plugin. -->","yoast_head_json":{"title":"B tipa ner\u016bs\u0113jo\u0161\u0101 t\u0113rauda 316 kambl\u012b\u0161u savienot\u0101js","description":"B tipa ner\u016bs\u0113jo\u0161\u0101 t\u0113rauda Camlock adapteris ir viena izm\u0113ra savienot\u0101js un otra izm\u0113ra savienot\u0101js ar BSP v\u012btni. \"B\" tipa kambloksiem ir sievi\u0161\u0137ais kambloks gals un t\u0101da pa\u0161a izm\u0113ra v\u012bri\u0161\u0137ais BSP v\u012btne.","robots":{"index":"index","follow":"follow","max-snippet":"max-snippet:-1","max-image-preview":"max-image-preview:large","max-video-preview":"max-video-preview:-1"},"canonical":"https:\/\/www.camlock.org\/lv\/product\/b-tipa-ner-s-jo-t-rauda-316-kambl-u-savienot-js-savienot-ja-sieviete-bsp-v-ri-v-tne\/","og_locale":"lv_LV","og_type":"article","og_title":"B tipa ner\u016bs\u0113jo\u0161\u0101 t\u0113rauda 316 kambl\u012b\u0161u savienot\u0101js","og_description":"B tipa ner\u016bs\u0113jo\u0161\u0101 t\u0113rauda Camlock adapteris ir viena izm\u0113ra savienot\u0101js un otra izm\u0113ra savienot\u0101js ar BSP v\u012btni. \"B\" tipa kambloksiem ir sievi\u0161\u0137ais kambloks gals un t\u0101da pa\u0161a izm\u0113ra v\u012bri\u0161\u0137ais BSP v\u012btne.","og_url":"https:\/\/www.camlock.org\/lv\/product\/b-tipa-ner-s-jo-t-rauda-316-kambl-u-savienot-js-savienot-ja-sieviete-bsp-v-ri-v-tne\/","og_site_name":"\u041f\u0440\u043e\u0434\u0430\u0436\u0430 \u043a\u0430\u043c\u043b\u043e\u043a (Camlock) \u0441\u043e\u0435\u0434\u0438\u043d\u0435\u043d\u0438\u0439","article_modified_time":"2025-05-16T06:45:21+00:00","og_image":[{"width":1000,"height":1000,"url":"https:\/\/www.camlock.org\/wp-content\/uploads\/2018\/06\/Camlock_SS316_type_B_50mm_D200SS.jpg","type":"image\/jpeg"}],"twitter_card":"summary_large_image","twitter_misc":{"Est. reading time":"1 minute"},"schema":{"@context":"https:\/\/schema.org","@graph":[{"@type":"WebPage","@id":"https:\/\/www.camlock.org\/lv\/product\/b-tipa-ner-s-jo-t-rauda-316-kambl-u-savienot-js-savienot-ja-sieviete-bsp-v-ri-v-tne\/","url":"https:\/\/www.camlock.org\/lv\/product\/b-tipa-ner-s-jo-t-rauda-316-kambl-u-savienot-js-savienot-ja-sieviete-bsp-v-ri-v-tne\/","name":"B tipa ner\u016bs\u0113jo\u0161\u0101 t\u0113rauda 316 kambl\u012b\u0161u savienot\u0101js","isPartOf":{"@id":"https:\/\/www.camlock.org\/lv\/?lang=et\/#website"},"primaryImageOfPage":{"@id":"https:\/\/www.camlock.org\/lv\/product\/b-tipa-ner-s-jo-t-rauda-316-kambl-u-savienot-js-savienot-ja-sieviete-bsp-v-ri-v-tne\/#primaryimage"},"image":{"@id":"https:\/\/www.camlock.org\/lv\/product\/b-tipa-ner-s-jo-t-rauda-316-kambl-u-savienot-js-savienot-ja-sieviete-bsp-v-ri-v-tne\/#primaryimage"},"thumbnailUrl":"https:\/\/www.camlock.org\/wp-content\/uploads\/2018\/06\/Camlock_SS316_type_B_50mm_D200SS.jpg","datePublished":"2018-06-03T17:09:48+00:00","dateModified":"2025-05-16T06:45:21+00:00","description":"B tipa ner\u016bs\u0113jo\u0161\u0101 t\u0113rauda Camlock adapteris ir viena izm\u0113ra savienot\u0101js un otra izm\u0113ra savienot\u0101js ar BSP v\u012btni. \"B\" tipa kambloksiem ir sievi\u0161\u0137ais kambloks gals un t\u0101da pa\u0161a izm\u0113ra v\u012bri\u0161\u0137ais BSP v\u012btne.","breadcrumb":{"@id":"https:\/\/www.camlock.org\/lv\/product\/b-tipa-ner-s-jo-t-rauda-316-kambl-u-savienot-js-savienot-ja-sieviete-bsp-v-ri-v-tne\/#breadcrumb"},"inLanguage":"lv-LV","potentialAction":[{"@type":"ReadAction","target":["https:\/\/www.camlock.org\/lv\/product\/b-tipa-ner-s-jo-t-rauda-316-kambl-u-savienot-js-savienot-ja-sieviete-bsp-v-ri-v-tne\/"]}]},{"@type":"ImageObject","inLanguage":"lv-LV","@id":"https:\/\/www.camlock.org\/lv\/product\/b-tipa-ner-s-jo-t-rauda-316-kambl-u-savienot-js-savienot-ja-sieviete-bsp-v-ri-v-tne\/#primaryimage","url":"https:\/\/www.camlock.org\/wp-content\/uploads\/2018\/06\/Camlock_SS316_type_B_50mm_D200SS.jpg","contentUrl":"https:\/\/www.camlock.org\/wp-content\/uploads\/2018\/06\/Camlock_SS316_type_B_50mm_D200SS.jpg","width":1000,"height":1000},{"@type":"BreadcrumbList","@id":"https:\/\/www.camlock.org\/lv\/product\/b-tipa-ner-s-jo-t-rauda-316-kambl-u-savienot-js-savienot-ja-sieviete-bsp-v-ri-v-tne\/#breadcrumb","itemListElement":[{"@type":"ListItem","position":1,"name":"Home","item":"https:\/\/www.camlock.org\/lv\/s-kums\/"},{"@type":"ListItem","position":2,"name":"Veikals","item":"https:\/\/www.camlock.org\/lv\/d0-bc-d0-b0-d0-b3-d0-b0-d0-b7-d0-b8-d0-bd\/"},{"@type":"ListItem","position":3,"name":"B tipa ner\u016bs\u0113jo\u0161\u0101 t\u0113rauda 316 kambl\u016b\u017eu savienot\u0101js &#8211; savienot\u0101ja sieviete \u00d7 BSP v\u012bri\u0161\u0137\u0101 v\u012btne"}]},{"@type":"WebSite","@id":"https:\/\/www.camlock.org\/lv\/?lang=et\/#website","url":"https:\/\/www.camlock.org\/lv\/?lang=et\/","name":"\u041f\u0440\u043e\u0434\u0430\u0436\u0430 \u043a\u0430\u043c\u043b\u043e\u043a (Camlock) \u0441\u043e\u0435\u0434\u0438\u043d\u0435\u043d\u0438\u0439","description":"\u041f\u0440\u043e\u0434\u0430\u0436\u0430 \u043a\u0430\u043c\u043b\u043e\u043a (Camlock) \u0441\u043e\u0435\u0434\u0438\u043d\u0435\u043d\u0438\u0439","potentialAction":[{"@type":"SearchAction","target":{"@type":"EntryPoint","urlTemplate":"https:\/\/www.camlock.org\/lv\/?lang=et\/?s={search_term_string}"},"query-input":{"@type":"PropertyValueSpecification","valueRequired":true,"valueName":"search_term_string"}}],"inLanguage":"lv-LV"}]}},"_links":{"self":[{"href":"https:\/\/www.camlock.org\/lv\/wp-json\/wp\/v2\/product\/12321","targetHints":{"allow":["GET"]}}],"collection":[{"href":"https:\/\/www.camlock.org\/lv\/wp-json\/wp\/v2\/product"}],"about":[{"href":"https:\/\/www.camlock.org\/lv\/wp-json\/wp\/v2\/types\/product"}],"wp:featuredmedia":[{"embeddable":true,"href":"https:\/\/www.camlock.org\/lv\/wp-json\/wp\/v2\/media\/13670"}],"wp:attachment":[{"href":"https:\/\/www.camlock.org\/lv\/wp-json\/wp\/v2\/media?parent=12321"}],"wp:term":[{"taxonomy":"product_brand","embeddable":true,"href":"https:\/\/www.camlock.org\/lv\/wp-json\/wp\/v2\/product_brand?post=12321"},{"taxonomy":"product_cat","embeddable":true,"href":"https:\/\/www.camlock.org\/lv\/wp-json\/wp\/v2\/product_cat?post=12321"},{"taxonomy":"product_tag","embeddable":true,"href":"https:\/\/www.camlock.org\/lv\/wp-json\/wp\/v2\/product_tag?post=12321"}],"curies":[{"name":"wp","href":"https:\/\/api.w.org\/{rel}","templated":true}]}}