{"id":12623,"date":"2018-06-04T21:26:52","date_gmt":"2018-06-04T18:27:07","guid":{"rendered":"https:\/\/www.camlock.org\/?post_type=product&#038;p=12623"},"modified":"2025-05-16T09:53:14","modified_gmt":"2025-05-16T06:53:14","slug":"d-tipa-ner-s-jo-t-rauda-316-kambl-veida-savienot-js-savienot-ja-sieviete-bsp-sievi-v-tne","status":"publish","type":"product","link":"https:\/\/www.camlock.org\/lv\/product\/d-tipa-ner-s-jo-t-rauda-316-kambl-veida-savienot-js-savienot-ja-sieviete-bsp-sievi-v-tne\/","title":{"rendered":"D tipa ner\u016bs\u0113jo\u0161\u0101 t\u0113rauda 316 kambl\u016b\u0137veida savienot\u0101js &#8211; savienot\u0101ja sieviete \u00d7 BSP sievi\u0161\u0137\u0101 v\u012btne"},"content":{"rendered":"<p>Sievi\u0161\u0137ais camlock gals ir savienojams ar jebkuru t\u0101da pa\u0161a izm\u0113ra v\u012brie\u0161u camlock savienot\u0101ju. D tipa camlock savienot\u0101jus bie\u017ei izmanto kop\u0101 ar A tipa adapteriem, un da\u017ek\u0101rt tos var izmantot kop\u0101 ar t\u0101da pa\u0161a izm\u0113ra E un F tipa un DP tipa (putek\u013cu aizb\u0101zni) savienot\u0101jiem. Ner\u016bs\u0113jo\u0161\u0101 t\u0113rauda 316 savienot\u0101ji ir apr\u012bkoti ar ner\u016bs\u0113jo\u0161\u0101 t\u0113rauda rokturiem, gredzeniem un tap\u0101m, lai pagarin\u0101tu to kalpo\u0161anas laiku.  <\/p>\n","protected":false},"excerpt":{"rendered":"<p>Sievie\u0161u savienot\u0101js ar sievie\u0161u BSP v\u012btni &#8211; &#8220;D&#8221; tipa kameru blokatoriem ir sievie\u0161u kameru gals un t\u0101da pa\u0161a izm\u0113ra sievie\u0161u BSP v\u012btne.<\/p>\n","protected":false},"featured_media":15500,"template":"","meta":[],"product_brand":[],"product_cat":[494],"product_tag":[495,258],"class_list":{"0":"post-12623","1":"product","2":"type-product","3":"status-publish","4":"has-post-thumbnail","6":"product_cat-ner-s-jo-t-rauda-camlock-savienot-jelementi","7":"product_tag-ner-s-jo-ais-t-rauds","8":"product_tag-type-d-lv","10":"first","11":"instock","12":"taxable","13":"shipping-taxable","14":"purchasable","15":"product-type-variable"},"yoast_head":"<!-- This site is optimized with the Yoast SEO plugin v27.4 - https:\/\/yoast.com\/product\/yoast-seo-wordpress\/ -->\n<title>D tipa ner\u016bs\u0113jo\u0161\u0101 t\u0113rauda 316 kambl\u012b\u0161u savienot\u0101js<\/title>\n<meta name=\"description\" content=\"D tipa ner\u016bs\u0113jo\u0161\u0101 t\u0113rauda 316 kambl\u016b\u0137veida savienot\u0101ja gals ir piem\u0113rots jebkuram t\u0101da pa\u0161a izm\u0113ra kambl\u016b\u0137veida savienot\u0101jam. D tipa camlock savienot\u0101jus bie\u017ei izmanto kop\u0101 ar A tipa adapteriem, un da\u017ek\u0101rt tos var izmantot kop\u0101 ar t\u0101 pa\u0161a izm\u0113ra E un F tipa un DP tipa (putek\u013cu aizb\u0101zni) savienot\u0101jiem.\" \/>\n<meta name=\"robots\" content=\"index, follow, max-snippet:-1, max-image-preview:large, max-video-preview:-1\" \/>\n<link rel=\"canonical\" href=\"https:\/\/www.camlock.org\/lv\/product\/d-tipa-ner-s-jo-t-rauda-316-kambl-veida-savienot-js-savienot-ja-sieviete-bsp-sievi-v-tne\/\" \/>\n<meta property=\"og:locale\" content=\"lv_LV\" \/>\n<meta property=\"og:type\" content=\"article\" \/>\n<meta property=\"og:title\" content=\"D tipa ner\u016bs\u0113jo\u0161\u0101 t\u0113rauda 316 kambl\u012b\u0161u savienot\u0101js\" \/>\n<meta property=\"og:description\" content=\"D tipa ner\u016bs\u0113jo\u0161\u0101 t\u0113rauda 316 kambl\u016b\u0137veida savienot\u0101ja gals ir piem\u0113rots jebkuram t\u0101da pa\u0161a izm\u0113ra kambl\u016b\u0137veida savienot\u0101jam. D tipa camlock savienot\u0101jus bie\u017ei izmanto kop\u0101 ar A tipa adapteriem, un da\u017ek\u0101rt tos var izmantot kop\u0101 ar t\u0101 pa\u0161a izm\u0113ra E un F tipa un DP tipa (putek\u013cu aizb\u0101zni) savienot\u0101jiem.\" \/>\n<meta property=\"og:url\" content=\"https:\/\/www.camlock.org\/lv\/product\/d-tipa-ner-s-jo-t-rauda-316-kambl-veida-savienot-js-savienot-ja-sieviete-bsp-sievi-v-tne\/\" \/>\n<meta property=\"og:site_name\" content=\"\u041f\u0440\u043e\u0434\u0430\u0436\u0430 \u043a\u0430\u043c\u043b\u043e\u043a (Camlock) \u0441\u043e\u0435\u0434\u0438\u043d\u0435\u043d\u0438\u0439\" \/>\n<meta property=\"article:modified_time\" content=\"2025-05-16T06:53:14+00:00\" \/>\n<meta property=\"og:image\" content=\"https:\/\/www.camlock.org\/wp-content\/uploads\/2018\/01\/Camlock_SS316_type_D_50mm_D200SS.jpg\" \/>\n\t<meta property=\"og:image:width\" content=\"1000\" \/>\n\t<meta property=\"og:image:height\" content=\"1000\" \/>\n\t<meta property=\"og:image:type\" content=\"image\/jpeg\" \/>\n<meta name=\"twitter:card\" content=\"summary_large_image\" \/>\n<meta name=\"twitter:label1\" content=\"Est. reading time\" \/>\n\t<meta name=\"twitter:data1\" content=\"1 minute\" \/>\n<script type=\"application\/ld+json\" class=\"yoast-schema-graph\">{\"@context\":\"https:\\\/\\\/schema.org\",\"@graph\":[{\"@type\":\"WebPage\",\"@id\":\"https:\\\/\\\/www.camlock.org\\\/lv\\\/product\\\/d-tipa-ner-s-jo-t-rauda-316-kambl-veida-savienot-js-savienot-ja-sieviete-bsp-sievi-v-tne\\\/\",\"url\":\"https:\\\/\\\/www.camlock.org\\\/lv\\\/product\\\/d-tipa-ner-s-jo-t-rauda-316-kambl-veida-savienot-js-savienot-ja-sieviete-bsp-sievi-v-tne\\\/\",\"name\":\"D tipa ner\u016bs\u0113jo\u0161\u0101 t\u0113rauda 316 kambl\u012b\u0161u savienot\u0101js\",\"isPartOf\":{\"@id\":\"https:\\\/\\\/www.camlock.org\\\/lv\\\/?lang=et\\\/#website\"},\"primaryImageOfPage\":{\"@id\":\"https:\\\/\\\/www.camlock.org\\\/lv\\\/product\\\/d-tipa-ner-s-jo-t-rauda-316-kambl-veida-savienot-js-savienot-ja-sieviete-bsp-sievi-v-tne\\\/#primaryimage\"},\"image\":{\"@id\":\"https:\\\/\\\/www.camlock.org\\\/lv\\\/product\\\/d-tipa-ner-s-jo-t-rauda-316-kambl-veida-savienot-js-savienot-ja-sieviete-bsp-sievi-v-tne\\\/#primaryimage\"},\"thumbnailUrl\":\"https:\\\/\\\/www.camlock.org\\\/wp-content\\\/uploads\\\/2018\\\/01\\\/Camlock_SS316_type_D_50mm_D200SS.jpg\",\"datePublished\":\"2018-06-04T18:27:07+00:00\",\"dateModified\":\"2025-05-16T06:53:14+00:00\",\"description\":\"D tipa ner\u016bs\u0113jo\u0161\u0101 t\u0113rauda 316 kambl\u016b\u0137veida savienot\u0101ja gals ir piem\u0113rots jebkuram t\u0101da pa\u0161a izm\u0113ra kambl\u016b\u0137veida savienot\u0101jam. D tipa camlock savienot\u0101jus bie\u017ei izmanto kop\u0101 ar A tipa adapteriem, un da\u017ek\u0101rt tos var izmantot kop\u0101 ar t\u0101 pa\u0161a izm\u0113ra E un F tipa un DP tipa (putek\u013cu aizb\u0101zni) savienot\u0101jiem.\",\"breadcrumb\":{\"@id\":\"https:\\\/\\\/www.camlock.org\\\/lv\\\/product\\\/d-tipa-ner-s-jo-t-rauda-316-kambl-veida-savienot-js-savienot-ja-sieviete-bsp-sievi-v-tne\\\/#breadcrumb\"},\"inLanguage\":\"lv-LV\",\"potentialAction\":[{\"@type\":\"ReadAction\",\"target\":[\"https:\\\/\\\/www.camlock.org\\\/lv\\\/product\\\/d-tipa-ner-s-jo-t-rauda-316-kambl-veida-savienot-js-savienot-ja-sieviete-bsp-sievi-v-tne\\\/\"]}]},{\"@type\":\"ImageObject\",\"inLanguage\":\"lv-LV\",\"@id\":\"https:\\\/\\\/www.camlock.org\\\/lv\\\/product\\\/d-tipa-ner-s-jo-t-rauda-316-kambl-veida-savienot-js-savienot-ja-sieviete-bsp-sievi-v-tne\\\/#primaryimage\",\"url\":\"https:\\\/\\\/www.camlock.org\\\/wp-content\\\/uploads\\\/2018\\\/01\\\/Camlock_SS316_type_D_50mm_D200SS.jpg\",\"contentUrl\":\"https:\\\/\\\/www.camlock.org\\\/wp-content\\\/uploads\\\/2018\\\/01\\\/Camlock_SS316_type_D_50mm_D200SS.jpg\",\"width\":1000,\"height\":1000},{\"@type\":\"BreadcrumbList\",\"@id\":\"https:\\\/\\\/www.camlock.org\\\/lv\\\/product\\\/d-tipa-ner-s-jo-t-rauda-316-kambl-veida-savienot-js-savienot-ja-sieviete-bsp-sievi-v-tne\\\/#breadcrumb\",\"itemListElement\":[{\"@type\":\"ListItem\",\"position\":1,\"name\":\"Home\",\"item\":\"https:\\\/\\\/www.camlock.org\\\/lv\\\/s-kums\\\/\"},{\"@type\":\"ListItem\",\"position\":2,\"name\":\"Veikals\",\"item\":\"https:\\\/\\\/www.camlock.org\\\/lv\\\/d0-bc-d0-b0-d0-b3-d0-b0-d0-b7-d0-b8-d0-bd\\\/\"},{\"@type\":\"ListItem\",\"position\":3,\"name\":\"D tipa ner\u016bs\u0113jo\u0161\u0101 t\u0113rauda 316 kambl\u016b\u0137veida savienot\u0101js &#8211; savienot\u0101ja sieviete \u00d7 BSP sievi\u0161\u0137\u0101 v\u012btne\"}]},{\"@type\":\"WebSite\",\"@id\":\"https:\\\/\\\/www.camlock.org\\\/lv\\\/?lang=et\\\/#website\",\"url\":\"https:\\\/\\\/www.camlock.org\\\/lv\\\/?lang=et\\\/\",\"name\":\"\u041f\u0440\u043e\u0434\u0430\u0436\u0430 \u043a\u0430\u043c\u043b\u043e\u043a (Camlock) \u0441\u043e\u0435\u0434\u0438\u043d\u0435\u043d\u0438\u0439\",\"description\":\"\u041f\u0440\u043e\u0434\u0430\u0436\u0430 \u043a\u0430\u043c\u043b\u043e\u043a (Camlock) \u0441\u043e\u0435\u0434\u0438\u043d\u0435\u043d\u0438\u0439\",\"potentialAction\":[{\"@type\":\"SearchAction\",\"target\":{\"@type\":\"EntryPoint\",\"urlTemplate\":\"https:\\\/\\\/www.camlock.org\\\/lv\\\/?lang=et\\\/?s={search_term_string}\"},\"query-input\":{\"@type\":\"PropertyValueSpecification\",\"valueRequired\":true,\"valueName\":\"search_term_string\"}}],\"inLanguage\":\"lv-LV\"}]}<\/script>\n<!-- \/ Yoast SEO plugin. -->","yoast_head_json":{"title":"D tipa ner\u016bs\u0113jo\u0161\u0101 t\u0113rauda 316 kambl\u012b\u0161u savienot\u0101js","description":"D tipa ner\u016bs\u0113jo\u0161\u0101 t\u0113rauda 316 kambl\u016b\u0137veida savienot\u0101ja gals ir piem\u0113rots jebkuram t\u0101da pa\u0161a izm\u0113ra kambl\u016b\u0137veida savienot\u0101jam. D tipa camlock savienot\u0101jus bie\u017ei izmanto kop\u0101 ar A tipa adapteriem, un da\u017ek\u0101rt tos var izmantot kop\u0101 ar t\u0101 pa\u0161a izm\u0113ra E un F tipa un DP tipa (putek\u013cu aizb\u0101zni) savienot\u0101jiem.","robots":{"index":"index","follow":"follow","max-snippet":"max-snippet:-1","max-image-preview":"max-image-preview:large","max-video-preview":"max-video-preview:-1"},"canonical":"https:\/\/www.camlock.org\/lv\/product\/d-tipa-ner-s-jo-t-rauda-316-kambl-veida-savienot-js-savienot-ja-sieviete-bsp-sievi-v-tne\/","og_locale":"lv_LV","og_type":"article","og_title":"D tipa ner\u016bs\u0113jo\u0161\u0101 t\u0113rauda 316 kambl\u012b\u0161u savienot\u0101js","og_description":"D tipa ner\u016bs\u0113jo\u0161\u0101 t\u0113rauda 316 kambl\u016b\u0137veida savienot\u0101ja gals ir piem\u0113rots jebkuram t\u0101da pa\u0161a izm\u0113ra kambl\u016b\u0137veida savienot\u0101jam. D tipa camlock savienot\u0101jus bie\u017ei izmanto kop\u0101 ar A tipa adapteriem, un da\u017ek\u0101rt tos var izmantot kop\u0101 ar t\u0101 pa\u0161a izm\u0113ra E un F tipa un DP tipa (putek\u013cu aizb\u0101zni) savienot\u0101jiem.","og_url":"https:\/\/www.camlock.org\/lv\/product\/d-tipa-ner-s-jo-t-rauda-316-kambl-veida-savienot-js-savienot-ja-sieviete-bsp-sievi-v-tne\/","og_site_name":"\u041f\u0440\u043e\u0434\u0430\u0436\u0430 \u043a\u0430\u043c\u043b\u043e\u043a (Camlock) \u0441\u043e\u0435\u0434\u0438\u043d\u0435\u043d\u0438\u0439","article_modified_time":"2025-05-16T06:53:14+00:00","og_image":[{"width":1000,"height":1000,"url":"https:\/\/www.camlock.org\/wp-content\/uploads\/2018\/01\/Camlock_SS316_type_D_50mm_D200SS.jpg","type":"image\/jpeg"}],"twitter_card":"summary_large_image","twitter_misc":{"Est. reading time":"1 minute"},"schema":{"@context":"https:\/\/schema.org","@graph":[{"@type":"WebPage","@id":"https:\/\/www.camlock.org\/lv\/product\/d-tipa-ner-s-jo-t-rauda-316-kambl-veida-savienot-js-savienot-ja-sieviete-bsp-sievi-v-tne\/","url":"https:\/\/www.camlock.org\/lv\/product\/d-tipa-ner-s-jo-t-rauda-316-kambl-veida-savienot-js-savienot-ja-sieviete-bsp-sievi-v-tne\/","name":"D tipa ner\u016bs\u0113jo\u0161\u0101 t\u0113rauda 316 kambl\u012b\u0161u savienot\u0101js","isPartOf":{"@id":"https:\/\/www.camlock.org\/lv\/?lang=et\/#website"},"primaryImageOfPage":{"@id":"https:\/\/www.camlock.org\/lv\/product\/d-tipa-ner-s-jo-t-rauda-316-kambl-veida-savienot-js-savienot-ja-sieviete-bsp-sievi-v-tne\/#primaryimage"},"image":{"@id":"https:\/\/www.camlock.org\/lv\/product\/d-tipa-ner-s-jo-t-rauda-316-kambl-veida-savienot-js-savienot-ja-sieviete-bsp-sievi-v-tne\/#primaryimage"},"thumbnailUrl":"https:\/\/www.camlock.org\/wp-content\/uploads\/2018\/01\/Camlock_SS316_type_D_50mm_D200SS.jpg","datePublished":"2018-06-04T18:27:07+00:00","dateModified":"2025-05-16T06:53:14+00:00","description":"D tipa ner\u016bs\u0113jo\u0161\u0101 t\u0113rauda 316 kambl\u016b\u0137veida savienot\u0101ja gals ir piem\u0113rots jebkuram t\u0101da pa\u0161a izm\u0113ra kambl\u016b\u0137veida savienot\u0101jam. D tipa camlock savienot\u0101jus bie\u017ei izmanto kop\u0101 ar A tipa adapteriem, un da\u017ek\u0101rt tos var izmantot kop\u0101 ar t\u0101 pa\u0161a izm\u0113ra E un F tipa un DP tipa (putek\u013cu aizb\u0101zni) savienot\u0101jiem.","breadcrumb":{"@id":"https:\/\/www.camlock.org\/lv\/product\/d-tipa-ner-s-jo-t-rauda-316-kambl-veida-savienot-js-savienot-ja-sieviete-bsp-sievi-v-tne\/#breadcrumb"},"inLanguage":"lv-LV","potentialAction":[{"@type":"ReadAction","target":["https:\/\/www.camlock.org\/lv\/product\/d-tipa-ner-s-jo-t-rauda-316-kambl-veida-savienot-js-savienot-ja-sieviete-bsp-sievi-v-tne\/"]}]},{"@type":"ImageObject","inLanguage":"lv-LV","@id":"https:\/\/www.camlock.org\/lv\/product\/d-tipa-ner-s-jo-t-rauda-316-kambl-veida-savienot-js-savienot-ja-sieviete-bsp-sievi-v-tne\/#primaryimage","url":"https:\/\/www.camlock.org\/wp-content\/uploads\/2018\/01\/Camlock_SS316_type_D_50mm_D200SS.jpg","contentUrl":"https:\/\/www.camlock.org\/wp-content\/uploads\/2018\/01\/Camlock_SS316_type_D_50mm_D200SS.jpg","width":1000,"height":1000},{"@type":"BreadcrumbList","@id":"https:\/\/www.camlock.org\/lv\/product\/d-tipa-ner-s-jo-t-rauda-316-kambl-veida-savienot-js-savienot-ja-sieviete-bsp-sievi-v-tne\/#breadcrumb","itemListElement":[{"@type":"ListItem","position":1,"name":"Home","item":"https:\/\/www.camlock.org\/lv\/s-kums\/"},{"@type":"ListItem","position":2,"name":"Veikals","item":"https:\/\/www.camlock.org\/lv\/d0-bc-d0-b0-d0-b3-d0-b0-d0-b7-d0-b8-d0-bd\/"},{"@type":"ListItem","position":3,"name":"D tipa ner\u016bs\u0113jo\u0161\u0101 t\u0113rauda 316 kambl\u016b\u0137veida savienot\u0101js &#8211; savienot\u0101ja sieviete \u00d7 BSP sievi\u0161\u0137\u0101 v\u012btne"}]},{"@type":"WebSite","@id":"https:\/\/www.camlock.org\/lv\/?lang=et\/#website","url":"https:\/\/www.camlock.org\/lv\/?lang=et\/","name":"\u041f\u0440\u043e\u0434\u0430\u0436\u0430 \u043a\u0430\u043c\u043b\u043e\u043a (Camlock) \u0441\u043e\u0435\u0434\u0438\u043d\u0435\u043d\u0438\u0439","description":"\u041f\u0440\u043e\u0434\u0430\u0436\u0430 \u043a\u0430\u043c\u043b\u043e\u043a (Camlock) \u0441\u043e\u0435\u0434\u0438\u043d\u0435\u043d\u0438\u0439","potentialAction":[{"@type":"SearchAction","target":{"@type":"EntryPoint","urlTemplate":"https:\/\/www.camlock.org\/lv\/?lang=et\/?s={search_term_string}"},"query-input":{"@type":"PropertyValueSpecification","valueRequired":true,"valueName":"search_term_string"}}],"inLanguage":"lv-LV"}]}},"_links":{"self":[{"href":"https:\/\/www.camlock.org\/lv\/wp-json\/wp\/v2\/product\/12623","targetHints":{"allow":["GET"]}}],"collection":[{"href":"https:\/\/www.camlock.org\/lv\/wp-json\/wp\/v2\/product"}],"about":[{"href":"https:\/\/www.camlock.org\/lv\/wp-json\/wp\/v2\/types\/product"}],"wp:featuredmedia":[{"embeddable":true,"href":"https:\/\/www.camlock.org\/lv\/wp-json\/wp\/v2\/media\/15500"}],"wp:attachment":[{"href":"https:\/\/www.camlock.org\/lv\/wp-json\/wp\/v2\/media?parent=12623"}],"wp:term":[{"taxonomy":"product_brand","embeddable":true,"href":"https:\/\/www.camlock.org\/lv\/wp-json\/wp\/v2\/product_brand?post=12623"},{"taxonomy":"product_cat","embeddable":true,"href":"https:\/\/www.camlock.org\/lv\/wp-json\/wp\/v2\/product_cat?post=12623"},{"taxonomy":"product_tag","embeddable":true,"href":"https:\/\/www.camlock.org\/lv\/wp-json\/wp\/v2\/product_tag?post=12623"}],"curies":[{"name":"wp","href":"https:\/\/api.w.org\/{rel}","templated":true}]}}