{"id":14395,"date":"2019-12-21T20:25:50","date_gmt":"2019-12-21T17:26:15","guid":{"rendered":"https:\/\/www.camlock.org\/?post_type=product&#038;p=14395"},"modified":"2025-05-16T09:56:49","modified_gmt":"2025-05-16T06:56:49","slug":"a-tipa-alum-nija-kambl-u-savienot-js","status":"publish","type":"product","link":"https:\/\/www.camlock.org\/lv\/product\/a-tipa-alum-nija-kambl-u-savienot-js\/","title":{"rendered":"A tipa alum\u012bnija kambl\u012b\u0161u savienot\u0101js"},"content":{"rendered":"<p>Alum\u012bnija izci\u013c\u0146a un rievsavienojuma savienojums uzlabo darba efektivit\u0101ti un nov\u0113r\u0161 sare\u017e\u0123\u012btu v\u012bt\u0146u un atloku darb\u012bbu. V\u012bri\u0161\u0137ais rievotais gals ir savienojams ar jebkuru t\u0101da pa\u0161a izm\u0113ra sievi\u0161\u0137o kambaro savienot\u0101ju. Alum\u012bnija kameru savienojumiem ir laba iztur\u012bba pret koroziju ar \u0137\u012bmiskiem dzes\u0113\u0161anas \u0161\u0137idrumiem, degviel\u0101m, \u016bdeni, laku un da\u017ek\u0101rt ar\u012b ar cietiem materi\u0101liem, piem\u0113ram, vircas mais\u012bjumu un pulveriem.<\/p>\n","protected":false},"excerpt":{"rendered":"<p>Alum\u012bnija A tipa Camlock adapteri &#8211; v\u012brie\u0161u adapteris \u00d7 sievie\u0161u BSP parasti izmanto ar D tipa savienot\u0101jiem, bet B un C tipa savienot\u0101ji, k\u0101 ar\u012b t\u0101 pa\u0161a izm\u0113ra putek\u013cu v\u0101ci\u0146\u0161 (DC tips) ir pieejami.<\/p>\n","protected":false},"featured_media":14632,"template":"","meta":[],"product_brand":[],"product_cat":[469],"product_tag":[468,182],"class_list":{"0":"post-14395","1":"product","2":"type-product","3":"status-publish","4":"has-post-thumbnail","6":"product_cat-alum-nija-camlock-savienot-jelementi","7":"product_tag-alum-nija","8":"product_tag-type-a-lv","10":"first","11":"instock","12":"taxable","13":"shipping-taxable","14":"purchasable","15":"product-type-variable"},"yoast_head":"<!-- This site is optimized with the Yoast SEO plugin v27.4 - https:\/\/yoast.com\/product\/yoast-seo-wordpress\/ -->\n<title>A tipa alum\u012bnija kambl\u012b\u0161u savienot\u0101js - \u041f\u0440\u043e\u0434\u0430\u0436\u0430 \u043a\u0430\u043c\u043b\u043e\u043a (Camlock) \u0441\u043e\u0435\u0434\u0438\u043d\u0435\u043d\u0438\u0439<\/title>\n<meta name=\"description\" content=\"Alum\u012bnija izci\u013c\u0146a un rievsavienojuma savienojums uzlabo darba efektivit\u0101ti un nov\u0113r\u0161 sare\u017e\u0123\u012btu v\u012bt\u0146u un atloku darb\u012bbu. V\u012bri\u0161\u0137ais rievotais gals ir savienojams ar jebkuru t\u0101da pa\u0161a izm\u0113ra sievi\u0161\u0137o kambaro savienot\u0101ju.\" \/>\n<meta name=\"robots\" content=\"index, follow, max-snippet:-1, max-image-preview:large, max-video-preview:-1\" \/>\n<link rel=\"canonical\" href=\"https:\/\/www.camlock.org\/lv\/product\/a-tipa-alum-nija-kambl-u-savienot-js\/\" \/>\n<meta property=\"og:locale\" content=\"lv_LV\" \/>\n<meta property=\"og:type\" content=\"article\" \/>\n<meta property=\"og:title\" content=\"A tipa alum\u012bnija kambl\u012b\u0161u savienot\u0101js - \u041f\u0440\u043e\u0434\u0430\u0436\u0430 \u043a\u0430\u043c\u043b\u043e\u043a (Camlock) \u0441\u043e\u0435\u0434\u0438\u043d\u0435\u043d\u0438\u0439\" \/>\n<meta property=\"og:description\" content=\"Alum\u012bnija izci\u013c\u0146a un rievsavienojuma savienojums uzlabo darba efektivit\u0101ti un nov\u0113r\u0161 sare\u017e\u0123\u012btu v\u012bt\u0146u un atloku darb\u012bbu. V\u012bri\u0161\u0137ais rievotais gals ir savienojams ar jebkuru t\u0101da pa\u0161a izm\u0113ra sievi\u0161\u0137o kambaro savienot\u0101ju.\" \/>\n<meta property=\"og:url\" content=\"https:\/\/www.camlock.org\/lv\/product\/a-tipa-alum-nija-kambl-u-savienot-js\/\" \/>\n<meta property=\"og:site_name\" content=\"\u041f\u0440\u043e\u0434\u0430\u0436\u0430 \u043a\u0430\u043c\u043b\u043e\u043a (Camlock) \u0441\u043e\u0435\u0434\u0438\u043d\u0435\u043d\u0438\u0439\" \/>\n<meta property=\"article:modified_time\" content=\"2025-05-16T06:56:49+00:00\" \/>\n<meta property=\"og:image\" content=\"https:\/\/www.camlock.org\/wp-content\/uploads\/2019\/12\/Camlock_Aluminium_type_A_50mm_D200AL.jpg\" \/>\n\t<meta property=\"og:image:width\" content=\"1000\" \/>\n\t<meta property=\"og:image:height\" content=\"1000\" \/>\n\t<meta property=\"og:image:type\" content=\"image\/jpeg\" \/>\n<meta name=\"twitter:card\" content=\"summary_large_image\" \/>\n<meta name=\"twitter:label1\" content=\"Est. reading time\" \/>\n\t<meta name=\"twitter:data1\" content=\"1 minute\" \/>\n<script type=\"application\/ld+json\" class=\"yoast-schema-graph\">{\"@context\":\"https:\\\/\\\/schema.org\",\"@graph\":[{\"@type\":\"WebPage\",\"@id\":\"https:\\\/\\\/www.camlock.org\\\/lv\\\/product\\\/a-tipa-alum-nija-kambl-u-savienot-js\\\/\",\"url\":\"https:\\\/\\\/www.camlock.org\\\/lv\\\/product\\\/a-tipa-alum-nija-kambl-u-savienot-js\\\/\",\"name\":\"A tipa alum\u012bnija kambl\u012b\u0161u savienot\u0101js - \u041f\u0440\u043e\u0434\u0430\u0436\u0430 \u043a\u0430\u043c\u043b\u043e\u043a (Camlock) \u0441\u043e\u0435\u0434\u0438\u043d\u0435\u043d\u0438\u0439\",\"isPartOf\":{\"@id\":\"https:\\\/\\\/www.camlock.org\\\/lv\\\/?lang=et\\\/#website\"},\"primaryImageOfPage\":{\"@id\":\"https:\\\/\\\/www.camlock.org\\\/lv\\\/product\\\/a-tipa-alum-nija-kambl-u-savienot-js\\\/#primaryimage\"},\"image\":{\"@id\":\"https:\\\/\\\/www.camlock.org\\\/lv\\\/product\\\/a-tipa-alum-nija-kambl-u-savienot-js\\\/#primaryimage\"},\"thumbnailUrl\":\"https:\\\/\\\/www.camlock.org\\\/wp-content\\\/uploads\\\/2019\\\/12\\\/Camlock_Aluminium_type_A_50mm_D200AL.jpg\",\"datePublished\":\"2019-12-21T17:26:15+00:00\",\"dateModified\":\"2025-05-16T06:56:49+00:00\",\"description\":\"Alum\u012bnija izci\u013c\u0146a un rievsavienojuma savienojums uzlabo darba efektivit\u0101ti un nov\u0113r\u0161 sare\u017e\u0123\u012btu v\u012bt\u0146u un atloku darb\u012bbu. V\u012bri\u0161\u0137ais rievotais gals ir savienojams ar jebkuru t\u0101da pa\u0161a izm\u0113ra sievi\u0161\u0137o kambaro savienot\u0101ju.\",\"breadcrumb\":{\"@id\":\"https:\\\/\\\/www.camlock.org\\\/lv\\\/product\\\/a-tipa-alum-nija-kambl-u-savienot-js\\\/#breadcrumb\"},\"inLanguage\":\"lv-LV\",\"potentialAction\":[{\"@type\":\"ReadAction\",\"target\":[\"https:\\\/\\\/www.camlock.org\\\/lv\\\/product\\\/a-tipa-alum-nija-kambl-u-savienot-js\\\/\"]}]},{\"@type\":\"ImageObject\",\"inLanguage\":\"lv-LV\",\"@id\":\"https:\\\/\\\/www.camlock.org\\\/lv\\\/product\\\/a-tipa-alum-nija-kambl-u-savienot-js\\\/#primaryimage\",\"url\":\"https:\\\/\\\/www.camlock.org\\\/wp-content\\\/uploads\\\/2019\\\/12\\\/Camlock_Aluminium_type_A_50mm_D200AL.jpg\",\"contentUrl\":\"https:\\\/\\\/www.camlock.org\\\/wp-content\\\/uploads\\\/2019\\\/12\\\/Camlock_Aluminium_type_A_50mm_D200AL.jpg\",\"width\":1000,\"height\":1000,\"caption\":\"Type A Aluminium Camlock Coupler\"},{\"@type\":\"BreadcrumbList\",\"@id\":\"https:\\\/\\\/www.camlock.org\\\/lv\\\/product\\\/a-tipa-alum-nija-kambl-u-savienot-js\\\/#breadcrumb\",\"itemListElement\":[{\"@type\":\"ListItem\",\"position\":1,\"name\":\"Home\",\"item\":\"https:\\\/\\\/www.camlock.org\\\/lv\\\/s-kums\\\/\"},{\"@type\":\"ListItem\",\"position\":2,\"name\":\"Veikals\",\"item\":\"https:\\\/\\\/www.camlock.org\\\/lv\\\/d0-bc-d0-b0-d0-b3-d0-b0-d0-b7-d0-b8-d0-bd\\\/\"},{\"@type\":\"ListItem\",\"position\":3,\"name\":\"A tipa alum\u012bnija kambl\u012b\u0161u savienot\u0101js\"}]},{\"@type\":\"WebSite\",\"@id\":\"https:\\\/\\\/www.camlock.org\\\/lv\\\/?lang=et\\\/#website\",\"url\":\"https:\\\/\\\/www.camlock.org\\\/lv\\\/?lang=et\\\/\",\"name\":\"\u041f\u0440\u043e\u0434\u0430\u0436\u0430 \u043a\u0430\u043c\u043b\u043e\u043a (Camlock) \u0441\u043e\u0435\u0434\u0438\u043d\u0435\u043d\u0438\u0439\",\"description\":\"\u041f\u0440\u043e\u0434\u0430\u0436\u0430 \u043a\u0430\u043c\u043b\u043e\u043a (Camlock) \u0441\u043e\u0435\u0434\u0438\u043d\u0435\u043d\u0438\u0439\",\"potentialAction\":[{\"@type\":\"SearchAction\",\"target\":{\"@type\":\"EntryPoint\",\"urlTemplate\":\"https:\\\/\\\/www.camlock.org\\\/lv\\\/?lang=et\\\/?s={search_term_string}\"},\"query-input\":{\"@type\":\"PropertyValueSpecification\",\"valueRequired\":true,\"valueName\":\"search_term_string\"}}],\"inLanguage\":\"lv-LV\"}]}<\/script>\n<!-- \/ Yoast SEO plugin. -->","yoast_head_json":{"title":"A tipa alum\u012bnija kambl\u012b\u0161u savienot\u0101js - \u041f\u0440\u043e\u0434\u0430\u0436\u0430 \u043a\u0430\u043c\u043b\u043e\u043a (Camlock) \u0441\u043e\u0435\u0434\u0438\u043d\u0435\u043d\u0438\u0439","description":"Alum\u012bnija izci\u013c\u0146a un rievsavienojuma savienojums uzlabo darba efektivit\u0101ti un nov\u0113r\u0161 sare\u017e\u0123\u012btu v\u012bt\u0146u un atloku darb\u012bbu. V\u012bri\u0161\u0137ais rievotais gals ir savienojams ar jebkuru t\u0101da pa\u0161a izm\u0113ra sievi\u0161\u0137o kambaro savienot\u0101ju.","robots":{"index":"index","follow":"follow","max-snippet":"max-snippet:-1","max-image-preview":"max-image-preview:large","max-video-preview":"max-video-preview:-1"},"canonical":"https:\/\/www.camlock.org\/lv\/product\/a-tipa-alum-nija-kambl-u-savienot-js\/","og_locale":"lv_LV","og_type":"article","og_title":"A tipa alum\u012bnija kambl\u012b\u0161u savienot\u0101js - \u041f\u0440\u043e\u0434\u0430\u0436\u0430 \u043a\u0430\u043c\u043b\u043e\u043a (Camlock) \u0441\u043e\u0435\u0434\u0438\u043d\u0435\u043d\u0438\u0439","og_description":"Alum\u012bnija izci\u013c\u0146a un rievsavienojuma savienojums uzlabo darba efektivit\u0101ti un nov\u0113r\u0161 sare\u017e\u0123\u012btu v\u012bt\u0146u un atloku darb\u012bbu. V\u012bri\u0161\u0137ais rievotais gals ir savienojams ar jebkuru t\u0101da pa\u0161a izm\u0113ra sievi\u0161\u0137o kambaro savienot\u0101ju.","og_url":"https:\/\/www.camlock.org\/lv\/product\/a-tipa-alum-nija-kambl-u-savienot-js\/","og_site_name":"\u041f\u0440\u043e\u0434\u0430\u0436\u0430 \u043a\u0430\u043c\u043b\u043e\u043a (Camlock) \u0441\u043e\u0435\u0434\u0438\u043d\u0435\u043d\u0438\u0439","article_modified_time":"2025-05-16T06:56:49+00:00","og_image":[{"width":1000,"height":1000,"url":"https:\/\/www.camlock.org\/wp-content\/uploads\/2019\/12\/Camlock_Aluminium_type_A_50mm_D200AL.jpg","type":"image\/jpeg"}],"twitter_card":"summary_large_image","twitter_misc":{"Est. reading time":"1 minute"},"schema":{"@context":"https:\/\/schema.org","@graph":[{"@type":"WebPage","@id":"https:\/\/www.camlock.org\/lv\/product\/a-tipa-alum-nija-kambl-u-savienot-js\/","url":"https:\/\/www.camlock.org\/lv\/product\/a-tipa-alum-nija-kambl-u-savienot-js\/","name":"A tipa alum\u012bnija kambl\u012b\u0161u savienot\u0101js - \u041f\u0440\u043e\u0434\u0430\u0436\u0430 \u043a\u0430\u043c\u043b\u043e\u043a (Camlock) \u0441\u043e\u0435\u0434\u0438\u043d\u0435\u043d\u0438\u0439","isPartOf":{"@id":"https:\/\/www.camlock.org\/lv\/?lang=et\/#website"},"primaryImageOfPage":{"@id":"https:\/\/www.camlock.org\/lv\/product\/a-tipa-alum-nija-kambl-u-savienot-js\/#primaryimage"},"image":{"@id":"https:\/\/www.camlock.org\/lv\/product\/a-tipa-alum-nija-kambl-u-savienot-js\/#primaryimage"},"thumbnailUrl":"https:\/\/www.camlock.org\/wp-content\/uploads\/2019\/12\/Camlock_Aluminium_type_A_50mm_D200AL.jpg","datePublished":"2019-12-21T17:26:15+00:00","dateModified":"2025-05-16T06:56:49+00:00","description":"Alum\u012bnija izci\u013c\u0146a un rievsavienojuma savienojums uzlabo darba efektivit\u0101ti un nov\u0113r\u0161 sare\u017e\u0123\u012btu v\u012bt\u0146u un atloku darb\u012bbu. V\u012bri\u0161\u0137ais rievotais gals ir savienojams ar jebkuru t\u0101da pa\u0161a izm\u0113ra sievi\u0161\u0137o kambaro savienot\u0101ju.","breadcrumb":{"@id":"https:\/\/www.camlock.org\/lv\/product\/a-tipa-alum-nija-kambl-u-savienot-js\/#breadcrumb"},"inLanguage":"lv-LV","potentialAction":[{"@type":"ReadAction","target":["https:\/\/www.camlock.org\/lv\/product\/a-tipa-alum-nija-kambl-u-savienot-js\/"]}]},{"@type":"ImageObject","inLanguage":"lv-LV","@id":"https:\/\/www.camlock.org\/lv\/product\/a-tipa-alum-nija-kambl-u-savienot-js\/#primaryimage","url":"https:\/\/www.camlock.org\/wp-content\/uploads\/2019\/12\/Camlock_Aluminium_type_A_50mm_D200AL.jpg","contentUrl":"https:\/\/www.camlock.org\/wp-content\/uploads\/2019\/12\/Camlock_Aluminium_type_A_50mm_D200AL.jpg","width":1000,"height":1000,"caption":"Type A Aluminium Camlock Coupler"},{"@type":"BreadcrumbList","@id":"https:\/\/www.camlock.org\/lv\/product\/a-tipa-alum-nija-kambl-u-savienot-js\/#breadcrumb","itemListElement":[{"@type":"ListItem","position":1,"name":"Home","item":"https:\/\/www.camlock.org\/lv\/s-kums\/"},{"@type":"ListItem","position":2,"name":"Veikals","item":"https:\/\/www.camlock.org\/lv\/d0-bc-d0-b0-d0-b3-d0-b0-d0-b7-d0-b8-d0-bd\/"},{"@type":"ListItem","position":3,"name":"A tipa alum\u012bnija kambl\u012b\u0161u savienot\u0101js"}]},{"@type":"WebSite","@id":"https:\/\/www.camlock.org\/lv\/?lang=et\/#website","url":"https:\/\/www.camlock.org\/lv\/?lang=et\/","name":"\u041f\u0440\u043e\u0434\u0430\u0436\u0430 \u043a\u0430\u043c\u043b\u043e\u043a (Camlock) \u0441\u043e\u0435\u0434\u0438\u043d\u0435\u043d\u0438\u0439","description":"\u041f\u0440\u043e\u0434\u0430\u0436\u0430 \u043a\u0430\u043c\u043b\u043e\u043a (Camlock) \u0441\u043e\u0435\u0434\u0438\u043d\u0435\u043d\u0438\u0439","potentialAction":[{"@type":"SearchAction","target":{"@type":"EntryPoint","urlTemplate":"https:\/\/www.camlock.org\/lv\/?lang=et\/?s={search_term_string}"},"query-input":{"@type":"PropertyValueSpecification","valueRequired":true,"valueName":"search_term_string"}}],"inLanguage":"lv-LV"}]}},"_links":{"self":[{"href":"https:\/\/www.camlock.org\/lv\/wp-json\/wp\/v2\/product\/14395","targetHints":{"allow":["GET"]}}],"collection":[{"href":"https:\/\/www.camlock.org\/lv\/wp-json\/wp\/v2\/product"}],"about":[{"href":"https:\/\/www.camlock.org\/lv\/wp-json\/wp\/v2\/types\/product"}],"wp:featuredmedia":[{"embeddable":true,"href":"https:\/\/www.camlock.org\/lv\/wp-json\/wp\/v2\/media\/14632"}],"wp:attachment":[{"href":"https:\/\/www.camlock.org\/lv\/wp-json\/wp\/v2\/media?parent=14395"}],"wp:term":[{"taxonomy":"product_brand","embeddable":true,"href":"https:\/\/www.camlock.org\/lv\/wp-json\/wp\/v2\/product_brand?post=14395"},{"taxonomy":"product_cat","embeddable":true,"href":"https:\/\/www.camlock.org\/lv\/wp-json\/wp\/v2\/product_cat?post=14395"},{"taxonomy":"product_tag","embeddable":true,"href":"https:\/\/www.camlock.org\/lv\/wp-json\/wp\/v2\/product_tag?post=14395"}],"curies":[{"name":"wp","href":"https:\/\/api.w.org\/{rel}","templated":true}]}}