{"id":15043,"date":"2019-12-22T17:04:10","date_gmt":"2019-12-22T14:04:32","guid":{"rendered":"https:\/\/www.camlock.org\/?post_type=product&#038;p=15043"},"modified":"2025-05-16T10:45:51","modified_gmt":"2025-05-16T07:45:51","slug":"c-tipa-polipropil-na-camlock-savienot-js-sievie-u-savienot-js-tene","status":"publish","type":"product","link":"https:\/\/www.camlock.org\/lv\/product\/c-tipa-polipropil-na-camlock-savienot-js-sievie-u-savienot-js-tene\/","title":{"rendered":"C tipa alum\u012bnija Camlock savienojumi &#8211; \u0160\u013c\u016bte\u0146u savienot\u0101js"},"content":{"rendered":"<p>C tipa alum\u012bnija Camlock savienot\u0101js \u2014 sievi\u0161\u0137ais savienot\u0101js ar \u0161\u013c\u016btenes galu \u2014 \u201cC\u201d tipa alum\u012bnija Camlock veidgabaliem vien\u0101 gal\u0101 ir sievi\u0161\u0137ais Camlock savienot\u0101js un otr\u0101 gal\u0101 \u2014 v\u012bri\u0161\u0137ais \u0161\u013c\u016btenes gals. Sievi\u0161\u0137ais Camlock gals ir piem\u0113rots jebkuram v\u012bri\u0161\u0137ajam Camlock adapterim, un \u0161\u013c\u016btenes gals tiek ievietots jebkur\u0101 pareiz\u0101 izm\u0113ra \u0161\u013c\u016bten\u0113 un nostiprin\u0101ts ar iztur\u012bgu ner\u016bs\u0113jo\u0161\u0101 t\u0113rauda skr\u016bvju skavu. <\/p>\n","protected":false},"excerpt":{"rendered":"<p>Sievie\u0161u savienojuma galam var piestiprin\u0101t jebkuru v\u012brie\u0161u savienojuma adapteri, un \u0161\u013c\u016btenes astes galu var ievietot jebkur\u0101 pareiz\u0101 izm\u0113ra \u0161\u013c\u016bten\u0113 un nostiprin\u0101t ar iztur\u012bgu ner\u016bs\u0113jo\u0161\u0101 t\u0113rauda skr\u016bvju skavu. C tips parasti tiek izmantots ar A, E, F un DP tipa adapteriem.<\/p>\n","protected":false},"featured_media":15202,"template":"","meta":[],"product_brand":[],"product_cat":[469],"product_tag":[468,248],"class_list":{"0":"post-15043","1":"product","2":"type-product","3":"status-publish","4":"has-post-thumbnail","6":"product_cat-alum-nija-camlock-savienot-jelementi","7":"product_tag-alum-nija","8":"product_tag-type--lv","10":"first","11":"onbackorder","12":"taxable","13":"shipping-taxable","14":"purchasable","15":"product-type-variable"},"yoast_head":"<!-- This site is optimized with the Yoast SEO plugin v27.4 - https:\/\/yoast.com\/product\/yoast-seo-wordpress\/ -->\n<title>C tipa alum\u012bnija Camlock savienojumi - \u0160\u013c\u016bte\u0146u savienot\u0101js -<\/title>\n<meta name=\"description\" content=\"C tipa alum\u012bnija Camlock gals ir piem\u0113rots jebkuram v\u012brie\u0161u Camlock adapterim, un \u0161\u013c\u016btenes astes galu ievieto jebkur\u0101 pareiz\u0101 izm\u0113ra \u0161\u013c\u016bten\u0113 un nostiprina ar iztur\u012bgu ner\u016bs\u0113jo\u0161\u0101 t\u0113rauda skr\u016bvju skavu.\" \/>\n<meta name=\"robots\" content=\"index, follow, max-snippet:-1, max-image-preview:large, max-video-preview:-1\" \/>\n<link rel=\"canonical\" href=\"https:\/\/www.camlock.org\/lv\/product\/c-tipa-polipropil-na-camlock-savienot-js-sievie-u-savienot-js-tene\/\" \/>\n<meta property=\"og:locale\" content=\"lv_LV\" \/>\n<meta property=\"og:type\" content=\"article\" \/>\n<meta property=\"og:title\" content=\"C tipa alum\u012bnija Camlock savienojumi - \u0160\u013c\u016bte\u0146u savienot\u0101js -\" \/>\n<meta property=\"og:description\" content=\"C tipa alum\u012bnija Camlock gals ir piem\u0113rots jebkuram v\u012brie\u0161u Camlock adapterim, un \u0161\u013c\u016btenes astes galu ievieto jebkur\u0101 pareiz\u0101 izm\u0113ra \u0161\u013c\u016bten\u0113 un nostiprina ar iztur\u012bgu ner\u016bs\u0113jo\u0161\u0101 t\u0113rauda skr\u016bvju skavu.\" \/>\n<meta property=\"og:url\" content=\"https:\/\/www.camlock.org\/lv\/product\/c-tipa-polipropil-na-camlock-savienot-js-sievie-u-savienot-js-tene\/\" \/>\n<meta property=\"og:site_name\" content=\"\u041f\u0440\u043e\u0434\u0430\u0436\u0430 \u043a\u0430\u043c\u043b\u043e\u043a (Camlock) \u0441\u043e\u0435\u0434\u0438\u043d\u0435\u043d\u0438\u0439\" \/>\n<meta property=\"article:modified_time\" content=\"2025-05-16T07:45:51+00:00\" \/>\n<meta property=\"og:image\" content=\"https:\/\/www.camlock.org\/wp-content\/uploads\/2019\/12\/Camlock_Aluminium_type_C_50mm_D200AL.jpg\" \/>\n\t<meta property=\"og:image:width\" content=\"1000\" \/>\n\t<meta property=\"og:image:height\" content=\"1000\" \/>\n\t<meta property=\"og:image:type\" content=\"image\/jpeg\" \/>\n<meta name=\"twitter:card\" content=\"summary_large_image\" \/>\n<meta name=\"twitter:label1\" content=\"Est. reading time\" \/>\n\t<meta name=\"twitter:data1\" content=\"1 minute\" \/>\n<script type=\"application\/ld+json\" class=\"yoast-schema-graph\">{\"@context\":\"https:\\\/\\\/schema.org\",\"@graph\":[{\"@type\":\"WebPage\",\"@id\":\"https:\\\/\\\/www.camlock.org\\\/lv\\\/product\\\/c-tipa-polipropil-na-camlock-savienot-js-sievie-u-savienot-js-tene\\\/\",\"url\":\"https:\\\/\\\/www.camlock.org\\\/lv\\\/product\\\/c-tipa-polipropil-na-camlock-savienot-js-sievie-u-savienot-js-tene\\\/\",\"name\":\"C tipa alum\u012bnija Camlock savienojumi - \u0160\u013c\u016bte\u0146u savienot\u0101js -\",\"isPartOf\":{\"@id\":\"https:\\\/\\\/www.camlock.org\\\/lv\\\/?lang=et\\\/#website\"},\"primaryImageOfPage\":{\"@id\":\"https:\\\/\\\/www.camlock.org\\\/lv\\\/product\\\/c-tipa-polipropil-na-camlock-savienot-js-sievie-u-savienot-js-tene\\\/#primaryimage\"},\"image\":{\"@id\":\"https:\\\/\\\/www.camlock.org\\\/lv\\\/product\\\/c-tipa-polipropil-na-camlock-savienot-js-sievie-u-savienot-js-tene\\\/#primaryimage\"},\"thumbnailUrl\":\"https:\\\/\\\/www.camlock.org\\\/wp-content\\\/uploads\\\/2019\\\/12\\\/Camlock_Aluminium_type_C_50mm_D200AL.jpg\",\"datePublished\":\"2019-12-22T14:04:32+00:00\",\"dateModified\":\"2025-05-16T07:45:51+00:00\",\"description\":\"C tipa alum\u012bnija Camlock gals ir piem\u0113rots jebkuram v\u012brie\u0161u Camlock adapterim, un \u0161\u013c\u016btenes astes galu ievieto jebkur\u0101 pareiz\u0101 izm\u0113ra \u0161\u013c\u016bten\u0113 un nostiprina ar iztur\u012bgu ner\u016bs\u0113jo\u0161\u0101 t\u0113rauda skr\u016bvju skavu.\",\"breadcrumb\":{\"@id\":\"https:\\\/\\\/www.camlock.org\\\/lv\\\/product\\\/c-tipa-polipropil-na-camlock-savienot-js-sievie-u-savienot-js-tene\\\/#breadcrumb\"},\"inLanguage\":\"lv-LV\",\"potentialAction\":[{\"@type\":\"ReadAction\",\"target\":[\"https:\\\/\\\/www.camlock.org\\\/lv\\\/product\\\/c-tipa-polipropil-na-camlock-savienot-js-sievie-u-savienot-js-tene\\\/\"]}]},{\"@type\":\"ImageObject\",\"inLanguage\":\"lv-LV\",\"@id\":\"https:\\\/\\\/www.camlock.org\\\/lv\\\/product\\\/c-tipa-polipropil-na-camlock-savienot-js-sievie-u-savienot-js-tene\\\/#primaryimage\",\"url\":\"https:\\\/\\\/www.camlock.org\\\/wp-content\\\/uploads\\\/2019\\\/12\\\/Camlock_Aluminium_type_C_50mm_D200AL.jpg\",\"contentUrl\":\"https:\\\/\\\/www.camlock.org\\\/wp-content\\\/uploads\\\/2019\\\/12\\\/Camlock_Aluminium_type_C_50mm_D200AL.jpg\",\"width\":1000,\"height\":1000},{\"@type\":\"BreadcrumbList\",\"@id\":\"https:\\\/\\\/www.camlock.org\\\/lv\\\/product\\\/c-tipa-polipropil-na-camlock-savienot-js-sievie-u-savienot-js-tene\\\/#breadcrumb\",\"itemListElement\":[{\"@type\":\"ListItem\",\"position\":1,\"name\":\"Home\",\"item\":\"https:\\\/\\\/www.camlock.org\\\/lv\\\/s-kums\\\/\"},{\"@type\":\"ListItem\",\"position\":2,\"name\":\"Veikals\",\"item\":\"https:\\\/\\\/www.camlock.org\\\/lv\\\/d0-bc-d0-b0-d0-b3-d0-b0-d0-b7-d0-b8-d0-bd\\\/\"},{\"@type\":\"ListItem\",\"position\":3,\"name\":\"C tipa alum\u012bnija Camlock savienojumi &#8211; \u0160\u013c\u016bte\u0146u savienot\u0101js\"}]},{\"@type\":\"WebSite\",\"@id\":\"https:\\\/\\\/www.camlock.org\\\/lv\\\/?lang=et\\\/#website\",\"url\":\"https:\\\/\\\/www.camlock.org\\\/lv\\\/?lang=et\\\/\",\"name\":\"\u041f\u0440\u043e\u0434\u0430\u0436\u0430 \u043a\u0430\u043c\u043b\u043e\u043a (Camlock) \u0441\u043e\u0435\u0434\u0438\u043d\u0435\u043d\u0438\u0439\",\"description\":\"\u041f\u0440\u043e\u0434\u0430\u0436\u0430 \u043a\u0430\u043c\u043b\u043e\u043a (Camlock) \u0441\u043e\u0435\u0434\u0438\u043d\u0435\u043d\u0438\u0439\",\"potentialAction\":[{\"@type\":\"SearchAction\",\"target\":{\"@type\":\"EntryPoint\",\"urlTemplate\":\"https:\\\/\\\/www.camlock.org\\\/lv\\\/?lang=et\\\/?s={search_term_string}\"},\"query-input\":{\"@type\":\"PropertyValueSpecification\",\"valueRequired\":true,\"valueName\":\"search_term_string\"}}],\"inLanguage\":\"lv-LV\"}]}<\/script>\n<!-- \/ Yoast SEO plugin. -->","yoast_head_json":{"title":"C tipa alum\u012bnija Camlock savienojumi - \u0160\u013c\u016bte\u0146u savienot\u0101js -","description":"C tipa alum\u012bnija Camlock gals ir piem\u0113rots jebkuram v\u012brie\u0161u Camlock adapterim, un \u0161\u013c\u016btenes astes galu ievieto jebkur\u0101 pareiz\u0101 izm\u0113ra \u0161\u013c\u016bten\u0113 un nostiprina ar iztur\u012bgu ner\u016bs\u0113jo\u0161\u0101 t\u0113rauda skr\u016bvju skavu.","robots":{"index":"index","follow":"follow","max-snippet":"max-snippet:-1","max-image-preview":"max-image-preview:large","max-video-preview":"max-video-preview:-1"},"canonical":"https:\/\/www.camlock.org\/lv\/product\/c-tipa-polipropil-na-camlock-savienot-js-sievie-u-savienot-js-tene\/","og_locale":"lv_LV","og_type":"article","og_title":"C tipa alum\u012bnija Camlock savienojumi - \u0160\u013c\u016bte\u0146u savienot\u0101js -","og_description":"C tipa alum\u012bnija Camlock gals ir piem\u0113rots jebkuram v\u012brie\u0161u Camlock adapterim, un \u0161\u013c\u016btenes astes galu ievieto jebkur\u0101 pareiz\u0101 izm\u0113ra \u0161\u013c\u016bten\u0113 un nostiprina ar iztur\u012bgu ner\u016bs\u0113jo\u0161\u0101 t\u0113rauda skr\u016bvju skavu.","og_url":"https:\/\/www.camlock.org\/lv\/product\/c-tipa-polipropil-na-camlock-savienot-js-sievie-u-savienot-js-tene\/","og_site_name":"\u041f\u0440\u043e\u0434\u0430\u0436\u0430 \u043a\u0430\u043c\u043b\u043e\u043a (Camlock) \u0441\u043e\u0435\u0434\u0438\u043d\u0435\u043d\u0438\u0439","article_modified_time":"2025-05-16T07:45:51+00:00","og_image":[{"width":1000,"height":1000,"url":"https:\/\/www.camlock.org\/wp-content\/uploads\/2019\/12\/Camlock_Aluminium_type_C_50mm_D200AL.jpg","type":"image\/jpeg"}],"twitter_card":"summary_large_image","twitter_misc":{"Est. reading time":"1 minute"},"schema":{"@context":"https:\/\/schema.org","@graph":[{"@type":"WebPage","@id":"https:\/\/www.camlock.org\/lv\/product\/c-tipa-polipropil-na-camlock-savienot-js-sievie-u-savienot-js-tene\/","url":"https:\/\/www.camlock.org\/lv\/product\/c-tipa-polipropil-na-camlock-savienot-js-sievie-u-savienot-js-tene\/","name":"C tipa alum\u012bnija Camlock savienojumi - \u0160\u013c\u016bte\u0146u savienot\u0101js -","isPartOf":{"@id":"https:\/\/www.camlock.org\/lv\/?lang=et\/#website"},"primaryImageOfPage":{"@id":"https:\/\/www.camlock.org\/lv\/product\/c-tipa-polipropil-na-camlock-savienot-js-sievie-u-savienot-js-tene\/#primaryimage"},"image":{"@id":"https:\/\/www.camlock.org\/lv\/product\/c-tipa-polipropil-na-camlock-savienot-js-sievie-u-savienot-js-tene\/#primaryimage"},"thumbnailUrl":"https:\/\/www.camlock.org\/wp-content\/uploads\/2019\/12\/Camlock_Aluminium_type_C_50mm_D200AL.jpg","datePublished":"2019-12-22T14:04:32+00:00","dateModified":"2025-05-16T07:45:51+00:00","description":"C tipa alum\u012bnija Camlock gals ir piem\u0113rots jebkuram v\u012brie\u0161u Camlock adapterim, un \u0161\u013c\u016btenes astes galu ievieto jebkur\u0101 pareiz\u0101 izm\u0113ra \u0161\u013c\u016bten\u0113 un nostiprina ar iztur\u012bgu ner\u016bs\u0113jo\u0161\u0101 t\u0113rauda skr\u016bvju skavu.","breadcrumb":{"@id":"https:\/\/www.camlock.org\/lv\/product\/c-tipa-polipropil-na-camlock-savienot-js-sievie-u-savienot-js-tene\/#breadcrumb"},"inLanguage":"lv-LV","potentialAction":[{"@type":"ReadAction","target":["https:\/\/www.camlock.org\/lv\/product\/c-tipa-polipropil-na-camlock-savienot-js-sievie-u-savienot-js-tene\/"]}]},{"@type":"ImageObject","inLanguage":"lv-LV","@id":"https:\/\/www.camlock.org\/lv\/product\/c-tipa-polipropil-na-camlock-savienot-js-sievie-u-savienot-js-tene\/#primaryimage","url":"https:\/\/www.camlock.org\/wp-content\/uploads\/2019\/12\/Camlock_Aluminium_type_C_50mm_D200AL.jpg","contentUrl":"https:\/\/www.camlock.org\/wp-content\/uploads\/2019\/12\/Camlock_Aluminium_type_C_50mm_D200AL.jpg","width":1000,"height":1000},{"@type":"BreadcrumbList","@id":"https:\/\/www.camlock.org\/lv\/product\/c-tipa-polipropil-na-camlock-savienot-js-sievie-u-savienot-js-tene\/#breadcrumb","itemListElement":[{"@type":"ListItem","position":1,"name":"Home","item":"https:\/\/www.camlock.org\/lv\/s-kums\/"},{"@type":"ListItem","position":2,"name":"Veikals","item":"https:\/\/www.camlock.org\/lv\/d0-bc-d0-b0-d0-b3-d0-b0-d0-b7-d0-b8-d0-bd\/"},{"@type":"ListItem","position":3,"name":"C tipa alum\u012bnija Camlock savienojumi &#8211; \u0160\u013c\u016bte\u0146u savienot\u0101js"}]},{"@type":"WebSite","@id":"https:\/\/www.camlock.org\/lv\/?lang=et\/#website","url":"https:\/\/www.camlock.org\/lv\/?lang=et\/","name":"\u041f\u0440\u043e\u0434\u0430\u0436\u0430 \u043a\u0430\u043c\u043b\u043e\u043a (Camlock) \u0441\u043e\u0435\u0434\u0438\u043d\u0435\u043d\u0438\u0439","description":"\u041f\u0440\u043e\u0434\u0430\u0436\u0430 \u043a\u0430\u043c\u043b\u043e\u043a (Camlock) \u0441\u043e\u0435\u0434\u0438\u043d\u0435\u043d\u0438\u0439","potentialAction":[{"@type":"SearchAction","target":{"@type":"EntryPoint","urlTemplate":"https:\/\/www.camlock.org\/lv\/?lang=et\/?s={search_term_string}"},"query-input":{"@type":"PropertyValueSpecification","valueRequired":true,"valueName":"search_term_string"}}],"inLanguage":"lv-LV"}]}},"_links":{"self":[{"href":"https:\/\/www.camlock.org\/lv\/wp-json\/wp\/v2\/product\/15043","targetHints":{"allow":["GET"]}}],"collection":[{"href":"https:\/\/www.camlock.org\/lv\/wp-json\/wp\/v2\/product"}],"about":[{"href":"https:\/\/www.camlock.org\/lv\/wp-json\/wp\/v2\/types\/product"}],"wp:featuredmedia":[{"embeddable":true,"href":"https:\/\/www.camlock.org\/lv\/wp-json\/wp\/v2\/media\/15202"}],"wp:attachment":[{"href":"https:\/\/www.camlock.org\/lv\/wp-json\/wp\/v2\/media?parent=15043"}],"wp:term":[{"taxonomy":"product_brand","embeddable":true,"href":"https:\/\/www.camlock.org\/lv\/wp-json\/wp\/v2\/product_brand?post=15043"},{"taxonomy":"product_cat","embeddable":true,"href":"https:\/\/www.camlock.org\/lv\/wp-json\/wp\/v2\/product_cat?post=15043"},{"taxonomy":"product_tag","embeddable":true,"href":"https:\/\/www.camlock.org\/lv\/wp-json\/wp\/v2\/product_tag?post=15043"}],"curies":[{"name":"wp","href":"https:\/\/api.w.org\/{rel}","templated":true}]}}