{"id":15327,"date":"2019-12-22T21:50:45","date_gmt":"2019-12-22T18:51:11","guid":{"rendered":"https:\/\/www.camlock.org\/?post_type=product&#038;p=15327"},"modified":"2025-05-16T09:58:39","modified_gmt":"2025-05-16T06:58:39","slug":"d-tipa-alum-nija-savienot-jelementi-savienot-js-ar-iek-jo-v-tni","status":"publish","type":"product","link":"https:\/\/www.camlock.org\/lv\/product\/d-tipa-alum-nija-savienot-jelementi-savienot-js-ar-iek-jo-v-tni\/","title":{"rendered":"D tipa alum\u012bnija savienot\u0101jelementi &#8211; savienot\u0101js ar iek\u0161\u0113jo v\u012btni"},"content":{"rendered":"<p>Sievi\u0161\u0137ais camlock gals ir savienojams ar jebkuru t\u0101da pa\u0161a izm\u0113ra v\u012brie\u0161u camlock savienot\u0101ju. D tipa camlock savienot\u0101jus bie\u017ei izmanto kop\u0101 ar A tipa adapteriem, un da\u017ek\u0101rt tos var izmantot kop\u0101 ar t\u0101da pa\u0161a izm\u0113ra E un F tipa un DP tipa (putek\u013cu aizb\u0101zni) savienot\u0101jiem. Alum\u012bnija savienot\u0101ji ir apr\u012bkoti ar ner\u016bs\u0113jo\u0161\u0101 t\u0113rauda rokturiem, gredzeniem un tap\u0101m, lai pagarin\u0101tu to kalpo\u0161anas laiku.  <\/p>\n","protected":false},"excerpt":{"rendered":"<p>Sievie\u0161u savienot\u0101js ar sievie\u0161u BSP v\u012btni &#8211; &#8220;D&#8221; tipa kameru blokatoriem ir sievie\u0161u kameru gals un t\u0101da pa\u0161a izm\u0113ra sievie\u0161u BSP v\u012btne.<\/p>\n","protected":false},"featured_media":15537,"template":"","meta":[],"product_brand":[],"product_cat":[469],"product_tag":[468,258],"class_list":{"0":"post-15327","1":"product","2":"type-product","3":"status-publish","4":"has-post-thumbnail","6":"product_cat-alum-nija-camlock-savienot-jelementi","7":"product_tag-alum-nija","8":"product_tag-type-d-lv","10":"first","11":"onbackorder","12":"taxable","13":"shipping-taxable","14":"purchasable","15":"product-type-variable"},"yoast_head":"<!-- This site is optimized with the Yoast SEO plugin v27.4 - https:\/\/yoast.com\/product\/yoast-seo-wordpress\/ -->\n<title>D tipa alum\u012bnija savienot\u0101jelementi - savienot\u0101js ar iek\u0161\u0113jo v\u012btni<\/title>\n<meta name=\"description\" content=\"Sievi\u0161\u0137ais camlock gals ir savienojams ar jebkuru t\u0101da pa\u0161a izm\u0113ra v\u012brie\u0161u camlock savienot\u0101ju. D tipa camlock savienot\u0101jus bie\u017ei izmanto kop\u0101 ar A tipa adapteriem, un da\u017ek\u0101rt tos var izmantot kop\u0101 ar t\u0101da pa\u0161a izm\u0113ra E un F tipa un DP tipa (putek\u013cu aizb\u0101zni) savienot\u0101jiem.\" \/>\n<meta name=\"robots\" content=\"index, follow, max-snippet:-1, max-image-preview:large, max-video-preview:-1\" \/>\n<link rel=\"canonical\" href=\"https:\/\/www.camlock.org\/lv\/product\/d-tipa-alum-nija-savienot-jelementi-savienot-js-ar-iek-jo-v-tni\/\" \/>\n<meta property=\"og:locale\" content=\"lv_LV\" \/>\n<meta property=\"og:type\" content=\"article\" \/>\n<meta property=\"og:title\" content=\"D tipa alum\u012bnija savienot\u0101jelementi - savienot\u0101js ar iek\u0161\u0113jo v\u012btni\" \/>\n<meta property=\"og:description\" content=\"Sievi\u0161\u0137ais camlock gals ir savienojams ar jebkuru t\u0101da pa\u0161a izm\u0113ra v\u012brie\u0161u camlock savienot\u0101ju. D tipa camlock savienot\u0101jus bie\u017ei izmanto kop\u0101 ar A tipa adapteriem, un da\u017ek\u0101rt tos var izmantot kop\u0101 ar t\u0101da pa\u0161a izm\u0113ra E un F tipa un DP tipa (putek\u013cu aizb\u0101zni) savienot\u0101jiem.\" \/>\n<meta property=\"og:url\" content=\"https:\/\/www.camlock.org\/lv\/product\/d-tipa-alum-nija-savienot-jelementi-savienot-js-ar-iek-jo-v-tni\/\" \/>\n<meta property=\"og:site_name\" content=\"\u041f\u0440\u043e\u0434\u0430\u0436\u0430 \u043a\u0430\u043c\u043b\u043e\u043a (Camlock) \u0441\u043e\u0435\u0434\u0438\u043d\u0435\u043d\u0438\u0439\" \/>\n<meta property=\"article:modified_time\" content=\"2025-05-16T06:58:39+00:00\" \/>\n<meta property=\"og:image\" content=\"https:\/\/www.camlock.org\/wp-content\/uploads\/2019\/12\/Camlock_Aluminium_type_D_50mm_D200AL.jpg\" \/>\n\t<meta property=\"og:image:width\" content=\"1000\" \/>\n\t<meta property=\"og:image:height\" content=\"1000\" \/>\n\t<meta property=\"og:image:type\" content=\"image\/jpeg\" \/>\n<meta name=\"twitter:card\" content=\"summary_large_image\" \/>\n<meta name=\"twitter:label1\" content=\"Est. reading time\" \/>\n\t<meta name=\"twitter:data1\" content=\"1 minute\" \/>\n<script type=\"application\/ld+json\" class=\"yoast-schema-graph\">{\"@context\":\"https:\\\/\\\/schema.org\",\"@graph\":[{\"@type\":\"WebPage\",\"@id\":\"https:\\\/\\\/www.camlock.org\\\/lv\\\/product\\\/d-tipa-alum-nija-savienot-jelementi-savienot-js-ar-iek-jo-v-tni\\\/\",\"url\":\"https:\\\/\\\/www.camlock.org\\\/lv\\\/product\\\/d-tipa-alum-nija-savienot-jelementi-savienot-js-ar-iek-jo-v-tni\\\/\",\"name\":\"D tipa alum\u012bnija savienot\u0101jelementi - savienot\u0101js ar iek\u0161\u0113jo v\u012btni\",\"isPartOf\":{\"@id\":\"https:\\\/\\\/www.camlock.org\\\/lv\\\/?lang=et\\\/#website\"},\"primaryImageOfPage\":{\"@id\":\"https:\\\/\\\/www.camlock.org\\\/lv\\\/product\\\/d-tipa-alum-nija-savienot-jelementi-savienot-js-ar-iek-jo-v-tni\\\/#primaryimage\"},\"image\":{\"@id\":\"https:\\\/\\\/www.camlock.org\\\/lv\\\/product\\\/d-tipa-alum-nija-savienot-jelementi-savienot-js-ar-iek-jo-v-tni\\\/#primaryimage\"},\"thumbnailUrl\":\"https:\\\/\\\/www.camlock.org\\\/wp-content\\\/uploads\\\/2019\\\/12\\\/Camlock_Aluminium_type_D_50mm_D200AL.jpg\",\"datePublished\":\"2019-12-22T18:51:11+00:00\",\"dateModified\":\"2025-05-16T06:58:39+00:00\",\"description\":\"Sievi\u0161\u0137ais camlock gals ir savienojams ar jebkuru t\u0101da pa\u0161a izm\u0113ra v\u012brie\u0161u camlock savienot\u0101ju. D tipa camlock savienot\u0101jus bie\u017ei izmanto kop\u0101 ar A tipa adapteriem, un da\u017ek\u0101rt tos var izmantot kop\u0101 ar t\u0101da pa\u0161a izm\u0113ra E un F tipa un DP tipa (putek\u013cu aizb\u0101zni) savienot\u0101jiem.\",\"breadcrumb\":{\"@id\":\"https:\\\/\\\/www.camlock.org\\\/lv\\\/product\\\/d-tipa-alum-nija-savienot-jelementi-savienot-js-ar-iek-jo-v-tni\\\/#breadcrumb\"},\"inLanguage\":\"lv-LV\",\"potentialAction\":[{\"@type\":\"ReadAction\",\"target\":[\"https:\\\/\\\/www.camlock.org\\\/lv\\\/product\\\/d-tipa-alum-nija-savienot-jelementi-savienot-js-ar-iek-jo-v-tni\\\/\"]}]},{\"@type\":\"ImageObject\",\"inLanguage\":\"lv-LV\",\"@id\":\"https:\\\/\\\/www.camlock.org\\\/lv\\\/product\\\/d-tipa-alum-nija-savienot-jelementi-savienot-js-ar-iek-jo-v-tni\\\/#primaryimage\",\"url\":\"https:\\\/\\\/www.camlock.org\\\/wp-content\\\/uploads\\\/2019\\\/12\\\/Camlock_Aluminium_type_D_50mm_D200AL.jpg\",\"contentUrl\":\"https:\\\/\\\/www.camlock.org\\\/wp-content\\\/uploads\\\/2019\\\/12\\\/Camlock_Aluminium_type_D_50mm_D200AL.jpg\",\"width\":1000,\"height\":1000},{\"@type\":\"BreadcrumbList\",\"@id\":\"https:\\\/\\\/www.camlock.org\\\/lv\\\/product\\\/d-tipa-alum-nija-savienot-jelementi-savienot-js-ar-iek-jo-v-tni\\\/#breadcrumb\",\"itemListElement\":[{\"@type\":\"ListItem\",\"position\":1,\"name\":\"Home\",\"item\":\"https:\\\/\\\/www.camlock.org\\\/lv\\\/s-kums\\\/\"},{\"@type\":\"ListItem\",\"position\":2,\"name\":\"Veikals\",\"item\":\"https:\\\/\\\/www.camlock.org\\\/lv\\\/d0-bc-d0-b0-d0-b3-d0-b0-d0-b7-d0-b8-d0-bd\\\/\"},{\"@type\":\"ListItem\",\"position\":3,\"name\":\"D tipa alum\u012bnija savienot\u0101jelementi &#8211; savienot\u0101js ar iek\u0161\u0113jo v\u012btni\"}]},{\"@type\":\"WebSite\",\"@id\":\"https:\\\/\\\/www.camlock.org\\\/lv\\\/?lang=et\\\/#website\",\"url\":\"https:\\\/\\\/www.camlock.org\\\/lv\\\/?lang=et\\\/\",\"name\":\"\u041f\u0440\u043e\u0434\u0430\u0436\u0430 \u043a\u0430\u043c\u043b\u043e\u043a (Camlock) \u0441\u043e\u0435\u0434\u0438\u043d\u0435\u043d\u0438\u0439\",\"description\":\"\u041f\u0440\u043e\u0434\u0430\u0436\u0430 \u043a\u0430\u043c\u043b\u043e\u043a (Camlock) \u0441\u043e\u0435\u0434\u0438\u043d\u0435\u043d\u0438\u0439\",\"potentialAction\":[{\"@type\":\"SearchAction\",\"target\":{\"@type\":\"EntryPoint\",\"urlTemplate\":\"https:\\\/\\\/www.camlock.org\\\/lv\\\/?lang=et\\\/?s={search_term_string}\"},\"query-input\":{\"@type\":\"PropertyValueSpecification\",\"valueRequired\":true,\"valueName\":\"search_term_string\"}}],\"inLanguage\":\"lv-LV\"}]}<\/script>\n<!-- \/ Yoast SEO plugin. -->","yoast_head_json":{"title":"D tipa alum\u012bnija savienot\u0101jelementi - savienot\u0101js ar iek\u0161\u0113jo v\u012btni","description":"Sievi\u0161\u0137ais camlock gals ir savienojams ar jebkuru t\u0101da pa\u0161a izm\u0113ra v\u012brie\u0161u camlock savienot\u0101ju. D tipa camlock savienot\u0101jus bie\u017ei izmanto kop\u0101 ar A tipa adapteriem, un da\u017ek\u0101rt tos var izmantot kop\u0101 ar t\u0101da pa\u0161a izm\u0113ra E un F tipa un DP tipa (putek\u013cu aizb\u0101zni) savienot\u0101jiem.","robots":{"index":"index","follow":"follow","max-snippet":"max-snippet:-1","max-image-preview":"max-image-preview:large","max-video-preview":"max-video-preview:-1"},"canonical":"https:\/\/www.camlock.org\/lv\/product\/d-tipa-alum-nija-savienot-jelementi-savienot-js-ar-iek-jo-v-tni\/","og_locale":"lv_LV","og_type":"article","og_title":"D tipa alum\u012bnija savienot\u0101jelementi - savienot\u0101js ar iek\u0161\u0113jo v\u012btni","og_description":"Sievi\u0161\u0137ais camlock gals ir savienojams ar jebkuru t\u0101da pa\u0161a izm\u0113ra v\u012brie\u0161u camlock savienot\u0101ju. D tipa camlock savienot\u0101jus bie\u017ei izmanto kop\u0101 ar A tipa adapteriem, un da\u017ek\u0101rt tos var izmantot kop\u0101 ar t\u0101da pa\u0161a izm\u0113ra E un F tipa un DP tipa (putek\u013cu aizb\u0101zni) savienot\u0101jiem.","og_url":"https:\/\/www.camlock.org\/lv\/product\/d-tipa-alum-nija-savienot-jelementi-savienot-js-ar-iek-jo-v-tni\/","og_site_name":"\u041f\u0440\u043e\u0434\u0430\u0436\u0430 \u043a\u0430\u043c\u043b\u043e\u043a (Camlock) \u0441\u043e\u0435\u0434\u0438\u043d\u0435\u043d\u0438\u0439","article_modified_time":"2025-05-16T06:58:39+00:00","og_image":[{"width":1000,"height":1000,"url":"https:\/\/www.camlock.org\/wp-content\/uploads\/2019\/12\/Camlock_Aluminium_type_D_50mm_D200AL.jpg","type":"image\/jpeg"}],"twitter_card":"summary_large_image","twitter_misc":{"Est. reading time":"1 minute"},"schema":{"@context":"https:\/\/schema.org","@graph":[{"@type":"WebPage","@id":"https:\/\/www.camlock.org\/lv\/product\/d-tipa-alum-nija-savienot-jelementi-savienot-js-ar-iek-jo-v-tni\/","url":"https:\/\/www.camlock.org\/lv\/product\/d-tipa-alum-nija-savienot-jelementi-savienot-js-ar-iek-jo-v-tni\/","name":"D tipa alum\u012bnija savienot\u0101jelementi - savienot\u0101js ar iek\u0161\u0113jo v\u012btni","isPartOf":{"@id":"https:\/\/www.camlock.org\/lv\/?lang=et\/#website"},"primaryImageOfPage":{"@id":"https:\/\/www.camlock.org\/lv\/product\/d-tipa-alum-nija-savienot-jelementi-savienot-js-ar-iek-jo-v-tni\/#primaryimage"},"image":{"@id":"https:\/\/www.camlock.org\/lv\/product\/d-tipa-alum-nija-savienot-jelementi-savienot-js-ar-iek-jo-v-tni\/#primaryimage"},"thumbnailUrl":"https:\/\/www.camlock.org\/wp-content\/uploads\/2019\/12\/Camlock_Aluminium_type_D_50mm_D200AL.jpg","datePublished":"2019-12-22T18:51:11+00:00","dateModified":"2025-05-16T06:58:39+00:00","description":"Sievi\u0161\u0137ais camlock gals ir savienojams ar jebkuru t\u0101da pa\u0161a izm\u0113ra v\u012brie\u0161u camlock savienot\u0101ju. D tipa camlock savienot\u0101jus bie\u017ei izmanto kop\u0101 ar A tipa adapteriem, un da\u017ek\u0101rt tos var izmantot kop\u0101 ar t\u0101da pa\u0161a izm\u0113ra E un F tipa un DP tipa (putek\u013cu aizb\u0101zni) savienot\u0101jiem.","breadcrumb":{"@id":"https:\/\/www.camlock.org\/lv\/product\/d-tipa-alum-nija-savienot-jelementi-savienot-js-ar-iek-jo-v-tni\/#breadcrumb"},"inLanguage":"lv-LV","potentialAction":[{"@type":"ReadAction","target":["https:\/\/www.camlock.org\/lv\/product\/d-tipa-alum-nija-savienot-jelementi-savienot-js-ar-iek-jo-v-tni\/"]}]},{"@type":"ImageObject","inLanguage":"lv-LV","@id":"https:\/\/www.camlock.org\/lv\/product\/d-tipa-alum-nija-savienot-jelementi-savienot-js-ar-iek-jo-v-tni\/#primaryimage","url":"https:\/\/www.camlock.org\/wp-content\/uploads\/2019\/12\/Camlock_Aluminium_type_D_50mm_D200AL.jpg","contentUrl":"https:\/\/www.camlock.org\/wp-content\/uploads\/2019\/12\/Camlock_Aluminium_type_D_50mm_D200AL.jpg","width":1000,"height":1000},{"@type":"BreadcrumbList","@id":"https:\/\/www.camlock.org\/lv\/product\/d-tipa-alum-nija-savienot-jelementi-savienot-js-ar-iek-jo-v-tni\/#breadcrumb","itemListElement":[{"@type":"ListItem","position":1,"name":"Home","item":"https:\/\/www.camlock.org\/lv\/s-kums\/"},{"@type":"ListItem","position":2,"name":"Veikals","item":"https:\/\/www.camlock.org\/lv\/d0-bc-d0-b0-d0-b3-d0-b0-d0-b7-d0-b8-d0-bd\/"},{"@type":"ListItem","position":3,"name":"D tipa alum\u012bnija savienot\u0101jelementi &#8211; savienot\u0101js ar iek\u0161\u0113jo v\u012btni"}]},{"@type":"WebSite","@id":"https:\/\/www.camlock.org\/lv\/?lang=et\/#website","url":"https:\/\/www.camlock.org\/lv\/?lang=et\/","name":"\u041f\u0440\u043e\u0434\u0430\u0436\u0430 \u043a\u0430\u043c\u043b\u043e\u043a (Camlock) \u0441\u043e\u0435\u0434\u0438\u043d\u0435\u043d\u0438\u0439","description":"\u041f\u0440\u043e\u0434\u0430\u0436\u0430 \u043a\u0430\u043c\u043b\u043e\u043a (Camlock) \u0441\u043e\u0435\u0434\u0438\u043d\u0435\u043d\u0438\u0439","potentialAction":[{"@type":"SearchAction","target":{"@type":"EntryPoint","urlTemplate":"https:\/\/www.camlock.org\/lv\/?lang=et\/?s={search_term_string}"},"query-input":{"@type":"PropertyValueSpecification","valueRequired":true,"valueName":"search_term_string"}}],"inLanguage":"lv-LV"}]}},"_links":{"self":[{"href":"https:\/\/www.camlock.org\/lv\/wp-json\/wp\/v2\/product\/15327","targetHints":{"allow":["GET"]}}],"collection":[{"href":"https:\/\/www.camlock.org\/lv\/wp-json\/wp\/v2\/product"}],"about":[{"href":"https:\/\/www.camlock.org\/lv\/wp-json\/wp\/v2\/types\/product"}],"wp:featuredmedia":[{"embeddable":true,"href":"https:\/\/www.camlock.org\/lv\/wp-json\/wp\/v2\/media\/15537"}],"wp:attachment":[{"href":"https:\/\/www.camlock.org\/lv\/wp-json\/wp\/v2\/media?parent=15327"}],"wp:term":[{"taxonomy":"product_brand","embeddable":true,"href":"https:\/\/www.camlock.org\/lv\/wp-json\/wp\/v2\/product_brand?post=15327"},{"taxonomy":"product_cat","embeddable":true,"href":"https:\/\/www.camlock.org\/lv\/wp-json\/wp\/v2\/product_cat?post=15327"},{"taxonomy":"product_tag","embeddable":true,"href":"https:\/\/www.camlock.org\/lv\/wp-json\/wp\/v2\/product_tag?post=15327"}],"curies":[{"name":"wp","href":"https:\/\/api.w.org\/{rel}","templated":true}]}}