{"id":24147,"date":"2019-12-23T00:51:42","date_gmt":"2025-05-12T08:29:20","guid":{"rendered":"https:\/\/www.camlock.org\/product\/f-tipa-alum-nija-savienot-jelementi-ar-fiksatoru-adapteris-ar-r-jo-v-tni\/"},"modified":"2025-05-12T11:29:20","modified_gmt":"2025-05-12T08:29:20","slug":"f-tipa-alum-nija-savienot-jelementi-ar-fiksatoru-adapteris-ar-r-jo-v-tni","status":"publish","type":"product","link":"https:\/\/www.camlock.org\/lv\/product\/f-tipa-alum-nija-savienot-jelementi-ar-fiksatoru-adapteris-ar-r-jo-v-tni\/","title":{"rendered":"F tipa alum\u012bnija savienot\u0101jelementi ar fiksatoru &#8211; adapteris ar \u0101r\u0113jo v\u012btni"},"content":{"rendered":"<p>F tipa alum\u012bnija Snaplock savienot\u0101ji bie\u017ei tiek izmantoti ugunsdz\u0113s\u012bbas s\u016bk\u0146os vai IBC s\u016bk\u0146os, vai viet\u0101s, kur nepiecie\u0161ama \u0101tra savieno\u0161ana\/atvieno\u0161ana. \u0100tr\u0101 \u0161\u013c\u016btenes savieno\u0161ana ietaupa daudz vair\u0101k laika nek\u0101 v\u012bt\u0146u vai atloka savienojumu fiks\u0113\u0161ana. <\/p>\n","protected":false},"excerpt":{"rendered":"<p>Alum\u012bnija F tipa Camlock adapteris &#8211; ar rievotu \u0101r\u0113jo adapteri un t\u0101da pa\u0161a izm\u0113ra BSP\/NPT \u0101r\u0113jo v\u012btni. F tips bie\u017ei tiek izmantots ar C, B, D un DC tipa savienot\u0101jiem. <\/p>\n","protected":false},"featured_media":24148,"template":"","meta":[],"product_brand":[],"product_cat":[469],"product_tag":[468,278],"class_list":{"0":"post-24147","1":"product","2":"type-product","3":"status-publish","4":"has-post-thumbnail","6":"product_cat-alum-nija-camlock-savienot-jelementi","7":"product_tag-alum-nija","8":"product_tag-type-f-lv","10":"first","11":"onbackorder","12":"taxable","13":"shipping-taxable","14":"purchasable","15":"product-type-variable"},"yoast_head":"<!-- This site is optimized with the Yoast SEO plugin v27.4 - https:\/\/yoast.com\/product\/yoast-seo-wordpress\/ -->\n<title>F tipa alum\u012bnija savienot\u0101jelementi ar fiksatoru - adapteris ar \u0101r\u0113jo v\u012btni<\/title>\n<meta name=\"description\" content=\"Alum\u012bnija F tipa Camlock adapteris - ar rievotu \u0101r\u0113jo adapteri un t\u0101da pa\u0161a izm\u0113ra BSP\/NPT \u0101r\u0113jo v\u012btni. F tipa adapteri bie\u017ei tiek izmantoti kop\u0101 ar C, B, D un DC tipa adapteriem.\" \/>\n<meta name=\"robots\" content=\"index, follow, max-snippet:-1, max-image-preview:large, max-video-preview:-1\" \/>\n<link rel=\"canonical\" href=\"https:\/\/www.camlock.org\/lv\/product\/f-tipa-alum-nija-savienot-jelementi-ar-fiksatoru-adapteris-ar-r-jo-v-tni\/\" \/>\n<meta property=\"og:locale\" content=\"lv_LV\" \/>\n<meta property=\"og:type\" content=\"article\" \/>\n<meta property=\"og:title\" content=\"F tipa alum\u012bnija savienot\u0101jelementi ar fiksatoru - adapteris ar \u0101r\u0113jo v\u012btni\" \/>\n<meta property=\"og:description\" content=\"Alum\u012bnija F tipa Camlock adapteris - ar rievotu \u0101r\u0113jo adapteri un t\u0101da pa\u0161a izm\u0113ra BSP\/NPT \u0101r\u0113jo v\u012btni. F tipa adapteri bie\u017ei tiek izmantoti kop\u0101 ar C, B, D un DC tipa adapteriem.\" \/>\n<meta property=\"og:url\" content=\"https:\/\/www.camlock.org\/lv\/product\/f-tipa-alum-nija-savienot-jelementi-ar-fiksatoru-adapteris-ar-r-jo-v-tni\/\" \/>\n<meta property=\"og:site_name\" content=\"\u041f\u0440\u043e\u0434\u0430\u0436\u0430 \u043a\u0430\u043c\u043b\u043e\u043a (Camlock) \u0441\u043e\u0435\u0434\u0438\u043d\u0435\u043d\u0438\u0439\" \/>\n<meta property=\"og:image\" content=\"https:\/\/www.camlock.org\/wp-content\/uploads\/2019\/12\/Camlock_Aluminium_type_F_38mm_D150AL.jpg\" \/>\n\t<meta property=\"og:image:width\" content=\"1000\" \/>\n\t<meta property=\"og:image:height\" content=\"1000\" \/>\n\t<meta property=\"og:image:type\" content=\"image\/jpeg\" \/>\n<meta name=\"twitter:card\" content=\"summary_large_image\" \/>\n<script type=\"application\/ld+json\" class=\"yoast-schema-graph\">{\"@context\":\"https:\\\/\\\/schema.org\",\"@graph\":[{\"@type\":\"WebPage\",\"@id\":\"https:\\\/\\\/www.camlock.org\\\/lv\\\/product\\\/f-tipa-alum-nija-savienot-jelementi-ar-fiksatoru-adapteris-ar-r-jo-v-tni\\\/\",\"url\":\"https:\\\/\\\/www.camlock.org\\\/lv\\\/product\\\/f-tipa-alum-nija-savienot-jelementi-ar-fiksatoru-adapteris-ar-r-jo-v-tni\\\/\",\"name\":\"F tipa alum\u012bnija savienot\u0101jelementi ar fiksatoru - adapteris ar \u0101r\u0113jo v\u012btni\",\"isPartOf\":{\"@id\":\"https:\\\/\\\/www.camlock.org\\\/lv\\\/?lang=et\\\/#website\"},\"primaryImageOfPage\":{\"@id\":\"https:\\\/\\\/www.camlock.org\\\/lv\\\/product\\\/f-tipa-alum-nija-savienot-jelementi-ar-fiksatoru-adapteris-ar-r-jo-v-tni\\\/#primaryimage\"},\"image\":{\"@id\":\"https:\\\/\\\/www.camlock.org\\\/lv\\\/product\\\/f-tipa-alum-nija-savienot-jelementi-ar-fiksatoru-adapteris-ar-r-jo-v-tni\\\/#primaryimage\"},\"thumbnailUrl\":\"https:\\\/\\\/www.camlock.org\\\/wp-content\\\/uploads\\\/2019\\\/12\\\/Camlock_Aluminium_type_F_38mm_D150AL.jpg\",\"datePublished\":\"2025-05-12T08:29:20+00:00\",\"description\":\"Alum\u012bnija F tipa Camlock adapteris - ar rievotu \u0101r\u0113jo adapteri un t\u0101da pa\u0161a izm\u0113ra BSP\\\/NPT \u0101r\u0113jo v\u012btni. F tipa adapteri bie\u017ei tiek izmantoti kop\u0101 ar C, B, D un DC tipa adapteriem.\",\"breadcrumb\":{\"@id\":\"https:\\\/\\\/www.camlock.org\\\/lv\\\/product\\\/f-tipa-alum-nija-savienot-jelementi-ar-fiksatoru-adapteris-ar-r-jo-v-tni\\\/#breadcrumb\"},\"inLanguage\":\"lv-LV\",\"potentialAction\":[{\"@type\":\"ReadAction\",\"target\":[\"https:\\\/\\\/www.camlock.org\\\/lv\\\/product\\\/f-tipa-alum-nija-savienot-jelementi-ar-fiksatoru-adapteris-ar-r-jo-v-tni\\\/\"]}]},{\"@type\":\"ImageObject\",\"inLanguage\":\"lv-LV\",\"@id\":\"https:\\\/\\\/www.camlock.org\\\/lv\\\/product\\\/f-tipa-alum-nija-savienot-jelementi-ar-fiksatoru-adapteris-ar-r-jo-v-tni\\\/#primaryimage\",\"url\":\"https:\\\/\\\/www.camlock.org\\\/wp-content\\\/uploads\\\/2019\\\/12\\\/Camlock_Aluminium_type_F_38mm_D150AL.jpg\",\"contentUrl\":\"https:\\\/\\\/www.camlock.org\\\/wp-content\\\/uploads\\\/2019\\\/12\\\/Camlock_Aluminium_type_F_38mm_D150AL.jpg\",\"width\":1000,\"height\":1000},{\"@type\":\"BreadcrumbList\",\"@id\":\"https:\\\/\\\/www.camlock.org\\\/lv\\\/product\\\/f-tipa-alum-nija-savienot-jelementi-ar-fiksatoru-adapteris-ar-r-jo-v-tni\\\/#breadcrumb\",\"itemListElement\":[{\"@type\":\"ListItem\",\"position\":1,\"name\":\"Home\",\"item\":\"https:\\\/\\\/www.camlock.org\\\/lv\\\/s-kums\\\/\"},{\"@type\":\"ListItem\",\"position\":2,\"name\":\"Veikals\",\"item\":\"https:\\\/\\\/www.camlock.org\\\/lv\\\/d0-bc-d0-b0-d0-b3-d0-b0-d0-b7-d0-b8-d0-bd\\\/\"},{\"@type\":\"ListItem\",\"position\":3,\"name\":\"F tipa alum\u012bnija savienot\u0101jelementi ar fiksatoru &#8211; adapteris ar \u0101r\u0113jo v\u012btni\"}]},{\"@type\":\"WebSite\",\"@id\":\"https:\\\/\\\/www.camlock.org\\\/lv\\\/?lang=et\\\/#website\",\"url\":\"https:\\\/\\\/www.camlock.org\\\/lv\\\/?lang=et\\\/\",\"name\":\"\u041f\u0440\u043e\u0434\u0430\u0436\u0430 \u043a\u0430\u043c\u043b\u043e\u043a (Camlock) \u0441\u043e\u0435\u0434\u0438\u043d\u0435\u043d\u0438\u0439\",\"description\":\"\u041f\u0440\u043e\u0434\u0430\u0436\u0430 \u043a\u0430\u043c\u043b\u043e\u043a (Camlock) \u0441\u043e\u0435\u0434\u0438\u043d\u0435\u043d\u0438\u0439\",\"potentialAction\":[{\"@type\":\"SearchAction\",\"target\":{\"@type\":\"EntryPoint\",\"urlTemplate\":\"https:\\\/\\\/www.camlock.org\\\/lv\\\/?lang=et\\\/?s={search_term_string}\"},\"query-input\":{\"@type\":\"PropertyValueSpecification\",\"valueRequired\":true,\"valueName\":\"search_term_string\"}}],\"inLanguage\":\"lv-LV\"}]}<\/script>\n<!-- \/ Yoast SEO plugin. -->","yoast_head_json":{"title":"F tipa alum\u012bnija savienot\u0101jelementi ar fiksatoru - adapteris ar \u0101r\u0113jo v\u012btni","description":"Alum\u012bnija F tipa Camlock adapteris - ar rievotu \u0101r\u0113jo adapteri un t\u0101da pa\u0161a izm\u0113ra BSP\/NPT \u0101r\u0113jo v\u012btni. F tipa adapteri bie\u017ei tiek izmantoti kop\u0101 ar C, B, D un DC tipa adapteriem.","robots":{"index":"index","follow":"follow","max-snippet":"max-snippet:-1","max-image-preview":"max-image-preview:large","max-video-preview":"max-video-preview:-1"},"canonical":"https:\/\/www.camlock.org\/lv\/product\/f-tipa-alum-nija-savienot-jelementi-ar-fiksatoru-adapteris-ar-r-jo-v-tni\/","og_locale":"lv_LV","og_type":"article","og_title":"F tipa alum\u012bnija savienot\u0101jelementi ar fiksatoru - adapteris ar \u0101r\u0113jo v\u012btni","og_description":"Alum\u012bnija F tipa Camlock adapteris - ar rievotu \u0101r\u0113jo adapteri un t\u0101da pa\u0161a izm\u0113ra BSP\/NPT \u0101r\u0113jo v\u012btni. F tipa adapteri bie\u017ei tiek izmantoti kop\u0101 ar C, B, D un DC tipa adapteriem.","og_url":"https:\/\/www.camlock.org\/lv\/product\/f-tipa-alum-nija-savienot-jelementi-ar-fiksatoru-adapteris-ar-r-jo-v-tni\/","og_site_name":"\u041f\u0440\u043e\u0434\u0430\u0436\u0430 \u043a\u0430\u043c\u043b\u043e\u043a (Camlock) \u0441\u043e\u0435\u0434\u0438\u043d\u0435\u043d\u0438\u0439","og_image":[{"width":1000,"height":1000,"url":"https:\/\/www.camlock.org\/wp-content\/uploads\/2019\/12\/Camlock_Aluminium_type_F_38mm_D150AL.jpg","type":"image\/jpeg"}],"twitter_card":"summary_large_image","schema":{"@context":"https:\/\/schema.org","@graph":[{"@type":"WebPage","@id":"https:\/\/www.camlock.org\/lv\/product\/f-tipa-alum-nija-savienot-jelementi-ar-fiksatoru-adapteris-ar-r-jo-v-tni\/","url":"https:\/\/www.camlock.org\/lv\/product\/f-tipa-alum-nija-savienot-jelementi-ar-fiksatoru-adapteris-ar-r-jo-v-tni\/","name":"F tipa alum\u012bnija savienot\u0101jelementi ar fiksatoru - adapteris ar \u0101r\u0113jo v\u012btni","isPartOf":{"@id":"https:\/\/www.camlock.org\/lv\/?lang=et\/#website"},"primaryImageOfPage":{"@id":"https:\/\/www.camlock.org\/lv\/product\/f-tipa-alum-nija-savienot-jelementi-ar-fiksatoru-adapteris-ar-r-jo-v-tni\/#primaryimage"},"image":{"@id":"https:\/\/www.camlock.org\/lv\/product\/f-tipa-alum-nija-savienot-jelementi-ar-fiksatoru-adapteris-ar-r-jo-v-tni\/#primaryimage"},"thumbnailUrl":"https:\/\/www.camlock.org\/wp-content\/uploads\/2019\/12\/Camlock_Aluminium_type_F_38mm_D150AL.jpg","datePublished":"2025-05-12T08:29:20+00:00","description":"Alum\u012bnija F tipa Camlock adapteris - ar rievotu \u0101r\u0113jo adapteri un t\u0101da pa\u0161a izm\u0113ra BSP\/NPT \u0101r\u0113jo v\u012btni. F tipa adapteri bie\u017ei tiek izmantoti kop\u0101 ar C, B, D un DC tipa adapteriem.","breadcrumb":{"@id":"https:\/\/www.camlock.org\/lv\/product\/f-tipa-alum-nija-savienot-jelementi-ar-fiksatoru-adapteris-ar-r-jo-v-tni\/#breadcrumb"},"inLanguage":"lv-LV","potentialAction":[{"@type":"ReadAction","target":["https:\/\/www.camlock.org\/lv\/product\/f-tipa-alum-nija-savienot-jelementi-ar-fiksatoru-adapteris-ar-r-jo-v-tni\/"]}]},{"@type":"ImageObject","inLanguage":"lv-LV","@id":"https:\/\/www.camlock.org\/lv\/product\/f-tipa-alum-nija-savienot-jelementi-ar-fiksatoru-adapteris-ar-r-jo-v-tni\/#primaryimage","url":"https:\/\/www.camlock.org\/wp-content\/uploads\/2019\/12\/Camlock_Aluminium_type_F_38mm_D150AL.jpg","contentUrl":"https:\/\/www.camlock.org\/wp-content\/uploads\/2019\/12\/Camlock_Aluminium_type_F_38mm_D150AL.jpg","width":1000,"height":1000},{"@type":"BreadcrumbList","@id":"https:\/\/www.camlock.org\/lv\/product\/f-tipa-alum-nija-savienot-jelementi-ar-fiksatoru-adapteris-ar-r-jo-v-tni\/#breadcrumb","itemListElement":[{"@type":"ListItem","position":1,"name":"Home","item":"https:\/\/www.camlock.org\/lv\/s-kums\/"},{"@type":"ListItem","position":2,"name":"Veikals","item":"https:\/\/www.camlock.org\/lv\/d0-bc-d0-b0-d0-b3-d0-b0-d0-b7-d0-b8-d0-bd\/"},{"@type":"ListItem","position":3,"name":"F tipa alum\u012bnija savienot\u0101jelementi ar fiksatoru &#8211; adapteris ar \u0101r\u0113jo v\u012btni"}]},{"@type":"WebSite","@id":"https:\/\/www.camlock.org\/lv\/?lang=et\/#website","url":"https:\/\/www.camlock.org\/lv\/?lang=et\/","name":"\u041f\u0440\u043e\u0434\u0430\u0436\u0430 \u043a\u0430\u043c\u043b\u043e\u043a (Camlock) \u0441\u043e\u0435\u0434\u0438\u043d\u0435\u043d\u0438\u0439","description":"\u041f\u0440\u043e\u0434\u0430\u0436\u0430 \u043a\u0430\u043c\u043b\u043e\u043a (Camlock) \u0441\u043e\u0435\u0434\u0438\u043d\u0435\u043d\u0438\u0439","potentialAction":[{"@type":"SearchAction","target":{"@type":"EntryPoint","urlTemplate":"https:\/\/www.camlock.org\/lv\/?lang=et\/?s={search_term_string}"},"query-input":{"@type":"PropertyValueSpecification","valueRequired":true,"valueName":"search_term_string"}}],"inLanguage":"lv-LV"}]}},"_links":{"self":[{"href":"https:\/\/www.camlock.org\/lv\/wp-json\/wp\/v2\/product\/24147","targetHints":{"allow":["GET"]}}],"collection":[{"href":"https:\/\/www.camlock.org\/lv\/wp-json\/wp\/v2\/product"}],"about":[{"href":"https:\/\/www.camlock.org\/lv\/wp-json\/wp\/v2\/types\/product"}],"wp:featuredmedia":[{"embeddable":true,"href":"https:\/\/www.camlock.org\/lv\/wp-json\/wp\/v2\/media\/24148"}],"wp:attachment":[{"href":"https:\/\/www.camlock.org\/lv\/wp-json\/wp\/v2\/media?parent=24147"}],"wp:term":[{"taxonomy":"product_brand","embeddable":true,"href":"https:\/\/www.camlock.org\/lv\/wp-json\/wp\/v2\/product_brand?post=24147"},{"taxonomy":"product_cat","embeddable":true,"href":"https:\/\/www.camlock.org\/lv\/wp-json\/wp\/v2\/product_cat?post=24147"},{"taxonomy":"product_tag","embeddable":true,"href":"https:\/\/www.camlock.org\/lv\/wp-json\/wp\/v2\/product_tag?post=24147"}],"curies":[{"name":"wp","href":"https:\/\/api.w.org\/{rel}","templated":true}]}}