{"id":24301,"date":"2019-12-04T02:11:51","date_gmt":"2025-05-12T10:43:43","guid":{"rendered":"https:\/\/www.camlock.org\/product\/dp-tipa-ner-s-jo-t-rauda-316-camlock-savienot-js-savienot-js-ar-r-jo-galu\/"},"modified":"2025-05-12T13:43:43","modified_gmt":"2025-05-12T10:43:43","slug":"dp-tipa-ner-s-jo-t-rauda-316-camlock-savienot-js-savienot-js-ar-r-jo-galu","status":"publish","type":"product","link":"https:\/\/www.camlock.org\/lv\/product\/dp-tipa-ner-s-jo-t-rauda-316-camlock-savienot-js-savienot-js-ar-r-jo-galu\/","title":{"rendered":"DP tipa ner\u016bs\u0113jo\u0161\u0101 t\u0113rauda 316 Camlock savienot\u0101js &#8211; savienot\u0101js ar \u0101r\u0113jo galu"},"content":{"rendered":"<p>Putek\u013cu aizb\u0101\u017enis &#8211; kamlokveida aizb\u0101\u017e\u0146i tiek izmantoti, lai pasarg\u0101tu no sve\u0161\u0137erme\u0146u iek\u013c\u016b\u0161anas jebkur\u0101 kamlokveida savienot\u0101jelement\u0101.<\/p>\n","protected":false},"excerpt":{"rendered":"<p>Ner\u016bs\u0113jo\u0161\u0101 t\u0113rauda camlock v\u012brie\u0161u gala adapteris DP da\u013ca parasti tiek ievietota identiska izm\u0113ra B, C un D tipa adapteros.<\/p>\n","protected":false},"featured_media":24302,"template":"","meta":[],"product_brand":[],"product_cat":[494],"product_tag":[495,302],"class_list":{"0":"post-24301","1":"product","2":"type-product","3":"status-publish","4":"has-post-thumbnail","6":"product_cat-ner-s-jo-t-rauda-camlock-savienot-jelementi","7":"product_tag-ner-s-jo-ais-t-rauds","8":"product_tag-type-dp-lv","10":"first","11":"onbackorder","12":"taxable","13":"shipping-taxable","14":"purchasable","15":"product-type-variable"},"yoast_head":"<!-- This site is optimized with the Yoast SEO plugin v27.4 - https:\/\/yoast.com\/product\/yoast-seo-wordpress\/ -->\n<title>DP tipa ner\u016bs\u0113jo\u0161\u0101 t\u0113rauda 316 Camlock savienot\u0101js - savienot\u0101js ar \u0101r\u0113jo galu<\/title>\n<meta name=\"description\" content=\"Putek\u013cu aizb\u0101\u017e\u0146i - DP tipa ner\u016bs\u0113jo\u0161\u0101 t\u0113rauda putek\u013cu aizb\u0101\u017e\u0146i tiek izmantoti, lai pasarg\u0101tu no sve\u0161\u0137erme\u0146u iek\u013c\u016b\u0161anas jebkur\u0101 camlock savienot\u0101jelement\u0101. Ner\u016bs\u0113jo\u0161\u0101 t\u0113rauda camlock Male.\" \/>\n<meta name=\"robots\" content=\"index, follow, max-snippet:-1, max-image-preview:large, max-video-preview:-1\" \/>\n<link rel=\"canonical\" href=\"https:\/\/www.camlock.org\/lv\/product\/dp-tipa-ner-s-jo-t-rauda-316-camlock-savienot-js-savienot-js-ar-r-jo-galu\/\" \/>\n<meta property=\"og:locale\" content=\"lv_LV\" \/>\n<meta property=\"og:type\" content=\"article\" \/>\n<meta property=\"og:title\" content=\"DP tipa ner\u016bs\u0113jo\u0161\u0101 t\u0113rauda 316 Camlock savienot\u0101js - savienot\u0101js ar \u0101r\u0113jo galu\" \/>\n<meta property=\"og:description\" content=\"Putek\u013cu aizb\u0101\u017e\u0146i - DP tipa ner\u016bs\u0113jo\u0161\u0101 t\u0113rauda putek\u013cu aizb\u0101\u017e\u0146i tiek izmantoti, lai pasarg\u0101tu no sve\u0161\u0137erme\u0146u iek\u013c\u016b\u0161anas jebkur\u0101 camlock savienot\u0101jelement\u0101. Ner\u016bs\u0113jo\u0161\u0101 t\u0113rauda camlock Male.\" \/>\n<meta property=\"og:url\" content=\"https:\/\/www.camlock.org\/lv\/product\/dp-tipa-ner-s-jo-t-rauda-316-camlock-savienot-js-savienot-js-ar-r-jo-galu\/\" \/>\n<meta property=\"og:site_name\" content=\"\u041f\u0440\u043e\u0434\u0430\u0436\u0430 \u043a\u0430\u043c\u043b\u043e\u043a (Camlock) \u0441\u043e\u0435\u0434\u0438\u043d\u0435\u043d\u0438\u0439\" \/>\n<meta property=\"og:image\" content=\"https:\/\/www.camlock.org\/wp-content\/uploads\/2019\/12\/Camlock_SS316_type_DP_50mm_D200SS.jpg\" \/>\n\t<meta property=\"og:image:width\" content=\"1000\" \/>\n\t<meta property=\"og:image:height\" content=\"1000\" \/>\n\t<meta property=\"og:image:type\" content=\"image\/jpeg\" \/>\n<meta name=\"twitter:card\" content=\"summary_large_image\" \/>\n<script type=\"application\/ld+json\" class=\"yoast-schema-graph\">{\"@context\":\"https:\\\/\\\/schema.org\",\"@graph\":[{\"@type\":\"WebPage\",\"@id\":\"https:\\\/\\\/www.camlock.org\\\/lv\\\/product\\\/dp-tipa-ner-s-jo-t-rauda-316-camlock-savienot-js-savienot-js-ar-r-jo-galu\\\/\",\"url\":\"https:\\\/\\\/www.camlock.org\\\/lv\\\/product\\\/dp-tipa-ner-s-jo-t-rauda-316-camlock-savienot-js-savienot-js-ar-r-jo-galu\\\/\",\"name\":\"DP tipa ner\u016bs\u0113jo\u0161\u0101 t\u0113rauda 316 Camlock savienot\u0101js - savienot\u0101js ar \u0101r\u0113jo galu\",\"isPartOf\":{\"@id\":\"https:\\\/\\\/www.camlock.org\\\/lv\\\/?lang=et\\\/#website\"},\"primaryImageOfPage\":{\"@id\":\"https:\\\/\\\/www.camlock.org\\\/lv\\\/product\\\/dp-tipa-ner-s-jo-t-rauda-316-camlock-savienot-js-savienot-js-ar-r-jo-galu\\\/#primaryimage\"},\"image\":{\"@id\":\"https:\\\/\\\/www.camlock.org\\\/lv\\\/product\\\/dp-tipa-ner-s-jo-t-rauda-316-camlock-savienot-js-savienot-js-ar-r-jo-galu\\\/#primaryimage\"},\"thumbnailUrl\":\"https:\\\/\\\/www.camlock.org\\\/wp-content\\\/uploads\\\/2019\\\/12\\\/Camlock_SS316_type_DP_50mm_D200SS.jpg\",\"datePublished\":\"2025-05-12T10:43:43+00:00\",\"description\":\"Putek\u013cu aizb\u0101\u017e\u0146i - DP tipa ner\u016bs\u0113jo\u0161\u0101 t\u0113rauda putek\u013cu aizb\u0101\u017e\u0146i tiek izmantoti, lai pasarg\u0101tu no sve\u0161\u0137erme\u0146u iek\u013c\u016b\u0161anas jebkur\u0101 camlock savienot\u0101jelement\u0101. Ner\u016bs\u0113jo\u0161\u0101 t\u0113rauda camlock Male.\",\"breadcrumb\":{\"@id\":\"https:\\\/\\\/www.camlock.org\\\/lv\\\/product\\\/dp-tipa-ner-s-jo-t-rauda-316-camlock-savienot-js-savienot-js-ar-r-jo-galu\\\/#breadcrumb\"},\"inLanguage\":\"lv-LV\",\"potentialAction\":[{\"@type\":\"ReadAction\",\"target\":[\"https:\\\/\\\/www.camlock.org\\\/lv\\\/product\\\/dp-tipa-ner-s-jo-t-rauda-316-camlock-savienot-js-savienot-js-ar-r-jo-galu\\\/\"]}]},{\"@type\":\"ImageObject\",\"inLanguage\":\"lv-LV\",\"@id\":\"https:\\\/\\\/www.camlock.org\\\/lv\\\/product\\\/dp-tipa-ner-s-jo-t-rauda-316-camlock-savienot-js-savienot-js-ar-r-jo-galu\\\/#primaryimage\",\"url\":\"https:\\\/\\\/www.camlock.org\\\/wp-content\\\/uploads\\\/2019\\\/12\\\/Camlock_SS316_type_DP_50mm_D200SS.jpg\",\"contentUrl\":\"https:\\\/\\\/www.camlock.org\\\/wp-content\\\/uploads\\\/2019\\\/12\\\/Camlock_SS316_type_DP_50mm_D200SS.jpg\",\"width\":1000,\"height\":1000},{\"@type\":\"BreadcrumbList\",\"@id\":\"https:\\\/\\\/www.camlock.org\\\/lv\\\/product\\\/dp-tipa-ner-s-jo-t-rauda-316-camlock-savienot-js-savienot-js-ar-r-jo-galu\\\/#breadcrumb\",\"itemListElement\":[{\"@type\":\"ListItem\",\"position\":1,\"name\":\"Home\",\"item\":\"https:\\\/\\\/www.camlock.org\\\/lv\\\/s-kums\\\/\"},{\"@type\":\"ListItem\",\"position\":2,\"name\":\"Veikals\",\"item\":\"https:\\\/\\\/www.camlock.org\\\/lv\\\/d0-bc-d0-b0-d0-b3-d0-b0-d0-b7-d0-b8-d0-bd\\\/\"},{\"@type\":\"ListItem\",\"position\":3,\"name\":\"DP tipa ner\u016bs\u0113jo\u0161\u0101 t\u0113rauda 316 Camlock savienot\u0101js &#8211; savienot\u0101js ar \u0101r\u0113jo galu\"}]},{\"@type\":\"WebSite\",\"@id\":\"https:\\\/\\\/www.camlock.org\\\/lv\\\/?lang=et\\\/#website\",\"url\":\"https:\\\/\\\/www.camlock.org\\\/lv\\\/?lang=et\\\/\",\"name\":\"\u041f\u0440\u043e\u0434\u0430\u0436\u0430 \u043a\u0430\u043c\u043b\u043e\u043a (Camlock) \u0441\u043e\u0435\u0434\u0438\u043d\u0435\u043d\u0438\u0439\",\"description\":\"\u041f\u0440\u043e\u0434\u0430\u0436\u0430 \u043a\u0430\u043c\u043b\u043e\u043a (Camlock) \u0441\u043e\u0435\u0434\u0438\u043d\u0435\u043d\u0438\u0439\",\"potentialAction\":[{\"@type\":\"SearchAction\",\"target\":{\"@type\":\"EntryPoint\",\"urlTemplate\":\"https:\\\/\\\/www.camlock.org\\\/lv\\\/?lang=et\\\/?s={search_term_string}\"},\"query-input\":{\"@type\":\"PropertyValueSpecification\",\"valueRequired\":true,\"valueName\":\"search_term_string\"}}],\"inLanguage\":\"lv-LV\"}]}<\/script>\n<!-- \/ Yoast SEO plugin. -->","yoast_head_json":{"title":"DP tipa ner\u016bs\u0113jo\u0161\u0101 t\u0113rauda 316 Camlock savienot\u0101js - savienot\u0101js ar \u0101r\u0113jo galu","description":"Putek\u013cu aizb\u0101\u017e\u0146i - DP tipa ner\u016bs\u0113jo\u0161\u0101 t\u0113rauda putek\u013cu aizb\u0101\u017e\u0146i tiek izmantoti, lai pasarg\u0101tu no sve\u0161\u0137erme\u0146u iek\u013c\u016b\u0161anas jebkur\u0101 camlock savienot\u0101jelement\u0101. Ner\u016bs\u0113jo\u0161\u0101 t\u0113rauda camlock Male.","robots":{"index":"index","follow":"follow","max-snippet":"max-snippet:-1","max-image-preview":"max-image-preview:large","max-video-preview":"max-video-preview:-1"},"canonical":"https:\/\/www.camlock.org\/lv\/product\/dp-tipa-ner-s-jo-t-rauda-316-camlock-savienot-js-savienot-js-ar-r-jo-galu\/","og_locale":"lv_LV","og_type":"article","og_title":"DP tipa ner\u016bs\u0113jo\u0161\u0101 t\u0113rauda 316 Camlock savienot\u0101js - savienot\u0101js ar \u0101r\u0113jo galu","og_description":"Putek\u013cu aizb\u0101\u017e\u0146i - DP tipa ner\u016bs\u0113jo\u0161\u0101 t\u0113rauda putek\u013cu aizb\u0101\u017e\u0146i tiek izmantoti, lai pasarg\u0101tu no sve\u0161\u0137erme\u0146u iek\u013c\u016b\u0161anas jebkur\u0101 camlock savienot\u0101jelement\u0101. Ner\u016bs\u0113jo\u0161\u0101 t\u0113rauda camlock Male.","og_url":"https:\/\/www.camlock.org\/lv\/product\/dp-tipa-ner-s-jo-t-rauda-316-camlock-savienot-js-savienot-js-ar-r-jo-galu\/","og_site_name":"\u041f\u0440\u043e\u0434\u0430\u0436\u0430 \u043a\u0430\u043c\u043b\u043e\u043a (Camlock) \u0441\u043e\u0435\u0434\u0438\u043d\u0435\u043d\u0438\u0439","og_image":[{"width":1000,"height":1000,"url":"https:\/\/www.camlock.org\/wp-content\/uploads\/2019\/12\/Camlock_SS316_type_DP_50mm_D200SS.jpg","type":"image\/jpeg"}],"twitter_card":"summary_large_image","schema":{"@context":"https:\/\/schema.org","@graph":[{"@type":"WebPage","@id":"https:\/\/www.camlock.org\/lv\/product\/dp-tipa-ner-s-jo-t-rauda-316-camlock-savienot-js-savienot-js-ar-r-jo-galu\/","url":"https:\/\/www.camlock.org\/lv\/product\/dp-tipa-ner-s-jo-t-rauda-316-camlock-savienot-js-savienot-js-ar-r-jo-galu\/","name":"DP tipa ner\u016bs\u0113jo\u0161\u0101 t\u0113rauda 316 Camlock savienot\u0101js - savienot\u0101js ar \u0101r\u0113jo galu","isPartOf":{"@id":"https:\/\/www.camlock.org\/lv\/?lang=et\/#website"},"primaryImageOfPage":{"@id":"https:\/\/www.camlock.org\/lv\/product\/dp-tipa-ner-s-jo-t-rauda-316-camlock-savienot-js-savienot-js-ar-r-jo-galu\/#primaryimage"},"image":{"@id":"https:\/\/www.camlock.org\/lv\/product\/dp-tipa-ner-s-jo-t-rauda-316-camlock-savienot-js-savienot-js-ar-r-jo-galu\/#primaryimage"},"thumbnailUrl":"https:\/\/www.camlock.org\/wp-content\/uploads\/2019\/12\/Camlock_SS316_type_DP_50mm_D200SS.jpg","datePublished":"2025-05-12T10:43:43+00:00","description":"Putek\u013cu aizb\u0101\u017e\u0146i - DP tipa ner\u016bs\u0113jo\u0161\u0101 t\u0113rauda putek\u013cu aizb\u0101\u017e\u0146i tiek izmantoti, lai pasarg\u0101tu no sve\u0161\u0137erme\u0146u iek\u013c\u016b\u0161anas jebkur\u0101 camlock savienot\u0101jelement\u0101. Ner\u016bs\u0113jo\u0161\u0101 t\u0113rauda camlock Male.","breadcrumb":{"@id":"https:\/\/www.camlock.org\/lv\/product\/dp-tipa-ner-s-jo-t-rauda-316-camlock-savienot-js-savienot-js-ar-r-jo-galu\/#breadcrumb"},"inLanguage":"lv-LV","potentialAction":[{"@type":"ReadAction","target":["https:\/\/www.camlock.org\/lv\/product\/dp-tipa-ner-s-jo-t-rauda-316-camlock-savienot-js-savienot-js-ar-r-jo-galu\/"]}]},{"@type":"ImageObject","inLanguage":"lv-LV","@id":"https:\/\/www.camlock.org\/lv\/product\/dp-tipa-ner-s-jo-t-rauda-316-camlock-savienot-js-savienot-js-ar-r-jo-galu\/#primaryimage","url":"https:\/\/www.camlock.org\/wp-content\/uploads\/2019\/12\/Camlock_SS316_type_DP_50mm_D200SS.jpg","contentUrl":"https:\/\/www.camlock.org\/wp-content\/uploads\/2019\/12\/Camlock_SS316_type_DP_50mm_D200SS.jpg","width":1000,"height":1000},{"@type":"BreadcrumbList","@id":"https:\/\/www.camlock.org\/lv\/product\/dp-tipa-ner-s-jo-t-rauda-316-camlock-savienot-js-savienot-js-ar-r-jo-galu\/#breadcrumb","itemListElement":[{"@type":"ListItem","position":1,"name":"Home","item":"https:\/\/www.camlock.org\/lv\/s-kums\/"},{"@type":"ListItem","position":2,"name":"Veikals","item":"https:\/\/www.camlock.org\/lv\/d0-bc-d0-b0-d0-b3-d0-b0-d0-b7-d0-b8-d0-bd\/"},{"@type":"ListItem","position":3,"name":"DP tipa ner\u016bs\u0113jo\u0161\u0101 t\u0113rauda 316 Camlock savienot\u0101js &#8211; savienot\u0101js ar \u0101r\u0113jo galu"}]},{"@type":"WebSite","@id":"https:\/\/www.camlock.org\/lv\/?lang=et\/#website","url":"https:\/\/www.camlock.org\/lv\/?lang=et\/","name":"\u041f\u0440\u043e\u0434\u0430\u0436\u0430 \u043a\u0430\u043c\u043b\u043e\u043a (Camlock) \u0441\u043e\u0435\u0434\u0438\u043d\u0435\u043d\u0438\u0439","description":"\u041f\u0440\u043e\u0434\u0430\u0436\u0430 \u043a\u0430\u043c\u043b\u043e\u043a (Camlock) \u0441\u043e\u0435\u0434\u0438\u043d\u0435\u043d\u0438\u0439","potentialAction":[{"@type":"SearchAction","target":{"@type":"EntryPoint","urlTemplate":"https:\/\/www.camlock.org\/lv\/?lang=et\/?s={search_term_string}"},"query-input":{"@type":"PropertyValueSpecification","valueRequired":true,"valueName":"search_term_string"}}],"inLanguage":"lv-LV"}]}},"_links":{"self":[{"href":"https:\/\/www.camlock.org\/lv\/wp-json\/wp\/v2\/product\/24301","targetHints":{"allow":["GET"]}}],"collection":[{"href":"https:\/\/www.camlock.org\/lv\/wp-json\/wp\/v2\/product"}],"about":[{"href":"https:\/\/www.camlock.org\/lv\/wp-json\/wp\/v2\/types\/product"}],"wp:featuredmedia":[{"embeddable":true,"href":"https:\/\/www.camlock.org\/lv\/wp-json\/wp\/v2\/media\/24302"}],"wp:attachment":[{"href":"https:\/\/www.camlock.org\/lv\/wp-json\/wp\/v2\/media?parent=24301"}],"wp:term":[{"taxonomy":"product_brand","embeddable":true,"href":"https:\/\/www.camlock.org\/lv\/wp-json\/wp\/v2\/product_brand?post=24301"},{"taxonomy":"product_cat","embeddable":true,"href":"https:\/\/www.camlock.org\/lv\/wp-json\/wp\/v2\/product_cat?post=24301"},{"taxonomy":"product_tag","embeddable":true,"href":"https:\/\/www.camlock.org\/lv\/wp-json\/wp\/v2\/product_tag?post=24301"}],"curies":[{"name":"wp","href":"https:\/\/api.w.org\/{rel}","templated":true}]}}