{"id":24516,"date":"2019-12-04T01:18:48","date_gmt":"2025-05-12T13:01:35","guid":{"rendered":"https:\/\/www.camlock.org\/product\/e-tipa-ner-s-jo-t-rauda-316-kambl-u-savienot-js-savienot-js-tenes-k-ts\/"},"modified":"2025-05-12T16:01:35","modified_gmt":"2025-05-12T13:01:35","slug":"e-tipa-ner-s-jo-t-rauda-316-kambl-u-savienot-js-savienot-js-tenes-k-ts","status":"publish","type":"product","link":"https:\/\/www.camlock.org\/lv\/product\/e-tipa-ner-s-jo-t-rauda-316-kambl-u-savienot-js-savienot-js-tenes-k-ts\/","title":{"rendered":"E tipa ner\u016bs\u0113jo\u0161\u0101 t\u0113rauda 316 kambl\u012b\u0161u savienot\u0101js &#8211; savienot\u0101js \u00d7 \u0161\u013c\u016btenes k\u0101ts"},"content":{"rendered":"<p>E tipa ner\u016bs\u0113jo\u0161\u0101 t\u0113rauda 316 ner\u016bs\u0113jo\u0161\u0101 t\u0113rauda savienojums ar v\u012bri\u0161\u0137o adapteri ar \u0161\u013c\u016btenes astes savienojumu &#8211; &#8220;E&#8221; tipa kambloks ir ar v\u012bri\u0161\u0137o kambloksavienojumu vien\u0101 gal\u0101 un v\u012bri\u0161\u0137o \u0161\u013c\u016btenes astes savienojumu otr\u0101 gal\u0101. V\u012brie\u0161u camlock gal\u0101 var ievietot jebkuru sievie\u0161u camlock adapteri, un \u0161\u013c\u016btenes astes da\u013ca ir ievietota jebkura atbilsto\u0161a izm\u0113ra \u0161\u013c\u016bten\u0113 un nostiprin\u0101ta ar iztur\u012bgu ner\u016bs\u0113jo\u0161\u0101 t\u0113rauda skr\u016bvju skavu skavu. <\/p>\n","protected":false},"excerpt":{"rendered":"<p>Sievie\u0161u savienot\u0101js ar sievie\u0161u BSP v\u012btni &#8211; &#8220;D&#8221; tipa kameru blokatoriem ir sievie\u0161u kameru gals un t\u0101da pa\u0161a izm\u0113ra sievie\u0161u BSP v\u012btne. Sievi\u0161\u0137ais camlock gals ir savienojams ar jebkuru t\u0101da pa\u0161a izm\u0113ra v\u012brie\u0161u camlock savienot\u0101ju. D tipa meln\u0101 kambl\u016bka savienot\u0101ji bie\u017ei tiek izmantoti kop\u0101 ar A tipa adapteriem, un da\u017ek\u0101rt tos var izmantot kop\u0101 ar t\u0101da pa\u0161a izm\u0113ra E un F tipa un DP tipa (putek\u013cu aizb\u0101zni) savienot\u0101jiem. PP savienot\u0101ji ir apr\u012bkoti ar ner\u016bs\u0113jo\u0161\u0101 t\u0113rauda rokturiem, gredzeniem un tap\u0101m, lai pagarin\u0101tu to kalpo\u0161anas laiku.  <\/p>\n","protected":false},"featured_media":24517,"template":"","meta":[],"product_brand":[],"product_cat":[494],"product_tag":[495,277],"class_list":{"0":"post-24516","1":"product","2":"type-product","3":"status-publish","4":"has-post-thumbnail","6":"product_cat-ner-s-jo-t-rauda-camlock-savienot-jelementi","7":"product_tag-ner-s-jo-ais-t-rauds","8":"product_tag-type-e-lv","10":"first","11":"onbackorder","12":"taxable","13":"shipping-taxable","14":"purchasable","15":"product-type-variable"},"yoast_head":"<!-- This site is optimized with the Yoast SEO plugin v27.4 - https:\/\/yoast.com\/product\/yoast-seo-wordpress\/ -->\n<title>E tipa ner\u016bs\u0113jo\u0161\u0101 t\u0113rauda 316 kambl\u012b\u0161u savienot\u0101js - savienot\u0101js \u00d7 \u0161\u013c\u016btenes k\u0101ts<\/title>\n<meta name=\"description\" content=\"E tipa ner\u016bs\u0113jo\u0161\u0101 t\u0113rauda 316 ner\u016bs\u0113jo\u0161\u0101 t\u0113rauda savienojums ar v\u012bri\u0161\u0137o adapteri ar \u0161\u013c\u016btenes astes savienojumu - &quot;E&quot; tipa kambloks ir ar v\u012bri\u0161\u0137o kambloksavienojumu vien\u0101 gal\u0101 un v\u012bri\u0161\u0137o \u0161\u013c\u016btenes astes savienojumu otr\u0101 gal\u0101.\" \/>\n<meta name=\"robots\" content=\"index, follow, max-snippet:-1, max-image-preview:large, max-video-preview:-1\" \/>\n<link rel=\"canonical\" href=\"https:\/\/www.camlock.org\/lv\/product\/e-tipa-ner-s-jo-t-rauda-316-kambl-u-savienot-js-savienot-js-tenes-k-ts\/\" \/>\n<meta property=\"og:locale\" content=\"lv_LV\" \/>\n<meta property=\"og:type\" content=\"article\" \/>\n<meta property=\"og:title\" content=\"E tipa ner\u016bs\u0113jo\u0161\u0101 t\u0113rauda 316 kambl\u012b\u0161u savienot\u0101js - savienot\u0101js \u00d7 \u0161\u013c\u016btenes k\u0101ts\" \/>\n<meta property=\"og:description\" content=\"E tipa ner\u016bs\u0113jo\u0161\u0101 t\u0113rauda 316 ner\u016bs\u0113jo\u0161\u0101 t\u0113rauda savienojums ar v\u012bri\u0161\u0137o adapteri ar \u0161\u013c\u016btenes astes savienojumu - &quot;E&quot; tipa kambloks ir ar v\u012bri\u0161\u0137o kambloksavienojumu vien\u0101 gal\u0101 un v\u012bri\u0161\u0137o \u0161\u013c\u016btenes astes savienojumu otr\u0101 gal\u0101.\" \/>\n<meta property=\"og:url\" content=\"https:\/\/www.camlock.org\/lv\/product\/e-tipa-ner-s-jo-t-rauda-316-kambl-u-savienot-js-savienot-js-tenes-k-ts\/\" \/>\n<meta property=\"og:site_name\" content=\"\u041f\u0440\u043e\u0434\u0430\u0436\u0430 \u043a\u0430\u043c\u043b\u043e\u043a (Camlock) \u0441\u043e\u0435\u0434\u0438\u043d\u0435\u043d\u0438\u0439\" \/>\n<meta property=\"og:image\" content=\"https:\/\/www.camlock.org\/wp-content\/uploads\/2019\/12\/Camlock_SS316_type_E_50mm_D200SS.jpg\" \/>\n\t<meta property=\"og:image:width\" content=\"1000\" \/>\n\t<meta property=\"og:image:height\" content=\"1000\" \/>\n\t<meta property=\"og:image:type\" content=\"image\/jpeg\" \/>\n<meta name=\"twitter:card\" content=\"summary_large_image\" \/>\n<script type=\"application\/ld+json\" class=\"yoast-schema-graph\">{\"@context\":\"https:\\\/\\\/schema.org\",\"@graph\":[{\"@type\":\"WebPage\",\"@id\":\"https:\\\/\\\/www.camlock.org\\\/lv\\\/product\\\/e-tipa-ner-s-jo-t-rauda-316-kambl-u-savienot-js-savienot-js-tenes-k-ts\\\/\",\"url\":\"https:\\\/\\\/www.camlock.org\\\/lv\\\/product\\\/e-tipa-ner-s-jo-t-rauda-316-kambl-u-savienot-js-savienot-js-tenes-k-ts\\\/\",\"name\":\"E tipa ner\u016bs\u0113jo\u0161\u0101 t\u0113rauda 316 kambl\u012b\u0161u savienot\u0101js - savienot\u0101js \u00d7 \u0161\u013c\u016btenes k\u0101ts\",\"isPartOf\":{\"@id\":\"https:\\\/\\\/www.camlock.org\\\/lv\\\/?lang=et\\\/#website\"},\"primaryImageOfPage\":{\"@id\":\"https:\\\/\\\/www.camlock.org\\\/lv\\\/product\\\/e-tipa-ner-s-jo-t-rauda-316-kambl-u-savienot-js-savienot-js-tenes-k-ts\\\/#primaryimage\"},\"image\":{\"@id\":\"https:\\\/\\\/www.camlock.org\\\/lv\\\/product\\\/e-tipa-ner-s-jo-t-rauda-316-kambl-u-savienot-js-savienot-js-tenes-k-ts\\\/#primaryimage\"},\"thumbnailUrl\":\"https:\\\/\\\/www.camlock.org\\\/wp-content\\\/uploads\\\/2019\\\/12\\\/Camlock_SS316_type_E_50mm_D200SS.jpg\",\"datePublished\":\"2025-05-12T13:01:35+00:00\",\"description\":\"E tipa ner\u016bs\u0113jo\u0161\u0101 t\u0113rauda 316 ner\u016bs\u0113jo\u0161\u0101 t\u0113rauda savienojums ar v\u012bri\u0161\u0137o adapteri ar \u0161\u013c\u016btenes astes savienojumu - \\\"E\\\" tipa kambloks ir ar v\u012bri\u0161\u0137o kambloksavienojumu vien\u0101 gal\u0101 un v\u012bri\u0161\u0137o \u0161\u013c\u016btenes astes savienojumu otr\u0101 gal\u0101.\",\"breadcrumb\":{\"@id\":\"https:\\\/\\\/www.camlock.org\\\/lv\\\/product\\\/e-tipa-ner-s-jo-t-rauda-316-kambl-u-savienot-js-savienot-js-tenes-k-ts\\\/#breadcrumb\"},\"inLanguage\":\"lv-LV\",\"potentialAction\":[{\"@type\":\"ReadAction\",\"target\":[\"https:\\\/\\\/www.camlock.org\\\/lv\\\/product\\\/e-tipa-ner-s-jo-t-rauda-316-kambl-u-savienot-js-savienot-js-tenes-k-ts\\\/\"]}]},{\"@type\":\"ImageObject\",\"inLanguage\":\"lv-LV\",\"@id\":\"https:\\\/\\\/www.camlock.org\\\/lv\\\/product\\\/e-tipa-ner-s-jo-t-rauda-316-kambl-u-savienot-js-savienot-js-tenes-k-ts\\\/#primaryimage\",\"url\":\"https:\\\/\\\/www.camlock.org\\\/wp-content\\\/uploads\\\/2019\\\/12\\\/Camlock_SS316_type_E_50mm_D200SS.jpg\",\"contentUrl\":\"https:\\\/\\\/www.camlock.org\\\/wp-content\\\/uploads\\\/2019\\\/12\\\/Camlock_SS316_type_E_50mm_D200SS.jpg\",\"width\":1000,\"height\":1000},{\"@type\":\"BreadcrumbList\",\"@id\":\"https:\\\/\\\/www.camlock.org\\\/lv\\\/product\\\/e-tipa-ner-s-jo-t-rauda-316-kambl-u-savienot-js-savienot-js-tenes-k-ts\\\/#breadcrumb\",\"itemListElement\":[{\"@type\":\"ListItem\",\"position\":1,\"name\":\"Home\",\"item\":\"https:\\\/\\\/www.camlock.org\\\/lv\\\/s-kums\\\/\"},{\"@type\":\"ListItem\",\"position\":2,\"name\":\"Veikals\",\"item\":\"https:\\\/\\\/www.camlock.org\\\/lv\\\/d0-bc-d0-b0-d0-b3-d0-b0-d0-b7-d0-b8-d0-bd\\\/\"},{\"@type\":\"ListItem\",\"position\":3,\"name\":\"E tipa ner\u016bs\u0113jo\u0161\u0101 t\u0113rauda 316 kambl\u012b\u0161u savienot\u0101js &#8211; savienot\u0101js \u00d7 \u0161\u013c\u016btenes k\u0101ts\"}]},{\"@type\":\"WebSite\",\"@id\":\"https:\\\/\\\/www.camlock.org\\\/lv\\\/?lang=et\\\/#website\",\"url\":\"https:\\\/\\\/www.camlock.org\\\/lv\\\/?lang=et\\\/\",\"name\":\"\u041f\u0440\u043e\u0434\u0430\u0436\u0430 \u043a\u0430\u043c\u043b\u043e\u043a (Camlock) \u0441\u043e\u0435\u0434\u0438\u043d\u0435\u043d\u0438\u0439\",\"description\":\"\u041f\u0440\u043e\u0434\u0430\u0436\u0430 \u043a\u0430\u043c\u043b\u043e\u043a (Camlock) \u0441\u043e\u0435\u0434\u0438\u043d\u0435\u043d\u0438\u0439\",\"potentialAction\":[{\"@type\":\"SearchAction\",\"target\":{\"@type\":\"EntryPoint\",\"urlTemplate\":\"https:\\\/\\\/www.camlock.org\\\/lv\\\/?lang=et\\\/?s={search_term_string}\"},\"query-input\":{\"@type\":\"PropertyValueSpecification\",\"valueRequired\":true,\"valueName\":\"search_term_string\"}}],\"inLanguage\":\"lv-LV\"}]}<\/script>\n<!-- \/ Yoast SEO plugin. -->","yoast_head_json":{"title":"E tipa ner\u016bs\u0113jo\u0161\u0101 t\u0113rauda 316 kambl\u012b\u0161u savienot\u0101js - savienot\u0101js \u00d7 \u0161\u013c\u016btenes k\u0101ts","description":"E tipa ner\u016bs\u0113jo\u0161\u0101 t\u0113rauda 316 ner\u016bs\u0113jo\u0161\u0101 t\u0113rauda savienojums ar v\u012bri\u0161\u0137o adapteri ar \u0161\u013c\u016btenes astes savienojumu - \"E\" tipa kambloks ir ar v\u012bri\u0161\u0137o kambloksavienojumu vien\u0101 gal\u0101 un v\u012bri\u0161\u0137o \u0161\u013c\u016btenes astes savienojumu otr\u0101 gal\u0101.","robots":{"index":"index","follow":"follow","max-snippet":"max-snippet:-1","max-image-preview":"max-image-preview:large","max-video-preview":"max-video-preview:-1"},"canonical":"https:\/\/www.camlock.org\/lv\/product\/e-tipa-ner-s-jo-t-rauda-316-kambl-u-savienot-js-savienot-js-tenes-k-ts\/","og_locale":"lv_LV","og_type":"article","og_title":"E tipa ner\u016bs\u0113jo\u0161\u0101 t\u0113rauda 316 kambl\u012b\u0161u savienot\u0101js - savienot\u0101js \u00d7 \u0161\u013c\u016btenes k\u0101ts","og_description":"E tipa ner\u016bs\u0113jo\u0161\u0101 t\u0113rauda 316 ner\u016bs\u0113jo\u0161\u0101 t\u0113rauda savienojums ar v\u012bri\u0161\u0137o adapteri ar \u0161\u013c\u016btenes astes savienojumu - \"E\" tipa kambloks ir ar v\u012bri\u0161\u0137o kambloksavienojumu vien\u0101 gal\u0101 un v\u012bri\u0161\u0137o \u0161\u013c\u016btenes astes savienojumu otr\u0101 gal\u0101.","og_url":"https:\/\/www.camlock.org\/lv\/product\/e-tipa-ner-s-jo-t-rauda-316-kambl-u-savienot-js-savienot-js-tenes-k-ts\/","og_site_name":"\u041f\u0440\u043e\u0434\u0430\u0436\u0430 \u043a\u0430\u043c\u043b\u043e\u043a (Camlock) \u0441\u043e\u0435\u0434\u0438\u043d\u0435\u043d\u0438\u0439","og_image":[{"width":1000,"height":1000,"url":"https:\/\/www.camlock.org\/wp-content\/uploads\/2019\/12\/Camlock_SS316_type_E_50mm_D200SS.jpg","type":"image\/jpeg"}],"twitter_card":"summary_large_image","schema":{"@context":"https:\/\/schema.org","@graph":[{"@type":"WebPage","@id":"https:\/\/www.camlock.org\/lv\/product\/e-tipa-ner-s-jo-t-rauda-316-kambl-u-savienot-js-savienot-js-tenes-k-ts\/","url":"https:\/\/www.camlock.org\/lv\/product\/e-tipa-ner-s-jo-t-rauda-316-kambl-u-savienot-js-savienot-js-tenes-k-ts\/","name":"E tipa ner\u016bs\u0113jo\u0161\u0101 t\u0113rauda 316 kambl\u012b\u0161u savienot\u0101js - savienot\u0101js \u00d7 \u0161\u013c\u016btenes k\u0101ts","isPartOf":{"@id":"https:\/\/www.camlock.org\/lv\/?lang=et\/#website"},"primaryImageOfPage":{"@id":"https:\/\/www.camlock.org\/lv\/product\/e-tipa-ner-s-jo-t-rauda-316-kambl-u-savienot-js-savienot-js-tenes-k-ts\/#primaryimage"},"image":{"@id":"https:\/\/www.camlock.org\/lv\/product\/e-tipa-ner-s-jo-t-rauda-316-kambl-u-savienot-js-savienot-js-tenes-k-ts\/#primaryimage"},"thumbnailUrl":"https:\/\/www.camlock.org\/wp-content\/uploads\/2019\/12\/Camlock_SS316_type_E_50mm_D200SS.jpg","datePublished":"2025-05-12T13:01:35+00:00","description":"E tipa ner\u016bs\u0113jo\u0161\u0101 t\u0113rauda 316 ner\u016bs\u0113jo\u0161\u0101 t\u0113rauda savienojums ar v\u012bri\u0161\u0137o adapteri ar \u0161\u013c\u016btenes astes savienojumu - \"E\" tipa kambloks ir ar v\u012bri\u0161\u0137o kambloksavienojumu vien\u0101 gal\u0101 un v\u012bri\u0161\u0137o \u0161\u013c\u016btenes astes savienojumu otr\u0101 gal\u0101.","breadcrumb":{"@id":"https:\/\/www.camlock.org\/lv\/product\/e-tipa-ner-s-jo-t-rauda-316-kambl-u-savienot-js-savienot-js-tenes-k-ts\/#breadcrumb"},"inLanguage":"lv-LV","potentialAction":[{"@type":"ReadAction","target":["https:\/\/www.camlock.org\/lv\/product\/e-tipa-ner-s-jo-t-rauda-316-kambl-u-savienot-js-savienot-js-tenes-k-ts\/"]}]},{"@type":"ImageObject","inLanguage":"lv-LV","@id":"https:\/\/www.camlock.org\/lv\/product\/e-tipa-ner-s-jo-t-rauda-316-kambl-u-savienot-js-savienot-js-tenes-k-ts\/#primaryimage","url":"https:\/\/www.camlock.org\/wp-content\/uploads\/2019\/12\/Camlock_SS316_type_E_50mm_D200SS.jpg","contentUrl":"https:\/\/www.camlock.org\/wp-content\/uploads\/2019\/12\/Camlock_SS316_type_E_50mm_D200SS.jpg","width":1000,"height":1000},{"@type":"BreadcrumbList","@id":"https:\/\/www.camlock.org\/lv\/product\/e-tipa-ner-s-jo-t-rauda-316-kambl-u-savienot-js-savienot-js-tenes-k-ts\/#breadcrumb","itemListElement":[{"@type":"ListItem","position":1,"name":"Home","item":"https:\/\/www.camlock.org\/lv\/s-kums\/"},{"@type":"ListItem","position":2,"name":"Veikals","item":"https:\/\/www.camlock.org\/lv\/d0-bc-d0-b0-d0-b3-d0-b0-d0-b7-d0-b8-d0-bd\/"},{"@type":"ListItem","position":3,"name":"E tipa ner\u016bs\u0113jo\u0161\u0101 t\u0113rauda 316 kambl\u012b\u0161u savienot\u0101js &#8211; savienot\u0101js \u00d7 \u0161\u013c\u016btenes k\u0101ts"}]},{"@type":"WebSite","@id":"https:\/\/www.camlock.org\/lv\/?lang=et\/#website","url":"https:\/\/www.camlock.org\/lv\/?lang=et\/","name":"\u041f\u0440\u043e\u0434\u0430\u0436\u0430 \u043a\u0430\u043c\u043b\u043e\u043a (Camlock) \u0441\u043e\u0435\u0434\u0438\u043d\u0435\u043d\u0438\u0439","description":"\u041f\u0440\u043e\u0434\u0430\u0436\u0430 \u043a\u0430\u043c\u043b\u043e\u043a (Camlock) \u0441\u043e\u0435\u0434\u0438\u043d\u0435\u043d\u0438\u0439","potentialAction":[{"@type":"SearchAction","target":{"@type":"EntryPoint","urlTemplate":"https:\/\/www.camlock.org\/lv\/?lang=et\/?s={search_term_string}"},"query-input":{"@type":"PropertyValueSpecification","valueRequired":true,"valueName":"search_term_string"}}],"inLanguage":"lv-LV"}]}},"_links":{"self":[{"href":"https:\/\/www.camlock.org\/lv\/wp-json\/wp\/v2\/product\/24516","targetHints":{"allow":["GET"]}}],"collection":[{"href":"https:\/\/www.camlock.org\/lv\/wp-json\/wp\/v2\/product"}],"about":[{"href":"https:\/\/www.camlock.org\/lv\/wp-json\/wp\/v2\/types\/product"}],"wp:featuredmedia":[{"embeddable":true,"href":"https:\/\/www.camlock.org\/lv\/wp-json\/wp\/v2\/media\/24517"}],"wp:attachment":[{"href":"https:\/\/www.camlock.org\/lv\/wp-json\/wp\/v2\/media?parent=24516"}],"wp:term":[{"taxonomy":"product_brand","embeddable":true,"href":"https:\/\/www.camlock.org\/lv\/wp-json\/wp\/v2\/product_brand?post=24516"},{"taxonomy":"product_cat","embeddable":true,"href":"https:\/\/www.camlock.org\/lv\/wp-json\/wp\/v2\/product_cat?post=24516"},{"taxonomy":"product_tag","embeddable":true,"href":"https:\/\/www.camlock.org\/lv\/wp-json\/wp\/v2\/product_tag?post=24516"}],"curies":[{"name":"wp","href":"https:\/\/api.w.org\/{rel}","templated":true}]}}