{"id":8423,"date":"2017-11-30T16:02:48","date_gmt":"2017-11-30T13:02:48","guid":{"rendered":"https:\/\/www.camlock.org\/product\/type-a-nylon-camlock-coupling-male-adapter-x-female-bsp-thread\/"},"modified":"2025-05-15T16:32:39","modified_gmt":"2025-05-15T13:32:39","slug":"a-tipa-nylon-camlock-mont-a-v-rie-u-savienot-js-x-sieviete-bsp-v-tne","status":"publish","type":"product","link":"https:\/\/www.camlock.org\/lv\/product\/a-tipa-nylon-camlock-mont-a-v-rie-u-savienot-js-x-sieviete-bsp-v-tne\/","title":{"rendered":"A tipa nylon Camlock mont\u0101\u017ea &#8211; v\u012brie\u0161u savienot\u0101js x sieviete BSP v\u012btne"},"content":{"rendered":"<p>Neilona Camlock adapteris A tips &#8211; v\u012brie\u0161u adapteris \u00d7 sievie\u0161u BSP parasti tiek izmantoti ar D tipa savienot\u0101jiem, savuk\u0101rt ir pieejami B un C tipa savienot\u0101ji, k\u0101 ar\u012b t\u0101da pa\u0161a izm\u0113ra putek\u013cu v\u0101ci\u0146i (DC tips). Neilona cam &amp; groove savienojums uzlabo darba efektivit\u0101ti un nov\u0113r\u0161 sare\u017e\u0123\u012btu v\u012bt\u0146u un atloku darb\u012bbu.  V\u012bri\u0161\u0137ais rievotais gals ir savienojams ar jebkuru t\u0101da pa\u0161a izm\u0113ra sievi\u0161\u0137o kambaro savienot\u0101ju. Neilona sl\u0113dzenes savienojumiem ir laba iztur\u012bba pret koroziju, ko rada \u0137\u012bmiskie dzes\u0113\u0161anas \u0161\u0137idrumi, degviela, \u016bdens, laka un da\u017ereiz ar\u012b cieti materi\u0101li, piem\u0113ram, suspensijas mais\u012bjumi un pulveris.<\/p>\n","protected":false},"excerpt":{"rendered":"<p><span id=\"result_box\" class=\"\" lang=\"lv\" tabindex=\"-1\"><span class=\"\">Nylon Camlock adapteris A tips &#8211; v\u012brie\u0161u adapteris \u00d7 sieviete BSP parasti tiek lietoti kop\u0101 ar tipa D savienot\u0101jiem, savuk\u0101rt ir pieejami t\u0101da pa\u0161a izm\u0113ra tipa B &amp; C savienot\u0101ji, k\u0101 ar\u012b t\u0101da pa\u0161a lieluma putek\u013cu \u010daula (tips DC).<\/span> <span class=\"\">Nylon cam &amp; groove savienojums uzlabo darba efektivit\u0101ti un nov\u0113r\u0161 sare\u017e\u0123\u012btu diegu un atloka darb\u012bbu.<\/span> <span class=\"\">V\u012bne ar rievotu galu iek\u013caujas jebkura t\u0101da pa\u0161a izm\u0113ra sievie\u0161u kaklasaites mont\u0101\u017e\u0101.<\/span> <span class=\"\">Nylon camlock savienojumiem ir laba iztur\u012bba pret koroziju ar \u0137\u012bmisk\u0101m dzes\u0113\u0161anas \u0161\u0137idrumiem, degviel\u0101m, \u016bdenim, lak\u0101m un da\u017ereiz cietajiem materi\u0101liem, piem\u0113ram, vircas mais\u012bjumu un pulveriem.<\/span><\/span><\/p>\n","protected":false},"featured_media":8221,"template":"","meta":[],"product_brand":[],"product_cat":[180],"product_tag":[181,182],"class_list":{"0":"post-8423","1":"product","2":"type-product","3":"status-publish","4":"has-post-thumbnail","6":"product_cat-nylon-camlock-couplings-lv","7":"product_tag-nylon-lv","8":"product_tag-type-a-lv","10":"first","11":"instock","12":"taxable","13":"shipping-taxable","14":"purchasable","15":"product-type-variable"},"yoast_head":"<!-- This site is optimized with the Yoast SEO plugin v27.4 - https:\/\/yoast.com\/product\/yoast-seo-wordpress\/ -->\n<title>A tipa nylon Camlock mont\u0101\u017ea - v\u012brie\u0161u savienot\u0101js x sieviete BSP v\u012btne<\/title>\n<meta name=\"description\" content=\"Neilona Camlock adapteris A tips - v\u012brie\u0161u adapteris \u00d7 sievie\u0161u BSP parasti tiek izmantoti ar D tipa savienot\u0101jiem, savuk\u0101rt ir pieejami B un C tipa savienot\u0101ji, k\u0101 ar\u012b putek\u013cu v\u0101ci\u0146\u0161 (DC tips) t\u0101d\u0101 pa\u0161\u0101 izm\u0113r\u0101.\" \/>\n<meta name=\"robots\" content=\"index, follow, max-snippet:-1, max-image-preview:large, max-video-preview:-1\" \/>\n<link rel=\"canonical\" href=\"https:\/\/www.camlock.org\/lv\/product\/a-tipa-nylon-camlock-mont-a-v-rie-u-savienot-js-x-sieviete-bsp-v-tne\/\" \/>\n<meta property=\"og:locale\" content=\"lv_LV\" \/>\n<meta property=\"og:type\" content=\"article\" \/>\n<meta property=\"og:title\" content=\"A tipa nylon Camlock mont\u0101\u017ea - v\u012brie\u0161u savienot\u0101js x sieviete BSP v\u012btne\" \/>\n<meta property=\"og:description\" content=\"Neilona Camlock adapteris A tips - v\u012brie\u0161u adapteris \u00d7 sievie\u0161u BSP parasti tiek izmantoti ar D tipa savienot\u0101jiem, savuk\u0101rt ir pieejami B un C tipa savienot\u0101ji, k\u0101 ar\u012b putek\u013cu v\u0101ci\u0146\u0161 (DC tips) t\u0101d\u0101 pa\u0161\u0101 izm\u0113r\u0101.\" \/>\n<meta property=\"og:url\" content=\"https:\/\/www.camlock.org\/lv\/product\/a-tipa-nylon-camlock-mont-a-v-rie-u-savienot-js-x-sieviete-bsp-v-tne\/\" \/>\n<meta property=\"og:site_name\" content=\"\u041f\u0440\u043e\u0434\u0430\u0436\u0430 \u043a\u0430\u043c\u043b\u043e\u043a (Camlock) \u0441\u043e\u0435\u0434\u0438\u043d\u0435\u043d\u0438\u0439\" \/>\n<meta property=\"article:modified_time\" content=\"2025-05-15T13:32:39+00:00\" \/>\n<meta property=\"og:image\" content=\"https:\/\/www.camlock.org\/wp-content\/uploads\/2017\/11\/Camlock_Nylon_type-A_200mm_A050NL_.jpg\" \/>\n\t<meta property=\"og:image:width\" content=\"1000\" \/>\n\t<meta property=\"og:image:height\" content=\"1134\" \/>\n\t<meta property=\"og:image:type\" content=\"image\/jpeg\" \/>\n<meta name=\"twitter:card\" content=\"summary_large_image\" \/>\n<meta name=\"twitter:label1\" content=\"Est. reading time\" \/>\n\t<meta name=\"twitter:data1\" content=\"1 minute\" \/>\n<script type=\"application\/ld+json\" class=\"yoast-schema-graph\">{\"@context\":\"https:\\\/\\\/schema.org\",\"@graph\":[{\"@type\":\"WebPage\",\"@id\":\"https:\\\/\\\/www.camlock.org\\\/lv\\\/product\\\/a-tipa-nylon-camlock-mont-a-v-rie-u-savienot-js-x-sieviete-bsp-v-tne\\\/\",\"url\":\"https:\\\/\\\/www.camlock.org\\\/lv\\\/product\\\/a-tipa-nylon-camlock-mont-a-v-rie-u-savienot-js-x-sieviete-bsp-v-tne\\\/\",\"name\":\"A tipa nylon Camlock mont\u0101\u017ea - v\u012brie\u0161u savienot\u0101js x sieviete BSP v\u012btne\",\"isPartOf\":{\"@id\":\"https:\\\/\\\/www.camlock.org\\\/lv\\\/?lang=et\\\/#website\"},\"primaryImageOfPage\":{\"@id\":\"https:\\\/\\\/www.camlock.org\\\/lv\\\/product\\\/a-tipa-nylon-camlock-mont-a-v-rie-u-savienot-js-x-sieviete-bsp-v-tne\\\/#primaryimage\"},\"image\":{\"@id\":\"https:\\\/\\\/www.camlock.org\\\/lv\\\/product\\\/a-tipa-nylon-camlock-mont-a-v-rie-u-savienot-js-x-sieviete-bsp-v-tne\\\/#primaryimage\"},\"thumbnailUrl\":\"https:\\\/\\\/www.camlock.org\\\/wp-content\\\/uploads\\\/2017\\\/11\\\/Camlock_Nylon_type-A_200mm_A050NL_.jpg\",\"datePublished\":\"2017-11-30T13:02:48+00:00\",\"dateModified\":\"2025-05-15T13:32:39+00:00\",\"description\":\"Neilona Camlock adapteris A tips - v\u012brie\u0161u adapteris \u00d7 sievie\u0161u BSP parasti tiek izmantoti ar D tipa savienot\u0101jiem, savuk\u0101rt ir pieejami B un C tipa savienot\u0101ji, k\u0101 ar\u012b putek\u013cu v\u0101ci\u0146\u0161 (DC tips) t\u0101d\u0101 pa\u0161\u0101 izm\u0113r\u0101.\",\"breadcrumb\":{\"@id\":\"https:\\\/\\\/www.camlock.org\\\/lv\\\/product\\\/a-tipa-nylon-camlock-mont-a-v-rie-u-savienot-js-x-sieviete-bsp-v-tne\\\/#breadcrumb\"},\"inLanguage\":\"lv-LV\",\"potentialAction\":[{\"@type\":\"ReadAction\",\"target\":[\"https:\\\/\\\/www.camlock.org\\\/lv\\\/product\\\/a-tipa-nylon-camlock-mont-a-v-rie-u-savienot-js-x-sieviete-bsp-v-tne\\\/\"]}]},{\"@type\":\"ImageObject\",\"inLanguage\":\"lv-LV\",\"@id\":\"https:\\\/\\\/www.camlock.org\\\/lv\\\/product\\\/a-tipa-nylon-camlock-mont-a-v-rie-u-savienot-js-x-sieviete-bsp-v-tne\\\/#primaryimage\",\"url\":\"https:\\\/\\\/www.camlock.org\\\/wp-content\\\/uploads\\\/2017\\\/11\\\/Camlock_Nylon_type-A_200mm_A050NL_.jpg\",\"contentUrl\":\"https:\\\/\\\/www.camlock.org\\\/wp-content\\\/uploads\\\/2017\\\/11\\\/Camlock_Nylon_type-A_200mm_A050NL_.jpg\",\"width\":1000,\"height\":1134,\"caption\":\"Type A Nylon Camlock - Coupling Male Adapter x Female BSP Thread\"},{\"@type\":\"BreadcrumbList\",\"@id\":\"https:\\\/\\\/www.camlock.org\\\/lv\\\/product\\\/a-tipa-nylon-camlock-mont-a-v-rie-u-savienot-js-x-sieviete-bsp-v-tne\\\/#breadcrumb\",\"itemListElement\":[{\"@type\":\"ListItem\",\"position\":1,\"name\":\"Home\",\"item\":\"https:\\\/\\\/www.camlock.org\\\/lv\\\/s-kums\\\/\"},{\"@type\":\"ListItem\",\"position\":2,\"name\":\"Veikals\",\"item\":\"https:\\\/\\\/www.camlock.org\\\/lv\\\/d0-bc-d0-b0-d0-b3-d0-b0-d0-b7-d0-b8-d0-bd\\\/\"},{\"@type\":\"ListItem\",\"position\":3,\"name\":\"A tipa nylon Camlock mont\u0101\u017ea &#8211; v\u012brie\u0161u savienot\u0101js x sieviete BSP v\u012btne\"}]},{\"@type\":\"WebSite\",\"@id\":\"https:\\\/\\\/www.camlock.org\\\/lv\\\/?lang=et\\\/#website\",\"url\":\"https:\\\/\\\/www.camlock.org\\\/lv\\\/?lang=et\\\/\",\"name\":\"\u041f\u0440\u043e\u0434\u0430\u0436\u0430 \u043a\u0430\u043c\u043b\u043e\u043a (Camlock) \u0441\u043e\u0435\u0434\u0438\u043d\u0435\u043d\u0438\u0439\",\"description\":\"\u041f\u0440\u043e\u0434\u0430\u0436\u0430 \u043a\u0430\u043c\u043b\u043e\u043a (Camlock) \u0441\u043e\u0435\u0434\u0438\u043d\u0435\u043d\u0438\u0439\",\"potentialAction\":[{\"@type\":\"SearchAction\",\"target\":{\"@type\":\"EntryPoint\",\"urlTemplate\":\"https:\\\/\\\/www.camlock.org\\\/lv\\\/?lang=et\\\/?s={search_term_string}\"},\"query-input\":{\"@type\":\"PropertyValueSpecification\",\"valueRequired\":true,\"valueName\":\"search_term_string\"}}],\"inLanguage\":\"lv-LV\"}]}<\/script>\n<!-- \/ Yoast SEO plugin. -->","yoast_head_json":{"title":"A tipa nylon Camlock mont\u0101\u017ea - v\u012brie\u0161u savienot\u0101js x sieviete BSP v\u012btne","description":"Neilona Camlock adapteris A tips - v\u012brie\u0161u adapteris \u00d7 sievie\u0161u BSP parasti tiek izmantoti ar D tipa savienot\u0101jiem, savuk\u0101rt ir pieejami B un C tipa savienot\u0101ji, k\u0101 ar\u012b putek\u013cu v\u0101ci\u0146\u0161 (DC tips) t\u0101d\u0101 pa\u0161\u0101 izm\u0113r\u0101.","robots":{"index":"index","follow":"follow","max-snippet":"max-snippet:-1","max-image-preview":"max-image-preview:large","max-video-preview":"max-video-preview:-1"},"canonical":"https:\/\/www.camlock.org\/lv\/product\/a-tipa-nylon-camlock-mont-a-v-rie-u-savienot-js-x-sieviete-bsp-v-tne\/","og_locale":"lv_LV","og_type":"article","og_title":"A tipa nylon Camlock mont\u0101\u017ea - v\u012brie\u0161u savienot\u0101js x sieviete BSP v\u012btne","og_description":"Neilona Camlock adapteris A tips - v\u012brie\u0161u adapteris \u00d7 sievie\u0161u BSP parasti tiek izmantoti ar D tipa savienot\u0101jiem, savuk\u0101rt ir pieejami B un C tipa savienot\u0101ji, k\u0101 ar\u012b putek\u013cu v\u0101ci\u0146\u0161 (DC tips) t\u0101d\u0101 pa\u0161\u0101 izm\u0113r\u0101.","og_url":"https:\/\/www.camlock.org\/lv\/product\/a-tipa-nylon-camlock-mont-a-v-rie-u-savienot-js-x-sieviete-bsp-v-tne\/","og_site_name":"\u041f\u0440\u043e\u0434\u0430\u0436\u0430 \u043a\u0430\u043c\u043b\u043e\u043a (Camlock) \u0441\u043e\u0435\u0434\u0438\u043d\u0435\u043d\u0438\u0439","article_modified_time":"2025-05-15T13:32:39+00:00","og_image":[{"width":1000,"height":1134,"url":"https:\/\/www.camlock.org\/wp-content\/uploads\/2017\/11\/Camlock_Nylon_type-A_200mm_A050NL_.jpg","type":"image\/jpeg"}],"twitter_card":"summary_large_image","twitter_misc":{"Est. reading time":"1 minute"},"schema":{"@context":"https:\/\/schema.org","@graph":[{"@type":"WebPage","@id":"https:\/\/www.camlock.org\/lv\/product\/a-tipa-nylon-camlock-mont-a-v-rie-u-savienot-js-x-sieviete-bsp-v-tne\/","url":"https:\/\/www.camlock.org\/lv\/product\/a-tipa-nylon-camlock-mont-a-v-rie-u-savienot-js-x-sieviete-bsp-v-tne\/","name":"A tipa nylon Camlock mont\u0101\u017ea - v\u012brie\u0161u savienot\u0101js x sieviete BSP v\u012btne","isPartOf":{"@id":"https:\/\/www.camlock.org\/lv\/?lang=et\/#website"},"primaryImageOfPage":{"@id":"https:\/\/www.camlock.org\/lv\/product\/a-tipa-nylon-camlock-mont-a-v-rie-u-savienot-js-x-sieviete-bsp-v-tne\/#primaryimage"},"image":{"@id":"https:\/\/www.camlock.org\/lv\/product\/a-tipa-nylon-camlock-mont-a-v-rie-u-savienot-js-x-sieviete-bsp-v-tne\/#primaryimage"},"thumbnailUrl":"https:\/\/www.camlock.org\/wp-content\/uploads\/2017\/11\/Camlock_Nylon_type-A_200mm_A050NL_.jpg","datePublished":"2017-11-30T13:02:48+00:00","dateModified":"2025-05-15T13:32:39+00:00","description":"Neilona Camlock adapteris A tips - v\u012brie\u0161u adapteris \u00d7 sievie\u0161u BSP parasti tiek izmantoti ar D tipa savienot\u0101jiem, savuk\u0101rt ir pieejami B un C tipa savienot\u0101ji, k\u0101 ar\u012b putek\u013cu v\u0101ci\u0146\u0161 (DC tips) t\u0101d\u0101 pa\u0161\u0101 izm\u0113r\u0101.","breadcrumb":{"@id":"https:\/\/www.camlock.org\/lv\/product\/a-tipa-nylon-camlock-mont-a-v-rie-u-savienot-js-x-sieviete-bsp-v-tne\/#breadcrumb"},"inLanguage":"lv-LV","potentialAction":[{"@type":"ReadAction","target":["https:\/\/www.camlock.org\/lv\/product\/a-tipa-nylon-camlock-mont-a-v-rie-u-savienot-js-x-sieviete-bsp-v-tne\/"]}]},{"@type":"ImageObject","inLanguage":"lv-LV","@id":"https:\/\/www.camlock.org\/lv\/product\/a-tipa-nylon-camlock-mont-a-v-rie-u-savienot-js-x-sieviete-bsp-v-tne\/#primaryimage","url":"https:\/\/www.camlock.org\/wp-content\/uploads\/2017\/11\/Camlock_Nylon_type-A_200mm_A050NL_.jpg","contentUrl":"https:\/\/www.camlock.org\/wp-content\/uploads\/2017\/11\/Camlock_Nylon_type-A_200mm_A050NL_.jpg","width":1000,"height":1134,"caption":"Type A Nylon Camlock - Coupling Male Adapter x Female BSP Thread"},{"@type":"BreadcrumbList","@id":"https:\/\/www.camlock.org\/lv\/product\/a-tipa-nylon-camlock-mont-a-v-rie-u-savienot-js-x-sieviete-bsp-v-tne\/#breadcrumb","itemListElement":[{"@type":"ListItem","position":1,"name":"Home","item":"https:\/\/www.camlock.org\/lv\/s-kums\/"},{"@type":"ListItem","position":2,"name":"Veikals","item":"https:\/\/www.camlock.org\/lv\/d0-bc-d0-b0-d0-b3-d0-b0-d0-b7-d0-b8-d0-bd\/"},{"@type":"ListItem","position":3,"name":"A tipa nylon Camlock mont\u0101\u017ea &#8211; v\u012brie\u0161u savienot\u0101js x sieviete BSP v\u012btne"}]},{"@type":"WebSite","@id":"https:\/\/www.camlock.org\/lv\/?lang=et\/#website","url":"https:\/\/www.camlock.org\/lv\/?lang=et\/","name":"\u041f\u0440\u043e\u0434\u0430\u0436\u0430 \u043a\u0430\u043c\u043b\u043e\u043a (Camlock) \u0441\u043e\u0435\u0434\u0438\u043d\u0435\u043d\u0438\u0439","description":"\u041f\u0440\u043e\u0434\u0430\u0436\u0430 \u043a\u0430\u043c\u043b\u043e\u043a (Camlock) \u0441\u043e\u0435\u0434\u0438\u043d\u0435\u043d\u0438\u0439","potentialAction":[{"@type":"SearchAction","target":{"@type":"EntryPoint","urlTemplate":"https:\/\/www.camlock.org\/lv\/?lang=et\/?s={search_term_string}"},"query-input":{"@type":"PropertyValueSpecification","valueRequired":true,"valueName":"search_term_string"}}],"inLanguage":"lv-LV"}]}},"_links":{"self":[{"href":"https:\/\/www.camlock.org\/lv\/wp-json\/wp\/v2\/product\/8423","targetHints":{"allow":["GET"]}}],"collection":[{"href":"https:\/\/www.camlock.org\/lv\/wp-json\/wp\/v2\/product"}],"about":[{"href":"https:\/\/www.camlock.org\/lv\/wp-json\/wp\/v2\/types\/product"}],"wp:featuredmedia":[{"embeddable":true,"href":"https:\/\/www.camlock.org\/lv\/wp-json\/wp\/v2\/media\/8221"}],"wp:attachment":[{"href":"https:\/\/www.camlock.org\/lv\/wp-json\/wp\/v2\/media?parent=8423"}],"wp:term":[{"taxonomy":"product_brand","embeddable":true,"href":"https:\/\/www.camlock.org\/lv\/wp-json\/wp\/v2\/product_brand?post=8423"},{"taxonomy":"product_cat","embeddable":true,"href":"https:\/\/www.camlock.org\/lv\/wp-json\/wp\/v2\/product_cat?post=8423"},{"taxonomy":"product_tag","embeddable":true,"href":"https:\/\/www.camlock.org\/lv\/wp-json\/wp\/v2\/product_tag?post=8423"}],"curies":[{"name":"wp","href":"https:\/\/api.w.org\/{rel}","templated":true}]}}