{"id":9207,"date":"2017-12-13T13:31:26","date_gmt":"2017-12-13T10:31:26","guid":{"rendered":"https:\/\/www.camlock.org\/product\/type-b-nylon-camlock-fitting-male-adapter-x-female-bsp-thread\/"},"modified":"2025-05-15T16:33:38","modified_gmt":"2025-05-15T13:33:38","slug":"b-tipa-nylon-camlock-mont-a-sievie-u-savienot-js-v-rietis-bsp-v-tne","status":"publish","type":"product","link":"https:\/\/www.camlock.org\/lv\/product\/b-tipa-nylon-camlock-mont-a-sievie-u-savienot-js-v-rietis-bsp-v-tne\/","title":{"rendered":"B tipa Nylon Camlock mont\u0101\u017ea &#8211; sievie\u0161u savienot\u0101js \u00d7 v\u012brietis BSP v\u012btne"},"content":{"rendered":"<p>B tipa dzelteno sl\u0113dzenes savienot\u0101ju parasti izmanto ar F tipa adapteri, da\u017ereiz ar A un E tipa adapteri un identiska izm\u0113ra DP (putek\u013cu aizb\u0101zni). Neilona sl\u0113dzenes un rievas savienojumi \u013cauj \u0161\u013c\u016btenes savieno\u0161anai\/atvieno\u0161anai veikt t\u016bl\u012bt\u0113ju savienojumu un nov\u0113r\u0161 sare\u017e\u0123\u012btu v\u012btnes un atloka darb\u012bbu. Jums vienk\u0101r\u0161i j\u0101ievieto v\u012bri\u0161\u0137ais adapteris sievi\u0161\u0137aj\u0101 savienot\u0101j\u0101, l\u012bdz tas saskaras ar bl\u012bvi. P\u0113c tam nospiediet sviras uz leju, lai pan\u0101ktu vienm\u0113r\u012bgu bl\u012bves saspie\u0161anu.   <\/p>\n","protected":false},"excerpt":{"rendered":"<p>B tipa Camlock savienot\u0101js parasti tiek izmantots ar F tipa adapteri, da\u017ereiz ar A un E tipa adapteri un DP (putek\u013cu aizb\u0101zni) ar vien\u0101du izm\u0113ru.<\/p>\n","protected":false},"featured_media":8337,"template":"","meta":[],"product_brand":[],"product_cat":[180],"product_tag":[181,242],"class_list":{"0":"post-9207","1":"product","2":"type-product","3":"status-publish","4":"has-post-thumbnail","6":"product_cat-nylon-camlock-couplings-lv","7":"product_tag-nylon-lv","8":"product_tag-type-b-lv","10":"first","11":"instock","12":"taxable","13":"shipping-taxable","14":"purchasable","15":"product-type-variable"},"yoast_head":"<!-- This site is optimized with the Yoast SEO plugin v27.4 - https:\/\/yoast.com\/product\/yoast-seo-wordpress\/ -->\n<title>B tipa Nylon Camlock mont\u0101\u017ea - sievie\u0161u savienot\u0101js \u00d7 v\u012brietis BSP v\u012btne<\/title>\n<meta name=\"description\" content=\"B tipa dzelteno \u0137emm\u012b\u0161veida savienojumu parasti izmanto ar F tipa adapteri, da\u017ereiz ar identiska izm\u0113ra A un E tipa adapteri un DP (putek\u013cu aizb\u0101zni). Neilona \u0137emm\u012b\u0161veida un rievas savienojumi \u013cauj \u0161\u013c\u016btenes savieno\u0161anai\/atvieno\u0161anai veikt \u0101tru savienojumu un nov\u0113r\u0161 sare\u017e\u0123\u012btu v\u012btnes un atloka darb\u012bbu.\" \/>\n<meta name=\"robots\" content=\"index, follow, max-snippet:-1, max-image-preview:large, max-video-preview:-1\" \/>\n<link rel=\"canonical\" href=\"https:\/\/www.camlock.org\/lv\/product\/b-tipa-nylon-camlock-mont-a-sievie-u-savienot-js-v-rietis-bsp-v-tne\/\" \/>\n<meta property=\"og:locale\" content=\"lv_LV\" \/>\n<meta property=\"og:type\" content=\"article\" \/>\n<meta property=\"og:title\" content=\"B tipa Nylon Camlock mont\u0101\u017ea - sievie\u0161u savienot\u0101js \u00d7 v\u012brietis BSP v\u012btne\" \/>\n<meta property=\"og:description\" content=\"B tipa dzelteno \u0137emm\u012b\u0161veida savienojumu parasti izmanto ar F tipa adapteri, da\u017ereiz ar identiska izm\u0113ra A un E tipa adapteri un DP (putek\u013cu aizb\u0101zni). Neilona \u0137emm\u012b\u0161veida un rievas savienojumi \u013cauj \u0161\u013c\u016btenes savieno\u0161anai\/atvieno\u0161anai veikt \u0101tru savienojumu un nov\u0113r\u0161 sare\u017e\u0123\u012btu v\u012btnes un atloka darb\u012bbu.\" \/>\n<meta property=\"og:url\" content=\"https:\/\/www.camlock.org\/lv\/product\/b-tipa-nylon-camlock-mont-a-sievie-u-savienot-js-v-rietis-bsp-v-tne\/\" \/>\n<meta property=\"og:site_name\" content=\"\u041f\u0440\u043e\u0434\u0430\u0436\u0430 \u043a\u0430\u043c\u043b\u043e\u043a (Camlock) \u0441\u043e\u0435\u0434\u0438\u043d\u0435\u043d\u0438\u0439\" \/>\n<meta property=\"article:modified_time\" content=\"2025-05-15T13:33:38+00:00\" \/>\n<meta property=\"og:image\" content=\"https:\/\/www.camlock.org\/wp-content\/uploads\/2017\/12\/Camlock_Nylon_type-B_50mm_B200NY_.jpg\" \/>\n\t<meta property=\"og:image:width\" content=\"1000\" \/>\n\t<meta property=\"og:image:height\" content=\"1134\" \/>\n\t<meta property=\"og:image:type\" content=\"image\/jpeg\" \/>\n<meta name=\"twitter:card\" content=\"summary_large_image\" \/>\n<meta name=\"twitter:label1\" content=\"Est. reading time\" \/>\n\t<meta name=\"twitter:data1\" content=\"1 minute\" \/>\n<script type=\"application\/ld+json\" class=\"yoast-schema-graph\">{\"@context\":\"https:\\\/\\\/schema.org\",\"@graph\":[{\"@type\":\"WebPage\",\"@id\":\"https:\\\/\\\/www.camlock.org\\\/lv\\\/product\\\/b-tipa-nylon-camlock-mont-a-sievie-u-savienot-js-v-rietis-bsp-v-tne\\\/\",\"url\":\"https:\\\/\\\/www.camlock.org\\\/lv\\\/product\\\/b-tipa-nylon-camlock-mont-a-sievie-u-savienot-js-v-rietis-bsp-v-tne\\\/\",\"name\":\"B tipa Nylon Camlock mont\u0101\u017ea - sievie\u0161u savienot\u0101js \u00d7 v\u012brietis BSP v\u012btne\",\"isPartOf\":{\"@id\":\"https:\\\/\\\/www.camlock.org\\\/lv\\\/?lang=et\\\/#website\"},\"primaryImageOfPage\":{\"@id\":\"https:\\\/\\\/www.camlock.org\\\/lv\\\/product\\\/b-tipa-nylon-camlock-mont-a-sievie-u-savienot-js-v-rietis-bsp-v-tne\\\/#primaryimage\"},\"image\":{\"@id\":\"https:\\\/\\\/www.camlock.org\\\/lv\\\/product\\\/b-tipa-nylon-camlock-mont-a-sievie-u-savienot-js-v-rietis-bsp-v-tne\\\/#primaryimage\"},\"thumbnailUrl\":\"https:\\\/\\\/www.camlock.org\\\/wp-content\\\/uploads\\\/2017\\\/12\\\/Camlock_Nylon_type-B_50mm_B200NY_.jpg\",\"datePublished\":\"2017-12-13T10:31:26+00:00\",\"dateModified\":\"2025-05-15T13:33:38+00:00\",\"description\":\"B tipa dzelteno \u0137emm\u012b\u0161veida savienojumu parasti izmanto ar F tipa adapteri, da\u017ereiz ar identiska izm\u0113ra A un E tipa adapteri un DP (putek\u013cu aizb\u0101zni). Neilona \u0137emm\u012b\u0161veida un rievas savienojumi \u013cauj \u0161\u013c\u016btenes savieno\u0161anai\\\/atvieno\u0161anai veikt \u0101tru savienojumu un nov\u0113r\u0161 sare\u017e\u0123\u012btu v\u012btnes un atloka darb\u012bbu.\",\"breadcrumb\":{\"@id\":\"https:\\\/\\\/www.camlock.org\\\/lv\\\/product\\\/b-tipa-nylon-camlock-mont-a-sievie-u-savienot-js-v-rietis-bsp-v-tne\\\/#breadcrumb\"},\"inLanguage\":\"lv-LV\",\"potentialAction\":[{\"@type\":\"ReadAction\",\"target\":[\"https:\\\/\\\/www.camlock.org\\\/lv\\\/product\\\/b-tipa-nylon-camlock-mont-a-sievie-u-savienot-js-v-rietis-bsp-v-tne\\\/\"]}]},{\"@type\":\"ImageObject\",\"inLanguage\":\"lv-LV\",\"@id\":\"https:\\\/\\\/www.camlock.org\\\/lv\\\/product\\\/b-tipa-nylon-camlock-mont-a-sievie-u-savienot-js-v-rietis-bsp-v-tne\\\/#primaryimage\",\"url\":\"https:\\\/\\\/www.camlock.org\\\/wp-content\\\/uploads\\\/2017\\\/12\\\/Camlock_Nylon_type-B_50mm_B200NY_.jpg\",\"contentUrl\":\"https:\\\/\\\/www.camlock.org\\\/wp-content\\\/uploads\\\/2017\\\/12\\\/Camlock_Nylon_type-B_50mm_B200NY_.jpg\",\"width\":1000,\"height\":1134,\"caption\":\"Type B Nylon Camlock Fitting - Female Coupler \u00d7 Male BSP Thread\"},{\"@type\":\"BreadcrumbList\",\"@id\":\"https:\\\/\\\/www.camlock.org\\\/lv\\\/product\\\/b-tipa-nylon-camlock-mont-a-sievie-u-savienot-js-v-rietis-bsp-v-tne\\\/#breadcrumb\",\"itemListElement\":[{\"@type\":\"ListItem\",\"position\":1,\"name\":\"Home\",\"item\":\"https:\\\/\\\/www.camlock.org\\\/lv\\\/s-kums\\\/\"},{\"@type\":\"ListItem\",\"position\":2,\"name\":\"Veikals\",\"item\":\"https:\\\/\\\/www.camlock.org\\\/lv\\\/d0-bc-d0-b0-d0-b3-d0-b0-d0-b7-d0-b8-d0-bd\\\/\"},{\"@type\":\"ListItem\",\"position\":3,\"name\":\"B tipa Nylon Camlock mont\u0101\u017ea &#8211; sievie\u0161u savienot\u0101js \u00d7 v\u012brietis BSP v\u012btne\"}]},{\"@type\":\"WebSite\",\"@id\":\"https:\\\/\\\/www.camlock.org\\\/lv\\\/?lang=et\\\/#website\",\"url\":\"https:\\\/\\\/www.camlock.org\\\/lv\\\/?lang=et\\\/\",\"name\":\"\u041f\u0440\u043e\u0434\u0430\u0436\u0430 \u043a\u0430\u043c\u043b\u043e\u043a (Camlock) \u0441\u043e\u0435\u0434\u0438\u043d\u0435\u043d\u0438\u0439\",\"description\":\"\u041f\u0440\u043e\u0434\u0430\u0436\u0430 \u043a\u0430\u043c\u043b\u043e\u043a (Camlock) \u0441\u043e\u0435\u0434\u0438\u043d\u0435\u043d\u0438\u0439\",\"potentialAction\":[{\"@type\":\"SearchAction\",\"target\":{\"@type\":\"EntryPoint\",\"urlTemplate\":\"https:\\\/\\\/www.camlock.org\\\/lv\\\/?lang=et\\\/?s={search_term_string}\"},\"query-input\":{\"@type\":\"PropertyValueSpecification\",\"valueRequired\":true,\"valueName\":\"search_term_string\"}}],\"inLanguage\":\"lv-LV\"}]}<\/script>\n<!-- \/ Yoast SEO plugin. -->","yoast_head_json":{"title":"B tipa Nylon Camlock mont\u0101\u017ea - sievie\u0161u savienot\u0101js \u00d7 v\u012brietis BSP v\u012btne","description":"B tipa dzelteno \u0137emm\u012b\u0161veida savienojumu parasti izmanto ar F tipa adapteri, da\u017ereiz ar identiska izm\u0113ra A un E tipa adapteri un DP (putek\u013cu aizb\u0101zni). Neilona \u0137emm\u012b\u0161veida un rievas savienojumi \u013cauj \u0161\u013c\u016btenes savieno\u0161anai\/atvieno\u0161anai veikt \u0101tru savienojumu un nov\u0113r\u0161 sare\u017e\u0123\u012btu v\u012btnes un atloka darb\u012bbu.","robots":{"index":"index","follow":"follow","max-snippet":"max-snippet:-1","max-image-preview":"max-image-preview:large","max-video-preview":"max-video-preview:-1"},"canonical":"https:\/\/www.camlock.org\/lv\/product\/b-tipa-nylon-camlock-mont-a-sievie-u-savienot-js-v-rietis-bsp-v-tne\/","og_locale":"lv_LV","og_type":"article","og_title":"B tipa Nylon Camlock mont\u0101\u017ea - sievie\u0161u savienot\u0101js \u00d7 v\u012brietis BSP v\u012btne","og_description":"B tipa dzelteno \u0137emm\u012b\u0161veida savienojumu parasti izmanto ar F tipa adapteri, da\u017ereiz ar identiska izm\u0113ra A un E tipa adapteri un DP (putek\u013cu aizb\u0101zni). Neilona \u0137emm\u012b\u0161veida un rievas savienojumi \u013cauj \u0161\u013c\u016btenes savieno\u0161anai\/atvieno\u0161anai veikt \u0101tru savienojumu un nov\u0113r\u0161 sare\u017e\u0123\u012btu v\u012btnes un atloka darb\u012bbu.","og_url":"https:\/\/www.camlock.org\/lv\/product\/b-tipa-nylon-camlock-mont-a-sievie-u-savienot-js-v-rietis-bsp-v-tne\/","og_site_name":"\u041f\u0440\u043e\u0434\u0430\u0436\u0430 \u043a\u0430\u043c\u043b\u043e\u043a (Camlock) \u0441\u043e\u0435\u0434\u0438\u043d\u0435\u043d\u0438\u0439","article_modified_time":"2025-05-15T13:33:38+00:00","og_image":[{"width":1000,"height":1134,"url":"https:\/\/www.camlock.org\/wp-content\/uploads\/2017\/12\/Camlock_Nylon_type-B_50mm_B200NY_.jpg","type":"image\/jpeg"}],"twitter_card":"summary_large_image","twitter_misc":{"Est. reading time":"1 minute"},"schema":{"@context":"https:\/\/schema.org","@graph":[{"@type":"WebPage","@id":"https:\/\/www.camlock.org\/lv\/product\/b-tipa-nylon-camlock-mont-a-sievie-u-savienot-js-v-rietis-bsp-v-tne\/","url":"https:\/\/www.camlock.org\/lv\/product\/b-tipa-nylon-camlock-mont-a-sievie-u-savienot-js-v-rietis-bsp-v-tne\/","name":"B tipa Nylon Camlock mont\u0101\u017ea - sievie\u0161u savienot\u0101js \u00d7 v\u012brietis BSP v\u012btne","isPartOf":{"@id":"https:\/\/www.camlock.org\/lv\/?lang=et\/#website"},"primaryImageOfPage":{"@id":"https:\/\/www.camlock.org\/lv\/product\/b-tipa-nylon-camlock-mont-a-sievie-u-savienot-js-v-rietis-bsp-v-tne\/#primaryimage"},"image":{"@id":"https:\/\/www.camlock.org\/lv\/product\/b-tipa-nylon-camlock-mont-a-sievie-u-savienot-js-v-rietis-bsp-v-tne\/#primaryimage"},"thumbnailUrl":"https:\/\/www.camlock.org\/wp-content\/uploads\/2017\/12\/Camlock_Nylon_type-B_50mm_B200NY_.jpg","datePublished":"2017-12-13T10:31:26+00:00","dateModified":"2025-05-15T13:33:38+00:00","description":"B tipa dzelteno \u0137emm\u012b\u0161veida savienojumu parasti izmanto ar F tipa adapteri, da\u017ereiz ar identiska izm\u0113ra A un E tipa adapteri un DP (putek\u013cu aizb\u0101zni). Neilona \u0137emm\u012b\u0161veida un rievas savienojumi \u013cauj \u0161\u013c\u016btenes savieno\u0161anai\/atvieno\u0161anai veikt \u0101tru savienojumu un nov\u0113r\u0161 sare\u017e\u0123\u012btu v\u012btnes un atloka darb\u012bbu.","breadcrumb":{"@id":"https:\/\/www.camlock.org\/lv\/product\/b-tipa-nylon-camlock-mont-a-sievie-u-savienot-js-v-rietis-bsp-v-tne\/#breadcrumb"},"inLanguage":"lv-LV","potentialAction":[{"@type":"ReadAction","target":["https:\/\/www.camlock.org\/lv\/product\/b-tipa-nylon-camlock-mont-a-sievie-u-savienot-js-v-rietis-bsp-v-tne\/"]}]},{"@type":"ImageObject","inLanguage":"lv-LV","@id":"https:\/\/www.camlock.org\/lv\/product\/b-tipa-nylon-camlock-mont-a-sievie-u-savienot-js-v-rietis-bsp-v-tne\/#primaryimage","url":"https:\/\/www.camlock.org\/wp-content\/uploads\/2017\/12\/Camlock_Nylon_type-B_50mm_B200NY_.jpg","contentUrl":"https:\/\/www.camlock.org\/wp-content\/uploads\/2017\/12\/Camlock_Nylon_type-B_50mm_B200NY_.jpg","width":1000,"height":1134,"caption":"Type B Nylon Camlock Fitting - Female Coupler \u00d7 Male BSP Thread"},{"@type":"BreadcrumbList","@id":"https:\/\/www.camlock.org\/lv\/product\/b-tipa-nylon-camlock-mont-a-sievie-u-savienot-js-v-rietis-bsp-v-tne\/#breadcrumb","itemListElement":[{"@type":"ListItem","position":1,"name":"Home","item":"https:\/\/www.camlock.org\/lv\/s-kums\/"},{"@type":"ListItem","position":2,"name":"Veikals","item":"https:\/\/www.camlock.org\/lv\/d0-bc-d0-b0-d0-b3-d0-b0-d0-b7-d0-b8-d0-bd\/"},{"@type":"ListItem","position":3,"name":"B tipa Nylon Camlock mont\u0101\u017ea &#8211; sievie\u0161u savienot\u0101js \u00d7 v\u012brietis BSP v\u012btne"}]},{"@type":"WebSite","@id":"https:\/\/www.camlock.org\/lv\/?lang=et\/#website","url":"https:\/\/www.camlock.org\/lv\/?lang=et\/","name":"\u041f\u0440\u043e\u0434\u0430\u0436\u0430 \u043a\u0430\u043c\u043b\u043e\u043a (Camlock) \u0441\u043e\u0435\u0434\u0438\u043d\u0435\u043d\u0438\u0439","description":"\u041f\u0440\u043e\u0434\u0430\u0436\u0430 \u043a\u0430\u043c\u043b\u043e\u043a (Camlock) \u0441\u043e\u0435\u0434\u0438\u043d\u0435\u043d\u0438\u0439","potentialAction":[{"@type":"SearchAction","target":{"@type":"EntryPoint","urlTemplate":"https:\/\/www.camlock.org\/lv\/?lang=et\/?s={search_term_string}"},"query-input":{"@type":"PropertyValueSpecification","valueRequired":true,"valueName":"search_term_string"}}],"inLanguage":"lv-LV"}]}},"_links":{"self":[{"href":"https:\/\/www.camlock.org\/lv\/wp-json\/wp\/v2\/product\/9207","targetHints":{"allow":["GET"]}}],"collection":[{"href":"https:\/\/www.camlock.org\/lv\/wp-json\/wp\/v2\/product"}],"about":[{"href":"https:\/\/www.camlock.org\/lv\/wp-json\/wp\/v2\/types\/product"}],"wp:featuredmedia":[{"embeddable":true,"href":"https:\/\/www.camlock.org\/lv\/wp-json\/wp\/v2\/media\/8337"}],"wp:attachment":[{"href":"https:\/\/www.camlock.org\/lv\/wp-json\/wp\/v2\/media?parent=9207"}],"wp:term":[{"taxonomy":"product_brand","embeddable":true,"href":"https:\/\/www.camlock.org\/lv\/wp-json\/wp\/v2\/product_brand?post=9207"},{"taxonomy":"product_cat","embeddable":true,"href":"https:\/\/www.camlock.org\/lv\/wp-json\/wp\/v2\/product_cat?post=9207"},{"taxonomy":"product_tag","embeddable":true,"href":"https:\/\/www.camlock.org\/lv\/wp-json\/wp\/v2\/product_tag?post=9207"}],"curies":[{"name":"wp","href":"https:\/\/api.w.org\/{rel}","templated":true}]}}