{"id":9261,"date":"2018-01-16T22:13:30","date_gmt":"2018-01-16T19:13:30","guid":{"rendered":"https:\/\/www.camlock.org\/product\/c-tipa-nylon-camlock-montaza-sieviesu-savienotajs-x-slutene\/"},"modified":"2025-05-15T16:34:09","modified_gmt":"2025-05-15T13:34:09","slug":"c-tipa-nylon-camlock-mont-a-sievie-u-savienot-js-tene","status":"publish","type":"product","link":"https:\/\/www.camlock.org\/lv\/product\/c-tipa-nylon-camlock-mont-a-sievie-u-savienot-js-tene\/","title":{"rendered":"C tipa nylon Camlock mont\u0101\u017ea &#8211; sievie\u0161u savienot\u0101js \u00d7 \u0161\u013c\u016btene"},"content":{"rendered":"<p>Sievie\u0161u savienot\u0101js ar \u0161\u013c\u016btenes galu \u2014 C veida neilona satv\u0113r\u0113jam ir sievi\u0161\u0137\u0101 satv\u0113riena savienot\u0101js vien\u0101 gal\u0101 un v\u012bri\u0161\u0137\u0101 \u0161\u013c\u016btenes gala savienot\u0101js otr\u0101 gal\u0101. Sievi\u0161\u0137\u0101 satv\u0113riena savienot\u0101ja gals ir piem\u0113rots jebkuram v\u012bri\u0161\u0137\u0101 satv\u0113riena savienot\u0101ja adapterim, un \u0161\u013c\u016btenes gala savienot\u0101js tiek ievietots jebkur\u0101 pareiz\u0101 izm\u0113ra \u0161\u013c\u016bten\u0113 un nostiprin\u0101ts ar iztur\u012bgu ner\u016bs\u0113jo\u0161\u0101 t\u0113rauda skr\u016bvju skavu. <\/p>\n","protected":false},"excerpt":{"rendered":"<p>C tipu parasti izmanto ar A, E, F un DP tipa adapteriem.<\/p>\n","protected":false},"featured_media":8467,"template":"","meta":[],"product_brand":[],"product_cat":[180],"product_tag":[181,248],"class_list":{"0":"post-9261","1":"product","2":"type-product","3":"status-publish","4":"has-post-thumbnail","6":"product_cat-nylon-camlock-couplings-lv","7":"product_tag-nylon-lv","8":"product_tag-type--lv","10":"first","11":"instock","12":"taxable","13":"shipping-taxable","14":"purchasable","15":"product-type-variable"},"yoast_head":"<!-- This site is optimized with the Yoast SEO plugin v27.4 - https:\/\/yoast.com\/product\/yoast-seo-wordpress\/ -->\n<title>C tipa nylon Camlock mont\u0101\u017ea - sievie\u0161u savienot\u0101js \u00d7 \u0161\u013c\u016btene<\/title>\n<meta name=\"description\" content=\"Sievie\u0161u savienot\u0101js ar \u0161\u013c\u016btenes galu \u2014 C veida neilona satv\u0113r\u0113jam ir sievi\u0161\u0137\u0101 satv\u0113r\u0113ja sl\u0113dzene vien\u0101 gal\u0101 un v\u012brie\u0161u \u0161\u013c\u016btenes astes sl\u0113dzene otr\u0101 gal\u0101.\" \/>\n<meta name=\"robots\" content=\"index, follow, max-snippet:-1, max-image-preview:large, max-video-preview:-1\" \/>\n<link rel=\"canonical\" href=\"https:\/\/www.camlock.org\/lv\/product\/c-tipa-nylon-camlock-mont-a-sievie-u-savienot-js-tene\/\" \/>\n<meta property=\"og:locale\" content=\"lv_LV\" \/>\n<meta property=\"og:type\" content=\"article\" \/>\n<meta property=\"og:title\" content=\"C tipa nylon Camlock mont\u0101\u017ea - sievie\u0161u savienot\u0101js \u00d7 \u0161\u013c\u016btene\" \/>\n<meta property=\"og:description\" content=\"Sievie\u0161u savienot\u0101js ar \u0161\u013c\u016btenes galu \u2014 C veida neilona satv\u0113r\u0113jam ir sievi\u0161\u0137\u0101 satv\u0113r\u0113ja sl\u0113dzene vien\u0101 gal\u0101 un v\u012brie\u0161u \u0161\u013c\u016btenes astes sl\u0113dzene otr\u0101 gal\u0101.\" \/>\n<meta property=\"og:url\" content=\"https:\/\/www.camlock.org\/lv\/product\/c-tipa-nylon-camlock-mont-a-sievie-u-savienot-js-tene\/\" \/>\n<meta property=\"og:site_name\" content=\"\u041f\u0440\u043e\u0434\u0430\u0436\u0430 \u043a\u0430\u043c\u043b\u043e\u043a (Camlock) \u0441\u043e\u0435\u0434\u0438\u043d\u0435\u043d\u0438\u0439\" \/>\n<meta property=\"article:modified_time\" content=\"2025-05-15T13:34:09+00:00\" \/>\n<meta property=\"og:image\" content=\"https:\/\/www.camlock.org\/wp-content\/uploads\/2018\/01\/Camlock_Nylon_type-C_200mm_A050NL_.jpg\" \/>\n\t<meta property=\"og:image:width\" content=\"1000\" \/>\n\t<meta property=\"og:image:height\" content=\"1134\" \/>\n\t<meta property=\"og:image:type\" content=\"image\/jpeg\" \/>\n<meta name=\"twitter:card\" content=\"summary_large_image\" \/>\n<meta name=\"twitter:label1\" content=\"Est. reading time\" \/>\n\t<meta name=\"twitter:data1\" content=\"1 minute\" \/>\n<script type=\"application\/ld+json\" class=\"yoast-schema-graph\">{\"@context\":\"https:\\\/\\\/schema.org\",\"@graph\":[{\"@type\":\"WebPage\",\"@id\":\"https:\\\/\\\/www.camlock.org\\\/lv\\\/product\\\/c-tipa-nylon-camlock-mont-a-sievie-u-savienot-js-tene\\\/\",\"url\":\"https:\\\/\\\/www.camlock.org\\\/lv\\\/product\\\/c-tipa-nylon-camlock-mont-a-sievie-u-savienot-js-tene\\\/\",\"name\":\"C tipa nylon Camlock mont\u0101\u017ea - sievie\u0161u savienot\u0101js \u00d7 \u0161\u013c\u016btene\",\"isPartOf\":{\"@id\":\"https:\\\/\\\/www.camlock.org\\\/lv\\\/?lang=et\\\/#website\"},\"primaryImageOfPage\":{\"@id\":\"https:\\\/\\\/www.camlock.org\\\/lv\\\/product\\\/c-tipa-nylon-camlock-mont-a-sievie-u-savienot-js-tene\\\/#primaryimage\"},\"image\":{\"@id\":\"https:\\\/\\\/www.camlock.org\\\/lv\\\/product\\\/c-tipa-nylon-camlock-mont-a-sievie-u-savienot-js-tene\\\/#primaryimage\"},\"thumbnailUrl\":\"https:\\\/\\\/www.camlock.org\\\/wp-content\\\/uploads\\\/2018\\\/01\\\/Camlock_Nylon_type-C_200mm_A050NL_.jpg\",\"datePublished\":\"2018-01-16T19:13:30+00:00\",\"dateModified\":\"2025-05-15T13:34:09+00:00\",\"description\":\"Sievie\u0161u savienot\u0101js ar \u0161\u013c\u016btenes galu \u2014 C veida neilona satv\u0113r\u0113jam ir sievi\u0161\u0137\u0101 satv\u0113r\u0113ja sl\u0113dzene vien\u0101 gal\u0101 un v\u012brie\u0161u \u0161\u013c\u016btenes astes sl\u0113dzene otr\u0101 gal\u0101.\",\"breadcrumb\":{\"@id\":\"https:\\\/\\\/www.camlock.org\\\/lv\\\/product\\\/c-tipa-nylon-camlock-mont-a-sievie-u-savienot-js-tene\\\/#breadcrumb\"},\"inLanguage\":\"lv-LV\",\"potentialAction\":[{\"@type\":\"ReadAction\",\"target\":[\"https:\\\/\\\/www.camlock.org\\\/lv\\\/product\\\/c-tipa-nylon-camlock-mont-a-sievie-u-savienot-js-tene\\\/\"]}]},{\"@type\":\"ImageObject\",\"inLanguage\":\"lv-LV\",\"@id\":\"https:\\\/\\\/www.camlock.org\\\/lv\\\/product\\\/c-tipa-nylon-camlock-mont-a-sievie-u-savienot-js-tene\\\/#primaryimage\",\"url\":\"https:\\\/\\\/www.camlock.org\\\/wp-content\\\/uploads\\\/2018\\\/01\\\/Camlock_Nylon_type-C_200mm_A050NL_.jpg\",\"contentUrl\":\"https:\\\/\\\/www.camlock.org\\\/wp-content\\\/uploads\\\/2018\\\/01\\\/Camlock_Nylon_type-C_200mm_A050NL_.jpg\",\"width\":1000,\"height\":1134,\"caption\":\"Type C Nylon Camlock Fitting\u00a0- Female Coupler \u00d7 Hose Shank\"},{\"@type\":\"BreadcrumbList\",\"@id\":\"https:\\\/\\\/www.camlock.org\\\/lv\\\/product\\\/c-tipa-nylon-camlock-mont-a-sievie-u-savienot-js-tene\\\/#breadcrumb\",\"itemListElement\":[{\"@type\":\"ListItem\",\"position\":1,\"name\":\"Home\",\"item\":\"https:\\\/\\\/www.camlock.org\\\/lv\\\/s-kums\\\/\"},{\"@type\":\"ListItem\",\"position\":2,\"name\":\"Veikals\",\"item\":\"https:\\\/\\\/www.camlock.org\\\/lv\\\/d0-bc-d0-b0-d0-b3-d0-b0-d0-b7-d0-b8-d0-bd\\\/\"},{\"@type\":\"ListItem\",\"position\":3,\"name\":\"C tipa nylon Camlock mont\u0101\u017ea &#8211; sievie\u0161u savienot\u0101js \u00d7 \u0161\u013c\u016btene\"}]},{\"@type\":\"WebSite\",\"@id\":\"https:\\\/\\\/www.camlock.org\\\/lv\\\/?lang=et\\\/#website\",\"url\":\"https:\\\/\\\/www.camlock.org\\\/lv\\\/?lang=et\\\/\",\"name\":\"\u041f\u0440\u043e\u0434\u0430\u0436\u0430 \u043a\u0430\u043c\u043b\u043e\u043a (Camlock) \u0441\u043e\u0435\u0434\u0438\u043d\u0435\u043d\u0438\u0439\",\"description\":\"\u041f\u0440\u043e\u0434\u0430\u0436\u0430 \u043a\u0430\u043c\u043b\u043e\u043a (Camlock) \u0441\u043e\u0435\u0434\u0438\u043d\u0435\u043d\u0438\u0439\",\"potentialAction\":[{\"@type\":\"SearchAction\",\"target\":{\"@type\":\"EntryPoint\",\"urlTemplate\":\"https:\\\/\\\/www.camlock.org\\\/lv\\\/?lang=et\\\/?s={search_term_string}\"},\"query-input\":{\"@type\":\"PropertyValueSpecification\",\"valueRequired\":true,\"valueName\":\"search_term_string\"}}],\"inLanguage\":\"lv-LV\"}]}<\/script>\n<!-- \/ Yoast SEO plugin. -->","yoast_head_json":{"title":"C tipa nylon Camlock mont\u0101\u017ea - sievie\u0161u savienot\u0101js \u00d7 \u0161\u013c\u016btene","description":"Sievie\u0161u savienot\u0101js ar \u0161\u013c\u016btenes galu \u2014 C veida neilona satv\u0113r\u0113jam ir sievi\u0161\u0137\u0101 satv\u0113r\u0113ja sl\u0113dzene vien\u0101 gal\u0101 un v\u012brie\u0161u \u0161\u013c\u016btenes astes sl\u0113dzene otr\u0101 gal\u0101.","robots":{"index":"index","follow":"follow","max-snippet":"max-snippet:-1","max-image-preview":"max-image-preview:large","max-video-preview":"max-video-preview:-1"},"canonical":"https:\/\/www.camlock.org\/lv\/product\/c-tipa-nylon-camlock-mont-a-sievie-u-savienot-js-tene\/","og_locale":"lv_LV","og_type":"article","og_title":"C tipa nylon Camlock mont\u0101\u017ea - sievie\u0161u savienot\u0101js \u00d7 \u0161\u013c\u016btene","og_description":"Sievie\u0161u savienot\u0101js ar \u0161\u013c\u016btenes galu \u2014 C veida neilona satv\u0113r\u0113jam ir sievi\u0161\u0137\u0101 satv\u0113r\u0113ja sl\u0113dzene vien\u0101 gal\u0101 un v\u012brie\u0161u \u0161\u013c\u016btenes astes sl\u0113dzene otr\u0101 gal\u0101.","og_url":"https:\/\/www.camlock.org\/lv\/product\/c-tipa-nylon-camlock-mont-a-sievie-u-savienot-js-tene\/","og_site_name":"\u041f\u0440\u043e\u0434\u0430\u0436\u0430 \u043a\u0430\u043c\u043b\u043e\u043a (Camlock) \u0441\u043e\u0435\u0434\u0438\u043d\u0435\u043d\u0438\u0439","article_modified_time":"2025-05-15T13:34:09+00:00","og_image":[{"width":1000,"height":1134,"url":"https:\/\/www.camlock.org\/wp-content\/uploads\/2018\/01\/Camlock_Nylon_type-C_200mm_A050NL_.jpg","type":"image\/jpeg"}],"twitter_card":"summary_large_image","twitter_misc":{"Est. reading time":"1 minute"},"schema":{"@context":"https:\/\/schema.org","@graph":[{"@type":"WebPage","@id":"https:\/\/www.camlock.org\/lv\/product\/c-tipa-nylon-camlock-mont-a-sievie-u-savienot-js-tene\/","url":"https:\/\/www.camlock.org\/lv\/product\/c-tipa-nylon-camlock-mont-a-sievie-u-savienot-js-tene\/","name":"C tipa nylon Camlock mont\u0101\u017ea - sievie\u0161u savienot\u0101js \u00d7 \u0161\u013c\u016btene","isPartOf":{"@id":"https:\/\/www.camlock.org\/lv\/?lang=et\/#website"},"primaryImageOfPage":{"@id":"https:\/\/www.camlock.org\/lv\/product\/c-tipa-nylon-camlock-mont-a-sievie-u-savienot-js-tene\/#primaryimage"},"image":{"@id":"https:\/\/www.camlock.org\/lv\/product\/c-tipa-nylon-camlock-mont-a-sievie-u-savienot-js-tene\/#primaryimage"},"thumbnailUrl":"https:\/\/www.camlock.org\/wp-content\/uploads\/2018\/01\/Camlock_Nylon_type-C_200mm_A050NL_.jpg","datePublished":"2018-01-16T19:13:30+00:00","dateModified":"2025-05-15T13:34:09+00:00","description":"Sievie\u0161u savienot\u0101js ar \u0161\u013c\u016btenes galu \u2014 C veida neilona satv\u0113r\u0113jam ir sievi\u0161\u0137\u0101 satv\u0113r\u0113ja sl\u0113dzene vien\u0101 gal\u0101 un v\u012brie\u0161u \u0161\u013c\u016btenes astes sl\u0113dzene otr\u0101 gal\u0101.","breadcrumb":{"@id":"https:\/\/www.camlock.org\/lv\/product\/c-tipa-nylon-camlock-mont-a-sievie-u-savienot-js-tene\/#breadcrumb"},"inLanguage":"lv-LV","potentialAction":[{"@type":"ReadAction","target":["https:\/\/www.camlock.org\/lv\/product\/c-tipa-nylon-camlock-mont-a-sievie-u-savienot-js-tene\/"]}]},{"@type":"ImageObject","inLanguage":"lv-LV","@id":"https:\/\/www.camlock.org\/lv\/product\/c-tipa-nylon-camlock-mont-a-sievie-u-savienot-js-tene\/#primaryimage","url":"https:\/\/www.camlock.org\/wp-content\/uploads\/2018\/01\/Camlock_Nylon_type-C_200mm_A050NL_.jpg","contentUrl":"https:\/\/www.camlock.org\/wp-content\/uploads\/2018\/01\/Camlock_Nylon_type-C_200mm_A050NL_.jpg","width":1000,"height":1134,"caption":"Type C Nylon Camlock Fitting\u00a0- Female Coupler \u00d7 Hose Shank"},{"@type":"BreadcrumbList","@id":"https:\/\/www.camlock.org\/lv\/product\/c-tipa-nylon-camlock-mont-a-sievie-u-savienot-js-tene\/#breadcrumb","itemListElement":[{"@type":"ListItem","position":1,"name":"Home","item":"https:\/\/www.camlock.org\/lv\/s-kums\/"},{"@type":"ListItem","position":2,"name":"Veikals","item":"https:\/\/www.camlock.org\/lv\/d0-bc-d0-b0-d0-b3-d0-b0-d0-b7-d0-b8-d0-bd\/"},{"@type":"ListItem","position":3,"name":"C tipa nylon Camlock mont\u0101\u017ea &#8211; sievie\u0161u savienot\u0101js \u00d7 \u0161\u013c\u016btene"}]},{"@type":"WebSite","@id":"https:\/\/www.camlock.org\/lv\/?lang=et\/#website","url":"https:\/\/www.camlock.org\/lv\/?lang=et\/","name":"\u041f\u0440\u043e\u0434\u0430\u0436\u0430 \u043a\u0430\u043c\u043b\u043e\u043a (Camlock) \u0441\u043e\u0435\u0434\u0438\u043d\u0435\u043d\u0438\u0439","description":"\u041f\u0440\u043e\u0434\u0430\u0436\u0430 \u043a\u0430\u043c\u043b\u043e\u043a (Camlock) \u0441\u043e\u0435\u0434\u0438\u043d\u0435\u043d\u0438\u0439","potentialAction":[{"@type":"SearchAction","target":{"@type":"EntryPoint","urlTemplate":"https:\/\/www.camlock.org\/lv\/?lang=et\/?s={search_term_string}"},"query-input":{"@type":"PropertyValueSpecification","valueRequired":true,"valueName":"search_term_string"}}],"inLanguage":"lv-LV"}]}},"_links":{"self":[{"href":"https:\/\/www.camlock.org\/lv\/wp-json\/wp\/v2\/product\/9261","targetHints":{"allow":["GET"]}}],"collection":[{"href":"https:\/\/www.camlock.org\/lv\/wp-json\/wp\/v2\/product"}],"about":[{"href":"https:\/\/www.camlock.org\/lv\/wp-json\/wp\/v2\/types\/product"}],"wp:featuredmedia":[{"embeddable":true,"href":"https:\/\/www.camlock.org\/lv\/wp-json\/wp\/v2\/media\/8467"}],"wp:attachment":[{"href":"https:\/\/www.camlock.org\/lv\/wp-json\/wp\/v2\/media?parent=9261"}],"wp:term":[{"taxonomy":"product_brand","embeddable":true,"href":"https:\/\/www.camlock.org\/lv\/wp-json\/wp\/v2\/product_brand?post=9261"},{"taxonomy":"product_cat","embeddable":true,"href":"https:\/\/www.camlock.org\/lv\/wp-json\/wp\/v2\/product_cat?post=9261"},{"taxonomy":"product_tag","embeddable":true,"href":"https:\/\/www.camlock.org\/lv\/wp-json\/wp\/v2\/product_tag?post=9261"}],"curies":[{"name":"wp","href":"https:\/\/api.w.org\/{rel}","templated":true}]}}